{"id":4825,"date":"2022-12-06T09:17:10","date_gmt":"2022-12-06T09:17:10","guid":{"rendered":"https:\/\/schrittmacherfestival.nl\/double-helix\/"},"modified":"2022-12-15T10:13:46","modified_gmt":"2022-12-15T10:13:46","slug":"double-helix","status":"publish","type":"page","link":"https:\/\/schrittmacherfestival.nl\/de\/double-helix\/","title":{"rendered":"Double Helix"},"content":{"rendered":"\n<h1 class=\"has-black-color has-text-color wp-block-heading\" id=\"hofesh-shechter-company-gbr\"><strong>Dance Company Nanine Linning (D\/NL)<\/strong><\/h1>\n\n<p><strong>Fabrik Stahlbau Strang, Aken<\/strong><br\/><strong><strong><strong>Do 02.03.2023<\/strong> + Fr 03.03.2023 + Sa 04.03.2023<\/strong><\/strong><br\/><strong>verschiedene Zeiten <\/strong><br\/><strong>von 25,00 \u20ac<\/strong><\/p>\n\n<figure class=\"wp-block-image alignwide size-large\"><img data-recalc-dims=\"1\" fetchpriority=\"high\" decoding=\"async\" width=\"640\" height=\"268\" src=\"https:\/\/i0.wp.com\/schrittmacherfestival.nl\/wp-content\/uploads\/2022\/12\/Double-Helix-choreographer-Nanine-Linning-designer-Bart-Hess-photographer-Emmanuel-Viverge-35-scaled-e1670318794243-1024x428.webp?resize=640%2C268&#038;ssl=1\" alt=\"\" class=\"wp-image-4822\" srcset=\"https:\/\/i0.wp.com\/schrittmacherfestival.nl\/wp-content\/uploads\/2022\/12\/Double-Helix-choreographer-Nanine-Linning-designer-Bart-Hess-photographer-Emmanuel-Viverge-35-scaled-e1670318794243.webp?resize=1024%2C428&amp;ssl=1 1024w, https:\/\/i0.wp.com\/schrittmacherfestival.nl\/wp-content\/uploads\/2022\/12\/Double-Helix-choreographer-Nanine-Linning-designer-Bart-Hess-photographer-Emmanuel-Viverge-35-scaled-e1670318794243.webp?resize=300%2C125&amp;ssl=1 300w, https:\/\/i0.wp.com\/schrittmacherfestival.nl\/wp-content\/uploads\/2022\/12\/Double-Helix-choreographer-Nanine-Linning-designer-Bart-Hess-photographer-Emmanuel-Viverge-35-scaled-e1670318794243.webp?resize=768%2C321&amp;ssl=1 768w, https:\/\/i0.wp.com\/schrittmacherfestival.nl\/wp-content\/uploads\/2022\/12\/Double-Helix-choreographer-Nanine-Linning-designer-Bart-Hess-photographer-Emmanuel-Viverge-35-scaled-e1670318794243.webp?resize=31%2C13&amp;ssl=1 31w, https:\/\/i0.wp.com\/schrittmacherfestival.nl\/wp-content\/uploads\/2022\/12\/Double-Helix-choreographer-Nanine-Linning-designer-Bart-Hess-photographer-Emmanuel-Viverge-35-scaled-e1670318794243.webp?w=1200&amp;ssl=1 1200w\" sizes=\"(max-width: 640px) 100vw, 640px\" \/><\/figure>\n<hr class=\"wp-block-separator has-css-opacity\"\/>\n\n<h2 class=\"wp-block-heading\">Ein museales, performatives Erlebnis<\/h2>\n\n<p>Implantierte Chips zur Leistungsverbesserung, Schim\u00e4ren, Designerbabys, Stopp des Alterungsprozesses \u2013 die technologischen Optionen werden immer vielf\u00e4ltiger. Das Performanceprojekt \u201eDouble Helix\u201c von Nanine Linning und Designer\/Videok\u00fcnstler Bart Hess kombiniert bildende Kunst, Video, Liveperformance und interaktive Elemente, um die Auswirkungen biotechnologischer Entwicklungen in unserer Gesellschaft und in unserem K\u00f6rper sowie die Schnittstelle zwischen Mensch und Maschine, Technologie und Philosophie zu erforschen. Resultat ist ein individuelles Gesamtkunstwerk, durch das das Publikum eine gute Stunde lang hindurchgef\u00fchrt wird.<\/p>\n\n<p>Keine Sitzpl\u00e4tze! Das Publikum wird durch 4 R\u00e4ume gef\u00fchrt. Diese Veranstaltung ist nicht barrierefrei!<\/p>\n\n<p>Dauer ~ 70 min. ohne Pause<\/p>\n\n<hr class=\"wp-block-separator has-css-opacity\"\/>\n\n<div class=\"wp-block-buttons is-horizontal is-content-justification-center is-layout-flex wp-container-core-buttons-is-layout-499968f5 wp-block-buttons-is-layout-flex\">\n<div class=\"wp-block-button\"><a class=\"wp-block-button__link has-white-color has-black-background-color has-text-color has-background wp-element-button\" href=\"https:\/\/www.plt.nl\/bestel\/10256\" target=\"_blank\" rel=\"noreferrer noopener\"><strong>Tickets Do 02.03<\/strong><\/a><\/div>\n\n\n\n<div class=\"wp-block-button\"><a class=\"wp-block-button__link has-white-color has-black-background-color has-text-color has-background wp-element-button\" href=\"https:\/\/www.plt.nl\/bestel\/10258\" target=\"_blank\" rel=\"noreferrer noopener\"><strong>Tickets Do 02.03 20.00u<\/strong><\/a><\/div>\n\n\n\n<div class=\"wp-block-button\"><a class=\"wp-block-button__link has-white-color has-black-background-color has-text-color has-background wp-element-button\" href=\"https:\/\/www.plt.nl\/bestel\/10257\" target=\"_blank\" rel=\"noreferrer noopener\"><strong>Tickets Do 02.03<\/strong> <strong>20.30u<\/strong><\/a><\/div>\n<\/div>\n\n<hr class=\"wp-block-separator has-css-opacity\"\/>\n\n<div class=\"wp-block-buttons is-horizontal is-content-justification-center is-layout-flex wp-container-core-buttons-is-layout-499968f5 wp-block-buttons-is-layout-flex\">\n<div class=\"wp-block-button\"><a class=\"wp-block-button__link has-white-color has-black-background-color has-text-color has-background wp-element-button\" href=\"https:\/\/www.plt.nl\/bestel\/10261\" target=\"_blank\" rel=\"noreferrer noopener\"><strong>Tickets Fr 03.03<\/strong><\/a><\/div>\n\n\n\n<div class=\"wp-block-button\"><a class=\"wp-block-button__link has-white-color has-black-background-color has-text-color has-background wp-element-button\" href=\"https:\/\/www.plt.nl\/bestel\/10259\" target=\"_blank\" rel=\"noreferrer noopener\"><strong>Tickets Fr 03.03 21.30u<\/strong><\/a><\/div>\n\n\n\n<div class=\"wp-block-button\"><a class=\"wp-block-button__link has-white-color has-black-background-color has-text-color has-background wp-element-button\" href=\"https:\/\/www.plt.nl\/bestel\/10258\" target=\"_blank\" rel=\"noreferrer noopener\"><strong>Tickets Fr 03.03 22.00u<\/strong><\/a><\/div>\n<\/div>\n\n<hr class=\"wp-block-separator has-css-opacity\"\/>\n\n<div class=\"wp-block-buttons is-horizontal is-content-justification-center is-layout-flex wp-container-core-buttons-is-layout-499968f5 wp-block-buttons-is-layout-flex\">\n<div class=\"wp-block-button\"><a class=\"wp-block-button__link has-white-color has-black-background-color has-text-color has-background wp-element-button\" href=\"https:\/\/www.plt.nl\/bestel\/10264\" target=\"_blank\" rel=\"noreferrer noopener\"><strong>Tickets Sa 04.03<\/strong><\/a><\/div>\n\n\n\n<div class=\"wp-block-button\"><a class=\"wp-block-button__link has-white-color has-black-background-color has-text-color has-background wp-element-button\" href=\"https:\/\/www.plt.nl\/bestel\/10262\" target=\"_blank\" rel=\"noreferrer noopener\"><strong>Tickets Sa 04.03<\/strong> <strong>20.00u<\/strong><\/a><\/div>\n\n\n\n<div class=\"wp-block-button\"><a class=\"wp-block-button__link has-white-color has-black-background-color has-text-color has-background wp-element-button\" href=\"https:\/\/www.plt.nl\/bestel\/10263\" target=\"_blank\" rel=\"noreferrer noopener\"><strong>Tickets Sa 04.03<\/strong> <strong>20.30u<\/strong><\/a><\/div>\n<\/div>\n\n<hr class=\"wp-block-separator has-css-opacity\"\/>\n\n<figure class=\"wp-block-embed is-type-video is-provider-youtube wp-block-embed-youtube wp-embed-aspect-16-9 wp-has-aspect-ratio\"><div class=\"wp-block-embed__wrapper\">\r\n<iframe  id=\"_ytid_99345\"  width=\"640\" height=\"360\"  data-origwidth=\"640\" data-origheight=\"360\" src=\"https:\/\/www.youtube.com\/embed\/KpWXf0Tv09Y?enablejsapi=1&#038;autoplay=0&#038;cc_load_policy=0&#038;cc_lang_pref=&#038;iv_load_policy=1&#038;loop=0&#038;rel=1&#038;fs=1&#038;playsinline=0&#038;autohide=2&#038;theme=dark&#038;color=red&#038;controls=1&#038;disablekb=0&#038;\" class=\"__youtube_prefs__  epyt-is-override  no-lazyload\" title=\"YouTube player\"  allow=\"fullscreen; accelerometer; autoplay; clipboard-write; encrypted-media; gyroscope; picture-in-picture; web-share\" referrerpolicy=\"strict-origin-when-cross-origin\" allowfullscreen data-no-lazy=\"1\" data-skipgform_ajax_framebjll=\"\"><\/iframe>\n<\/div><\/figure>\r\n\n<hr class=\"wp-block-separator has-css-opacity\"\/>\n\n<figure class=\"wp-block-gallery has-nested-images columns-default is-cropped wp-block-gallery-1 is-layout-flex wp-block-gallery-is-layout-flex\">\n<figure class=\"wp-block-image size-large\"><img data-recalc-dims=\"1\" decoding=\"async\" width=\"640\" height=\"427\" data-id=\"5095\" src=\"https:\/\/i0.wp.com\/schrittmacherfestival.nl\/wp-content\/uploads\/2022\/12\/Double-Helix-choreographer-Nanine-Linning-designer-Bart-Hess-photographer-Emmanuel-Viverge-35-2.jpg?resize=640%2C427&#038;ssl=1\" alt=\"\" class=\"wp-image-5095\" srcset=\"https:\/\/i0.wp.com\/schrittmacherfestival.nl\/wp-content\/uploads\/2022\/12\/Double-Helix-choreographer-Nanine-Linning-designer-Bart-Hess-photographer-Emmanuel-Viverge-35-2.jpg?resize=1024%2C683&amp;ssl=1 1024w, https:\/\/i0.wp.com\/schrittmacherfestival.nl\/wp-content\/uploads\/2022\/12\/Double-Helix-choreographer-Nanine-Linning-designer-Bart-Hess-photographer-Emmanuel-Viverge-35-2.jpg?resize=300%2C200&amp;ssl=1 300w, https:\/\/i0.wp.com\/schrittmacherfestival.nl\/wp-content\/uploads\/2022\/12\/Double-Helix-choreographer-Nanine-Linning-designer-Bart-Hess-photographer-Emmanuel-Viverge-35-2.jpg?resize=768%2C512&amp;ssl=1 768w, https:\/\/i0.wp.com\/schrittmacherfestival.nl\/wp-content\/uploads\/2022\/12\/Double-Helix-choreographer-Nanine-Linning-designer-Bart-Hess-photographer-Emmanuel-Viverge-35-2.jpg?resize=600%2C400&amp;ssl=1 600w, https:\/\/i0.wp.com\/schrittmacherfestival.nl\/wp-content\/uploads\/2022\/12\/Double-Helix-choreographer-Nanine-Linning-designer-Bart-Hess-photographer-Emmanuel-Viverge-35-2.jpg?resize=31%2C21&amp;ssl=1 31w, https:\/\/i0.wp.com\/schrittmacherfestival.nl\/wp-content\/uploads\/2022\/12\/Double-Helix-choreographer-Nanine-Linning-designer-Bart-Hess-photographer-Emmanuel-Viverge-35-2.jpg?w=1200&amp;ssl=1 1200w\" sizes=\"(max-width: 640px) 100vw, 640px\" \/><\/figure>\n\n\n<figure class=\"wp-block-image size-large\"><img data-recalc-dims=\"1\" decoding=\"async\" width=\"640\" height=\"427\" data-id=\"5097\" src=\"https:\/\/i0.wp.com\/schrittmacherfestival.nl\/wp-content\/uploads\/2022\/12\/Double-Helix-choreographer-Nanine-Linning-designer-Bart-Hess-photographer-Emmanuel-Viverge-TMTPHOTO_20191107220120_0008.jpg?resize=640%2C427&#038;ssl=1\" alt=\"\" class=\"wp-image-5097\" srcset=\"https:\/\/i0.wp.com\/schrittmacherfestival.nl\/wp-content\/uploads\/2022\/12\/Double-Helix-choreographer-Nanine-Linning-designer-Bart-Hess-photographer-Emmanuel-Viverge-TMTPHOTO_20191107220120_0008.jpg?resize=1024%2C683&amp;ssl=1 1024w, https:\/\/i0.wp.com\/schrittmacherfestival.nl\/wp-content\/uploads\/2022\/12\/Double-Helix-choreographer-Nanine-Linning-designer-Bart-Hess-photographer-Emmanuel-Viverge-TMTPHOTO_20191107220120_0008.jpg?resize=300%2C200&amp;ssl=1 300w, https:\/\/i0.wp.com\/schrittmacherfestival.nl\/wp-content\/uploads\/2022\/12\/Double-Helix-choreographer-Nanine-Linning-designer-Bart-Hess-photographer-Emmanuel-Viverge-TMTPHOTO_20191107220120_0008.jpg?resize=768%2C512&amp;ssl=1 768w, https:\/\/i0.wp.com\/schrittmacherfestival.nl\/wp-content\/uploads\/2022\/12\/Double-Helix-choreographer-Nanine-Linning-designer-Bart-Hess-photographer-Emmanuel-Viverge-TMTPHOTO_20191107220120_0008.jpg?resize=600%2C400&amp;ssl=1 600w, https:\/\/i0.wp.com\/schrittmacherfestival.nl\/wp-content\/uploads\/2022\/12\/Double-Helix-choreographer-Nanine-Linning-designer-Bart-Hess-photographer-Emmanuel-Viverge-TMTPHOTO_20191107220120_0008.jpg?resize=31%2C21&amp;ssl=1 31w, https:\/\/i0.wp.com\/schrittmacherfestival.nl\/wp-content\/uploads\/2022\/12\/Double-Helix-choreographer-Nanine-Linning-designer-Bart-Hess-photographer-Emmanuel-Viverge-TMTPHOTO_20191107220120_0008.jpg?w=1200&amp;ssl=1 1200w\" sizes=\"(max-width: 640px) 100vw, 640px\" \/><\/figure>\n\n\n<figure class=\"wp-block-image size-large\"><img data-recalc-dims=\"1\" loading=\"lazy\" decoding=\"async\" width=\"640\" height=\"427\" data-id=\"5099\" src=\"https:\/\/i0.wp.com\/schrittmacherfestival.nl\/wp-content\/uploads\/2022\/12\/Double-Helix-choreographer-Nanine-Linning-designer-Bart-Hess-photographer-Emmanuel-Viverge-TMTPHOTO_20191107225139_0033.jpg?resize=640%2C427&#038;ssl=1\" alt=\"\" class=\"wp-image-5099\" srcset=\"https:\/\/i0.wp.com\/schrittmacherfestival.nl\/wp-content\/uploads\/2022\/12\/Double-Helix-choreographer-Nanine-Linning-designer-Bart-Hess-photographer-Emmanuel-Viverge-TMTPHOTO_20191107225139_0033.jpg?resize=1024%2C683&amp;ssl=1 1024w, https:\/\/i0.wp.com\/schrittmacherfestival.nl\/wp-content\/uploads\/2022\/12\/Double-Helix-choreographer-Nanine-Linning-designer-Bart-Hess-photographer-Emmanuel-Viverge-TMTPHOTO_20191107225139_0033.jpg?resize=300%2C200&amp;ssl=1 300w, https:\/\/i0.wp.com\/schrittmacherfestival.nl\/wp-content\/uploads\/2022\/12\/Double-Helix-choreographer-Nanine-Linning-designer-Bart-Hess-photographer-Emmanuel-Viverge-TMTPHOTO_20191107225139_0033.jpg?resize=768%2C512&amp;ssl=1 768w, https:\/\/i0.wp.com\/schrittmacherfestival.nl\/wp-content\/uploads\/2022\/12\/Double-Helix-choreographer-Nanine-Linning-designer-Bart-Hess-photographer-Emmanuel-Viverge-TMTPHOTO_20191107225139_0033.jpg?resize=600%2C400&amp;ssl=1 600w, https:\/\/i0.wp.com\/schrittmacherfestival.nl\/wp-content\/uploads\/2022\/12\/Double-Helix-choreographer-Nanine-Linning-designer-Bart-Hess-photographer-Emmanuel-Viverge-TMTPHOTO_20191107225139_0033.jpg?resize=31%2C21&amp;ssl=1 31w, https:\/\/i0.wp.com\/schrittmacherfestival.nl\/wp-content\/uploads\/2022\/12\/Double-Helix-choreographer-Nanine-Linning-designer-Bart-Hess-photographer-Emmanuel-Viverge-TMTPHOTO_20191107225139_0033.jpg?w=1200&amp;ssl=1 1200w\" sizes=\"(max-width: 640px) 100vw, 640px\" \/><\/figure>\n\n\n<figure class=\"wp-block-image size-large\"><img data-recalc-dims=\"1\" loading=\"lazy\" decoding=\"async\" width=\"640\" height=\"427\" data-id=\"5101\" src=\"https:\/\/i0.wp.com\/schrittmacherfestival.nl\/wp-content\/uploads\/2022\/12\/Double-Helix-choreographer-Nanine-Linning-designer-Bart-Hess-photographer-Emmanuel-Viverge-TMTPHOTO_20191107220753_0011.jpg?resize=640%2C427&#038;ssl=1\" alt=\"\" class=\"wp-image-5101\" srcset=\"https:\/\/i0.wp.com\/schrittmacherfestival.nl\/wp-content\/uploads\/2022\/12\/Double-Helix-choreographer-Nanine-Linning-designer-Bart-Hess-photographer-Emmanuel-Viverge-TMTPHOTO_20191107220753_0011.jpg?resize=1024%2C683&amp;ssl=1 1024w, https:\/\/i0.wp.com\/schrittmacherfestival.nl\/wp-content\/uploads\/2022\/12\/Double-Helix-choreographer-Nanine-Linning-designer-Bart-Hess-photographer-Emmanuel-Viverge-TMTPHOTO_20191107220753_0011.jpg?resize=300%2C200&amp;ssl=1 300w, https:\/\/i0.wp.com\/schrittmacherfestival.nl\/wp-content\/uploads\/2022\/12\/Double-Helix-choreographer-Nanine-Linning-designer-Bart-Hess-photographer-Emmanuel-Viverge-TMTPHOTO_20191107220753_0011.jpg?resize=768%2C512&amp;ssl=1 768w, https:\/\/i0.wp.com\/schrittmacherfestival.nl\/wp-content\/uploads\/2022\/12\/Double-Helix-choreographer-Nanine-Linning-designer-Bart-Hess-photographer-Emmanuel-Viverge-TMTPHOTO_20191107220753_0011.jpg?resize=600%2C400&amp;ssl=1 600w, https:\/\/i0.wp.com\/schrittmacherfestival.nl\/wp-content\/uploads\/2022\/12\/Double-Helix-choreographer-Nanine-Linning-designer-Bart-Hess-photographer-Emmanuel-Viverge-TMTPHOTO_20191107220753_0011.jpg?resize=31%2C21&amp;ssl=1 31w, https:\/\/i0.wp.com\/schrittmacherfestival.nl\/wp-content\/uploads\/2022\/12\/Double-Helix-choreographer-Nanine-Linning-designer-Bart-Hess-photographer-Emmanuel-Viverge-TMTPHOTO_20191107220753_0011.jpg?w=1200&amp;ssl=1 1200w\" sizes=\"(max-width: 640px) 100vw, 640px\" \/><\/figure>\n\n\n<figure class=\"wp-block-image size-large\"><img data-recalc-dims=\"1\" loading=\"lazy\" decoding=\"async\" width=\"640\" height=\"427\" data-id=\"5103\" src=\"https:\/\/i0.wp.com\/schrittmacherfestival.nl\/wp-content\/uploads\/2022\/12\/Double-Helix-choreographer-Nanine-Linning-designer-Bart-Hess-photographer-Emmanuel-Viverge-TMTPHOTO_20191107222843_0017.jpg?resize=640%2C427&#038;ssl=1\" alt=\"\" class=\"wp-image-5103\" srcset=\"https:\/\/i0.wp.com\/schrittmacherfestival.nl\/wp-content\/uploads\/2022\/12\/Double-Helix-choreographer-Nanine-Linning-designer-Bart-Hess-photographer-Emmanuel-Viverge-TMTPHOTO_20191107222843_0017.jpg?resize=1024%2C683&amp;ssl=1 1024w, https:\/\/i0.wp.com\/schrittmacherfestival.nl\/wp-content\/uploads\/2022\/12\/Double-Helix-choreographer-Nanine-Linning-designer-Bart-Hess-photographer-Emmanuel-Viverge-TMTPHOTO_20191107222843_0017.jpg?resize=300%2C200&amp;ssl=1 300w, https:\/\/i0.wp.com\/schrittmacherfestival.nl\/wp-content\/uploads\/2022\/12\/Double-Helix-choreographer-Nanine-Linning-designer-Bart-Hess-photographer-Emmanuel-Viverge-TMTPHOTO_20191107222843_0017.jpg?resize=768%2C512&amp;ssl=1 768w, https:\/\/i0.wp.com\/schrittmacherfestival.nl\/wp-content\/uploads\/2022\/12\/Double-Helix-choreographer-Nanine-Linning-designer-Bart-Hess-photographer-Emmanuel-Viverge-TMTPHOTO_20191107222843_0017.jpg?resize=600%2C400&amp;ssl=1 600w, https:\/\/i0.wp.com\/schrittmacherfestival.nl\/wp-content\/uploads\/2022\/12\/Double-Helix-choreographer-Nanine-Linning-designer-Bart-Hess-photographer-Emmanuel-Viverge-TMTPHOTO_20191107222843_0017.jpg?resize=31%2C21&amp;ssl=1 31w, https:\/\/i0.wp.com\/schrittmacherfestival.nl\/wp-content\/uploads\/2022\/12\/Double-Helix-choreographer-Nanine-Linning-designer-Bart-Hess-photographer-Emmanuel-Viverge-TMTPHOTO_20191107222843_0017.jpg?w=1200&amp;ssl=1 1200w\" sizes=\"(max-width: 640px) 100vw, 640px\" \/><\/figure>\n\n\n<figure class=\"wp-block-image size-large\"><img data-recalc-dims=\"1\" loading=\"lazy\" decoding=\"async\" width=\"640\" height=\"427\" data-id=\"5105\" src=\"https:\/\/i0.wp.com\/schrittmacherfestival.nl\/wp-content\/uploads\/2022\/12\/Double-Helix-choreographer-Nanine-Linning-designer-Bart-Hess-photographer-Emmanuel-Viverge-TMTPHOTO_20191107224845_0030.jpg?resize=640%2C427&#038;ssl=1\" alt=\"\" class=\"wp-image-5105\" srcset=\"https:\/\/i0.wp.com\/schrittmacherfestival.nl\/wp-content\/uploads\/2022\/12\/Double-Helix-choreographer-Nanine-Linning-designer-Bart-Hess-photographer-Emmanuel-Viverge-TMTPHOTO_20191107224845_0030.jpg?resize=1024%2C683&amp;ssl=1 1024w, https:\/\/i0.wp.com\/schrittmacherfestival.nl\/wp-content\/uploads\/2022\/12\/Double-Helix-choreographer-Nanine-Linning-designer-Bart-Hess-photographer-Emmanuel-Viverge-TMTPHOTO_20191107224845_0030.jpg?resize=300%2C200&amp;ssl=1 300w, https:\/\/i0.wp.com\/schrittmacherfestival.nl\/wp-content\/uploads\/2022\/12\/Double-Helix-choreographer-Nanine-Linning-designer-Bart-Hess-photographer-Emmanuel-Viverge-TMTPHOTO_20191107224845_0030.jpg?resize=768%2C512&amp;ssl=1 768w, https:\/\/i0.wp.com\/schrittmacherfestival.nl\/wp-content\/uploads\/2022\/12\/Double-Helix-choreographer-Nanine-Linning-designer-Bart-Hess-photographer-Emmanuel-Viverge-TMTPHOTO_20191107224845_0030.jpg?resize=600%2C400&amp;ssl=1 600w, https:\/\/i0.wp.com\/schrittmacherfestival.nl\/wp-content\/uploads\/2022\/12\/Double-Helix-choreographer-Nanine-Linning-designer-Bart-Hess-photographer-Emmanuel-Viverge-TMTPHOTO_20191107224845_0030.jpg?resize=31%2C21&amp;ssl=1 31w, https:\/\/i0.wp.com\/schrittmacherfestival.nl\/wp-content\/uploads\/2022\/12\/Double-Helix-choreographer-Nanine-Linning-designer-Bart-Hess-photographer-Emmanuel-Viverge-TMTPHOTO_20191107224845_0030.jpg?w=1200&amp;ssl=1 1200w\" sizes=\"(max-width: 640px) 100vw, 640px\" \/><\/figure><\/figure>\n\n<hr class=\"wp-block-separator has-css-opacity\"\/>\n","protected":false},"excerpt":{"rendered":"<p>Dance Company Nanine Linning (D\/NL) Fabrik Stahlbau Strang, AkenDo 02.03.2023 + Fr 03.03.2023 + Sa 04.03.2023verschiedene Zeiten von 25,00 \u20ac Ein museales, performatives Erlebnis Implantierte Chips zur Leistungsverbesserung, Schim\u00e4ren, Designerbabys, Stopp des Alterungsprozesses \u2013 die technologischen Optionen werden immer vielf\u00e4ltiger. Das Performanceprojekt \u201eDouble Helix\u201c von Nanine Linning und Designer\/Videok\u00fcnstler Bart Hess kombiniert bildende Kunst, Video, Liveperformance und interaktive Elemente, um [&hellip;]<\/p>\n","protected":false},"author":1,"featured_media":0,"parent":0,"menu_order":0,"comment_status":"closed","ping_status":"closed","template":"","meta":{"_acf_changed":false,"footnotes":""},"class_list":["post-4825","page","type-page","status-publish","hentry"],"aioseo_notices":[],"acf":[],"jetpack_sharing_enabled":true,"_links":{"self":[{"href":"https:\/\/schrittmacherfestival.nl\/de\/wp-json\/wp\/v2\/pages\/4825","targetHints":{"allow":["GET"]}}],"collection":[{"href":"https:\/\/schrittmacherfestival.nl\/de\/wp-json\/wp\/v2\/pages"}],"about":[{"href":"https:\/\/schrittmacherfestival.nl\/de\/wp-json\/wp\/v2\/types\/page"}],"author":[{"embeddable":true,"href":"https:\/\/schrittmacherfestival.nl\/de\/wp-json\/wp\/v2\/users\/1"}],"replies":[{"embeddable":true,"href":"https:\/\/schrittmacherfestival.nl\/de\/wp-json\/wp\/v2\/comments?post=4825"}],"version-history":[{"count":11,"href":"https:\/\/schrittmacherfestival.nl\/de\/wp-json\/wp\/v2\/pages\/4825\/revisions"}],"predecessor-version":[{"id":5519,"href":"https:\/\/schrittmacherfestival.nl\/de\/wp-json\/wp\/v2\/pages\/4825\/revisions\/5519"}],"wp:attachment":[{"href":"https:\/\/schrittmacherfestival.nl\/de\/wp-json\/wp\/v2\/media?parent=4825"}],"curies":[{"name":"wp","href":"https:\/\/api.w.org\/{rel}","templated":true}]}}