{"id":4867,"date":"2022-12-06T10:55:17","date_gmt":"2022-12-06T10:55:17","guid":{"rendered":"https:\/\/schrittmacherfestival.nl\/schrodingers-katze\/"},"modified":"2023-01-11T10:56:55","modified_gmt":"2023-01-11T10:56:55","slug":"schrodingers-katze","status":"publish","type":"page","link":"https:\/\/schrittmacherfestival.nl\/de\/schrodingers-katze\/","title":{"rendered":"Schr\u00f6dingers Katze"},"content":{"rendered":"\n<h1 class=\"has-black-color has-text-color wp-block-heading\" id=\"hofesh-shechter-company-gbr\"><strong>Compagnie Back Pocket (B\/F)<\/strong><\/h1>\n\n<p><strong>Kulturzentrum Alter Schlachthof, Eupen<\/strong><br\/><strong>Sa \u00a004.03.2023 +<\/strong> <strong>So \u00a005.03.2023<\/strong><br\/><strong>20.00 Uhr<\/strong><br\/><strong>von 9,00 \u20ac<\/strong><\/p>\n\n<figure class=\"wp-block-image alignwide size-large\"><img data-recalc-dims=\"1\" height=\"268\" width=\"640\" decoding=\"async\" src=\"https:\/\/i0.wp.com\/schrittmacherfestival.nl\/wp-content\/uploads\/2022\/12\/Schrodingers-Katze-Back-Pocket-%C2%A9Valentin-Boucq-1-1-scaled-e1670324486376-1024x428.webp?resize=640%2C268&#038;ssl=1\" alt=\"\" class=\"wp-image-4864\"\/><\/figure>\n<hr class=\"wp-block-separator has-css-opacity\"\/>\n\n<h2 class=\"wp-block-heading\">Experiment in einem Glasw\u00fcrfel<\/h2>\n\n<p>Zwei M\u00e4nner, eingesperrt in einem vier mal vier Meter gro\u00dfen Glasw\u00fcrfel. Die Erinnerung an die Zeit von Quarant\u00e4ne und Isolation ist nicht zuf\u00e4llig. In Anspielung an die erzwungene Abschirmung zeichnet das Akrobatenduo Mika\u00ebl Bres und Aur\u00e9lien Oudot eine starke Metapher. Welche? K\u00f6rperlich eingesperrt sein, und gleichzeitig mit sich selbst konfrontiert sein. Allein oder mit dem anderen. Wie definiert man seinen Raum? Wie kann man zusammenleben? Wie bleibt man lebendig? Und wenn diese beiden Gefangenen und virtuosen Akrobatikt\u00e4nzer am Ende nur eine einzige Person w\u00e4ren?<\/p>\n\n<p>Dauer ~ 60 min. ohne Pause zonder<\/p>\n\n<hr class=\"wp-block-separator has-css-opacity\"\/>\n\n<div class=\"wp-block-buttons is-horizontal is-content-justification-center is-layout-flex wp-container-core-buttons-is-layout-499968f5 wp-block-buttons-is-layout-flex\">\n<div class=\"wp-block-button\"><a class=\"wp-block-button__link has-white-color has-black-background-color has-text-color has-background wp-element-button\" href=\"https:\/\/www.ticket-regional.de\/stage_1006.php?timeID=843390&amp;style=alterschlachthof\" target=\"_blank\" rel=\"noreferrer noopener\"><strong>Tickets Sa 04.03<\/strong><\/a><\/div>\n\n\n\n<div class=\"wp-block-button\"><a class=\"wp-block-button__link has-white-color has-black-background-color has-text-color has-background wp-element-button\" href=\"https:\/\/www.ticket-regional.de\/stage_1006.php?timeID=835937&amp;style=alterschlachthof\" target=\"_blank\" rel=\"noreferrer noopener\"><strong>Tickets So 05.03<\/strong><\/a><\/div>\n<\/div>\n\n<hr class=\"wp-block-separator has-css-opacity\"\/>\n\n<figure class=\"wp-block-embed is-type-video is-provider-youtube wp-block-embed-youtube wp-embed-aspect-16-9 wp-has-aspect-ratio\"><div class=\"wp-block-embed__wrapper\">\r\n<iframe  id=\"_ytid_74255\"  width=\"640\" height=\"360\"  data-origwidth=\"640\" data-origheight=\"360\" src=\"https:\/\/www.youtube.com\/embed\/ODT-OabaIIk?enablejsapi=1&#038;autoplay=0&#038;cc_load_policy=0&#038;cc_lang_pref=&#038;iv_load_policy=1&#038;loop=0&#038;rel=1&#038;fs=1&#038;playsinline=0&#038;autohide=2&#038;theme=dark&#038;color=red&#038;controls=1&#038;disablekb=0&#038;\" class=\"__youtube_prefs__  epyt-is-override  no-lazyload\" title=\"YouTube player\"  allow=\"fullscreen; accelerometer; autoplay; clipboard-write; encrypted-media; gyroscope; picture-in-picture; web-share\" referrerpolicy=\"strict-origin-when-cross-origin\" allowfullscreen data-no-lazy=\"1\" data-skipgform_ajax_framebjll=\"\"><\/iframe>\n<\/div><\/figure>\r\n\n<hr class=\"wp-block-separator has-css-opacity\"\/>\n\n<figure class=\"wp-block-gallery has-nested-images columns-default is-cropped wp-block-gallery-1 is-layout-flex wp-block-gallery-is-layout-flex\">\n<figure class=\"wp-block-image size-large\"><img data-recalc-dims=\"1\" height=\"427\" width=\"640\" decoding=\"async\" data-id=\"4857\" src=\"https:\/\/i0.wp.com\/schrittmacherfestival.nl\/wp-content\/uploads\/2022\/12\/Schrodingers-Katze-Back-Pocket-%C2%A9Valentin-Boucq-1.jpg?resize=640%2C427&#038;ssl=1\" alt=\"\" class=\"wp-image-4857\"\/><\/figure>\n\n\n<figure class=\"wp-block-image size-large\"><img data-recalc-dims=\"1\" height=\"427\" width=\"640\" decoding=\"async\" data-id=\"4859\" src=\"https:\/\/i0.wp.com\/schrittmacherfestival.nl\/wp-content\/uploads\/2022\/12\/Schrodingers-Katze-Back-Pocket-%C2%A9Valentin-Boucq.jpg?resize=640%2C427&#038;ssl=1\" alt=\"\" class=\"wp-image-4859\"\/><\/figure><\/figure>\n\n<hr class=\"wp-block-separator has-css-opacity\"\/>\n","protected":false},"excerpt":{"rendered":"<p>Compagnie Back Pocket (B\/F) Kulturzentrum Alter Schlachthof, EupenSa \u00a004.03.2023 + So \u00a005.03.202320.00 Uhrvon 9,00 \u20ac Experiment in einem Glasw\u00fcrfel Zwei M\u00e4nner, eingesperrt in einem vier mal vier Meter gro\u00dfen Glasw\u00fcrfel. Die Erinnerung an die Zeit von Quarant\u00e4ne und Isolation ist nicht zuf\u00e4llig. In Anspielung an die erzwungene Abschirmung zeichnet das Akrobatenduo Mika\u00ebl Bres und Aur\u00e9lien Oudot eine starke Metapher. Welche? [&hellip;]<\/p>\n","protected":false},"author":1,"featured_media":0,"parent":0,"menu_order":0,"comment_status":"closed","ping_status":"closed","template":"","meta":{"_acf_changed":false,"footnotes":""},"class_list":["post-4867","page","type-page","status-publish","hentry"],"aioseo_notices":[],"acf":[],"jetpack_sharing_enabled":true,"_links":{"self":[{"href":"https:\/\/schrittmacherfestival.nl\/de\/wp-json\/wp\/v2\/pages\/4867","targetHints":{"allow":["GET"]}}],"collection":[{"href":"https:\/\/schrittmacherfestival.nl\/de\/wp-json\/wp\/v2\/pages"}],"about":[{"href":"https:\/\/schrittmacherfestival.nl\/de\/wp-json\/wp\/v2\/types\/page"}],"author":[{"embeddable":true,"href":"https:\/\/schrittmacherfestival.nl\/de\/wp-json\/wp\/v2\/users\/1"}],"replies":[{"embeddable":true,"href":"https:\/\/schrittmacherfestival.nl\/de\/wp-json\/wp\/v2\/comments?post=4867"}],"version-history":[{"count":5,"href":"https:\/\/schrittmacherfestival.nl\/de\/wp-json\/wp\/v2\/pages\/4867\/revisions"}],"predecessor-version":[{"id":6171,"href":"https:\/\/schrittmacherfestival.nl\/de\/wp-json\/wp\/v2\/pages\/4867\/revisions\/6171"}],"wp:attachment":[{"href":"https:\/\/schrittmacherfestival.nl\/de\/wp-json\/wp\/v2\/media?parent=4867"}],"curies":[{"name":"wp","href":"https:\/\/api.w.org\/{rel}","templated":true}]}}