{"id":4921,"date":"2022-12-08T08:11:54","date_gmt":"2022-12-08T08:11:54","guid":{"rendered":"https:\/\/schrittmacherfestival.nl\/forces\/"},"modified":"2023-02-13T10:04:43","modified_gmt":"2023-02-13T10:04:43","slug":"forces","status":"publish","type":"page","link":"https:\/\/schrittmacherfestival.nl\/de\/forces\/","title":{"rendered":"FORCES"},"content":{"rendered":"\n<h1 class=\"has-black-color has-text-color wp-block-heading\" id=\"hofesh-shechter-company-gbr\"><strong>Mann\u00e8s\/Turine\/Lema\u00eetre (B)<\/strong><\/h1>\n\n<p><strong>Kulturzentrum Alter Schlachthof, Eupen<\/strong><br\/><strong>Mi 22.03.2023<\/strong> <strong>(Neues Datum)<\/strong><br\/><strong>20.00 Uhr<\/strong><br\/><strong>von 9,00 \u20ac<\/strong><\/p>\n\n<figure class=\"wp-block-image alignwide size-large\"><img data-recalc-dims=\"1\" fetchpriority=\"high\" decoding=\"async\" width=\"640\" height=\"268\" src=\"https:\/\/i0.wp.com\/schrittmacherfestival.nl\/wp-content\/uploads\/2022\/12\/FORCES-c-LaetitiaBica-1-scaled-e1670487455261-1024x428.webp?resize=640%2C268&#038;ssl=1\" alt=\"\" class=\"wp-image-4923\" srcset=\"https:\/\/i0.wp.com\/schrittmacherfestival.nl\/wp-content\/uploads\/2022\/12\/FORCES-c-LaetitiaBica-1-scaled-e1670487455261.webp?resize=1024%2C428&amp;ssl=1 1024w, https:\/\/i0.wp.com\/schrittmacherfestival.nl\/wp-content\/uploads\/2022\/12\/FORCES-c-LaetitiaBica-1-scaled-e1670487455261.webp?resize=300%2C125&amp;ssl=1 300w, https:\/\/i0.wp.com\/schrittmacherfestival.nl\/wp-content\/uploads\/2022\/12\/FORCES-c-LaetitiaBica-1-scaled-e1670487455261.webp?resize=768%2C321&amp;ssl=1 768w, https:\/\/i0.wp.com\/schrittmacherfestival.nl\/wp-content\/uploads\/2022\/12\/FORCES-c-LaetitiaBica-1-scaled-e1670487455261.webp?resize=31%2C13&amp;ssl=1 31w, https:\/\/i0.wp.com\/schrittmacherfestival.nl\/wp-content\/uploads\/2022\/12\/FORCES-c-LaetitiaBica-1-scaled-e1670487455261.webp?w=1200&amp;ssl=1 1200w\" sizes=\"(max-width: 640px) 100vw, 640px\" \/><\/figure>\n<hr class=\"wp-block-separator has-css-opacity\"\/>\n\n<h2 class=\"wp-block-heading\">Im Rahmen von SCENAR!O Festival, Eupen <br\/>In Kooperation mit der Frauenliga Eupen<\/h2>\n\n<p>\u201eFORCES\u201c ist ein futuristisches und immersives Ritual, bei dem uns drei weibliche Figuren in einen Wirbelwind aus prim\u00e4ren, tellurischen und technologischen Kr\u00e4ften entf\u00fchren. Wie Cyborg-Krieger-Schamaninnen greifen diese Passantinnen auf das Unsichtbare zur\u00fcck, um ihre K\u00f6rper zum Tr\u00e4ger einer vitalen, kollektiven und emanzipatorischen Metamorphose zu machen.<\/p>\n\n<p>Nach \u201eATOMIC 3001\u201c erforschen Leslie Mann\u00e8s, Thomas Turine und Vincent Lema\u00eetre weiterhin die symbiotische Dreierbeziehung zwischen K\u00f6rper, Klang und Licht, um beim Zuschauer eine absolute und allumfassende Sinneserfahrung hervorzurufen.<\/p>\n\n<p>\u201eFORCES\u201c ruft das Irrationale auf, um die Kraft des Lebendigen zu feiern. Indem es einen durchl\u00e4ssigen K\u00f6rper in st\u00e4ndiger Ver\u00e4nderung inszeniert, einen K\u00f6rper, der mit den Elementen, dem Chaos, der Freude und der Gemeinschaft verbunden ist, zeigt man, wie die eigene Kraft von innen heraus zur\u00fcckzugewonnen werden kann.<\/p>\n\n<p>Dauer ~ 55 min. ohne Pause<\/p>\n\n<hr class=\"wp-block-separator has-css-opacity\"\/>\n\n<div class=\"wp-block-buttons is-horizontal is-content-justification-center is-layout-flex wp-container-core-buttons-is-layout-499968f5 wp-block-buttons-is-layout-flex\">\n<div class=\"wp-block-button\"><a class=\"wp-block-button__link has-white-color has-black-background-color has-text-color has-background wp-element-button\" href=\"https:\/\/www.alter-schlachthof.be\/veranstaltung\/forces\/\" target=\"_blank\" rel=\"noreferrer noopener\"><strong>Tickets<\/strong> <strong>Mi 22.03<\/strong><\/a><\/div>\n<\/div>\n\n<hr class=\"wp-block-separator has-css-opacity\"\/>\n\n<figure class=\"wp-block-embed is-type-video is-provider-youtube wp-block-embed-youtube wp-embed-aspect-16-9 wp-has-aspect-ratio\"><div class=\"wp-block-embed__wrapper\">\r\n<iframe  id=\"_ytid_88461\"  width=\"640\" height=\"360\"  data-origwidth=\"640\" data-origheight=\"360\" src=\"https:\/\/www.youtube.com\/embed\/oADzaS9kngo?enablejsapi=1&#038;autoplay=0&#038;cc_load_policy=0&#038;cc_lang_pref=&#038;iv_load_policy=1&#038;loop=0&#038;rel=1&#038;fs=1&#038;playsinline=0&#038;autohide=2&#038;theme=dark&#038;color=red&#038;controls=1&#038;disablekb=0&#038;\" class=\"__youtube_prefs__  epyt-is-override  no-lazyload\" title=\"YouTube player\"  allow=\"fullscreen; accelerometer; autoplay; clipboard-write; encrypted-media; gyroscope; picture-in-picture; web-share\" referrerpolicy=\"strict-origin-when-cross-origin\" allowfullscreen data-no-lazy=\"1\" data-skipgform_ajax_framebjll=\"\"><\/iframe>\n<\/div><\/figure>\r\n\n<hr class=\"wp-block-separator has-css-opacity\"\/>\n\n<figure class=\"wp-block-gallery has-nested-images columns-default is-cropped wp-block-gallery-1 is-layout-flex wp-block-gallery-is-layout-flex\">\n<figure class=\"wp-block-image size-large\"><img data-recalc-dims=\"1\" decoding=\"async\" width=\"640\" height=\"427\" data-id=\"4914\" src=\"https:\/\/i0.wp.com\/schrittmacherfestival.nl\/wp-content\/uploads\/2022\/12\/FORCES-c-LaetitiaBica.jpg?resize=640%2C427&#038;ssl=1\" alt=\"\" class=\"wp-image-4914\" srcset=\"https:\/\/i0.wp.com\/schrittmacherfestival.nl\/wp-content\/uploads\/2022\/12\/FORCES-c-LaetitiaBica-scaled.jpg?resize=1024%2C683&amp;ssl=1 1024w, https:\/\/i0.wp.com\/schrittmacherfestival.nl\/wp-content\/uploads\/2022\/12\/FORCES-c-LaetitiaBica-scaled.jpg?resize=300%2C200&amp;ssl=1 300w, https:\/\/i0.wp.com\/schrittmacherfestival.nl\/wp-content\/uploads\/2022\/12\/FORCES-c-LaetitiaBica-scaled.jpg?resize=768%2C512&amp;ssl=1 768w, https:\/\/i0.wp.com\/schrittmacherfestival.nl\/wp-content\/uploads\/2022\/12\/FORCES-c-LaetitiaBica-scaled.jpg?resize=1536%2C1024&amp;ssl=1 1536w, https:\/\/i0.wp.com\/schrittmacherfestival.nl\/wp-content\/uploads\/2022\/12\/FORCES-c-LaetitiaBica-scaled.jpg?resize=2048%2C1365&amp;ssl=1 2048w, https:\/\/i0.wp.com\/schrittmacherfestival.nl\/wp-content\/uploads\/2022\/12\/FORCES-c-LaetitiaBica-scaled.jpg?resize=600%2C400&amp;ssl=1 600w, https:\/\/i0.wp.com\/schrittmacherfestival.nl\/wp-content\/uploads\/2022\/12\/FORCES-c-LaetitiaBica-scaled.jpg?resize=31%2C21&amp;ssl=1 31w, https:\/\/i0.wp.com\/schrittmacherfestival.nl\/wp-content\/uploads\/2022\/12\/FORCES-c-LaetitiaBica-scaled.jpg?w=1280&amp;ssl=1 1280w, https:\/\/i0.wp.com\/schrittmacherfestival.nl\/wp-content\/uploads\/2022\/12\/FORCES-c-LaetitiaBica-scaled.jpg?w=1920&amp;ssl=1 1920w\" sizes=\"(max-width: 640px) 100vw, 640px\" \/><\/figure>\n\n\n<figure class=\"wp-block-image size-large\"><img data-recalc-dims=\"1\" decoding=\"async\" width=\"640\" height=\"427\" data-id=\"4912\" src=\"https:\/\/i0.wp.com\/schrittmacherfestival.nl\/wp-content\/uploads\/2022\/12\/FORCES_Hichem-DAHES.jpg?resize=640%2C427&#038;ssl=1\" alt=\"\" class=\"wp-image-4912\" srcset=\"https:\/\/i0.wp.com\/schrittmacherfestival.nl\/wp-content\/uploads\/2022\/12\/FORCES_Hichem-DAHES-scaled.jpg?resize=1024%2C683&amp;ssl=1 1024w, https:\/\/i0.wp.com\/schrittmacherfestival.nl\/wp-content\/uploads\/2022\/12\/FORCES_Hichem-DAHES-scaled.jpg?resize=300%2C200&amp;ssl=1 300w, https:\/\/i0.wp.com\/schrittmacherfestival.nl\/wp-content\/uploads\/2022\/12\/FORCES_Hichem-DAHES-scaled.jpg?resize=768%2C512&amp;ssl=1 768w, https:\/\/i0.wp.com\/schrittmacherfestival.nl\/wp-content\/uploads\/2022\/12\/FORCES_Hichem-DAHES-scaled.jpg?resize=1536%2C1024&amp;ssl=1 1536w, https:\/\/i0.wp.com\/schrittmacherfestival.nl\/wp-content\/uploads\/2022\/12\/FORCES_Hichem-DAHES-scaled.jpg?resize=2048%2C1365&amp;ssl=1 2048w, https:\/\/i0.wp.com\/schrittmacherfestival.nl\/wp-content\/uploads\/2022\/12\/FORCES_Hichem-DAHES-scaled.jpg?resize=600%2C400&amp;ssl=1 600w, https:\/\/i0.wp.com\/schrittmacherfestival.nl\/wp-content\/uploads\/2022\/12\/FORCES_Hichem-DAHES-scaled.jpg?resize=31%2C21&amp;ssl=1 31w, https:\/\/i0.wp.com\/schrittmacherfestival.nl\/wp-content\/uploads\/2022\/12\/FORCES_Hichem-DAHES-scaled.jpg?w=1280&amp;ssl=1 1280w, https:\/\/i0.wp.com\/schrittmacherfestival.nl\/wp-content\/uploads\/2022\/12\/FORCES_Hichem-DAHES-scaled.jpg?w=1920&amp;ssl=1 1920w\" sizes=\"(max-width: 640px) 100vw, 640px\" \/><\/figure><\/figure>\n\n<hr class=\"wp-block-separator has-css-opacity\"\/>\n","protected":false},"excerpt":{"rendered":"<p>Mann\u00e8s\/Turine\/Lema\u00eetre (B) Kulturzentrum Alter Schlachthof, EupenMi 22.03.2023 (Neues Datum)20.00 Uhrvon 9,00 \u20ac Im Rahmen von SCENAR!O Festival, Eupen In Kooperation mit der Frauenliga Eupen \u201eFORCES\u201c ist ein futuristisches und immersives Ritual, bei dem uns drei weibliche Figuren in einen Wirbelwind aus prim\u00e4ren, tellurischen und technologischen Kr\u00e4ften entf\u00fchren. Wie Cyborg-Krieger-Schamaninnen greifen diese Passantinnen auf das Unsichtbare zur\u00fcck, um ihre K\u00f6rper zum [&hellip;]<\/p>\n","protected":false},"author":1,"featured_media":0,"parent":0,"menu_order":0,"comment_status":"closed","ping_status":"closed","template":"","meta":{"_acf_changed":false,"footnotes":""},"class_list":["post-4921","page","type-page","status-publish","hentry"],"aioseo_notices":[],"acf":[],"jetpack_sharing_enabled":true,"_links":{"self":[{"href":"https:\/\/schrittmacherfestival.nl\/de\/wp-json\/wp\/v2\/pages\/4921","targetHints":{"allow":["GET"]}}],"collection":[{"href":"https:\/\/schrittmacherfestival.nl\/de\/wp-json\/wp\/v2\/pages"}],"about":[{"href":"https:\/\/schrittmacherfestival.nl\/de\/wp-json\/wp\/v2\/types\/page"}],"author":[{"embeddable":true,"href":"https:\/\/schrittmacherfestival.nl\/de\/wp-json\/wp\/v2\/users\/1"}],"replies":[{"embeddable":true,"href":"https:\/\/schrittmacherfestival.nl\/de\/wp-json\/wp\/v2\/comments?post=4921"}],"version-history":[{"count":11,"href":"https:\/\/schrittmacherfestival.nl\/de\/wp-json\/wp\/v2\/pages\/4921\/revisions"}],"predecessor-version":[{"id":6465,"href":"https:\/\/schrittmacherfestival.nl\/de\/wp-json\/wp\/v2\/pages\/4921\/revisions\/6465"}],"wp:attachment":[{"href":"https:\/\/schrittmacherfestival.nl\/de\/wp-json\/wp\/v2\/media?parent=4921"}],"curies":[{"name":"wp","href":"https:\/\/api.w.org\/{rel}","templated":true}]}}