{"id":4943,"date":"2022-12-08T08:40:48","date_gmt":"2022-12-08T08:40:48","guid":{"rendered":"https:\/\/schrittmacherfestival.nl\/moon-cabinet-of-lunar-curiosities\/"},"modified":"2023-01-11T11:00:48","modified_gmt":"2023-01-11T11:00:48","slug":"moon-cabinet-of-lunar-curiosities","status":"publish","type":"page","link":"https:\/\/schrittmacherfestival.nl\/de\/moon-cabinet-of-lunar-curiosities\/","title":{"rendered":"MOON &#8211; cabinet of lunar curiosities"},"content":{"rendered":"\n<h1 class=\"has-black-color has-text-color wp-block-heading\" id=\"hofesh-shechter-company-gbr\"><strong>Compagnie Barks \u2013 Bastien Dausse (F)<\/strong><\/h1>\n\n<p><strong>Innen &amp; Au\u00dfen Kulturzentrum Alter Schlachthof, Eupen<\/strong><br\/><strong>So<em> <\/em>12.03.2023<\/strong><br\/><strong>20.00 Uhr<\/strong><br\/><strong>von 9,00 \u20ac<\/strong><\/p>\n\n<figure class=\"wp-block-image alignwide size-large\"><img data-recalc-dims=\"1\" height=\"268\" width=\"640\" decoding=\"async\" src=\"https:\/\/i0.wp.com\/schrittmacherfestival.nl\/wp-content\/uploads\/2022\/12\/MOON_Cie-Barks-%C2%A9Jean-Lambert-1-scaled-e1670488949614-1024x428.webp?resize=640%2C268&#038;ssl=1\" alt=\"\" class=\"wp-image-4940\"\/><\/figure>\n<hr class=\"wp-block-separator has-css-opacity\"\/>\n\n<h2 class=\"wp-block-heading\">Im Rahmen von SCENAR!O Festival, Eupen<\/h2>\n\n<p>Parcours aus 5 Performances &amp; Installationen <\/p>\n\n<p>\u201eMOON\u201c ist eine Konstellation aus kleinen, schwerelosen K\u00f6rpern. Eine mechanische und organische Ausstellung &#8211; wie unser Universum, das sich st\u00e4ndig weiterentwickelt &#8211; zum Erforschen und Betrachten. Zwischen fantastischen Erfindungen und illusorischer Akrobatik ist es eine Suche nach Variationen der Schwerkraft, eine Form des Abschieds von unserem Gewicht, es ist meine Art, Raum und Zeit zu ver\u00e4ndern.\u201c Bastien Dausse<\/p>\n\n<p>\u201eMOON\u201c ist ein Schauspiel, das in Form einer lebendigen und akrobatischen Ausstellung entwickelt wurde. Wie ein Kuriosit\u00e4tenkabinett wurde \u201eMOON\u201c als eine Ansammlung \u00fcberraschender Antigravitationsvorrichtungen konzipiert, auf denen ca. 10-15-min\u00fctige Performances stattfinden. Die Installationen sind so konzipiert, dass sie mit dem Auff\u00fchrungsraum resonieren und so einen neuen Blick auf einen bekannten Raum werfen. F\u00fcr jeden Ort wird eine einzigartige Dramaturgie entworfen. Die Zuschauer folgen einem eigens f\u00fcr den Raum geschaffenen Weg, wie bei einer F\u00fchrung durch ein Museum.<\/p>\n\n<p>Dauer ~ 60 min. ohne Pause<\/p>\n\n<hr class=\"wp-block-separator has-css-opacity\"\/>\n\n<div class=\"wp-block-buttons is-horizontal is-content-justification-center is-layout-flex wp-container-core-buttons-is-layout-499968f5 wp-block-buttons-is-layout-flex\">\n<div class=\"wp-block-button\"><a class=\"wp-block-button__link has-white-color has-black-background-color has-text-color has-background wp-element-button\" href=\"https:\/\/www.ticket-regional.de\/stage_1006.php?timeID=835941\" target=\"_blank\" rel=\"noreferrer noopener\"><strong>Tickets<\/strong> <strong>So 12.03<\/strong><\/a><\/div>\n<\/div>\n\n<hr class=\"wp-block-separator has-css-opacity\"\/>\n\n<figure class=\"wp-block-embed is-type-video is-provider-youtube wp-block-embed-youtube wp-embed-aspect-16-9 wp-has-aspect-ratio\"><div class=\"wp-block-embed__wrapper\">\r\n<iframe  id=\"_ytid_11131\"  width=\"640\" height=\"360\"  data-origwidth=\"640\" data-origheight=\"360\" src=\"https:\/\/www.youtube.com\/embed\/oTmWJ1er4No?enablejsapi=1&#038;autoplay=0&#038;cc_load_policy=0&#038;cc_lang_pref=&#038;iv_load_policy=1&#038;loop=0&#038;rel=1&#038;fs=1&#038;playsinline=0&#038;autohide=2&#038;theme=dark&#038;color=red&#038;controls=1&#038;disablekb=0&#038;\" class=\"__youtube_prefs__  epyt-is-override  no-lazyload\" title=\"YouTube player\"  allow=\"fullscreen; accelerometer; autoplay; clipboard-write; encrypted-media; gyroscope; picture-in-picture; web-share\" referrerpolicy=\"strict-origin-when-cross-origin\" allowfullscreen data-no-lazy=\"1\" data-skipgform_ajax_framebjll=\"\"><\/iframe>\n<\/div><\/figure>\r\n\n<hr class=\"wp-block-separator has-css-opacity\"\/>\n\n<figure class=\"wp-block-gallery has-nested-images columns-default is-cropped wp-block-gallery-1 is-layout-flex wp-block-gallery-is-layout-flex\">\n<figure class=\"wp-block-image size-large\"><img data-recalc-dims=\"1\" height=\"421\" width=\"640\" decoding=\"async\" data-id=\"4933\" src=\"https:\/\/i0.wp.com\/schrittmacherfestival.nl\/wp-content\/uploads\/2022\/12\/MOON_Cie-Barks-%C2%A9Jean-Lambert.jpg?resize=640%2C421&#038;ssl=1\" alt=\"\" class=\"wp-image-4933\"\/><\/figure><\/figure>\n\n<hr class=\"wp-block-separator has-css-opacity\"\/>\n","protected":false},"excerpt":{"rendered":"<p>Compagnie Barks \u2013 Bastien Dausse (F) Innen &amp; Au\u00dfen Kulturzentrum Alter Schlachthof, EupenSo 12.03.202320.00 Uhrvon 9,00 \u20ac Im Rahmen von SCENAR!O Festival, Eupen Parcours aus 5 Performances &amp; Installationen \u201eMOON\u201c ist eine Konstellation aus kleinen, schwerelosen K\u00f6rpern. Eine mechanische und organische Ausstellung &#8211; wie unser Universum, das sich st\u00e4ndig weiterentwickelt &#8211; zum Erforschen und Betrachten. Zwischen fantastischen Erfindungen und illusorischer [&hellip;]<\/p>\n","protected":false},"author":1,"featured_media":0,"parent":0,"menu_order":0,"comment_status":"closed","ping_status":"closed","template":"","meta":{"_acf_changed":false,"footnotes":""},"class_list":["post-4943","page","type-page","status-publish","hentry"],"aioseo_notices":[],"acf":[],"jetpack_sharing_enabled":true,"_links":{"self":[{"href":"https:\/\/schrittmacherfestival.nl\/de\/wp-json\/wp\/v2\/pages\/4943","targetHints":{"allow":["GET"]}}],"collection":[{"href":"https:\/\/schrittmacherfestival.nl\/de\/wp-json\/wp\/v2\/pages"}],"about":[{"href":"https:\/\/schrittmacherfestival.nl\/de\/wp-json\/wp\/v2\/types\/page"}],"author":[{"embeddable":true,"href":"https:\/\/schrittmacherfestival.nl\/de\/wp-json\/wp\/v2\/users\/1"}],"replies":[{"embeddable":true,"href":"https:\/\/schrittmacherfestival.nl\/de\/wp-json\/wp\/v2\/comments?post=4943"}],"version-history":[{"count":5,"href":"https:\/\/schrittmacherfestival.nl\/de\/wp-json\/wp\/v2\/pages\/4943\/revisions"}],"predecessor-version":[{"id":6175,"href":"https:\/\/schrittmacherfestival.nl\/de\/wp-json\/wp\/v2\/pages\/4943\/revisions\/6175"}],"wp:attachment":[{"href":"https:\/\/schrittmacherfestival.nl\/de\/wp-json\/wp\/v2\/media?parent=4943"}],"curies":[{"name":"wp","href":"https:\/\/api.w.org\/{rel}","templated":true}]}}