{"id":4995,"date":"2022-12-08T10:11:55","date_gmt":"2022-12-08T10:11:55","guid":{"rendered":"https:\/\/schrittmacherfestival.nl\/face-to-face\/"},"modified":"2023-02-24T08:16:52","modified_gmt":"2023-02-24T08:16:52","slug":"face-to-face","status":"publish","type":"page","link":"https:\/\/schrittmacherfestival.nl\/de\/face-to-face\/","title":{"rendered":"Face to Face"},"content":{"rendered":"\n<h1 class=\"has-black-color has-text-color wp-block-heading\" id=\"hofesh-shechter-company-gbr\"><strong>Naishi Wang (CDN\/CN)<\/strong><\/h1>\n\n<p><strong>Theater Kerkrade<\/strong><br\/><strong>Do 16.03.2023<\/strong><br\/><strong>20.00 Uhr<\/strong><br\/><strong>von 15,00 \u20ac<\/strong><\/p>\n\n<figure class=\"wp-block-image alignwide size-large\"><img data-recalc-dims=\"1\" fetchpriority=\"high\" decoding=\"async\" width=\"640\" height=\"268\" src=\"https:\/\/i0.wp.com\/schrittmacherfestival.nl\/wp-content\/uploads\/2022\/12\/Face-To-Face-Photo-by-Jeremy-Mimnagh-and-6-1-scaled-e1670494291457-1024x428.webp?resize=640%2C268&#038;ssl=1\" alt=\"\" class=\"wp-image-4992\" srcset=\"https:\/\/i0.wp.com\/schrittmacherfestival.nl\/wp-content\/uploads\/2022\/12\/Face-To-Face-Photo-by-Jeremy-Mimnagh-and-6-1-scaled-e1670494291457.webp?resize=1024%2C428&amp;ssl=1 1024w, https:\/\/i0.wp.com\/schrittmacherfestival.nl\/wp-content\/uploads\/2022\/12\/Face-To-Face-Photo-by-Jeremy-Mimnagh-and-6-1-scaled-e1670494291457.webp?resize=300%2C125&amp;ssl=1 300w, https:\/\/i0.wp.com\/schrittmacherfestival.nl\/wp-content\/uploads\/2022\/12\/Face-To-Face-Photo-by-Jeremy-Mimnagh-and-6-1-scaled-e1670494291457.webp?resize=768%2C321&amp;ssl=1 768w, https:\/\/i0.wp.com\/schrittmacherfestival.nl\/wp-content\/uploads\/2022\/12\/Face-To-Face-Photo-by-Jeremy-Mimnagh-and-6-1-scaled-e1670494291457.webp?resize=31%2C13&amp;ssl=1 31w, https:\/\/i0.wp.com\/schrittmacherfestival.nl\/wp-content\/uploads\/2022\/12\/Face-To-Face-Photo-by-Jeremy-Mimnagh-and-6-1-scaled-e1670494291457.webp?w=1200&amp;ssl=1 1200w\" sizes=\"(max-width: 640px) 100vw, 640px\" \/><\/figure>\n<hr class=\"wp-block-separator has-css-opacity\"\/>\n\n<p>Eine Hand &#8211; einfach ausgestreckt. Eine andere Hand &#8211; das Gesicht bedeckend. Was dr\u00fccken sie aus? Naishi Wang, ein in Toronto ans\u00e4ssiger Choreograph, der urspr\u00fcnglich aus China stammt, ist fasziniert von den neuen Formen der virtuellen Kommunikation und hat sich f\u00fcr die Erschaffung von \u201eFace to Face\u201c von K\u00f6rpersprache, Emojis und den Grundz\u00fcgen der Sprache inspirieren lassen. In diesem intensiven und fesselnden Duett \u00fcber die Zweideutigkeiten der Kommunikation wird der K\u00f6rper zu einem Schl\u00fcssel, der endlos viele Fenster \u00f6ffnet. Mit Handbewegungen, rhythmischem Spiel oder einfachen Umarmungen sprechen Wang und sein Mitarbeiter Lukas Malkowski, beide hervorragende Performer, durch ihre Bewegungen. Manchmal ist der eine der Spiegel des anderen, manchmal tut er das Gegenteil. Ihre flie\u00dfenden oder synkopierten Gesten sind R\u00f6ntgenbilder, die fl\u00fcchtige und un\u00fcberwindbare Zust\u00e4nde des Seins offenbaren. \u201eFace to Face\u201c ist eine Hymne an die unvollkommene \u00dcbertragung und zeigt die Ver\u00e4stelungen unserer Beziehungen zur Welt und zum Gegen\u00fcber auf und l\u00e4dt das Publikum ein, deren Geheimnisse zu entschl\u00fcsseln.<\/p>\n\n<p><a href=\"https:\/\/schrittmacherfestival.nl\/de\/talk-cathy-levy\/\" title=\"\">Einschlie\u00dflich eines Einf\u00fchrungsgespr\u00e4chs zum Thema Tanz in Kanada, gef\u00fchrt von Cathy Levy.<\/a> &#13;\n&#13;\n<\/p>\n\n<p><a id=\"_msocom_1\"><\/a><\/p>\n\n<p>Dauer ~ 55 min. ohne Pause<\/p>\n\n<hr class=\"wp-block-separator has-css-opacity\"\/>\n\n<div class=\"wp-block-buttons is-horizontal is-content-justification-center is-layout-flex wp-container-core-buttons-is-layout-499968f5 wp-block-buttons-is-layout-flex\">\n<div class=\"wp-block-button\"><a class=\"wp-block-button__link has-white-color has-black-background-color has-text-color has-background wp-element-button\" href=\"https:\/\/www.plt.nl\/bestel\/10298\" target=\"_blank\" rel=\"noreferrer noopener\"><strong>Tickets<\/strong> <strong>Do 16.03<\/strong><\/a><\/div>\n<\/div>\n\n<hr class=\"wp-block-separator has-css-opacity\"\/>\n\n<figure class=\"wp-block-embed is-type-video is-provider-youtube wp-block-embed-youtube wp-embed-aspect-16-9 wp-has-aspect-ratio\"><div class=\"wp-block-embed__wrapper\">\r\n<iframe  id=\"_ytid_50184\"  width=\"640\" height=\"360\"  data-origwidth=\"640\" data-origheight=\"360\" src=\"https:\/\/www.youtube.com\/embed\/nWE1JKsyH2k?enablejsapi=1&#038;autoplay=0&#038;cc_load_policy=0&#038;cc_lang_pref=&#038;iv_load_policy=1&#038;loop=0&#038;rel=1&#038;fs=1&#038;playsinline=0&#038;autohide=2&#038;theme=dark&#038;color=red&#038;controls=1&#038;disablekb=0&#038;\" class=\"__youtube_prefs__  epyt-is-override  no-lazyload\" title=\"YouTube player\"  allow=\"fullscreen; accelerometer; autoplay; clipboard-write; encrypted-media; gyroscope; picture-in-picture; web-share\" referrerpolicy=\"strict-origin-when-cross-origin\" allowfullscreen data-no-lazy=\"1\" data-skipgform_ajax_framebjll=\"\"><\/iframe>\n<\/div><\/figure>\r\n\n<hr class=\"wp-block-separator has-css-opacity\"\/>\n\n<figure class=\"wp-block-gallery has-nested-images columns-default is-cropped wp-block-gallery-1 is-layout-flex wp-block-gallery-is-layout-flex\">\n<figure class=\"wp-block-image size-large\"><img data-recalc-dims=\"1\" decoding=\"async\" width=\"640\" height=\"512\" data-id=\"4974\" src=\"https:\/\/i0.wp.com\/schrittmacherfestival.nl\/wp-content\/uploads\/2022\/12\/Face-To-Face-Photo-by-Jeremy-Mimnagh-and-6.jpeg?resize=640%2C512&#038;ssl=1\" alt=\"\" class=\"wp-image-4974\" srcset=\"https:\/\/i0.wp.com\/schrittmacherfestival.nl\/wp-content\/uploads\/2022\/12\/Face-To-Face-Photo-by-Jeremy-Mimnagh-and-6-scaled.jpeg?resize=1024%2C819&amp;ssl=1 1024w, https:\/\/i0.wp.com\/schrittmacherfestival.nl\/wp-content\/uploads\/2022\/12\/Face-To-Face-Photo-by-Jeremy-Mimnagh-and-6-scaled.jpeg?resize=300%2C240&amp;ssl=1 300w, https:\/\/i0.wp.com\/schrittmacherfestival.nl\/wp-content\/uploads\/2022\/12\/Face-To-Face-Photo-by-Jeremy-Mimnagh-and-6-scaled.jpeg?resize=768%2C614&amp;ssl=1 768w, https:\/\/i0.wp.com\/schrittmacherfestival.nl\/wp-content\/uploads\/2022\/12\/Face-To-Face-Photo-by-Jeremy-Mimnagh-and-6-scaled.jpeg?resize=1536%2C1229&amp;ssl=1 1536w, https:\/\/i0.wp.com\/schrittmacherfestival.nl\/wp-content\/uploads\/2022\/12\/Face-To-Face-Photo-by-Jeremy-Mimnagh-and-6-scaled.jpeg?resize=2048%2C1638&amp;ssl=1 2048w, https:\/\/i0.wp.com\/schrittmacherfestival.nl\/wp-content\/uploads\/2022\/12\/Face-To-Face-Photo-by-Jeremy-Mimnagh-and-6-scaled.jpeg?resize=500%2C400&amp;ssl=1 500w, https:\/\/i0.wp.com\/schrittmacherfestival.nl\/wp-content\/uploads\/2022\/12\/Face-To-Face-Photo-by-Jeremy-Mimnagh-and-6-scaled.jpeg?resize=31%2C25&amp;ssl=1 31w, https:\/\/i0.wp.com\/schrittmacherfestival.nl\/wp-content\/uploads\/2022\/12\/Face-To-Face-Photo-by-Jeremy-Mimnagh-and-6-scaled.jpeg?w=1280&amp;ssl=1 1280w, https:\/\/i0.wp.com\/schrittmacherfestival.nl\/wp-content\/uploads\/2022\/12\/Face-To-Face-Photo-by-Jeremy-Mimnagh-and-6-scaled.jpeg?w=1920&amp;ssl=1 1920w\" sizes=\"(max-width: 640px) 100vw, 640px\" \/><\/figure>\n\n\n<figure class=\"wp-block-image size-large\"><img data-recalc-dims=\"1\" decoding=\"async\" width=\"640\" height=\"512\" data-id=\"4983\" src=\"https:\/\/i0.wp.com\/schrittmacherfestival.nl\/wp-content\/uploads\/2022\/12\/Face-To-Face-Photo-by-Jeremy-Mimnagh.jpeg?resize=640%2C512&#038;ssl=1\" alt=\"\" class=\"wp-image-4983\" srcset=\"https:\/\/i0.wp.com\/schrittmacherfestival.nl\/wp-content\/uploads\/2022\/12\/Face-To-Face-Photo-by-Jeremy-Mimnagh-scaled.jpeg?resize=1024%2C819&amp;ssl=1 1024w, https:\/\/i0.wp.com\/schrittmacherfestival.nl\/wp-content\/uploads\/2022\/12\/Face-To-Face-Photo-by-Jeremy-Mimnagh-scaled.jpeg?resize=300%2C240&amp;ssl=1 300w, https:\/\/i0.wp.com\/schrittmacherfestival.nl\/wp-content\/uploads\/2022\/12\/Face-To-Face-Photo-by-Jeremy-Mimnagh-scaled.jpeg?resize=768%2C614&amp;ssl=1 768w, https:\/\/i0.wp.com\/schrittmacherfestival.nl\/wp-content\/uploads\/2022\/12\/Face-To-Face-Photo-by-Jeremy-Mimnagh-scaled.jpeg?resize=1536%2C1229&amp;ssl=1 1536w, https:\/\/i0.wp.com\/schrittmacherfestival.nl\/wp-content\/uploads\/2022\/12\/Face-To-Face-Photo-by-Jeremy-Mimnagh-scaled.jpeg?resize=2048%2C1638&amp;ssl=1 2048w, https:\/\/i0.wp.com\/schrittmacherfestival.nl\/wp-content\/uploads\/2022\/12\/Face-To-Face-Photo-by-Jeremy-Mimnagh-scaled.jpeg?resize=500%2C400&amp;ssl=1 500w, https:\/\/i0.wp.com\/schrittmacherfestival.nl\/wp-content\/uploads\/2022\/12\/Face-To-Face-Photo-by-Jeremy-Mimnagh-scaled.jpeg?resize=31%2C25&amp;ssl=1 31w, https:\/\/i0.wp.com\/schrittmacherfestival.nl\/wp-content\/uploads\/2022\/12\/Face-To-Face-Photo-by-Jeremy-Mimnagh-scaled.jpeg?w=1280&amp;ssl=1 1280w, https:\/\/i0.wp.com\/schrittmacherfestival.nl\/wp-content\/uploads\/2022\/12\/Face-To-Face-Photo-by-Jeremy-Mimnagh-scaled.jpeg?w=1920&amp;ssl=1 1920w\" sizes=\"(max-width: 640px) 100vw, 640px\" \/><\/figure>\n\n\n<figure class=\"wp-block-image size-large\"><img data-recalc-dims=\"1\" loading=\"lazy\" decoding=\"async\" width=\"640\" height=\"512\" data-id=\"4977\" src=\"https:\/\/i0.wp.com\/schrittmacherfestival.nl\/wp-content\/uploads\/2022\/12\/Face-To-Face-Photo-by-Jeremy-Mimnagh1.jpeg?resize=640%2C512&#038;ssl=1\" alt=\"\" class=\"wp-image-4977\" srcset=\"https:\/\/i0.wp.com\/schrittmacherfestival.nl\/wp-content\/uploads\/2022\/12\/Face-To-Face-Photo-by-Jeremy-Mimnagh1-scaled.jpeg?resize=1024%2C819&amp;ssl=1 1024w, https:\/\/i0.wp.com\/schrittmacherfestival.nl\/wp-content\/uploads\/2022\/12\/Face-To-Face-Photo-by-Jeremy-Mimnagh1-scaled.jpeg?resize=300%2C240&amp;ssl=1 300w, https:\/\/i0.wp.com\/schrittmacherfestival.nl\/wp-content\/uploads\/2022\/12\/Face-To-Face-Photo-by-Jeremy-Mimnagh1-scaled.jpeg?resize=768%2C614&amp;ssl=1 768w, https:\/\/i0.wp.com\/schrittmacherfestival.nl\/wp-content\/uploads\/2022\/12\/Face-To-Face-Photo-by-Jeremy-Mimnagh1-scaled.jpeg?resize=1536%2C1229&amp;ssl=1 1536w, https:\/\/i0.wp.com\/schrittmacherfestival.nl\/wp-content\/uploads\/2022\/12\/Face-To-Face-Photo-by-Jeremy-Mimnagh1-scaled.jpeg?resize=2048%2C1638&amp;ssl=1 2048w, https:\/\/i0.wp.com\/schrittmacherfestival.nl\/wp-content\/uploads\/2022\/12\/Face-To-Face-Photo-by-Jeremy-Mimnagh1-scaled.jpeg?resize=500%2C400&amp;ssl=1 500w, https:\/\/i0.wp.com\/schrittmacherfestival.nl\/wp-content\/uploads\/2022\/12\/Face-To-Face-Photo-by-Jeremy-Mimnagh1-scaled.jpeg?resize=31%2C25&amp;ssl=1 31w, https:\/\/i0.wp.com\/schrittmacherfestival.nl\/wp-content\/uploads\/2022\/12\/Face-To-Face-Photo-by-Jeremy-Mimnagh1-scaled.jpeg?w=1280&amp;ssl=1 1280w, https:\/\/i0.wp.com\/schrittmacherfestival.nl\/wp-content\/uploads\/2022\/12\/Face-To-Face-Photo-by-Jeremy-Mimnagh1-scaled.jpeg?w=1920&amp;ssl=1 1920w\" sizes=\"(max-width: 640px) 100vw, 640px\" \/><\/figure>\n\n\n<figure class=\"wp-block-image size-large\"><img data-recalc-dims=\"1\" loading=\"lazy\" decoding=\"async\" width=\"640\" height=\"427\" data-id=\"4985\" src=\"https:\/\/i0.wp.com\/schrittmacherfestival.nl\/wp-content\/uploads\/2022\/12\/Face-To-Face-2-Photo-by-Ivy-Wang.jpg?resize=640%2C427&#038;ssl=1\" alt=\"\" class=\"wp-image-4985\" srcset=\"https:\/\/i0.wp.com\/schrittmacherfestival.nl\/wp-content\/uploads\/2022\/12\/Face-To-Face-2-Photo-by-Ivy-Wang-scaled.jpg?resize=1024%2C683&amp;ssl=1 1024w, https:\/\/i0.wp.com\/schrittmacherfestival.nl\/wp-content\/uploads\/2022\/12\/Face-To-Face-2-Photo-by-Ivy-Wang-scaled.jpg?resize=300%2C200&amp;ssl=1 300w, https:\/\/i0.wp.com\/schrittmacherfestival.nl\/wp-content\/uploads\/2022\/12\/Face-To-Face-2-Photo-by-Ivy-Wang-scaled.jpg?resize=768%2C512&amp;ssl=1 768w, https:\/\/i0.wp.com\/schrittmacherfestival.nl\/wp-content\/uploads\/2022\/12\/Face-To-Face-2-Photo-by-Ivy-Wang-scaled.jpg?resize=1536%2C1024&amp;ssl=1 1536w, https:\/\/i0.wp.com\/schrittmacherfestival.nl\/wp-content\/uploads\/2022\/12\/Face-To-Face-2-Photo-by-Ivy-Wang-scaled.jpg?resize=2048%2C1365&amp;ssl=1 2048w, https:\/\/i0.wp.com\/schrittmacherfestival.nl\/wp-content\/uploads\/2022\/12\/Face-To-Face-2-Photo-by-Ivy-Wang-scaled.jpg?resize=600%2C400&amp;ssl=1 600w, https:\/\/i0.wp.com\/schrittmacherfestival.nl\/wp-content\/uploads\/2022\/12\/Face-To-Face-2-Photo-by-Ivy-Wang-scaled.jpg?resize=31%2C21&amp;ssl=1 31w, https:\/\/i0.wp.com\/schrittmacherfestival.nl\/wp-content\/uploads\/2022\/12\/Face-To-Face-2-Photo-by-Ivy-Wang-scaled.jpg?w=1280&amp;ssl=1 1280w, https:\/\/i0.wp.com\/schrittmacherfestival.nl\/wp-content\/uploads\/2022\/12\/Face-To-Face-2-Photo-by-Ivy-Wang-scaled.jpg?w=1920&amp;ssl=1 1920w\" sizes=\"(max-width: 640px) 100vw, 640px\" \/><\/figure>\n\n\n<figure class=\"wp-block-image size-large\"><img data-recalc-dims=\"1\" loading=\"lazy\" decoding=\"async\" width=\"640\" height=\"427\" data-id=\"4976\" src=\"https:\/\/i0.wp.com\/schrittmacherfestival.nl\/wp-content\/uploads\/2022\/12\/Face-To-Face-photo-by-Ivy-Wang.jpg?resize=640%2C427&#038;ssl=1\" alt=\"\" class=\"wp-image-4976\" srcset=\"https:\/\/i0.wp.com\/schrittmacherfestival.nl\/wp-content\/uploads\/2022\/12\/Face-To-Face-photo-by-Ivy-Wang-scaled.jpg?resize=1024%2C683&amp;ssl=1 1024w, https:\/\/i0.wp.com\/schrittmacherfestival.nl\/wp-content\/uploads\/2022\/12\/Face-To-Face-photo-by-Ivy-Wang-scaled.jpg?resize=300%2C200&amp;ssl=1 300w, https:\/\/i0.wp.com\/schrittmacherfestival.nl\/wp-content\/uploads\/2022\/12\/Face-To-Face-photo-by-Ivy-Wang-scaled.jpg?resize=768%2C512&amp;ssl=1 768w, https:\/\/i0.wp.com\/schrittmacherfestival.nl\/wp-content\/uploads\/2022\/12\/Face-To-Face-photo-by-Ivy-Wang-scaled.jpg?resize=1536%2C1024&amp;ssl=1 1536w, https:\/\/i0.wp.com\/schrittmacherfestival.nl\/wp-content\/uploads\/2022\/12\/Face-To-Face-photo-by-Ivy-Wang-scaled.jpg?resize=2048%2C1365&amp;ssl=1 2048w, https:\/\/i0.wp.com\/schrittmacherfestival.nl\/wp-content\/uploads\/2022\/12\/Face-To-Face-photo-by-Ivy-Wang-scaled.jpg?resize=600%2C400&amp;ssl=1 600w, https:\/\/i0.wp.com\/schrittmacherfestival.nl\/wp-content\/uploads\/2022\/12\/Face-To-Face-photo-by-Ivy-Wang-scaled.jpg?resize=31%2C21&amp;ssl=1 31w, https:\/\/i0.wp.com\/schrittmacherfestival.nl\/wp-content\/uploads\/2022\/12\/Face-To-Face-photo-by-Ivy-Wang-scaled.jpg?w=1280&amp;ssl=1 1280w, https:\/\/i0.wp.com\/schrittmacherfestival.nl\/wp-content\/uploads\/2022\/12\/Face-To-Face-photo-by-Ivy-Wang-scaled.jpg?w=1920&amp;ssl=1 1920w\" sizes=\"(max-width: 640px) 100vw, 640px\" \/><\/figure>\n\n\n<figure class=\"wp-block-image size-large\"><img data-recalc-dims=\"1\" loading=\"lazy\" decoding=\"async\" width=\"640\" height=\"512\" data-id=\"4978\" src=\"https:\/\/i0.wp.com\/schrittmacherfestival.nl\/wp-content\/uploads\/2022\/12\/Face-To-Face-photo-by-Jeremy-Mimnagh-4.jpeg?resize=640%2C512&#038;ssl=1\" alt=\"\" class=\"wp-image-4978\" srcset=\"https:\/\/i0.wp.com\/schrittmacherfestival.nl\/wp-content\/uploads\/2022\/12\/Face-To-Face-photo-by-Jeremy-Mimnagh-4-scaled.jpeg?resize=1024%2C819&amp;ssl=1 1024w, https:\/\/i0.wp.com\/schrittmacherfestival.nl\/wp-content\/uploads\/2022\/12\/Face-To-Face-photo-by-Jeremy-Mimnagh-4-scaled.jpeg?resize=300%2C240&amp;ssl=1 300w, https:\/\/i0.wp.com\/schrittmacherfestival.nl\/wp-content\/uploads\/2022\/12\/Face-To-Face-photo-by-Jeremy-Mimnagh-4-scaled.jpeg?resize=768%2C614&amp;ssl=1 768w, https:\/\/i0.wp.com\/schrittmacherfestival.nl\/wp-content\/uploads\/2022\/12\/Face-To-Face-photo-by-Jeremy-Mimnagh-4-scaled.jpeg?resize=1536%2C1229&amp;ssl=1 1536w, https:\/\/i0.wp.com\/schrittmacherfestival.nl\/wp-content\/uploads\/2022\/12\/Face-To-Face-photo-by-Jeremy-Mimnagh-4-scaled.jpeg?resize=2048%2C1638&amp;ssl=1 2048w, https:\/\/i0.wp.com\/schrittmacherfestival.nl\/wp-content\/uploads\/2022\/12\/Face-To-Face-photo-by-Jeremy-Mimnagh-4-scaled.jpeg?resize=500%2C400&amp;ssl=1 500w, https:\/\/i0.wp.com\/schrittmacherfestival.nl\/wp-content\/uploads\/2022\/12\/Face-To-Face-photo-by-Jeremy-Mimnagh-4-scaled.jpeg?resize=31%2C25&amp;ssl=1 31w, https:\/\/i0.wp.com\/schrittmacherfestival.nl\/wp-content\/uploads\/2022\/12\/Face-To-Face-photo-by-Jeremy-Mimnagh-4-scaled.jpeg?w=1280&amp;ssl=1 1280w, https:\/\/i0.wp.com\/schrittmacherfestival.nl\/wp-content\/uploads\/2022\/12\/Face-To-Face-photo-by-Jeremy-Mimnagh-4-scaled.jpeg?w=1920&amp;ssl=1 1920w\" sizes=\"(max-width: 640px) 100vw, 640px\" \/><\/figure>\n\n\n<figure class=\"wp-block-image size-large\"><img data-recalc-dims=\"1\" loading=\"lazy\" decoding=\"async\" width=\"640\" height=\"512\" data-id=\"4982\" src=\"https:\/\/i0.wp.com\/schrittmacherfestival.nl\/wp-content\/uploads\/2022\/12\/Face-To-Face-photo-by-Jeremy-Mimnagh-7.jpeg?resize=640%2C512&#038;ssl=1\" alt=\"\" class=\"wp-image-4982\" srcset=\"https:\/\/i0.wp.com\/schrittmacherfestival.nl\/wp-content\/uploads\/2022\/12\/Face-To-Face-photo-by-Jeremy-Mimnagh-7-scaled.jpeg?resize=1024%2C819&amp;ssl=1 1024w, https:\/\/i0.wp.com\/schrittmacherfestival.nl\/wp-content\/uploads\/2022\/12\/Face-To-Face-photo-by-Jeremy-Mimnagh-7-scaled.jpeg?resize=300%2C240&amp;ssl=1 300w, https:\/\/i0.wp.com\/schrittmacherfestival.nl\/wp-content\/uploads\/2022\/12\/Face-To-Face-photo-by-Jeremy-Mimnagh-7-scaled.jpeg?resize=768%2C614&amp;ssl=1 768w, https:\/\/i0.wp.com\/schrittmacherfestival.nl\/wp-content\/uploads\/2022\/12\/Face-To-Face-photo-by-Jeremy-Mimnagh-7-scaled.jpeg?resize=1536%2C1229&amp;ssl=1 1536w, https:\/\/i0.wp.com\/schrittmacherfestival.nl\/wp-content\/uploads\/2022\/12\/Face-To-Face-photo-by-Jeremy-Mimnagh-7-scaled.jpeg?resize=2048%2C1638&amp;ssl=1 2048w, https:\/\/i0.wp.com\/schrittmacherfestival.nl\/wp-content\/uploads\/2022\/12\/Face-To-Face-photo-by-Jeremy-Mimnagh-7-scaled.jpeg?resize=500%2C400&amp;ssl=1 500w, https:\/\/i0.wp.com\/schrittmacherfestival.nl\/wp-content\/uploads\/2022\/12\/Face-To-Face-photo-by-Jeremy-Mimnagh-7-scaled.jpeg?resize=31%2C25&amp;ssl=1 31w, https:\/\/i0.wp.com\/schrittmacherfestival.nl\/wp-content\/uploads\/2022\/12\/Face-To-Face-photo-by-Jeremy-Mimnagh-7-scaled.jpeg?w=1280&amp;ssl=1 1280w, https:\/\/i0.wp.com\/schrittmacherfestival.nl\/wp-content\/uploads\/2022\/12\/Face-To-Face-photo-by-Jeremy-Mimnagh-7-scaled.jpeg?w=1920&amp;ssl=1 1920w\" sizes=\"(max-width: 640px) 100vw, 640px\" \/><\/figure>\n\n\n<figure class=\"wp-block-image size-large\"><img data-recalc-dims=\"1\" loading=\"lazy\" decoding=\"async\" width=\"640\" height=\"512\" data-id=\"4972\" src=\"https:\/\/i0.wp.com\/schrittmacherfestival.nl\/wp-content\/uploads\/2022\/12\/Face-To-Face-picture-Jeremy-Mimnagh-3.jpeg?resize=640%2C512&#038;ssl=1\" alt=\"\" class=\"wp-image-4972\" srcset=\"https:\/\/i0.wp.com\/schrittmacherfestival.nl\/wp-content\/uploads\/2022\/12\/Face-To-Face-picture-Jeremy-Mimnagh-3-scaled.jpeg?resize=1024%2C819&amp;ssl=1 1024w, https:\/\/i0.wp.com\/schrittmacherfestival.nl\/wp-content\/uploads\/2022\/12\/Face-To-Face-picture-Jeremy-Mimnagh-3-scaled.jpeg?resize=300%2C240&amp;ssl=1 300w, https:\/\/i0.wp.com\/schrittmacherfestival.nl\/wp-content\/uploads\/2022\/12\/Face-To-Face-picture-Jeremy-Mimnagh-3-scaled.jpeg?resize=768%2C614&amp;ssl=1 768w, https:\/\/i0.wp.com\/schrittmacherfestival.nl\/wp-content\/uploads\/2022\/12\/Face-To-Face-picture-Jeremy-Mimnagh-3-scaled.jpeg?resize=1536%2C1229&amp;ssl=1 1536w, https:\/\/i0.wp.com\/schrittmacherfestival.nl\/wp-content\/uploads\/2022\/12\/Face-To-Face-picture-Jeremy-Mimnagh-3-scaled.jpeg?resize=2048%2C1638&amp;ssl=1 2048w, https:\/\/i0.wp.com\/schrittmacherfestival.nl\/wp-content\/uploads\/2022\/12\/Face-To-Face-picture-Jeremy-Mimnagh-3-scaled.jpeg?resize=500%2C400&amp;ssl=1 500w, https:\/\/i0.wp.com\/schrittmacherfestival.nl\/wp-content\/uploads\/2022\/12\/Face-To-Face-picture-Jeremy-Mimnagh-3-scaled.jpeg?resize=31%2C25&amp;ssl=1 31w, https:\/\/i0.wp.com\/schrittmacherfestival.nl\/wp-content\/uploads\/2022\/12\/Face-To-Face-picture-Jeremy-Mimnagh-3-scaled.jpeg?w=1280&amp;ssl=1 1280w, https:\/\/i0.wp.com\/schrittmacherfestival.nl\/wp-content\/uploads\/2022\/12\/Face-To-Face-picture-Jeremy-Mimnagh-3-scaled.jpeg?w=1920&amp;ssl=1 1920w\" sizes=\"(max-width: 640px) 100vw, 640px\" \/><\/figure>\n\n\n<figure class=\"wp-block-image size-large\"><img data-recalc-dims=\"1\" loading=\"lazy\" decoding=\"async\" width=\"640\" height=\"960\" data-id=\"4987\" src=\"https:\/\/i0.wp.com\/schrittmacherfestival.nl\/wp-content\/uploads\/2022\/12\/Headshot-of-Naishi-Wang-by-Hans-Michael-Lenz.jpg?resize=640%2C960&#038;ssl=1\" alt=\"\" class=\"wp-image-4987\" srcset=\"https:\/\/i0.wp.com\/schrittmacherfestival.nl\/wp-content\/uploads\/2022\/12\/Headshot-of-Naishi-Wang-by-Hans-Michael-Lenz-scaled.jpg?resize=683%2C1024&amp;ssl=1 683w, https:\/\/i0.wp.com\/schrittmacherfestival.nl\/wp-content\/uploads\/2022\/12\/Headshot-of-Naishi-Wang-by-Hans-Michael-Lenz-scaled.jpg?resize=200%2C300&amp;ssl=1 200w, https:\/\/i0.wp.com\/schrittmacherfestival.nl\/wp-content\/uploads\/2022\/12\/Headshot-of-Naishi-Wang-by-Hans-Michael-Lenz-scaled.jpg?resize=768%2C1152&amp;ssl=1 768w, https:\/\/i0.wp.com\/schrittmacherfestival.nl\/wp-content\/uploads\/2022\/12\/Headshot-of-Naishi-Wang-by-Hans-Michael-Lenz-scaled.jpg?resize=1024%2C1536&amp;ssl=1 1024w, https:\/\/i0.wp.com\/schrittmacherfestival.nl\/wp-content\/uploads\/2022\/12\/Headshot-of-Naishi-Wang-by-Hans-Michael-Lenz-scaled.jpg?resize=1365%2C2048&amp;ssl=1 1365w, https:\/\/i0.wp.com\/schrittmacherfestival.nl\/wp-content\/uploads\/2022\/12\/Headshot-of-Naishi-Wang-by-Hans-Michael-Lenz-scaled.jpg?resize=18%2C27&amp;ssl=1 18w, https:\/\/i0.wp.com\/schrittmacherfestival.nl\/wp-content\/uploads\/2022\/12\/Headshot-of-Naishi-Wang-by-Hans-Michael-Lenz-scaled.jpg?w=1707&amp;ssl=1 1707w, https:\/\/i0.wp.com\/schrittmacherfestival.nl\/wp-content\/uploads\/2022\/12\/Headshot-of-Naishi-Wang-by-Hans-Michael-Lenz-scaled.jpg?w=1280&amp;ssl=1 1280w\" sizes=\"(max-width: 640px) 100vw, 640px\" \/><\/figure><\/figure>\n\n<hr class=\"wp-block-separator has-css-opacity\"\/>\n","protected":false},"excerpt":{"rendered":"<p>Naishi Wang (CDN\/CN) Theater KerkradeDo 16.03.202320.00 Uhrvon 15,00 \u20ac Eine Hand &#8211; einfach ausgestreckt. Eine andere Hand &#8211; das Gesicht bedeckend. Was dr\u00fccken sie aus? Naishi Wang, ein in Toronto ans\u00e4ssiger Choreograph, der urspr\u00fcnglich aus China stammt, ist fasziniert von den neuen Formen der virtuellen Kommunikation und hat sich f\u00fcr die Erschaffung von \u201eFace to Face\u201c von K\u00f6rpersprache, Emojis und [&hellip;]<\/p>\n","protected":false},"author":1,"featured_media":0,"parent":0,"menu_order":0,"comment_status":"closed","ping_status":"closed","template":"","meta":{"_acf_changed":false,"footnotes":""},"class_list":["post-4995","page","type-page","status-publish","hentry"],"aioseo_notices":[],"acf":[],"jetpack_sharing_enabled":true,"_links":{"self":[{"href":"https:\/\/schrittmacherfestival.nl\/de\/wp-json\/wp\/v2\/pages\/4995","targetHints":{"allow":["GET"]}}],"collection":[{"href":"https:\/\/schrittmacherfestival.nl\/de\/wp-json\/wp\/v2\/pages"}],"about":[{"href":"https:\/\/schrittmacherfestival.nl\/de\/wp-json\/wp\/v2\/types\/page"}],"author":[{"embeddable":true,"href":"https:\/\/schrittmacherfestival.nl\/de\/wp-json\/wp\/v2\/users\/1"}],"replies":[{"embeddable":true,"href":"https:\/\/schrittmacherfestival.nl\/de\/wp-json\/wp\/v2\/comments?post=4995"}],"version-history":[{"count":5,"href":"https:\/\/schrittmacherfestival.nl\/de\/wp-json\/wp\/v2\/pages\/4995\/revisions"}],"predecessor-version":[{"id":6501,"href":"https:\/\/schrittmacherfestival.nl\/de\/wp-json\/wp\/v2\/pages\/4995\/revisions\/6501"}],"wp:attachment":[{"href":"https:\/\/schrittmacherfestival.nl\/de\/wp-json\/wp\/v2\/media?parent=4995"}],"curies":[{"name":"wp","href":"https:\/\/api.w.org\/{rel}","templated":true}]}}