{"id":5033,"date":"2022-12-09T08:41:36","date_gmt":"2022-12-09T08:41:36","guid":{"rendered":"https:\/\/schrittmacherfestival.nl\/all-i-need\/"},"modified":"2022-12-15T10:22:04","modified_gmt":"2022-12-15T10:22:04","slug":"all-i-need","status":"publish","type":"page","link":"https:\/\/schrittmacherfestival.nl\/de\/all-i-need\/","title":{"rendered":"All I Need"},"content":{"rendered":"\n<h1 class=\"has-black-color has-text-color wp-block-heading\" id=\"hofesh-shechter-company-gbr\"><strong>Beaver Dam Company \/ Edouard Hue (CH)<\/strong><\/h1>\n\n<p><strong>Fabrik Stahlbau Strang Aken<\/strong><br\/><strong>Do 23.03.2023 &#8211; So 26.03.2023<\/strong><br\/><strong>20.00 Uhr<\/strong><br\/><strong>von 21,00 \u20ac<\/strong><\/p>\n\n<figure class=\"wp-block-image alignwide size-large\"><img data-recalc-dims=\"1\" height=\"268\" width=\"640\" decoding=\"async\" src=\"https:\/\/i0.wp.com\/schrittmacherfestival.nl\/wp-content\/uploads\/2022\/12\/BeaverDamComp_All-I-Need_1_Photo-c-Gre%E2%95%A0ugory-Batardon-1-e1670577909796-1024x428.webp?resize=640%2C268&#038;ssl=1\" alt=\"\" class=\"wp-image-5035\"\/><\/figure>\n<hr class=\"wp-block-separator has-css-opacity\"\/>\n\n<p>\u201eDer Mensch ist dem Menschen ein Wolf.\u201c Die aktuellen Ereignisse in unserer Welt haben \u00c9douard Hue dazu veranlasst, die Frage nach der Motivation innerhalb einer Gruppe neu zu stellen: \u201eErst der Profit, dann der Planet!&#13;\nIst es m\u00f6glich, den Kurs zu \u00e4ndern, bevor unsere Gemeinschaft unwiderruflich zerrei\u00dft?\u201c Das ist die Hauptfrage in seiner komplexen und aufregenden Choreografie \u201eAll I Need\u201c. In diesem Werk drohen die K\u00f6rper zu zerbrechen, sie sind voller Energie, vibrieren vor Ungeduld und brodeln vor Wut. Werden die Protagonisten einen Ausweg finden? &#13;\n<\/p>\n\n<p>In erster Linie ist \u00c9douard Hue ein T\u00e4nzer, der seinen K\u00f6rper in den Dienst der Vollkommenheit der Bewegung stellt. Als Darsteller ging er bei den Choreografen Hofesh Shechter, Damien Jalet und Olivier Dubois bis ans \u00c4u\u00dferste. Schnell entwickelte er seine eigene besondere Ausdrucksweise und vermischt meisterhafte Virtuosit\u00e4t mit verschmitzter Spontanit\u00e4t. Eine Entdeckung!<\/p>\n\n<p>Dauer ~ 65 min. ohne Pause<\/p>\n\n<hr class=\"wp-block-separator has-css-opacity\"\/>\n\n<div class=\"wp-block-buttons is-horizontal is-content-justification-center is-layout-flex wp-container-core-buttons-is-layout-499968f5 wp-block-buttons-is-layout-flex\">\n<div class=\"wp-block-button\"><a class=\"wp-block-button__link has-white-color has-black-background-color has-text-color has-background wp-element-button\" href=\"https:\/\/www.plt.nl\/bestel\/10273\" target=\"_blank\" rel=\"noreferrer noopener\"><strong>Tickets Do 23-03<\/strong><\/a><\/div>\n\n\n\n<div class=\"wp-block-button\"><a class=\"wp-block-button__link has-white-color has-black-background-color has-text-color has-background wp-element-button\" href=\"https:\/\/www.plt.nl\/bestel\/10276\" target=\"_blank\" rel=\"noreferrer noopener\"><strong>Tickets<\/strong> <strong>Fr 24-03<\/strong><\/a><\/div>\n\n\n\n<div class=\"wp-block-button\"><a class=\"wp-block-button__link has-white-color has-black-background-color has-text-color has-background wp-element-button\" href=\"https:\/\/www.plt.nl\/bestel\/10275\" target=\"_blank\" rel=\"noreferrer noopener\"><strong>Tickets<\/strong> <strong>Sa 25-03<\/strong><\/a><\/div>\n\n\n\n<div class=\"wp-block-button\"><a class=\"wp-block-button__link has-white-color has-black-background-color has-text-color has-background wp-element-button\" href=\"https:\/\/www.plt.nl\/bestel\/10274\" target=\"_blank\" rel=\"noreferrer noopener\"><strong>Tickets<\/strong> <strong>So 26-03<\/strong><\/a><\/div>\n<\/div>\n\n<hr class=\"wp-block-separator has-css-opacity\"\/>\n\n<figure class=\"wp-block-embed is-type-video is-provider-youtube wp-block-embed-youtube wp-embed-aspect-16-9 wp-has-aspect-ratio\"><div class=\"wp-block-embed__wrapper\">\r\n<iframe  id=\"_ytid_76127\"  width=\"640\" height=\"360\"  data-origwidth=\"640\" data-origheight=\"360\" src=\"https:\/\/www.youtube.com\/embed\/F0MnmI2hTug?enablejsapi=1&#038;autoplay=0&#038;cc_load_policy=0&#038;cc_lang_pref=&#038;iv_load_policy=1&#038;loop=0&#038;rel=1&#038;fs=1&#038;playsinline=0&#038;autohide=2&#038;theme=dark&#038;color=red&#038;controls=1&#038;disablekb=0&#038;\" class=\"__youtube_prefs__  epyt-is-override  no-lazyload\" title=\"YouTube player\"  allow=\"fullscreen; accelerometer; autoplay; clipboard-write; encrypted-media; gyroscope; picture-in-picture; web-share\" referrerpolicy=\"strict-origin-when-cross-origin\" allowfullscreen data-no-lazy=\"1\" data-skipgform_ajax_framebjll=\"\"><\/iframe>\n<\/div><\/figure>\r\n\n<hr class=\"wp-block-separator has-css-opacity\"\/>\n\n<figure class=\"wp-block-gallery has-nested-images columns-default is-cropped wp-block-gallery-1 is-layout-flex wp-block-gallery-is-layout-flex\">\n<figure class=\"wp-block-image size-large\"><img data-recalc-dims=\"1\" height=\"427\" width=\"640\" decoding=\"async\" data-id=\"5015\" src=\"https:\/\/i0.wp.com\/schrittmacherfestival.nl\/wp-content\/uploads\/2022\/12\/BeaverDamComp_All-I-Need_1_Photo-c-Gre%E2%95%A0ugory-Batardon.jpg?resize=640%2C427&#038;ssl=1\" alt=\"\" class=\"wp-image-5015\"\/><\/figure>\n\n\n<figure class=\"wp-block-image size-large\"><img data-recalc-dims=\"1\" fetchpriority=\"high\" decoding=\"async\" width=\"640\" height=\"427\" data-id=\"5028\" src=\"https:\/\/i0.wp.com\/schrittmacherfestival.nl\/wp-content\/uploads\/2022\/12\/BeaverDamComp_All-I-Need_9_Photo-c-David-Kretonic-1.jpg?resize=640%2C427&#038;ssl=1\" alt=\"\" class=\"wp-image-5028\" srcset=\"https:\/\/i0.wp.com\/schrittmacherfestival.nl\/wp-content\/uploads\/2022\/12\/BeaverDamComp_All-I-Need_9_Photo-c-David-Kretonic-1.jpg?resize=1024%2C683&amp;ssl=1 1024w, https:\/\/i0.wp.com\/schrittmacherfestival.nl\/wp-content\/uploads\/2022\/12\/BeaverDamComp_All-I-Need_9_Photo-c-David-Kretonic-1.jpg?resize=300%2C200&amp;ssl=1 300w, https:\/\/i0.wp.com\/schrittmacherfestival.nl\/wp-content\/uploads\/2022\/12\/BeaverDamComp_All-I-Need_9_Photo-c-David-Kretonic-1.jpg?resize=768%2C512&amp;ssl=1 768w, https:\/\/i0.wp.com\/schrittmacherfestival.nl\/wp-content\/uploads\/2022\/12\/BeaverDamComp_All-I-Need_9_Photo-c-David-Kretonic-1.jpg?resize=600%2C400&amp;ssl=1 600w, https:\/\/i0.wp.com\/schrittmacherfestival.nl\/wp-content\/uploads\/2022\/12\/BeaverDamComp_All-I-Need_9_Photo-c-David-Kretonic-1.jpg?resize=31%2C21&amp;ssl=1 31w, https:\/\/i0.wp.com\/schrittmacherfestival.nl\/wp-content\/uploads\/2022\/12\/BeaverDamComp_All-I-Need_9_Photo-c-David-Kretonic-1.jpg?w=1200&amp;ssl=1 1200w\" sizes=\"(max-width: 640px) 100vw, 640px\" \/><\/figure>\n\n\n<figure class=\"wp-block-image size-large\"><img data-recalc-dims=\"1\" decoding=\"async\" width=\"640\" height=\"360\" data-id=\"5030\" src=\"https:\/\/i0.wp.com\/schrittmacherfestival.nl\/wp-content\/uploads\/2022\/12\/BeaverDamComp_All-I-Need_11_Photo-c-David-Kretonic-1.jpg?resize=640%2C360&#038;ssl=1\" alt=\"\" class=\"wp-image-5030\" srcset=\"https:\/\/i0.wp.com\/schrittmacherfestival.nl\/wp-content\/uploads\/2022\/12\/BeaverDamComp_All-I-Need_11_Photo-c-David-Kretonic-1.jpg?resize=1024%2C576&amp;ssl=1 1024w, https:\/\/i0.wp.com\/schrittmacherfestival.nl\/wp-content\/uploads\/2022\/12\/BeaverDamComp_All-I-Need_11_Photo-c-David-Kretonic-1.jpg?resize=300%2C169&amp;ssl=1 300w, https:\/\/i0.wp.com\/schrittmacherfestival.nl\/wp-content\/uploads\/2022\/12\/BeaverDamComp_All-I-Need_11_Photo-c-David-Kretonic-1.jpg?resize=768%2C432&amp;ssl=1 768w, https:\/\/i0.wp.com\/schrittmacherfestival.nl\/wp-content\/uploads\/2022\/12\/BeaverDamComp_All-I-Need_11_Photo-c-David-Kretonic-1.jpg?resize=31%2C17&amp;ssl=1 31w, https:\/\/i0.wp.com\/schrittmacherfestival.nl\/wp-content\/uploads\/2022\/12\/BeaverDamComp_All-I-Need_11_Photo-c-David-Kretonic-1.jpg?w=1200&amp;ssl=1 1200w\" sizes=\"(max-width: 640px) 100vw, 640px\" \/><\/figure><\/figure>\n\n<hr class=\"wp-block-separator has-css-opacity\"\/>\n","protected":false},"excerpt":{"rendered":"<p>Beaver Dam Company \/ Edouard Hue (CH) Fabrik Stahlbau Strang AkenDo 23.03.2023 &#8211; So 26.03.202320.00 Uhrvon 21,00 \u20ac \u201eDer Mensch ist dem Menschen ein Wolf.\u201c Die aktuellen Ereignisse in unserer Welt haben \u00c9douard Hue dazu veranlasst, die Frage nach der Motivation innerhalb einer Gruppe neu zu stellen: \u201eErst der Profit, dann der Planet!&#13; Ist es m\u00f6glich, den Kurs zu \u00e4ndern, [&hellip;]<\/p>\n","protected":false},"author":1,"featured_media":0,"parent":0,"menu_order":0,"comment_status":"closed","ping_status":"closed","template":"","meta":{"_acf_changed":false,"footnotes":""},"class_list":["post-5033","page","type-page","status-publish","hentry"],"aioseo_notices":[],"acf":[],"jetpack_sharing_enabled":true,"_links":{"self":[{"href":"https:\/\/schrittmacherfestival.nl\/de\/wp-json\/wp\/v2\/pages\/5033","targetHints":{"allow":["GET"]}}],"collection":[{"href":"https:\/\/schrittmacherfestival.nl\/de\/wp-json\/wp\/v2\/pages"}],"about":[{"href":"https:\/\/schrittmacherfestival.nl\/de\/wp-json\/wp\/v2\/types\/page"}],"author":[{"embeddable":true,"href":"https:\/\/schrittmacherfestival.nl\/de\/wp-json\/wp\/v2\/users\/1"}],"replies":[{"embeddable":true,"href":"https:\/\/schrittmacherfestival.nl\/de\/wp-json\/wp\/v2\/comments?post=5033"}],"version-history":[{"count":5,"href":"https:\/\/schrittmacherfestival.nl\/de\/wp-json\/wp\/v2\/pages\/5033\/revisions"}],"predecessor-version":[{"id":5529,"href":"https:\/\/schrittmacherfestival.nl\/de\/wp-json\/wp\/v2\/pages\/5033\/revisions\/5529"}],"wp:attachment":[{"href":"https:\/\/schrittmacherfestival.nl\/de\/wp-json\/wp\/v2\/media?parent=5033"}],"curies":[{"name":"wp","href":"https:\/\/api.w.org\/{rel}","templated":true}]}}