{"id":5164,"date":"2022-12-13T09:33:56","date_gmt":"2022-12-13T09:33:56","guid":{"rendered":"https:\/\/schrittmacherfestival.nl\/e-motions-dance\/"},"modified":"2023-03-08T17:09:57","modified_gmt":"2023-03-08T17:09:57","slug":"e-motions-dance","status":"publish","type":"page","link":"https:\/\/schrittmacherfestival.nl\/de\/e-motions-dance\/","title":{"rendered":"E-MOTIONS DANCE"},"content":{"rendered":"\n<h1 class=\"has-black-color has-text-color wp-block-heading\" id=\"hofesh-shechter-company-gbr\"><strong>SIDEWALK MOVIES<\/strong><\/h1>\n\n<p><strong>Innenstadt Heerlen und weitere Ortsteile in und um Heerlen<\/strong><br\/><strong>Di 28.02. \u2013 So 02.04.2023<\/strong><br\/><strong>12.00 \u2013 20.00 Uhr<\/strong><br\/><strong>Eintritt frei <\/strong><\/p>\n\n<figure class=\"wp-block-image alignwide size-large\"><img data-recalc-dims=\"1\" fetchpriority=\"high\" decoding=\"async\" width=\"640\" height=\"276\" src=\"https:\/\/i0.wp.com\/schrittmacherfestival.nl\/wp-content\/uploads\/2021\/07\/P210703A-131_01.jpg?resize=640%2C276&#038;ssl=1\" alt=\"\" class=\"wp-image-2167\" srcset=\"https:\/\/i0.wp.com\/schrittmacherfestival.nl\/wp-content\/uploads\/2021\/07\/P210703A-131_01-scaled.jpg?resize=1024%2C441&amp;ssl=1 1024w, https:\/\/i0.wp.com\/schrittmacherfestival.nl\/wp-content\/uploads\/2021\/07\/P210703A-131_01-scaled.jpg?resize=300%2C129&amp;ssl=1 300w, https:\/\/i0.wp.com\/schrittmacherfestival.nl\/wp-content\/uploads\/2021\/07\/P210703A-131_01-scaled.jpg?resize=768%2C330&amp;ssl=1 768w, https:\/\/i0.wp.com\/schrittmacherfestival.nl\/wp-content\/uploads\/2021\/07\/P210703A-131_01-scaled.jpg?resize=1536%2C661&amp;ssl=1 1536w, https:\/\/i0.wp.com\/schrittmacherfestival.nl\/wp-content\/uploads\/2021\/07\/P210703A-131_01-scaled.jpg?resize=2048%2C881&amp;ssl=1 2048w, https:\/\/i0.wp.com\/schrittmacherfestival.nl\/wp-content\/uploads\/2021\/07\/P210703A-131_01-scaled.jpg?w=1280&amp;ssl=1 1280w, https:\/\/i0.wp.com\/schrittmacherfestival.nl\/wp-content\/uploads\/2021\/07\/P210703A-131_01-scaled.jpg?w=1920&amp;ssl=1 1920w\" sizes=\"(max-width: 640px) 100vw, 640px\" \/><\/figure>\n<hr class=\"wp-block-separator has-css-opacity\"\/>\n\n<h2 class=\"wp-block-heading\">\u00dcber Emotion: der Kopf, die Sinne, die Bewegung.<\/h2>\n\n<p>E-motions Dance ist eine Tanzfilmreihe, die uns mitnimmt in eine innere Welt der Begierde, Anteilnahme und Euphorie, aber auch der Stille. Wir leben in spannungsreichen Zeiten, in denen viele starke und oft auch b\u00f6sartige Emotionen und \u00c4u\u00dferungen zutage treten, die kaum zu konstruktiven Ergebnissen f\u00fchren. T\u00e4nzer*innen und Filmemacher*innen erforschen, erfassen und reagieren ebenfalls emotional auf das, was wir um uns herum erleben, sowie auf (unverarbeitete) Erfahrungen aus der Vergangenheit, Erfahrungen, die noch keine Stimme haben&#8230; Was k\u00f6nnen sie uns \u00fcber die Deutung unserer Emotionen in unserem Leben verraten? \u00dcber die Euphorie des Tanzens \u201eim Moment\u201c im Gegensatz zum verletzlichen K\u00f6rper (der T\u00e4nzer*innen) und der Verg\u00e4nglichkeit. <\/p>\n\n<p><br\/>Auf einer Filmroute durch Heerlen und Umgebung k\u00f6nnen Besucher*innen ausgew\u00e4hlte Videowerke erleben. Unter Mitwirkung von u.a. Cinedans, EYE filmmuseum Amsterdam und Rijckheyt\/HCL.<\/p>\n\n<hr class=\"wp-block-separator has-css-opacity\"\/>\n\n<h2 class=\"wp-block-heading\">Planen Sie hier Ihre Route (Niederl\u00e4ndisch):<\/h2>\n\n<p>Wenn Sie weitere Informationen zu den Tanzfilmen w\u00fcnschen, klicken Sie auf die Karte unten (Niederl\u00e4ndisch).<\/p>\n\n<p><\/p>\n\n<p class=\"has-text-align-center\"><style type=\"text\/css\">\n\t.mpfy-tooltip.mpfy-tooltip-map-6528,\n\t.mpfy-tooltip.mpfy-tooltip-map-6528 p,\n\t.mpfy-tooltip.mpfy-tooltip-map-6528 p strong,\n\t.mpfy-tooltip.mpfy-tooltip-map-6528 .mpfy-tooptip-actions a { color: #525252; }\n\t.mpfy-map-id-6528 .mpfy-mll-location .mpfy-mll-l-buttons a:first-child {\n\t\tbackground-color: #000000;\n\t\tcolor: #ffffff;\n\t}\n\t.mpfy-map-id-6528 .mpfy-mll-location .mpfy-mll-l-buttons a + a {\n\t\tbackground-color: #000000;\n\t\tcolor: #ffffff;\n\t}\n\t.mpfy-map-id-6528 .mpfy-mll-location .mpfy-mll-l-buttons a:first-child:hover,\n\t.mpfy-map-id-6528 .mpfy-mll-location .mpfy-mll-l-buttons a + a:hover {\n\t\tbackground-color: #ffffff;\n\t\tcolor: #000000;\n\t}\n<\/style>\n\n<div id=\"mpfy-map-0\" class=\"mpfy-container mpfy-map-id-6528\" data-attrs=\"{&quot;no_search_results&quot;:&quot;&lt;p&gt;No locations were found.&lt;br \\\/&gt;Please search again.&lt;\\\/p&gt;&quot;,&quot;no_search_results_with_closest&quot;:&quot;&lt;p&gt;No locations were found within your search criteria. Please search again.&lt;\\\/p&gt;&lt;p class=\\&quot;mpfy-or-text\\&quot;&gt;Or ... &lt;a href=\\&quot;#\\&quot; class=\\&quot;mpfy-closest-pin\\&quot;&gt;See the Closest Location&lt;\\\/a&gt;&lt;\\\/p&gt;&quot;,&quot;search_geolocation_failure&quot;:&quot;&lt;p&gt;Could not find the entered address.&lt;br \\\/&gt;Please check your spelling and try again.&lt;\\\/p&gt;&quot;}\" data-proprietary=\"[]\">\n\t\n\t\n\t<div class=\"mpfy-controls-wrap\">\n\t\t<div class=\"mpfy-controls mpfy-hidden mpfy-without-search mpfy-without-dropdown\">\n\t\t\t<form class=\"mpfy-search-form\" method=\"post\" action=\"\" autocomplete=\"off\" style=\"display: none;\">\n\t\t\t\t<div class=\"mpfy-search-wrap\">\n\n\t\t\t\t\t\t\n\n\t\t\t\t\t<div class=\"mpfy-search-field\">\n\n\t\t\t\t\t\t\n\t\t\t\t\t\t<div class=\"mpfy-search-field-queries\">\n\t\t\t\t\t\t\t<a href=\"javascript:;\" class=\"mpfy-search-field-dropdown-toggle\"><\/a>\n\t\t\t\t\t\t\t<div class=\"mpfy-search-field-multiple-label\">(Multiple)<\/div>\n\t\t\t\t\t\t\t<div class=\"mpfy-search-field-item\">\n\t\t\t\t\t\t\t\t<input type=\"search\" class=\"mpfy-search-input\" autocomplete=\"off\" value=\"\" placeholder=\"Enter location..\" \/>\n\t\t\t\t\t\t\t\t<a href=\"javascript:;\" class=\"mpfy-search-field-add-item\">+<\/a>\n\t\t\t\t\t\t\t<\/div>\n\t\t\t\t\t\t<\/div>\n\n\t\t\t\t\t\t<div class=\"mpfy-reset-search-button\" aria-label=\"Reset the search\" data-microtip-position=\"bottom-left\" role=\"tooltip\"><\/div>\n\t\t\t\t\t\t<div class=\"mpfy-search-button\" aria-label=\"Please insert your desired search keywords (minimum 3 characters) to begin the search\" data-microtip-position=\"bottom-left\" data-microtip-size=\"large\" role=\"tooltip\"><\/div>\n\t\t\t\t\t<\/div>\t\t\t\t\t\n\t\t\t\t\t\n\t\t\t\t<\/div>\n\t\t\t<\/form>\n\n\t\t\t<div class=\"mpfy-filter mpfy-selecter-wrap\" style=\"display: none;\">\n\t\t\t\t<select name=\"mpfy_tag\" class=\"mpfy-tag-select\">\n\t\t\t\t\t<option value=\"0\">Default View<\/option>\n\n\t\t\t\t\t\t\t\t\t\n\t\t\t\t<\/select>\n\t\t\t<\/div>\n\t\t<\/div>\n\t<\/div>\n\n\t<div class=\"mpfy-map-canvas-shell-outer mpfy-mode-map \">\n\t\t<div style=\"display: none;\">\n\t\t\n\t\t\t\n\t\t\t\t<a\n\t\t\t\t\ttarget             = \"_self\"\n\t\t\t\t\thref               = \"https:\/\/schrittmacherfestival.nl\/de\/map-location\/berden-mode-en-wonen\/?mpfy_map=6528\"\n\t\t\t\t\tclass              = \"mpfy-pin mpfy-pin-id-6560 no_link\"\n\t\t\t\t\tdata-id            = \"6560\"\n\t\t\t\t\tdata-mapify-action = \"openPopup\"\n\t\t\t\t\tdata-mapify-value  = \"6560\">\n\t\t\t\t\t&nbsp;\n\t\t\t\t<\/a>\n\n\t\t\t\t\n\t\t\t\t<a\n\t\t\t\t\ttarget             = \"_self\"\n\t\t\t\t\thref               = \"https:\/\/schrittmacherfestival.nl\/de\/map-location\/boekhandel-van-der-velden-van-dam\/?mpfy_map=6528\"\n\t\t\t\t\tclass              = \"mpfy-pin mpfy-pin-id-6562 no_link\"\n\t\t\t\t\tdata-id            = \"6562\"\n\t\t\t\t\tdata-mapify-action = \"openPopup\"\n\t\t\t\t\tdata-mapify-value  = \"6562\">\n\t\t\t\t\t&nbsp;\n\t\t\t\t<\/a>\n\n\t\t\t\t\n\t\t\t\t<a\n\t\t\t\t\ttarget             = \"_self\"\n\t\t\t\t\thref               = \"https:\/\/schrittmacherfestival.nl\/de\/map-location\/iba\/?mpfy_map=6528\"\n\t\t\t\t\tclass              = \"mpfy-pin mpfy-pin-id-6561 no_link\"\n\t\t\t\t\tdata-id            = \"6561\"\n\t\t\t\t\tdata-mapify-action = \"openPopup\"\n\t\t\t\t\tdata-mapify-value  = \"6561\">\n\t\t\t\t\t&nbsp;\n\t\t\t\t<\/a>\n\n\t\t\t\t\n\t\t\t\t<a\n\t\t\t\t\ttarget             = \"_self\"\n\t\t\t\t\thref               = \"https:\/\/schrittmacherfestival.nl\/de\/map-location\/maanplein-12\/?mpfy_map=6528\"\n\t\t\t\t\tclass              = \"mpfy-pin mpfy-pin-id-6559 no_link\"\n\t\t\t\t\tdata-id            = \"6559\"\n\t\t\t\t\tdata-mapify-action = \"openPopup\"\n\t\t\t\t\tdata-mapify-value  = \"6559\">\n\t\t\t\t\t&nbsp;\n\t\t\t\t<\/a>\n\n\t\t\t\t\n\t\t\t\t<a\n\t\t\t\t\ttarget             = \"_self\"\n\t\t\t\t\thref               = \"https:\/\/schrittmacherfestival.nl\/de\/map-location\/maanplein-51\/?mpfy_map=6528\"\n\t\t\t\t\tclass              = \"mpfy-pin mpfy-pin-id-6558 no_link\"\n\t\t\t\t\tdata-id            = \"6558\"\n\t\t\t\t\tdata-mapify-action = \"openPopup\"\n\t\t\t\t\tdata-mapify-value  = \"6558\">\n\t\t\t\t\t&nbsp;\n\t\t\t\t<\/a>\n\n\t\t\t\t\n\t\t\t\t<a\n\t\t\t\t\ttarget             = \"_self\"\n\t\t\t\t\thref               = \"https:\/\/schrittmacherfestival.nl\/de\/map-location\/schunck-bibliotheek-hoensbroek\/?mpfy_map=6528\"\n\t\t\t\t\tclass              = \"mpfy-pin mpfy-pin-id-6556 no_link\"\n\t\t\t\t\tdata-id            = \"6556\"\n\t\t\t\t\tdata-mapify-action = \"openPopup\"\n\t\t\t\t\tdata-mapify-value  = \"6556\">\n\t\t\t\t\t&nbsp;\n\t\t\t\t<\/a>\n\n\t\t\t\t\n\t\t\t\t<a\n\t\t\t\t\ttarget             = \"_self\"\n\t\t\t\t\thref               = \"https:\/\/schrittmacherfestival.nl\/de\/map-location\/theater-heerlen-vebegofoyer\/?mpfy_map=6528\"\n\t\t\t\t\tclass              = \"mpfy-pin mpfy-pin-id-6557 no_link\"\n\t\t\t\t\tdata-id            = \"6557\"\n\t\t\t\t\tdata-mapify-action = \"openPopup\"\n\t\t\t\t\tdata-mapify-value  = \"6557\">\n\t\t\t\t\t&nbsp;\n\t\t\t\t<\/a>\n\n\t\t\t\t\n\t\t<\/div>\n\n\t\t<div class=\"mpfy-map-canvas-shell\">\n\t\t\t<div id=\"mpfy-canvas-0\" class=\"mpfy-map-canvas\" style=\"overflow: hidden; height: 400px\"><\/div>\n\t\t\t<div class=\"mpfy-map-controls\">\n\n\t\t\t\t\n\t\t\t\t\n\t\t\t\t\t<div class=\"mpfy-zoom\">\n\t\t\t\t\t\t<a href=\"#\" class=\"mpfy-zoom-in\"><\/a>\n\t\t\t\t\t\t<a href=\"#\" class=\"mpfy-zoom-out\"><\/a>\n\t\t\t\t\t<\/div><!-- \/.mpfy-zoom -->\n\n\t\t\t\t\n\t\t\t<\/div><!-- \/.mpfy-map-controls -->\n\t\t<\/div>\n\n\t\t\n\t\t<div class=\"mpfy-mll\" data-hide-in-default-view=\"false\" style=\"display: none;\">\n\t<div class=\"mpfy-mll-list\">\n\t\t\t\t\t\t\t\t<div class=\"mpfy-mll-location\" data-id=\"6560\" data-order=\"0\">\n\t\t\t\t<div class=\"mpfy-mll-l-heading\">\n\t\t\t\t\t<div class=\"mpfy-mll-l-pin\" style=\"background-image: url(https:\/\/schrittmacherfestival.nl\/wp-content\/plugins\/mapifypro-master\/assets\/images\/google-pin.png);\"><\/div>\n\t\t\t\t\t<div class=\"mpfy-mll-l-title\">\n\t\t\t\t\t\t<span>\n\t\t\t\t\t\t\tBerden Mode en Wonen\t\t\t\t\t\t<\/span>\n\n\t\t\t\t\t\t\t\t\t\t\t<\/div>\n\t\t\t\t<\/div>\n\t\t\t\t<div class=\"mpfy-mll-l-content\">\n\t\t\t\t\t\t\t\t\t\t\n\t\t\t\t\t<div class=\"mpfy-mll-l-buttons\">\n\t\t\t\t\t\t\t\t\t\t\t\t\t<a href=\"#\" data-mapify-action=\"openPopup\" data-mapify-value=\"6560\">Informatie dansfilms<\/a>\n\t\t\t\t\t\t\n\t\t\t\t\t\t\t\t\t\t\t\t\t<a href=\"http:\/\/www.google.com\/maps\/dir\/?api=1&#038;origin=&#038;destination=50.887749525725,5.9766241258149\" target=\"_blank\">Plan je route<\/a>\n\t\t\t\t\t\t\t\t\t\t\t<\/div>\n\t\t\t\t<\/div>\n\t\t\t<\/div>\n\t\t\t\t\t\t\t\t<div class=\"mpfy-mll-location\" data-id=\"6562\" data-order=\"1\">\n\t\t\t\t<div class=\"mpfy-mll-l-heading\">\n\t\t\t\t\t<div class=\"mpfy-mll-l-pin\" style=\"background-image: url(https:\/\/schrittmacherfestival.nl\/wp-content\/plugins\/mapifypro-master\/assets\/images\/google-pin.png);\"><\/div>\n\t\t\t\t\t<div class=\"mpfy-mll-l-title\">\n\t\t\t\t\t\t<span>\n\t\t\t\t\t\t\tBoekhandel van der Velden van Dam\t\t\t\t\t\t<\/span>\n\n\t\t\t\t\t\t\t\t\t\t\t<\/div>\n\t\t\t\t<\/div>\n\t\t\t\t<div class=\"mpfy-mll-l-content\">\n\t\t\t\t\t\t\t\t\t\t\n\t\t\t\t\t<div class=\"mpfy-mll-l-buttons\">\n\t\t\t\t\t\t\t\t\t\t\t\t\t<a href=\"#\" data-mapify-action=\"openPopup\" data-mapify-value=\"6562\">Informatie dansfilms<\/a>\n\t\t\t\t\t\t\n\t\t\t\t\t\t\t\t\t\t\t\t\t<a href=\"http:\/\/www.google.com\/maps\/dir\/?api=1&#038;origin=&#038;destination=50.886769597527,5.9752071757248\" target=\"_blank\">Plan je route<\/a>\n\t\t\t\t\t\t\t\t\t\t\t<\/div>\n\t\t\t\t<\/div>\n\t\t\t<\/div>\n\t\t\t\t\t\t\t\t<div class=\"mpfy-mll-location\" data-id=\"6561\" data-order=\"2\">\n\t\t\t\t<div class=\"mpfy-mll-l-heading\">\n\t\t\t\t\t<div class=\"mpfy-mll-l-pin\" style=\"background-image: url(https:\/\/schrittmacherfestival.nl\/wp-content\/plugins\/mapifypro-master\/assets\/images\/google-pin.png);\"><\/div>\n\t\t\t\t\t<div class=\"mpfy-mll-l-title\">\n\t\t\t\t\t\t<span>\n\t\t\t\t\t\t\tIBA\t\t\t\t\t\t<\/span>\n\n\t\t\t\t\t\t\t\t\t\t\t<\/div>\n\t\t\t\t<\/div>\n\t\t\t\t<div class=\"mpfy-mll-l-content\">\n\t\t\t\t\t\t\t\t\t\t\n\t\t\t\t\t<div class=\"mpfy-mll-l-buttons\">\n\t\t\t\t\t\t\t\t\t\t\t\t\t<a href=\"#\" data-mapify-action=\"openPopup\" data-mapify-value=\"6561\">Informatie dansfilms<\/a>\n\t\t\t\t\t\t\n\t\t\t\t\t\t\t\t\t\t\t\t\t<a href=\"http:\/\/www.google.com\/maps\/dir\/?api=1&#038;origin=&#038;destination=50.8875092,5.9760064\" target=\"_blank\">Plan je route<\/a>\n\t\t\t\t\t\t\t\t\t\t\t<\/div>\n\t\t\t\t<\/div>\n\t\t\t<\/div>\n\t\t\t\t\t\t\t\t<div class=\"mpfy-mll-location\" data-id=\"6559\" data-order=\"3\">\n\t\t\t\t<div class=\"mpfy-mll-l-heading\">\n\t\t\t\t\t<div class=\"mpfy-mll-l-pin\" style=\"background-image: url(https:\/\/schrittmacherfestival.nl\/wp-content\/plugins\/mapifypro-master\/assets\/images\/google-pin.png);\"><\/div>\n\t\t\t\t\t<div class=\"mpfy-mll-l-title\">\n\t\t\t\t\t\t<span>\n\t\t\t\t\t\t\tMaanplein 12\t\t\t\t\t\t<\/span>\n\n\t\t\t\t\t\t\t\t\t\t\t<\/div>\n\t\t\t\t<\/div>\n\t\t\t\t<div class=\"mpfy-mll-l-content\">\n\t\t\t\t\t\t\t\t\t\t\n\t\t\t\t\t<div class=\"mpfy-mll-l-buttons\">\n\t\t\t\t\t\t\t\t\t\t\t\t\t<a href=\"#\" data-mapify-action=\"openPopup\" data-mapify-value=\"6559\">Informatie dansfilms<\/a>\n\t\t\t\t\t\t\n\t\t\t\t\t\t\t\t\t\t\t\t\t<a href=\"http:\/\/www.google.com\/maps\/dir\/?api=1&#038;origin=&#038;destination=50.8918599,5.9744753\" target=\"_blank\">Plan je route<\/a>\n\t\t\t\t\t\t\t\t\t\t\t<\/div>\n\t\t\t\t<\/div>\n\t\t\t<\/div>\n\t\t\t\t\t\t\t\t<div class=\"mpfy-mll-location\" data-id=\"6558\" data-order=\"4\">\n\t\t\t\t<div class=\"mpfy-mll-l-heading\">\n\t\t\t\t\t<div class=\"mpfy-mll-l-pin\" style=\"background-image: url(https:\/\/schrittmacherfestival.nl\/wp-content\/plugins\/mapifypro-master\/assets\/images\/google-pin.png);\"><\/div>\n\t\t\t\t\t<div class=\"mpfy-mll-l-title\">\n\t\t\t\t\t\t<span>\n\t\t\t\t\t\t\tMaanplein 51\t\t\t\t\t\t<\/span>\n\n\t\t\t\t\t\t\t\t\t\t\t<\/div>\n\t\t\t\t<\/div>\n\t\t\t\t<div class=\"mpfy-mll-l-content\">\n\t\t\t\t\t\t\t\t\t\t\n\t\t\t\t\t<div class=\"mpfy-mll-l-buttons\">\n\t\t\t\t\t\t\t\t\t\t\t\t\t<a href=\"#\" data-mapify-action=\"openPopup\" data-mapify-value=\"6558\">Informatie dansfilms<\/a>\n\t\t\t\t\t\t\n\t\t\t\t\t\t\t\t\t\t\t\t\t<a href=\"http:\/\/www.google.com\/maps\/dir\/?api=1&#038;origin=&#038;destination=50.8918527,5.9748065\" target=\"_blank\">Plan je route<\/a>\n\t\t\t\t\t\t\t\t\t\t\t<\/div>\n\t\t\t\t<\/div>\n\t\t\t<\/div>\n\t\t\t\t\t\t\t\t<div class=\"mpfy-mll-location\" data-id=\"6556\" data-order=\"5\">\n\t\t\t\t<div class=\"mpfy-mll-l-heading\">\n\t\t\t\t\t<div class=\"mpfy-mll-l-pin\" style=\"background-image: url(https:\/\/schrittmacherfestival.nl\/wp-content\/plugins\/mapifypro-master\/assets\/images\/google-pin.png);\"><\/div>\n\t\t\t\t\t<div class=\"mpfy-mll-l-title\">\n\t\t\t\t\t\t<span>\n\t\t\t\t\t\t\tSCHUNCK Bibliotheek Hoensbroek\t\t\t\t\t\t<\/span>\n\n\t\t\t\t\t\t\t\t\t\t\t<\/div>\n\t\t\t\t<\/div>\n\t\t\t\t<div class=\"mpfy-mll-l-content\">\n\t\t\t\t\t\t\t\t\t\t\n\t\t\t\t\t<div class=\"mpfy-mll-l-buttons\">\n\t\t\t\t\t\t\t\t\t\t\t\t\t<a href=\"#\" data-mapify-action=\"openPopup\" data-mapify-value=\"6556\">Informatie dansfilms<\/a>\n\t\t\t\t\t\t\n\t\t\t\t\t\t\t\t\t\t\t\t\t<a href=\"http:\/\/www.google.com\/maps\/dir\/?api=1&#038;origin=&#038;destination=50.92434195,5.9257712050691\" target=\"_blank\">Plan je route<\/a>\n\t\t\t\t\t\t\t\t\t\t\t<\/div>\n\t\t\t\t<\/div>\n\t\t\t<\/div>\n\t\t\t\t\t\t\t\t<div class=\"mpfy-mll-location\" data-id=\"6557\" data-order=\"6\">\n\t\t\t\t<div class=\"mpfy-mll-l-heading\">\n\t\t\t\t\t<div class=\"mpfy-mll-l-pin\" style=\"background-image: url(https:\/\/schrittmacherfestival.nl\/wp-content\/plugins\/mapifypro-master\/assets\/images\/google-pin.png);\"><\/div>\n\t\t\t\t\t<div class=\"mpfy-mll-l-title\">\n\t\t\t\t\t\t<span>\n\t\t\t\t\t\t\tTheater Heerlen (VEBEGOfoyer)\t\t\t\t\t\t<\/span>\n\n\t\t\t\t\t\t\t\t\t\t\t<\/div>\n\t\t\t\t<\/div>\n\t\t\t\t<div class=\"mpfy-mll-l-content\">\n\t\t\t\t\t\t\t\t\t\t\n\t\t\t\t\t<div class=\"mpfy-mll-l-buttons\">\n\t\t\t\t\t\t\t\t\t\t\t\t\t<a href=\"#\" data-mapify-action=\"openPopup\" data-mapify-value=\"6557\">Informatie dansfilms<\/a>\n\t\t\t\t\t\t\n\t\t\t\t\t\t\t\t\t\t\t\t\t<a href=\"http:\/\/www.google.com\/maps\/dir\/?api=1&#038;origin=&#038;destination=50.8865573,5.9724748\" target=\"_blank\">Plan je route<\/a>\n\t\t\t\t\t\t\t\t\t\t\t<\/div>\n\t\t\t\t<\/div>\n\t\t\t<\/div>\n\t\t\t<\/div>\n\t<div class=\"mpfy-mll-pagination\" data-number=\"14\">\n\t\t<a href=\"#\" class=\"mpfy-mll-button mpfy-mll-button-prev\">Previous<\/a>\n\t\t<a href=\"#\" class=\"mpfy-mll-button mpfy-mll-button-next\" style=\"float: right;\">Next<\/a>\n\t\t<div class=\"mpfy-mll-pagination-status\">Page <span class=\"mpfy-mll-pagination-current-page\">1<\/span> of <span class=\"mpfy-mll-pagination-max-page\">1<\/span><\/div>\n\t<\/div>\n\t<div class=\"cl\">&nbsp;<\/div>\n<\/div>\t<\/div>\n\n\t\n<\/div>\n<\/p>\n\n<hr class=\"wp-block-separator has-css-opacity\"\/>\n\n<figure class=\"wp-block-gallery has-nested-images columns-default is-cropped wp-block-gallery-1 is-layout-flex wp-block-gallery-is-layout-flex\">\n<figure class=\"wp-block-image size-large\"><img data-recalc-dims=\"1\" decoding=\"async\" width=\"640\" height=\"427\" data-id=\"2082\" src=\"https:\/\/i0.wp.com\/schrittmacherfestival.nl\/wp-content\/uploads\/2021\/07\/P210703A-140_01.jpg?resize=640%2C427&#038;ssl=1\" alt=\"\" class=\"wp-image-2082\" srcset=\"https:\/\/i0.wp.com\/schrittmacherfestival.nl\/wp-content\/uploads\/2021\/07\/P210703A-140_01-scaled.jpg?resize=1024%2C683&amp;ssl=1 1024w, https:\/\/i0.wp.com\/schrittmacherfestival.nl\/wp-content\/uploads\/2021\/07\/P210703A-140_01-scaled.jpg?resize=300%2C200&amp;ssl=1 300w, https:\/\/i0.wp.com\/schrittmacherfestival.nl\/wp-content\/uploads\/2021\/07\/P210703A-140_01-scaled.jpg?resize=768%2C512&amp;ssl=1 768w, https:\/\/i0.wp.com\/schrittmacherfestival.nl\/wp-content\/uploads\/2021\/07\/P210703A-140_01-scaled.jpg?resize=1536%2C1025&amp;ssl=1 1536w, https:\/\/i0.wp.com\/schrittmacherfestival.nl\/wp-content\/uploads\/2021\/07\/P210703A-140_01-scaled.jpg?resize=2048%2C1366&amp;ssl=1 2048w, https:\/\/i0.wp.com\/schrittmacherfestival.nl\/wp-content\/uploads\/2021\/07\/P210703A-140_01-scaled.jpg?resize=600%2C400&amp;ssl=1 600w, https:\/\/i0.wp.com\/schrittmacherfestival.nl\/wp-content\/uploads\/2021\/07\/P210703A-140_01-scaled.jpg?w=1280&amp;ssl=1 1280w, https:\/\/i0.wp.com\/schrittmacherfestival.nl\/wp-content\/uploads\/2021\/07\/P210703A-140_01-scaled.jpg?w=1920&amp;ssl=1 1920w\" sizes=\"(max-width: 640px) 100vw, 640px\" \/><\/figure>\n\n\n<figure class=\"wp-block-image size-large\"><img data-recalc-dims=\"1\" decoding=\"async\" width=\"640\" height=\"427\" data-id=\"2079\" src=\"https:\/\/i0.wp.com\/schrittmacherfestival.nl\/wp-content\/uploads\/2021\/07\/P210703A-444_01.jpg?resize=640%2C427&#038;ssl=1\" alt=\"\" class=\"wp-image-2079\" srcset=\"https:\/\/i0.wp.com\/schrittmacherfestival.nl\/wp-content\/uploads\/2021\/07\/P210703A-444_01-scaled.jpg?resize=1024%2C683&amp;ssl=1 1024w, https:\/\/i0.wp.com\/schrittmacherfestival.nl\/wp-content\/uploads\/2021\/07\/P210703A-444_01-scaled.jpg?resize=300%2C200&amp;ssl=1 300w, https:\/\/i0.wp.com\/schrittmacherfestival.nl\/wp-content\/uploads\/2021\/07\/P210703A-444_01-scaled.jpg?resize=768%2C512&amp;ssl=1 768w, https:\/\/i0.wp.com\/schrittmacherfestival.nl\/wp-content\/uploads\/2021\/07\/P210703A-444_01-scaled.jpg?resize=1536%2C1025&amp;ssl=1 1536w, https:\/\/i0.wp.com\/schrittmacherfestival.nl\/wp-content\/uploads\/2021\/07\/P210703A-444_01-scaled.jpg?resize=2048%2C1366&amp;ssl=1 2048w, https:\/\/i0.wp.com\/schrittmacherfestival.nl\/wp-content\/uploads\/2021\/07\/P210703A-444_01-scaled.jpg?resize=600%2C400&amp;ssl=1 600w, https:\/\/i0.wp.com\/schrittmacherfestival.nl\/wp-content\/uploads\/2021\/07\/P210703A-444_01-scaled.jpg?w=1280&amp;ssl=1 1280w, https:\/\/i0.wp.com\/schrittmacherfestival.nl\/wp-content\/uploads\/2021\/07\/P210703A-444_01-scaled.jpg?w=1920&amp;ssl=1 1920w\" sizes=\"(max-width: 640px) 100vw, 640px\" \/><\/figure>\n\n\n<figure class=\"wp-block-image size-large\"><img data-recalc-dims=\"1\" loading=\"lazy\" decoding=\"async\" width=\"640\" height=\"427\" data-id=\"2077\" src=\"https:\/\/i0.wp.com\/schrittmacherfestival.nl\/wp-content\/uploads\/2021\/07\/P210703A-051_01.jpg?resize=640%2C427&#038;ssl=1\" alt=\"\" class=\"wp-image-2077\" srcset=\"https:\/\/i0.wp.com\/schrittmacherfestival.nl\/wp-content\/uploads\/2021\/07\/P210703A-051_01-scaled.jpg?resize=1024%2C683&amp;ssl=1 1024w, https:\/\/i0.wp.com\/schrittmacherfestival.nl\/wp-content\/uploads\/2021\/07\/P210703A-051_01-scaled.jpg?resize=300%2C200&amp;ssl=1 300w, https:\/\/i0.wp.com\/schrittmacherfestival.nl\/wp-content\/uploads\/2021\/07\/P210703A-051_01-scaled.jpg?resize=768%2C512&amp;ssl=1 768w, https:\/\/i0.wp.com\/schrittmacherfestival.nl\/wp-content\/uploads\/2021\/07\/P210703A-051_01-scaled.jpg?resize=1536%2C1025&amp;ssl=1 1536w, https:\/\/i0.wp.com\/schrittmacherfestival.nl\/wp-content\/uploads\/2021\/07\/P210703A-051_01-scaled.jpg?resize=2048%2C1366&amp;ssl=1 2048w, https:\/\/i0.wp.com\/schrittmacherfestival.nl\/wp-content\/uploads\/2021\/07\/P210703A-051_01-scaled.jpg?resize=600%2C400&amp;ssl=1 600w, https:\/\/i0.wp.com\/schrittmacherfestival.nl\/wp-content\/uploads\/2021\/07\/P210703A-051_01-scaled.jpg?w=1280&amp;ssl=1 1280w, https:\/\/i0.wp.com\/schrittmacherfestival.nl\/wp-content\/uploads\/2021\/07\/P210703A-051_01-scaled.jpg?w=1920&amp;ssl=1 1920w\" sizes=\"(max-width: 640px) 100vw, 640px\" \/><\/figure>\n\n\n<figure class=\"wp-block-image size-large\"><img data-recalc-dims=\"1\" loading=\"lazy\" decoding=\"async\" width=\"640\" height=\"426\" data-id=\"2086\" src=\"https:\/\/i0.wp.com\/schrittmacherfestival.nl\/wp-content\/uploads\/2021\/07\/P210703A-328_01.jpg?resize=640%2C426&#038;ssl=1\" alt=\"\" class=\"wp-image-2086\" srcset=\"https:\/\/i0.wp.com\/schrittmacherfestival.nl\/wp-content\/uploads\/2021\/07\/P210703A-328_01-scaled.jpg?resize=1024%2C682&amp;ssl=1 1024w, https:\/\/i0.wp.com\/schrittmacherfestival.nl\/wp-content\/uploads\/2021\/07\/P210703A-328_01-scaled.jpg?resize=300%2C200&amp;ssl=1 300w, https:\/\/i0.wp.com\/schrittmacherfestival.nl\/wp-content\/uploads\/2021\/07\/P210703A-328_01-scaled.jpg?resize=768%2C512&amp;ssl=1 768w, https:\/\/i0.wp.com\/schrittmacherfestival.nl\/wp-content\/uploads\/2021\/07\/P210703A-328_01-scaled.jpg?resize=1536%2C1024&amp;ssl=1 1536w, https:\/\/i0.wp.com\/schrittmacherfestival.nl\/wp-content\/uploads\/2021\/07\/P210703A-328_01-scaled.jpg?resize=2048%2C1365&amp;ssl=1 2048w, https:\/\/i0.wp.com\/schrittmacherfestival.nl\/wp-content\/uploads\/2021\/07\/P210703A-328_01-scaled.jpg?resize=600%2C400&amp;ssl=1 600w, https:\/\/i0.wp.com\/schrittmacherfestival.nl\/wp-content\/uploads\/2021\/07\/P210703A-328_01-scaled.jpg?w=1280&amp;ssl=1 1280w, https:\/\/i0.wp.com\/schrittmacherfestival.nl\/wp-content\/uploads\/2021\/07\/P210703A-328_01-scaled.jpg?w=1920&amp;ssl=1 1920w\" sizes=\"(max-width: 640px) 100vw, 640px\" \/><\/figure><\/figure>\n\n<hr class=\"wp-block-separator has-css-opacity\"\/>\n","protected":false},"excerpt":{"rendered":"<p>SIDEWALK MOVIES Innenstadt Heerlen und weitere Ortsteile in und um HeerlenDi 28.02. \u2013 So 02.04.202312.00 \u2013 20.00 UhrEintritt frei \u00dcber Emotion: der Kopf, die Sinne, die Bewegung. E-motions Dance ist eine Tanzfilmreihe, die uns mitnimmt in eine innere Welt der Begierde, Anteilnahme und Euphorie, aber auch der Stille. Wir leben in spannungsreichen Zeiten, in denen viele starke und oft auch [&hellip;]<\/p>\n","protected":false},"author":1,"featured_media":0,"parent":0,"menu_order":0,"comment_status":"closed","ping_status":"closed","template":"","meta":{"_acf_changed":false,"footnotes":""},"class_list":["post-5164","page","type-page","status-publish","hentry"],"aioseo_notices":[],"acf":[],"jetpack_sharing_enabled":true,"_links":{"self":[{"href":"https:\/\/schrittmacherfestival.nl\/de\/wp-json\/wp\/v2\/pages\/5164","targetHints":{"allow":["GET"]}}],"collection":[{"href":"https:\/\/schrittmacherfestival.nl\/de\/wp-json\/wp\/v2\/pages"}],"about":[{"href":"https:\/\/schrittmacherfestival.nl\/de\/wp-json\/wp\/v2\/types\/page"}],"author":[{"embeddable":true,"href":"https:\/\/schrittmacherfestival.nl\/de\/wp-json\/wp\/v2\/users\/1"}],"replies":[{"embeddable":true,"href":"https:\/\/schrittmacherfestival.nl\/de\/wp-json\/wp\/v2\/comments?post=5164"}],"version-history":[{"count":7,"href":"https:\/\/schrittmacherfestival.nl\/de\/wp-json\/wp\/v2\/pages\/5164\/revisions"}],"predecessor-version":[{"id":6554,"href":"https:\/\/schrittmacherfestival.nl\/de\/wp-json\/wp\/v2\/pages\/5164\/revisions\/6554"}],"wp:attachment":[{"href":"https:\/\/schrittmacherfestival.nl\/de\/wp-json\/wp\/v2\/media?parent=5164"}],"curies":[{"name":"wp","href":"https:\/\/api.w.org\/{rel}","templated":true}]}}