{"id":5190,"date":"2022-12-13T10:19:37","date_gmt":"2022-12-13T10:19:37","guid":{"rendered":"https:\/\/schrittmacherfestival.nl\/overtour\/"},"modified":"2023-02-16T10:22:45","modified_gmt":"2023-02-16T10:22:45","slug":"overtour","status":"publish","type":"page","link":"https:\/\/schrittmacherfestival.nl\/de\/overtour\/","title":{"rendered":"Overtour"},"content":{"rendered":"\n<h1 class=\"has-black-color has-text-color wp-block-heading\" id=\"hofesh-shechter-company-gbr\"><strong>Regie: Andrea Zanoli<\/strong>, 2021\u00a0<strong>(I)<\/strong><\/h1>\n\n<p><strong>Toon Hermans Huis Parkstad<\/strong><br\/><strong>So 05.03.2023<\/strong> + <strong>Di 14.03.2023<\/strong><br\/><strong>15.00 Uhr (So)<\/strong> + <strong>19.30 Uhr (Di)<\/strong><br\/><strong>von 5,- \u20ac<\/strong><\/p>\n\n<figure class=\"wp-block-image alignwide size-full\"><img data-recalc-dims=\"1\" fetchpriority=\"high\" decoding=\"async\" width=\"640\" height=\"256\" src=\"https:\/\/i0.wp.com\/schrittmacherfestival.nl\/wp-content\/uploads\/2022\/12\/Overtour-1-e1670927051189.webp?resize=640%2C256&#038;ssl=1\" alt=\"\" class=\"wp-image-5187\" srcset=\"https:\/\/i0.wp.com\/schrittmacherfestival.nl\/wp-content\/uploads\/2022\/12\/Overtour-1-e1670927051189.webp?w=1000&amp;ssl=1 1000w, https:\/\/i0.wp.com\/schrittmacherfestival.nl\/wp-content\/uploads\/2022\/12\/Overtour-1-e1670927051189.webp?resize=300%2C120&amp;ssl=1 300w, https:\/\/i0.wp.com\/schrittmacherfestival.nl\/wp-content\/uploads\/2022\/12\/Overtour-1-e1670927051189.webp?resize=768%2C307&amp;ssl=1 768w, https:\/\/i0.wp.com\/schrittmacherfestival.nl\/wp-content\/uploads\/2022\/12\/Overtour-1-e1670927051189.webp?resize=31%2C12&amp;ssl=1 31w\" sizes=\"(max-width: 640px) 100vw, 640px\" \/><\/figure>\n<hr class=\"wp-block-separator has-css-opacity\"\/>\n\n<h2 class=\"wp-block-heading\">Dokumentarfilm \/ Film <\/h2>\n\n<p>Silvia Gribaudi ist eine italienische Performerin und Choreografin. Im Rahmen ihrer Langzeitstudie \u00fcber ungew\u00f6hnliche und \u201eunsichtbare\u201c K\u00f6rper arbeitet sie seit zehn Jahren mit Frauen zusammen, die \u00e4lter sind als 60 Jahre. Sie begleitet die Frauen, damit sie Grenzen \u00fcberschreiten k\u00f6nnen, die ihnen von der Gesellschaft auferlegt werden. Unbeschwert und humoristisch, aber voller Gef\u00fchl und Scharfsinn verfolgt diese Dokumentation Gribaudi auf ihrer Reise zur Wiederentdeckung eines K\u00f6rpers in stetiger und unkontrollierbarer Transformation.<\/p>\n\n<p>Dauer: ~ 77 min.<br\/>Mit Undertiteln <\/p>\n\n<hr class=\"wp-block-separator has-css-opacity\"\/>\n\n<div class=\"wp-block-buttons is-horizontal is-content-justification-center is-layout-flex wp-container-core-buttons-is-layout-499968f5 wp-block-buttons-is-layout-flex\">\n<div class=\"wp-block-button\"><a class=\"wp-block-button__link has-white-color has-black-background-color has-text-color has-background wp-element-button\" href=\"https:\/\/www.plt.nl\/bestel\/10283\" target=\"_blank\" rel=\"noreferrer noopener\"><strong>Tickets So 05.03 | 15.00u<\/strong><\/a><\/div>\n\n\n\n<div class=\"wp-block-button\"><a class=\"wp-block-button__link has-white-color has-black-background-color has-text-color has-background wp-element-button\" href=\"https:\/\/www.plt.nl\/bestel\/10301\" target=\"_blank\" rel=\"noreferrer noopener\"><strong>Tickets Di 14.03 | 19.30u<\/strong><\/a><\/div>\n<\/div>\n\n<hr class=\"wp-block-separator has-css-opacity\"\/>\n\n<figure class=\"wp-block-embed is-type-video is-provider-youtube wp-block-embed-youtube wp-embed-aspect-16-9 wp-has-aspect-ratio\"><div class=\"wp-block-embed__wrapper\">\r\n<iframe  id=\"_ytid_96528\"  width=\"640\" height=\"360\"  data-origwidth=\"640\" data-origheight=\"360\" src=\"https:\/\/www.youtube.com\/embed\/H0j1HYCH4HA?enablejsapi=1&#038;autoplay=0&#038;cc_load_policy=0&#038;cc_lang_pref=&#038;iv_load_policy=1&#038;loop=0&#038;rel=1&#038;fs=1&#038;playsinline=0&#038;autohide=2&#038;theme=dark&#038;color=red&#038;controls=1&#038;disablekb=0&#038;\" class=\"__youtube_prefs__  epyt-is-override  no-lazyload\" title=\"YouTube player\"  allow=\"fullscreen; accelerometer; autoplay; clipboard-write; encrypted-media; gyroscope; picture-in-picture; web-share\" referrerpolicy=\"strict-origin-when-cross-origin\" allowfullscreen data-no-lazy=\"1\" data-skipgform_ajax_framebjll=\"\"><\/iframe>\n<\/div><\/figure>\r\n\n<hr class=\"wp-block-separator has-css-opacity\"\/>\n\n<figure class=\"wp-block-gallery has-nested-images columns-default is-cropped wp-block-gallery-1 is-layout-flex wp-block-gallery-is-layout-flex\">\n<figure class=\"wp-block-image size-large\"><img data-recalc-dims=\"1\" decoding=\"async\" width=\"640\" height=\"360\" data-id=\"5174\" src=\"https:\/\/i0.wp.com\/schrittmacherfestival.nl\/wp-content\/uploads\/2022\/12\/Overtour.jpeg?resize=640%2C360&#038;ssl=1\" alt=\"\" class=\"wp-image-5174\" srcset=\"https:\/\/i0.wp.com\/schrittmacherfestival.nl\/wp-content\/uploads\/2022\/12\/Overtour.jpeg?w=1000&amp;ssl=1 1000w, https:\/\/i0.wp.com\/schrittmacherfestival.nl\/wp-content\/uploads\/2022\/12\/Overtour.jpeg?resize=300%2C169&amp;ssl=1 300w, https:\/\/i0.wp.com\/schrittmacherfestival.nl\/wp-content\/uploads\/2022\/12\/Overtour.jpeg?resize=768%2C432&amp;ssl=1 768w, https:\/\/i0.wp.com\/schrittmacherfestival.nl\/wp-content\/uploads\/2022\/12\/Overtour.jpeg?resize=31%2C17&amp;ssl=1 31w\" sizes=\"(max-width: 640px) 100vw, 640px\" \/><\/figure>\n\n\n<figure class=\"wp-block-image size-large\"><img data-recalc-dims=\"1\" decoding=\"async\" width=\"640\" height=\"360\" data-id=\"5171\" src=\"https:\/\/i0.wp.com\/schrittmacherfestival.nl\/wp-content\/uploads\/2022\/12\/Overtour2.jpeg?resize=640%2C360&#038;ssl=1\" alt=\"\" class=\"wp-image-5171\" srcset=\"https:\/\/i0.wp.com\/schrittmacherfestival.nl\/wp-content\/uploads\/2022\/12\/Overtour2.jpeg?w=1000&amp;ssl=1 1000w, https:\/\/i0.wp.com\/schrittmacherfestival.nl\/wp-content\/uploads\/2022\/12\/Overtour2.jpeg?resize=300%2C169&amp;ssl=1 300w, https:\/\/i0.wp.com\/schrittmacherfestival.nl\/wp-content\/uploads\/2022\/12\/Overtour2.jpeg?resize=768%2C432&amp;ssl=1 768w, https:\/\/i0.wp.com\/schrittmacherfestival.nl\/wp-content\/uploads\/2022\/12\/Overtour2.jpeg?resize=31%2C17&amp;ssl=1 31w\" sizes=\"(max-width: 640px) 100vw, 640px\" \/><\/figure>\n\n\n<figure class=\"wp-block-image size-large\"><img data-recalc-dims=\"1\" loading=\"lazy\" decoding=\"async\" width=\"640\" height=\"360\" data-id=\"5177\" src=\"https:\/\/i0.wp.com\/schrittmacherfestival.nl\/wp-content\/uploads\/2022\/12\/Overtour3.jpeg?resize=640%2C360&#038;ssl=1\" alt=\"\" class=\"wp-image-5177\" srcset=\"https:\/\/i0.wp.com\/schrittmacherfestival.nl\/wp-content\/uploads\/2022\/12\/Overtour3.jpeg?w=1000&amp;ssl=1 1000w, https:\/\/i0.wp.com\/schrittmacherfestival.nl\/wp-content\/uploads\/2022\/12\/Overtour3.jpeg?resize=300%2C169&amp;ssl=1 300w, https:\/\/i0.wp.com\/schrittmacherfestival.nl\/wp-content\/uploads\/2022\/12\/Overtour3.jpeg?resize=768%2C432&amp;ssl=1 768w, https:\/\/i0.wp.com\/schrittmacherfestival.nl\/wp-content\/uploads\/2022\/12\/Overtour3.jpeg?resize=31%2C17&amp;ssl=1 31w\" sizes=\"(max-width: 640px) 100vw, 640px\" \/><\/figure>\n\n\n<figure class=\"wp-block-image size-large\"><img data-recalc-dims=\"1\" loading=\"lazy\" decoding=\"async\" width=\"640\" height=\"360\" data-id=\"5173\" src=\"https:\/\/i0.wp.com\/schrittmacherfestival.nl\/wp-content\/uploads\/2022\/12\/Overtour4.jpeg?resize=640%2C360&#038;ssl=1\" alt=\"\" class=\"wp-image-5173\" srcset=\"https:\/\/i0.wp.com\/schrittmacherfestival.nl\/wp-content\/uploads\/2022\/12\/Overtour4.jpeg?w=1000&amp;ssl=1 1000w, https:\/\/i0.wp.com\/schrittmacherfestival.nl\/wp-content\/uploads\/2022\/12\/Overtour4.jpeg?resize=300%2C169&amp;ssl=1 300w, https:\/\/i0.wp.com\/schrittmacherfestival.nl\/wp-content\/uploads\/2022\/12\/Overtour4.jpeg?resize=768%2C432&amp;ssl=1 768w, https:\/\/i0.wp.com\/schrittmacherfestival.nl\/wp-content\/uploads\/2022\/12\/Overtour4.jpeg?resize=31%2C17&amp;ssl=1 31w\" sizes=\"(max-width: 640px) 100vw, 640px\" \/><\/figure><\/figure>\n\n<hr class=\"wp-block-separator has-css-opacity\"\/>\n","protected":false},"excerpt":{"rendered":"<p>Regie: Andrea Zanoli, 2021\u00a0(I) Toon Hermans Huis ParkstadSo 05.03.2023 + Di 14.03.202315.00 Uhr (So) + 19.30 Uhr (Di)von 5,- \u20ac Dokumentarfilm \/ Film Silvia Gribaudi ist eine italienische Performerin und Choreografin. Im Rahmen ihrer Langzeitstudie \u00fcber ungew\u00f6hnliche und \u201eunsichtbare\u201c K\u00f6rper arbeitet sie seit zehn Jahren mit Frauen zusammen, die \u00e4lter sind als 60 Jahre. Sie begleitet die Frauen, damit sie [&hellip;]<\/p>\n","protected":false},"author":1,"featured_media":0,"parent":0,"menu_order":0,"comment_status":"closed","ping_status":"closed","template":"","meta":{"_acf_changed":false,"footnotes":""},"class_list":["post-5190","page","type-page","status-publish","hentry"],"aioseo_notices":[],"acf":[],"jetpack_sharing_enabled":true,"_links":{"self":[{"href":"https:\/\/schrittmacherfestival.nl\/de\/wp-json\/wp\/v2\/pages\/5190","targetHints":{"allow":["GET"]}}],"collection":[{"href":"https:\/\/schrittmacherfestival.nl\/de\/wp-json\/wp\/v2\/pages"}],"about":[{"href":"https:\/\/schrittmacherfestival.nl\/de\/wp-json\/wp\/v2\/types\/page"}],"author":[{"embeddable":true,"href":"https:\/\/schrittmacherfestival.nl\/de\/wp-json\/wp\/v2\/users\/1"}],"replies":[{"embeddable":true,"href":"https:\/\/schrittmacherfestival.nl\/de\/wp-json\/wp\/v2\/comments?post=5190"}],"version-history":[{"count":7,"href":"https:\/\/schrittmacherfestival.nl\/de\/wp-json\/wp\/v2\/pages\/5190\/revisions"}],"predecessor-version":[{"id":6490,"href":"https:\/\/schrittmacherfestival.nl\/de\/wp-json\/wp\/v2\/pages\/5190\/revisions\/6490"}],"wp:attachment":[{"href":"https:\/\/schrittmacherfestival.nl\/de\/wp-json\/wp\/v2\/media?parent=5190"}],"curies":[{"name":"wp","href":"https:\/\/api.w.org\/{rel}","templated":true}]}}