{"id":5236,"date":"2022-12-13T11:10:52","date_gmt":"2022-12-13T11:10:52","guid":{"rendered":"https:\/\/schrittmacherfestival.nl\/das-leben-ein-tanz\/"},"modified":"2022-12-22T10:31:48","modified_gmt":"2022-12-22T10:31:48","slug":"das-leben-ein-tanz","status":"publish","type":"page","link":"https:\/\/schrittmacherfestival.nl\/de\/das-leben-ein-tanz\/","title":{"rendered":"Das Leben ein Tanz"},"content":{"rendered":"\n<h1 class=\"has-black-color has-text-color wp-block-heading\" id=\"hofesh-shechter-company-gbr\">Regie: C\u00e9dric Klapisch. Studiocanal, 2022 (B\/F)<\/h1>\n\n<p><strong>Eden Palast Aken<\/strong><br\/><strong>Di 07.03.2023<\/strong><br\/><strong>19.30 Uhr<\/strong><br\/><strong>von 10,90 \u20ac<\/strong><\/p>\n\n<figure class=\"wp-block-image alignwide size-large\"><img data-recalc-dims=\"1\" fetchpriority=\"high\" decoding=\"async\" width=\"640\" height=\"268\" src=\"https:\/\/i0.wp.com\/schrittmacherfestival.nl\/wp-content\/uploads\/2022\/12\/11327-encore-still-02-cemmanuelle-jacobson-roques-1-scaled-e1671704989466.jpg.webp?resize=640%2C268&#038;ssl=1\" alt=\"\" class=\"wp-image-5973\" srcset=\"https:\/\/i0.wp.com\/schrittmacherfestival.nl\/wp-content\/uploads\/2022\/12\/11327-encore-still-02-cemmanuelle-jacobson-roques-1-scaled-e1671704989466.jpg.webp?resize=1024%2C428&amp;ssl=1 1024w, https:\/\/i0.wp.com\/schrittmacherfestival.nl\/wp-content\/uploads\/2022\/12\/11327-encore-still-02-cemmanuelle-jacobson-roques-1-scaled-e1671704989466.jpg.webp?resize=300%2C125&amp;ssl=1 300w, https:\/\/i0.wp.com\/schrittmacherfestival.nl\/wp-content\/uploads\/2022\/12\/11327-encore-still-02-cemmanuelle-jacobson-roques-1-scaled-e1671704989466.jpg.webp?resize=768%2C321&amp;ssl=1 768w, https:\/\/i0.wp.com\/schrittmacherfestival.nl\/wp-content\/uploads\/2022\/12\/11327-encore-still-02-cemmanuelle-jacobson-roques-1-scaled-e1671704989466.jpg.webp?resize=31%2C13&amp;ssl=1 31w, https:\/\/i0.wp.com\/schrittmacherfestival.nl\/wp-content\/uploads\/2022\/12\/11327-encore-still-02-cemmanuelle-jacobson-roques-1-scaled-e1671704989466.jpg.webp?w=1200&amp;ssl=1 1200w\" sizes=\"(max-width: 640px) 100vw, 640px\" \/><\/figure>\n<hr class=\"wp-block-separator has-css-opacity\"\/>\n\n<h2 class=\"wp-block-heading\">In Kooperation mit \u201eKinofamilie St\u00fcrtz\u201c<\/h2>\n\n<p>Mit: Marion Barbeau, Pio Marmai, Fran\u00e7ois Civil, Hofesh Shechter<\/p>\n\n<p>Die 26-j\u00e4hrige Ballettt\u00e4nzerin \u00c9lise verletzt sich bei einer Vorstellung und erf\u00e4hrt, dass sie wahrscheinlich nie wieder tanzen kann. Sie ist ziellos und muss ihrem Leben eine neue Wendung geben. Mit Hilfe von Freunden findet sie eine andere Arbeit. Der Job f\u00fchrt sie in die Bretagne, wo sie ein modernes Tanzensemble kennenlernt. Die neuen Erfahrungen und Freundschaften erwecken ihre Leidenschaft aufs Neue. Wird sie doch wieder tanzen k\u00f6nnen?<\/p>\n\n<p>Hauptdarstellerin Marion Barbeau ist Primaballerina im Ballett der Pariser Oper. Klapisch hat im Rahmen dieses Films au\u00dferdem mit Choreograf Hofesh Shechter und seinem Ensemble zusammengearbeitet.<br\/><br\/>\u2018Ein Lobgesang auf den tanzenden, spannkr\u00e4ftigen K\u00f6rper und ein echtes Sehvergn\u00fcgen\u2019 &#8211; **** de Volkskrant \u2018ENCORE ist ein am\u00fcsanter, intelligenter und zug\u00e4nglicher Film\u2019 &#8211; **** NRC<\/p>\n\n<p>Dauer: 118 min.<br\/>FSK: 12<br\/>Deutsch synchronisiert<\/p>\n\n<hr class=\"wp-block-separator has-css-opacity\"\/>\n\n<div class=\"wp-block-buttons is-horizontal is-content-justification-center is-layout-flex wp-container-core-buttons-is-layout-499968f5 wp-block-buttons-is-layout-flex\">\n<div class=\"wp-block-button\"><a class=\"wp-block-button__link has-white-color has-black-background-color has-text-color has-background wp-element-button\" href=\"https:\/\/www.cineplex.de\/aachen\/\" target=\"_blank\" rel=\"noreferrer noopener\"><strong>Info &amp; Tickets<\/strong><\/a><\/div>\n<\/div>\n\n<hr class=\"wp-block-separator has-css-opacity\"\/>\n\n<figure class=\"wp-block-embed is-type-video is-provider-youtube wp-block-embed-youtube wp-embed-aspect-16-9 wp-has-aspect-ratio\"><div class=\"wp-block-embed__wrapper\">\r\n<iframe  id=\"_ytid_50028\"  width=\"640\" height=\"360\"  data-origwidth=\"640\" data-origheight=\"360\" src=\"https:\/\/www.youtube.com\/embed\/3uNSagsRsNY?enablejsapi=1&#038;autoplay=0&#038;cc_load_policy=0&#038;cc_lang_pref=&#038;iv_load_policy=1&#038;loop=0&#038;rel=1&#038;fs=1&#038;playsinline=0&#038;autohide=2&#038;theme=dark&#038;color=red&#038;controls=1&#038;disablekb=0&#038;\" class=\"__youtube_prefs__  epyt-is-override  no-lazyload\" title=\"YouTube player\"  allow=\"fullscreen; accelerometer; autoplay; clipboard-write; encrypted-media; gyroscope; picture-in-picture; web-share\" referrerpolicy=\"strict-origin-when-cross-origin\" allowfullscreen data-no-lazy=\"1\" data-skipgform_ajax_framebjll=\"\"><\/iframe>\n<\/div><\/figure>\r\n\n<hr class=\"wp-block-separator has-css-opacity\"\/>\n\n<figure class=\"wp-block-gallery has-nested-images columns-default is-cropped wp-block-gallery-1 is-layout-flex wp-block-gallery-is-layout-flex\">\n<figure class=\"wp-block-image size-large\"><img data-recalc-dims=\"1\" decoding=\"async\" width=\"640\" height=\"427\" data-id=\"5222\" src=\"https:\/\/i0.wp.com\/schrittmacherfestival.nl\/wp-content\/uploads\/2022\/12\/das-leben1.jpeg?resize=640%2C427&#038;ssl=1\" alt=\"\" class=\"wp-image-5222\" srcset=\"https:\/\/i0.wp.com\/schrittmacherfestival.nl\/wp-content\/uploads\/2022\/12\/das-leben1.jpeg?resize=1024%2C683&amp;ssl=1 1024w, https:\/\/i0.wp.com\/schrittmacherfestival.nl\/wp-content\/uploads\/2022\/12\/das-leben1.jpeg?resize=300%2C200&amp;ssl=1 300w, https:\/\/i0.wp.com\/schrittmacherfestival.nl\/wp-content\/uploads\/2022\/12\/das-leben1.jpeg?resize=768%2C512&amp;ssl=1 768w, https:\/\/i0.wp.com\/schrittmacherfestival.nl\/wp-content\/uploads\/2022\/12\/das-leben1.jpeg?resize=1536%2C1024&amp;ssl=1 1536w, https:\/\/i0.wp.com\/schrittmacherfestival.nl\/wp-content\/uploads\/2022\/12\/das-leben1.jpeg?resize=600%2C400&amp;ssl=1 600w, https:\/\/i0.wp.com\/schrittmacherfestival.nl\/wp-content\/uploads\/2022\/12\/das-leben1.jpeg?resize=31%2C21&amp;ssl=1 31w, https:\/\/i0.wp.com\/schrittmacherfestival.nl\/wp-content\/uploads\/2022\/12\/das-leben1.jpeg?w=1920&amp;ssl=1 1920w, https:\/\/i0.wp.com\/schrittmacherfestival.nl\/wp-content\/uploads\/2022\/12\/das-leben1.jpeg?w=1280&amp;ssl=1 1280w\" sizes=\"(max-width: 640px) 100vw, 640px\" \/><\/figure>\n\n\n<figure class=\"wp-block-image size-large\"><img data-recalc-dims=\"1\" decoding=\"async\" width=\"500\" height=\"281\" data-id=\"5224\" src=\"https:\/\/i0.wp.com\/schrittmacherfestival.nl\/wp-content\/uploads\/2022\/12\/das-leben2.jpeg?resize=500%2C281&#038;ssl=1\" alt=\"\" class=\"wp-image-5224\" srcset=\"https:\/\/i0.wp.com\/schrittmacherfestival.nl\/wp-content\/uploads\/2022\/12\/das-leben2.jpeg?w=500&amp;ssl=1 500w, https:\/\/i0.wp.com\/schrittmacherfestival.nl\/wp-content\/uploads\/2022\/12\/das-leben2.jpeg?resize=300%2C169&amp;ssl=1 300w, https:\/\/i0.wp.com\/schrittmacherfestival.nl\/wp-content\/uploads\/2022\/12\/das-leben2.jpeg?resize=31%2C17&amp;ssl=1 31w\" sizes=\"(max-width: 500px) 100vw, 500px\" \/><\/figure>\n\n\n<figure class=\"wp-block-image size-large\"><img data-recalc-dims=\"1\" loading=\"lazy\" decoding=\"async\" width=\"640\" height=\"362\" data-id=\"5226\" src=\"https:\/\/i0.wp.com\/schrittmacherfestival.nl\/wp-content\/uploads\/2022\/12\/DasLebenEinTanz_010.jpeg?resize=640%2C362&#038;ssl=1\" alt=\"\" class=\"wp-image-5226\" srcset=\"https:\/\/i0.wp.com\/schrittmacherfestival.nl\/wp-content\/uploads\/2022\/12\/DasLebenEinTanz_010.jpeg?w=800&amp;ssl=1 800w, https:\/\/i0.wp.com\/schrittmacherfestival.nl\/wp-content\/uploads\/2022\/12\/DasLebenEinTanz_010.jpeg?resize=300%2C170&amp;ssl=1 300w, https:\/\/i0.wp.com\/schrittmacherfestival.nl\/wp-content\/uploads\/2022\/12\/DasLebenEinTanz_010.jpeg?resize=768%2C435&amp;ssl=1 768w, https:\/\/i0.wp.com\/schrittmacherfestival.nl\/wp-content\/uploads\/2022\/12\/DasLebenEinTanz_010.jpeg?resize=31%2C18&amp;ssl=1 31w\" sizes=\"(max-width: 640px) 100vw, 640px\" \/><\/figure>\n\n\n<figure class=\"wp-block-image size-large\"><img data-recalc-dims=\"1\" loading=\"lazy\" decoding=\"async\" width=\"640\" height=\"360\" data-id=\"5228\" src=\"https:\/\/i0.wp.com\/schrittmacherfestival.nl\/wp-content\/uploads\/2022\/12\/lebentanzfilm102_v-fullhd.jpeg?resize=640%2C360&#038;ssl=1\" alt=\"\" class=\"wp-image-5228\" srcset=\"https:\/\/i0.wp.com\/schrittmacherfestival.nl\/wp-content\/uploads\/2022\/12\/lebentanzfilm102_v-fullhd.jpeg?resize=1024%2C576&amp;ssl=1 1024w, https:\/\/i0.wp.com\/schrittmacherfestival.nl\/wp-content\/uploads\/2022\/12\/lebentanzfilm102_v-fullhd.jpeg?resize=300%2C169&amp;ssl=1 300w, https:\/\/i0.wp.com\/schrittmacherfestival.nl\/wp-content\/uploads\/2022\/12\/lebentanzfilm102_v-fullhd.jpeg?resize=768%2C432&amp;ssl=1 768w, https:\/\/i0.wp.com\/schrittmacherfestival.nl\/wp-content\/uploads\/2022\/12\/lebentanzfilm102_v-fullhd.jpeg?resize=1536%2C864&amp;ssl=1 1536w, https:\/\/i0.wp.com\/schrittmacherfestival.nl\/wp-content\/uploads\/2022\/12\/lebentanzfilm102_v-fullhd.jpeg?resize=31%2C17&amp;ssl=1 31w, https:\/\/i0.wp.com\/schrittmacherfestival.nl\/wp-content\/uploads\/2022\/12\/lebentanzfilm102_v-fullhd.jpeg?w=1920&amp;ssl=1 1920w, https:\/\/i0.wp.com\/schrittmacherfestival.nl\/wp-content\/uploads\/2022\/12\/lebentanzfilm102_v-fullhd.jpeg?w=1280&amp;ssl=1 1280w\" sizes=\"(max-width: 640px) 100vw, 640px\" \/><\/figure>\n\n\n<figure class=\"wp-block-image size-large\"><img data-recalc-dims=\"1\" loading=\"lazy\" decoding=\"async\" width=\"640\" height=\"428\" data-id=\"5947\" src=\"https:\/\/i0.wp.com\/schrittmacherfestival.nl\/wp-content\/uploads\/2022\/12\/11327-encore-still-02-cemmanuelle-jacobson-roques.jpg?resize=640%2C428&#038;ssl=1\" alt=\"\" class=\"wp-image-5947\" srcset=\"https:\/\/i0.wp.com\/schrittmacherfestival.nl\/wp-content\/uploads\/2022\/12\/11327-encore-still-02-cemmanuelle-jacobson-roques-scaled.jpg?resize=1024%2C684&amp;ssl=1 1024w, https:\/\/i0.wp.com\/schrittmacherfestival.nl\/wp-content\/uploads\/2022\/12\/11327-encore-still-02-cemmanuelle-jacobson-roques-scaled.jpg?resize=300%2C200&amp;ssl=1 300w, https:\/\/i0.wp.com\/schrittmacherfestival.nl\/wp-content\/uploads\/2022\/12\/11327-encore-still-02-cemmanuelle-jacobson-roques-scaled.jpg?resize=768%2C513&amp;ssl=1 768w, https:\/\/i0.wp.com\/schrittmacherfestival.nl\/wp-content\/uploads\/2022\/12\/11327-encore-still-02-cemmanuelle-jacobson-roques-scaled.jpg?resize=1536%2C1025&amp;ssl=1 1536w, https:\/\/i0.wp.com\/schrittmacherfestival.nl\/wp-content\/uploads\/2022\/12\/11327-encore-still-02-cemmanuelle-jacobson-roques-scaled.jpg?resize=2048%2C1367&amp;ssl=1 2048w, https:\/\/i0.wp.com\/schrittmacherfestival.nl\/wp-content\/uploads\/2022\/12\/11327-encore-still-02-cemmanuelle-jacobson-roques-scaled.jpg?resize=600%2C400&amp;ssl=1 600w, https:\/\/i0.wp.com\/schrittmacherfestival.nl\/wp-content\/uploads\/2022\/12\/11327-encore-still-02-cemmanuelle-jacobson-roques-scaled.jpg?resize=31%2C21&amp;ssl=1 31w, https:\/\/i0.wp.com\/schrittmacherfestival.nl\/wp-content\/uploads\/2022\/12\/11327-encore-still-02-cemmanuelle-jacobson-roques-scaled.jpg?w=1280&amp;ssl=1 1280w, https:\/\/i0.wp.com\/schrittmacherfestival.nl\/wp-content\/uploads\/2022\/12\/11327-encore-still-02-cemmanuelle-jacobson-roques-scaled.jpg?w=1920&amp;ssl=1 1920w\" sizes=\"(max-width: 640px) 100vw, 640px\" \/><\/figure>\n\n\n<figure class=\"wp-block-image size-large\"><img data-recalc-dims=\"1\" loading=\"lazy\" decoding=\"async\" width=\"640\" height=\"427\" data-id=\"5949\" src=\"https:\/\/i0.wp.com\/schrittmacherfestival.nl\/wp-content\/uploads\/2022\/12\/11328-encore-still-03-cemmanuelle-jacobson-roques.jpg?resize=640%2C427&#038;ssl=1\" alt=\"\" class=\"wp-image-5949\" srcset=\"https:\/\/i0.wp.com\/schrittmacherfestival.nl\/wp-content\/uploads\/2022\/12\/11328-encore-still-03-cemmanuelle-jacobson-roques-scaled.jpg?resize=1024%2C683&amp;ssl=1 1024w, https:\/\/i0.wp.com\/schrittmacherfestival.nl\/wp-content\/uploads\/2022\/12\/11328-encore-still-03-cemmanuelle-jacobson-roques-scaled.jpg?resize=300%2C200&amp;ssl=1 300w, https:\/\/i0.wp.com\/schrittmacherfestival.nl\/wp-content\/uploads\/2022\/12\/11328-encore-still-03-cemmanuelle-jacobson-roques-scaled.jpg?resize=768%2C512&amp;ssl=1 768w, https:\/\/i0.wp.com\/schrittmacherfestival.nl\/wp-content\/uploads\/2022\/12\/11328-encore-still-03-cemmanuelle-jacobson-roques-scaled.jpg?resize=1536%2C1024&amp;ssl=1 1536w, https:\/\/i0.wp.com\/schrittmacherfestival.nl\/wp-content\/uploads\/2022\/12\/11328-encore-still-03-cemmanuelle-jacobson-roques-scaled.jpg?resize=2048%2C1366&amp;ssl=1 2048w, https:\/\/i0.wp.com\/schrittmacherfestival.nl\/wp-content\/uploads\/2022\/12\/11328-encore-still-03-cemmanuelle-jacobson-roques-scaled.jpg?resize=600%2C400&amp;ssl=1 600w, https:\/\/i0.wp.com\/schrittmacherfestival.nl\/wp-content\/uploads\/2022\/12\/11328-encore-still-03-cemmanuelle-jacobson-roques-scaled.jpg?resize=31%2C21&amp;ssl=1 31w, https:\/\/i0.wp.com\/schrittmacherfestival.nl\/wp-content\/uploads\/2022\/12\/11328-encore-still-03-cemmanuelle-jacobson-roques-scaled.jpg?w=1280&amp;ssl=1 1280w, https:\/\/i0.wp.com\/schrittmacherfestival.nl\/wp-content\/uploads\/2022\/12\/11328-encore-still-03-cemmanuelle-jacobson-roques-scaled.jpg?w=1920&amp;ssl=1 1920w\" sizes=\"(max-width: 640px) 100vw, 640px\" \/><\/figure>\n\n\n<figure class=\"wp-block-image size-large\"><img data-recalc-dims=\"1\" loading=\"lazy\" decoding=\"async\" width=\"640\" height=\"428\" data-id=\"5951\" src=\"https:\/\/i0.wp.com\/schrittmacherfestival.nl\/wp-content\/uploads\/2022\/12\/11329-encore-still-04-cemmanuelle-jacobson-roques.jpg?resize=640%2C428&#038;ssl=1\" alt=\"\" class=\"wp-image-5951\" srcset=\"https:\/\/i0.wp.com\/schrittmacherfestival.nl\/wp-content\/uploads\/2022\/12\/11329-encore-still-04-cemmanuelle-jacobson-roques-scaled.jpg?resize=1024%2C684&amp;ssl=1 1024w, https:\/\/i0.wp.com\/schrittmacherfestival.nl\/wp-content\/uploads\/2022\/12\/11329-encore-still-04-cemmanuelle-jacobson-roques-scaled.jpg?resize=300%2C200&amp;ssl=1 300w, https:\/\/i0.wp.com\/schrittmacherfestival.nl\/wp-content\/uploads\/2022\/12\/11329-encore-still-04-cemmanuelle-jacobson-roques-scaled.jpg?resize=768%2C513&amp;ssl=1 768w, https:\/\/i0.wp.com\/schrittmacherfestival.nl\/wp-content\/uploads\/2022\/12\/11329-encore-still-04-cemmanuelle-jacobson-roques-scaled.jpg?resize=1536%2C1026&amp;ssl=1 1536w, https:\/\/i0.wp.com\/schrittmacherfestival.nl\/wp-content\/uploads\/2022\/12\/11329-encore-still-04-cemmanuelle-jacobson-roques-scaled.jpg?resize=2048%2C1368&amp;ssl=1 2048w, https:\/\/i0.wp.com\/schrittmacherfestival.nl\/wp-content\/uploads\/2022\/12\/11329-encore-still-04-cemmanuelle-jacobson-roques-scaled.jpg?resize=600%2C400&amp;ssl=1 600w, https:\/\/i0.wp.com\/schrittmacherfestival.nl\/wp-content\/uploads\/2022\/12\/11329-encore-still-04-cemmanuelle-jacobson-roques-scaled.jpg?resize=31%2C21&amp;ssl=1 31w, https:\/\/i0.wp.com\/schrittmacherfestival.nl\/wp-content\/uploads\/2022\/12\/11329-encore-still-04-cemmanuelle-jacobson-roques-scaled.jpg?w=1280&amp;ssl=1 1280w, https:\/\/i0.wp.com\/schrittmacherfestival.nl\/wp-content\/uploads\/2022\/12\/11329-encore-still-04-cemmanuelle-jacobson-roques-scaled.jpg?w=1920&amp;ssl=1 1920w\" sizes=\"(max-width: 640px) 100vw, 640px\" \/><\/figure>\n\n\n<figure class=\"wp-block-image size-large\"><img data-recalc-dims=\"1\" loading=\"lazy\" decoding=\"async\" width=\"640\" height=\"427\" data-id=\"5955\" src=\"https:\/\/i0.wp.com\/schrittmacherfestival.nl\/wp-content\/uploads\/2022\/12\/11331-encore-still-06-cemmanuelle-jacobson-roques.jpg?resize=640%2C427&#038;ssl=1\" alt=\"\" class=\"wp-image-5955\" srcset=\"https:\/\/i0.wp.com\/schrittmacherfestival.nl\/wp-content\/uploads\/2022\/12\/11331-encore-still-06-cemmanuelle-jacobson-roques-scaled.jpg?resize=1024%2C683&amp;ssl=1 1024w, https:\/\/i0.wp.com\/schrittmacherfestival.nl\/wp-content\/uploads\/2022\/12\/11331-encore-still-06-cemmanuelle-jacobson-roques-scaled.jpg?resize=300%2C200&amp;ssl=1 300w, https:\/\/i0.wp.com\/schrittmacherfestival.nl\/wp-content\/uploads\/2022\/12\/11331-encore-still-06-cemmanuelle-jacobson-roques-scaled.jpg?resize=768%2C513&amp;ssl=1 768w, https:\/\/i0.wp.com\/schrittmacherfestival.nl\/wp-content\/uploads\/2022\/12\/11331-encore-still-06-cemmanuelle-jacobson-roques-scaled.jpg?resize=1536%2C1025&amp;ssl=1 1536w, https:\/\/i0.wp.com\/schrittmacherfestival.nl\/wp-content\/uploads\/2022\/12\/11331-encore-still-06-cemmanuelle-jacobson-roques-scaled.jpg?resize=2048%2C1367&amp;ssl=1 2048w, https:\/\/i0.wp.com\/schrittmacherfestival.nl\/wp-content\/uploads\/2022\/12\/11331-encore-still-06-cemmanuelle-jacobson-roques-scaled.jpg?resize=600%2C400&amp;ssl=1 600w, https:\/\/i0.wp.com\/schrittmacherfestival.nl\/wp-content\/uploads\/2022\/12\/11331-encore-still-06-cemmanuelle-jacobson-roques-scaled.jpg?resize=31%2C21&amp;ssl=1 31w, https:\/\/i0.wp.com\/schrittmacherfestival.nl\/wp-content\/uploads\/2022\/12\/11331-encore-still-06-cemmanuelle-jacobson-roques-scaled.jpg?w=1280&amp;ssl=1 1280w, https:\/\/i0.wp.com\/schrittmacherfestival.nl\/wp-content\/uploads\/2022\/12\/11331-encore-still-06-cemmanuelle-jacobson-roques-scaled.jpg?w=1920&amp;ssl=1 1920w\" sizes=\"(max-width: 640px) 100vw, 640px\" \/><\/figure>\n\n\n<figure class=\"wp-block-image size-large\"><img data-recalc-dims=\"1\" loading=\"lazy\" decoding=\"async\" width=\"640\" height=\"427\" data-id=\"5957\" src=\"https:\/\/i0.wp.com\/schrittmacherfestival.nl\/wp-content\/uploads\/2022\/12\/11332-encore-still-07-cemmanuelle-jacobson-roques.jpg?resize=640%2C427&#038;ssl=1\" alt=\"\" class=\"wp-image-5957\" srcset=\"https:\/\/i0.wp.com\/schrittmacherfestival.nl\/wp-content\/uploads\/2022\/12\/11332-encore-still-07-cemmanuelle-jacobson-roques-scaled.jpg?resize=1024%2C683&amp;ssl=1 1024w, https:\/\/i0.wp.com\/schrittmacherfestival.nl\/wp-content\/uploads\/2022\/12\/11332-encore-still-07-cemmanuelle-jacobson-roques-scaled.jpg?resize=300%2C200&amp;ssl=1 300w, https:\/\/i0.wp.com\/schrittmacherfestival.nl\/wp-content\/uploads\/2022\/12\/11332-encore-still-07-cemmanuelle-jacobson-roques-scaled.jpg?resize=768%2C512&amp;ssl=1 768w, https:\/\/i0.wp.com\/schrittmacherfestival.nl\/wp-content\/uploads\/2022\/12\/11332-encore-still-07-cemmanuelle-jacobson-roques-scaled.jpg?resize=1536%2C1024&amp;ssl=1 1536w, https:\/\/i0.wp.com\/schrittmacherfestival.nl\/wp-content\/uploads\/2022\/12\/11332-encore-still-07-cemmanuelle-jacobson-roques-scaled.jpg?resize=2048%2C1366&amp;ssl=1 2048w, https:\/\/i0.wp.com\/schrittmacherfestival.nl\/wp-content\/uploads\/2022\/12\/11332-encore-still-07-cemmanuelle-jacobson-roques-scaled.jpg?resize=600%2C400&amp;ssl=1 600w, https:\/\/i0.wp.com\/schrittmacherfestival.nl\/wp-content\/uploads\/2022\/12\/11332-encore-still-07-cemmanuelle-jacobson-roques-scaled.jpg?resize=31%2C21&amp;ssl=1 31w, https:\/\/i0.wp.com\/schrittmacherfestival.nl\/wp-content\/uploads\/2022\/12\/11332-encore-still-07-cemmanuelle-jacobson-roques-scaled.jpg?w=1280&amp;ssl=1 1280w, https:\/\/i0.wp.com\/schrittmacherfestival.nl\/wp-content\/uploads\/2022\/12\/11332-encore-still-07-cemmanuelle-jacobson-roques-scaled.jpg?w=1920&amp;ssl=1 1920w\" sizes=\"(max-width: 640px) 100vw, 640px\" \/><\/figure>\n\n\n<figure class=\"wp-block-image size-large\"><img data-recalc-dims=\"1\" loading=\"lazy\" decoding=\"async\" width=\"640\" height=\"428\" data-id=\"5959\" src=\"https:\/\/i0.wp.com\/schrittmacherfestival.nl\/wp-content\/uploads\/2022\/12\/11333-encore-still-08-cemmanuelle-jacobson-roques.jpg?resize=640%2C428&#038;ssl=1\" alt=\"\" class=\"wp-image-5959\" srcset=\"https:\/\/i0.wp.com\/schrittmacherfestival.nl\/wp-content\/uploads\/2022\/12\/11333-encore-still-08-cemmanuelle-jacobson-roques-scaled.jpg?resize=1024%2C685&amp;ssl=1 1024w, https:\/\/i0.wp.com\/schrittmacherfestival.nl\/wp-content\/uploads\/2022\/12\/11333-encore-still-08-cemmanuelle-jacobson-roques-scaled.jpg?resize=300%2C201&amp;ssl=1 300w, https:\/\/i0.wp.com\/schrittmacherfestival.nl\/wp-content\/uploads\/2022\/12\/11333-encore-still-08-cemmanuelle-jacobson-roques-scaled.jpg?resize=768%2C514&amp;ssl=1 768w, https:\/\/i0.wp.com\/schrittmacherfestival.nl\/wp-content\/uploads\/2022\/12\/11333-encore-still-08-cemmanuelle-jacobson-roques-scaled.jpg?resize=1536%2C1028&amp;ssl=1 1536w, https:\/\/i0.wp.com\/schrittmacherfestival.nl\/wp-content\/uploads\/2022\/12\/11333-encore-still-08-cemmanuelle-jacobson-roques-scaled.jpg?resize=2048%2C1370&amp;ssl=1 2048w, https:\/\/i0.wp.com\/schrittmacherfestival.nl\/wp-content\/uploads\/2022\/12\/11333-encore-still-08-cemmanuelle-jacobson-roques-scaled.jpg?resize=600%2C400&amp;ssl=1 600w, https:\/\/i0.wp.com\/schrittmacherfestival.nl\/wp-content\/uploads\/2022\/12\/11333-encore-still-08-cemmanuelle-jacobson-roques-scaled.jpg?resize=31%2C21&amp;ssl=1 31w, https:\/\/i0.wp.com\/schrittmacherfestival.nl\/wp-content\/uploads\/2022\/12\/11333-encore-still-08-cemmanuelle-jacobson-roques-scaled.jpg?w=1280&amp;ssl=1 1280w, https:\/\/i0.wp.com\/schrittmacherfestival.nl\/wp-content\/uploads\/2022\/12\/11333-encore-still-08-cemmanuelle-jacobson-roques-scaled.jpg?w=1920&amp;ssl=1 1920w\" sizes=\"(max-width: 640px) 100vw, 640px\" \/><\/figure>\n\n\n<figure class=\"wp-block-image size-large\"><img data-recalc-dims=\"1\" loading=\"lazy\" decoding=\"async\" width=\"640\" height=\"428\" data-id=\"5961\" src=\"https:\/\/i0.wp.com\/schrittmacherfestival.nl\/wp-content\/uploads\/2022\/12\/11334-encore-still-09-cemmanuelle-jacobson-roques.jpg?resize=640%2C428&#038;ssl=1\" alt=\"\" class=\"wp-image-5961\" srcset=\"https:\/\/i0.wp.com\/schrittmacherfestival.nl\/wp-content\/uploads\/2022\/12\/11334-encore-still-09-cemmanuelle-jacobson-roques-scaled.jpg?resize=1024%2C685&amp;ssl=1 1024w, https:\/\/i0.wp.com\/schrittmacherfestival.nl\/wp-content\/uploads\/2022\/12\/11334-encore-still-09-cemmanuelle-jacobson-roques-scaled.jpg?resize=300%2C201&amp;ssl=1 300w, https:\/\/i0.wp.com\/schrittmacherfestival.nl\/wp-content\/uploads\/2022\/12\/11334-encore-still-09-cemmanuelle-jacobson-roques-scaled.jpg?resize=768%2C514&amp;ssl=1 768w, https:\/\/i0.wp.com\/schrittmacherfestival.nl\/wp-content\/uploads\/2022\/12\/11334-encore-still-09-cemmanuelle-jacobson-roques-scaled.jpg?resize=1536%2C1027&amp;ssl=1 1536w, https:\/\/i0.wp.com\/schrittmacherfestival.nl\/wp-content\/uploads\/2022\/12\/11334-encore-still-09-cemmanuelle-jacobson-roques-scaled.jpg?resize=2048%2C1369&amp;ssl=1 2048w, https:\/\/i0.wp.com\/schrittmacherfestival.nl\/wp-content\/uploads\/2022\/12\/11334-encore-still-09-cemmanuelle-jacobson-roques-scaled.jpg?resize=600%2C400&amp;ssl=1 600w, https:\/\/i0.wp.com\/schrittmacherfestival.nl\/wp-content\/uploads\/2022\/12\/11334-encore-still-09-cemmanuelle-jacobson-roques-scaled.jpg?resize=31%2C21&amp;ssl=1 31w, https:\/\/i0.wp.com\/schrittmacherfestival.nl\/wp-content\/uploads\/2022\/12\/11334-encore-still-09-cemmanuelle-jacobson-roques-scaled.jpg?w=1280&amp;ssl=1 1280w, https:\/\/i0.wp.com\/schrittmacherfestival.nl\/wp-content\/uploads\/2022\/12\/11334-encore-still-09-cemmanuelle-jacobson-roques-scaled.jpg?w=1920&amp;ssl=1 1920w\" sizes=\"(max-width: 640px) 100vw, 640px\" \/><\/figure><\/figure>\n\n<hr class=\"wp-block-separator has-css-opacity\"\/>\n","protected":false},"excerpt":{"rendered":"<p>Regie: C\u00e9dric Klapisch. Studiocanal, 2022 (B\/F) Eden Palast AkenDi 07.03.202319.30 Uhrvon 10,90 \u20ac In Kooperation mit \u201eKinofamilie St\u00fcrtz\u201c Mit: Marion Barbeau, Pio Marmai, Fran\u00e7ois Civil, Hofesh Shechter Die 26-j\u00e4hrige Ballettt\u00e4nzerin \u00c9lise verletzt sich bei einer Vorstellung und erf\u00e4hrt, dass sie wahrscheinlich nie wieder tanzen kann. Sie ist ziellos und muss ihrem Leben eine neue Wendung geben. Mit Hilfe von Freunden [&hellip;]<\/p>\n","protected":false},"author":1,"featured_media":0,"parent":0,"menu_order":0,"comment_status":"closed","ping_status":"closed","template":"","meta":{"_acf_changed":false,"footnotes":""},"class_list":["post-5236","page","type-page","status-publish","hentry"],"aioseo_notices":[],"acf":[],"jetpack_sharing_enabled":true,"_links":{"self":[{"href":"https:\/\/schrittmacherfestival.nl\/de\/wp-json\/wp\/v2\/pages\/5236","targetHints":{"allow":["GET"]}}],"collection":[{"href":"https:\/\/schrittmacherfestival.nl\/de\/wp-json\/wp\/v2\/pages"}],"about":[{"href":"https:\/\/schrittmacherfestival.nl\/de\/wp-json\/wp\/v2\/types\/page"}],"author":[{"embeddable":true,"href":"https:\/\/schrittmacherfestival.nl\/de\/wp-json\/wp\/v2\/users\/1"}],"replies":[{"embeddable":true,"href":"https:\/\/schrittmacherfestival.nl\/de\/wp-json\/wp\/v2\/comments?post=5236"}],"version-history":[{"count":8,"href":"https:\/\/schrittmacherfestival.nl\/de\/wp-json\/wp\/v2\/pages\/5236\/revisions"}],"predecessor-version":[{"id":5978,"href":"https:\/\/schrittmacherfestival.nl\/de\/wp-json\/wp\/v2\/pages\/5236\/revisions\/5978"}],"wp:attachment":[{"href":"https:\/\/schrittmacherfestival.nl\/de\/wp-json\/wp\/v2\/media?parent=5236"}],"curies":[{"name":"wp","href":"https:\/\/api.w.org\/{rel}","templated":true}]}}