{"id":5284,"date":"2022-12-13T12:57:00","date_gmt":"2022-12-13T12:57:00","guid":{"rendered":"https:\/\/schrittmacherfestival.nl\/ailey\/"},"modified":"2023-01-05T11:50:23","modified_gmt":"2023-01-05T11:50:23","slug":"ailey","status":"publish","type":"page","link":"https:\/\/schrittmacherfestival.nl\/de\/ailey\/","title":{"rendered":"Ailey"},"content":{"rendered":"\n<h1 class=\"has-black-color has-text-color wp-block-heading\" id=\"hofesh-shechter-company-gbr\">Regie: Jamila Wignot. 2000 (USA)<\/h1>\n\n<p><strong>Filmhuis De Spiegel<\/strong><br\/><strong>So 19.03.2023 + Mo 27.03.2023<\/strong><br\/><strong>19.00 Uhr (19-03) + 20.00 Uhr (27-03)<\/strong><br\/><strong>von 8,50 \u20ac<\/strong><\/p>\n\n<figure class=\"wp-block-image alignwide size-large\"><img data-recalc-dims=\"1\" fetchpriority=\"high\" decoding=\"async\" width=\"640\" height=\"268\" src=\"https:\/\/i0.wp.com\/schrittmacherfestival.nl\/wp-content\/uploads\/2022\/12\/Ailey1-e1671703650653.png.webp?resize=640%2C268&#038;ssl=1\" alt=\"\" class=\"wp-image-5937\" srcset=\"https:\/\/i0.wp.com\/schrittmacherfestival.nl\/wp-content\/uploads\/2022\/12\/Ailey1-e1671703650653.png.webp?resize=1024%2C428&amp;ssl=1 1024w, https:\/\/i0.wp.com\/schrittmacherfestival.nl\/wp-content\/uploads\/2022\/12\/Ailey1-e1671703650653.png.webp?resize=300%2C125&amp;ssl=1 300w, https:\/\/i0.wp.com\/schrittmacherfestival.nl\/wp-content\/uploads\/2022\/12\/Ailey1-e1671703650653.png.webp?resize=768%2C321&amp;ssl=1 768w, https:\/\/i0.wp.com\/schrittmacherfestival.nl\/wp-content\/uploads\/2022\/12\/Ailey1-e1671703650653.png.webp?resize=31%2C13&amp;ssl=1 31w, https:\/\/i0.wp.com\/schrittmacherfestival.nl\/wp-content\/uploads\/2022\/12\/Ailey1-e1671703650653.png.webp?w=1200&amp;ssl=1 1200w\" sizes=\"(max-width: 640px) 100vw, 640px\" \/><\/figure>\n<hr class=\"wp-block-separator has-css-opacity\"\/>\n\n<h2 class=\"wp-block-heading\">Dokumentarfilm \/ Film<\/h2>\n\n<p>Der texanische Landjunge Alvin Ailey (1931\u20131989) entdeckte seine Leidenschaft zum modernen Tanz und wurde zum bedeutendsten Choreografen der Vereinigten Staaten. 1958 gr\u00fcndete er das weltber\u00fchmte Alvin Ailey American Dance Theater (AAADT). Das AAADT und die damit verbundene Ailey School wurden zu einem Zufluchtsort f\u00fcr farbige K\u00fcnstler*innen, die ihre afroamerikanische Identit\u00e4t durch Tanz zum Ausdruck brachten. Der Dokumentarfilm bietet Einblicke in das komplexe Leben Aileys, das unter anderem vom Kampf um die Anerkennung eines farbigen K\u00fcnstlers in einer von Wei\u00dfen dominierten Gesellschaft gepr\u00e4gt war.<\/p>\n\n<p>Regisseurin Jamila Wignot montierte neunzig Minuten Material von Proben, Vorstellungen und Reden von Ailey selbst sowie von zahlreichen fr\u00fcheren T\u00e4nzern*innen aus seinem Ensemble. Diese sind durchsetzt mit aktuellen Bildern einer Produktion, an der Hip-Hop-Choreograf Rennie Harris mit der neuesten Generation von Ailey-T\u00e4nzern*innen zusammenarbeitet. <\/p>\n\n<p>Dauer: 95 min.<br\/>Mit Undertiteln<\/p>\n\n<hr class=\"wp-block-separator has-css-opacity\"\/>\n\n<div class=\"wp-block-buttons is-horizontal is-content-justification-center is-layout-flex wp-container-core-buttons-is-layout-499968f5 wp-block-buttons-is-layout-flex\">\n<div class=\"wp-block-button\"><a class=\"wp-block-button__link has-white-color has-black-background-color has-text-color has-background wp-element-button\" href=\"https:\/\/tickets.filmhuisdespiegel.nl\/shop\/tickets-new.php?showid=4152\" target=\"_blank\" rel=\"noreferrer noopener\"><strong>Tickets 19.03 19.00u<\/strong><\/a><\/div>\n\n\n\n<div class=\"wp-block-button\"><a class=\"wp-block-button__link has-white-color has-black-background-color has-text-color has-background wp-element-button\" href=\"https:\/\/tickets.filmhuisdespiegel.nl\/shop\/tickets-new.php?showid=4151\" target=\"_blank\" rel=\"noreferrer noopener\"><strong>Tickets 27.03 20.00u<\/strong><\/a><\/div>\n<\/div>\n\n<hr class=\"wp-block-separator has-css-opacity\"\/>\n\n<figure class=\"wp-block-embed is-type-video is-provider-youtube wp-block-embed-youtube wp-embed-aspect-16-9 wp-has-aspect-ratio\"><div class=\"wp-block-embed__wrapper\">\r\n<iframe  id=\"_ytid_54265\"  width=\"640\" height=\"360\"  data-origwidth=\"640\" data-origheight=\"360\" src=\"https:\/\/www.youtube.com\/embed\/PHcM4HJEgs4?enablejsapi=1&#038;autoplay=0&#038;cc_load_policy=0&#038;cc_lang_pref=&#038;iv_load_policy=1&#038;loop=0&#038;rel=1&#038;fs=1&#038;playsinline=0&#038;autohide=2&#038;theme=dark&#038;color=red&#038;controls=1&#038;disablekb=0&#038;\" class=\"__youtube_prefs__  epyt-is-override  no-lazyload\" title=\"YouTube player\"  allow=\"fullscreen; accelerometer; autoplay; clipboard-write; encrypted-media; gyroscope; picture-in-picture; web-share\" referrerpolicy=\"strict-origin-when-cross-origin\" allowfullscreen data-no-lazy=\"1\" data-skipgform_ajax_framebjll=\"\"><\/iframe>\n<\/div><\/figure>\r\n\n<hr class=\"wp-block-separator has-css-opacity\"\/>\n\n<figure class=\"wp-block-gallery has-nested-images columns-default is-cropped wp-block-gallery-1 is-layout-flex wp-block-gallery-is-layout-flex\">\n<figure class=\"wp-block-image size-large\"><img data-recalc-dims=\"1\" decoding=\"async\" width=\"640\" height=\"360\" data-id=\"5273\" src=\"https:\/\/i0.wp.com\/schrittmacherfestival.nl\/wp-content\/uploads\/2022\/12\/ailey-still-.webp?resize=640%2C360&#038;ssl=1\" alt=\"\" class=\"wp-image-5273\" srcset=\"https:\/\/i0.wp.com\/schrittmacherfestival.nl\/wp-content\/uploads\/2022\/12\/ailey-still-.webp?w=681&amp;ssl=1 681w, https:\/\/i0.wp.com\/schrittmacherfestival.nl\/wp-content\/uploads\/2022\/12\/ailey-still-.webp?resize=300%2C169&amp;ssl=1 300w, https:\/\/i0.wp.com\/schrittmacherfestival.nl\/wp-content\/uploads\/2022\/12\/ailey-still-.webp?resize=31%2C17&amp;ssl=1 31w\" sizes=\"(max-width: 640px) 100vw, 640px\" \/><\/figure>\n\n\n<figure class=\"wp-block-image size-large\"><img data-recalc-dims=\"1\" decoding=\"async\" width=\"300\" height=\"168\" data-id=\"5270\" src=\"https:\/\/i0.wp.com\/schrittmacherfestival.nl\/wp-content\/uploads\/2022\/12\/ailey1.jpeg?resize=300%2C168&#038;ssl=1\" alt=\"\" class=\"wp-image-5270\" srcset=\"https:\/\/i0.wp.com\/schrittmacherfestival.nl\/wp-content\/uploads\/2022\/12\/ailey1.jpeg?w=300&amp;ssl=1 300w, https:\/\/i0.wp.com\/schrittmacherfestival.nl\/wp-content\/uploads\/2022\/12\/ailey1.jpeg?resize=31%2C17&amp;ssl=1 31w\" sizes=\"(max-width: 300px) 100vw, 300px\" \/><\/figure>\n\n\n<figure class=\"wp-block-image size-large\"><img data-recalc-dims=\"1\" loading=\"lazy\" decoding=\"async\" width=\"640\" height=\"351\" data-id=\"5272\" src=\"https:\/\/i0.wp.com\/schrittmacherfestival.nl\/wp-content\/uploads\/2022\/12\/ailey3.jpeg?resize=640%2C351&#038;ssl=1\" alt=\"\" class=\"wp-image-5272\" srcset=\"https:\/\/i0.wp.com\/schrittmacherfestival.nl\/wp-content\/uploads\/2022\/12\/ailey3.jpeg?resize=1024%2C561&amp;ssl=1 1024w, https:\/\/i0.wp.com\/schrittmacherfestival.nl\/wp-content\/uploads\/2022\/12\/ailey3.jpeg?resize=300%2C164&amp;ssl=1 300w, https:\/\/i0.wp.com\/schrittmacherfestival.nl\/wp-content\/uploads\/2022\/12\/ailey3.jpeg?resize=768%2C420&amp;ssl=1 768w, https:\/\/i0.wp.com\/schrittmacherfestival.nl\/wp-content\/uploads\/2022\/12\/ailey3.jpeg?resize=1536%2C841&amp;ssl=1 1536w, https:\/\/i0.wp.com\/schrittmacherfestival.nl\/wp-content\/uploads\/2022\/12\/ailey3.jpeg?resize=31%2C17&amp;ssl=1 31w, https:\/\/i0.wp.com\/schrittmacherfestival.nl\/wp-content\/uploads\/2022\/12\/ailey3.jpeg?w=2000&amp;ssl=1 2000w, https:\/\/i0.wp.com\/schrittmacherfestival.nl\/wp-content\/uploads\/2022\/12\/ailey3.jpeg?w=1280&amp;ssl=1 1280w, https:\/\/i0.wp.com\/schrittmacherfestival.nl\/wp-content\/uploads\/2022\/12\/ailey3.jpeg?w=1920&amp;ssl=1 1920w\" sizes=\"(max-width: 640px) 100vw, 640px\" \/><\/figure>\n\n\n<figure class=\"wp-block-image size-large\"><img data-recalc-dims=\"1\" loading=\"lazy\" decoding=\"async\" width=\"640\" height=\"384\" data-id=\"5268\" src=\"https:\/\/i0.wp.com\/schrittmacherfestival.nl\/wp-content\/uploads\/2022\/12\/ailay2.webp?resize=640%2C384&#038;ssl=1\" alt=\"\" class=\"wp-image-5268\" srcset=\"https:\/\/i0.wp.com\/schrittmacherfestival.nl\/wp-content\/uploads\/2022\/12\/ailay2.webp?resize=1024%2C614&amp;ssl=1 1024w, https:\/\/i0.wp.com\/schrittmacherfestival.nl\/wp-content\/uploads\/2022\/12\/ailay2.webp?resize=300%2C180&amp;ssl=1 300w, https:\/\/i0.wp.com\/schrittmacherfestival.nl\/wp-content\/uploads\/2022\/12\/ailay2.webp?resize=768%2C461&amp;ssl=1 768w, https:\/\/i0.wp.com\/schrittmacherfestival.nl\/wp-content\/uploads\/2022\/12\/ailay2.webp?resize=31%2C19&amp;ssl=1 31w, https:\/\/i0.wp.com\/schrittmacherfestival.nl\/wp-content\/uploads\/2022\/12\/ailay2.webp?w=1200&amp;ssl=1 1200w\" sizes=\"(max-width: 640px) 100vw, 640px\" \/><\/figure><\/figure>\n\n<hr class=\"wp-block-separator has-css-opacity\"\/>\n","protected":false},"excerpt":{"rendered":"<p>Regie: Jamila Wignot. 2000 (USA) Filmhuis De SpiegelSo 19.03.2023 + Mo 27.03.202319.00 Uhr (19-03) + 20.00 Uhr (27-03)von 8,50 \u20ac Dokumentarfilm \/ Film Der texanische Landjunge Alvin Ailey (1931\u20131989) entdeckte seine Leidenschaft zum modernen Tanz und wurde zum bedeutendsten Choreografen der Vereinigten Staaten. 1958 gr\u00fcndete er das weltber\u00fchmte Alvin Ailey American Dance Theater (AAADT). Das AAADT und die damit verbundene [&hellip;]<\/p>\n","protected":false},"author":1,"featured_media":0,"parent":0,"menu_order":0,"comment_status":"closed","ping_status":"closed","template":"","meta":{"_acf_changed":false,"footnotes":""},"class_list":["post-5284","page","type-page","status-publish","hentry"],"aioseo_notices":[],"acf":[],"jetpack_sharing_enabled":true,"_links":{"self":[{"href":"https:\/\/schrittmacherfestival.nl\/de\/wp-json\/wp\/v2\/pages\/5284","targetHints":{"allow":["GET"]}}],"collection":[{"href":"https:\/\/schrittmacherfestival.nl\/de\/wp-json\/wp\/v2\/pages"}],"about":[{"href":"https:\/\/schrittmacherfestival.nl\/de\/wp-json\/wp\/v2\/types\/page"}],"author":[{"embeddable":true,"href":"https:\/\/schrittmacherfestival.nl\/de\/wp-json\/wp\/v2\/users\/1"}],"replies":[{"embeddable":true,"href":"https:\/\/schrittmacherfestival.nl\/de\/wp-json\/wp\/v2\/comments?post=5284"}],"version-history":[{"count":10,"href":"https:\/\/schrittmacherfestival.nl\/de\/wp-json\/wp\/v2\/pages\/5284\/revisions"}],"predecessor-version":[{"id":6155,"href":"https:\/\/schrittmacherfestival.nl\/de\/wp-json\/wp\/v2\/pages\/5284\/revisions\/6155"}],"wp:attachment":[{"href":"https:\/\/schrittmacherfestival.nl\/de\/wp-json\/wp\/v2\/media?parent=5284"}],"curies":[{"name":"wp","href":"https:\/\/api.w.org\/{rel}","templated":true}]}}