{"id":5307,"date":"2022-12-13T13:12:32","date_gmt":"2022-12-13T13:12:32","guid":{"rendered":"https:\/\/schrittmacherfestival.nl\/el-circulo-a-circle-of-men\/"},"modified":"2023-01-05T11:53:36","modified_gmt":"2023-01-05T11:53:36","slug":"el-circulo-a-circle-of-men","status":"publish","type":"page","link":"https:\/\/schrittmacherfestival.nl\/de\/el-circulo-a-circle-of-men\/","title":{"rendered":"El Circulo (A Circle of Men)"},"content":{"rendered":"\n<h1 class=\"has-black-color has-text-color wp-block-heading\" id=\"hofesh-shechter-company-gbr\">Regie: \u00c1lvaro Priante, Ivan Rioz. 2021 (ES)<\/h1>\n\n<p><strong>Filmhuis De Spiegel<\/strong><br\/><strong>Do 23.03.2023 + So 02.04.2023<\/strong><br\/><strong>20.00 Uhr (Do) + 19.00 Uhr (So)<\/strong><br\/><strong>von 8,50 \u20ac<\/strong><\/p>\n\n<figure class=\"wp-block-image alignwide size-large\"><img data-recalc-dims=\"1\" fetchpriority=\"high\" decoding=\"async\" width=\"640\" height=\"268\" src=\"https:\/\/i0.wp.com\/schrittmacherfestival.nl\/wp-content\/uploads\/2022\/12\/EL-CIRCULO-e1671699861244.jpg.webp?resize=640%2C268&#038;ssl=1\" alt=\"\" class=\"wp-image-5904\" srcset=\"https:\/\/i0.wp.com\/schrittmacherfestival.nl\/wp-content\/uploads\/2022\/12\/EL-CIRCULO-e1671699861244.jpg.webp?resize=1024%2C428&amp;ssl=1 1024w, https:\/\/i0.wp.com\/schrittmacherfestival.nl\/wp-content\/uploads\/2022\/12\/EL-CIRCULO-e1671699861244.jpg.webp?resize=300%2C125&amp;ssl=1 300w, https:\/\/i0.wp.com\/schrittmacherfestival.nl\/wp-content\/uploads\/2022\/12\/EL-CIRCULO-e1671699861244.jpg.webp?resize=768%2C321&amp;ssl=1 768w, https:\/\/i0.wp.com\/schrittmacherfestival.nl\/wp-content\/uploads\/2022\/12\/EL-CIRCULO-e1671699861244.jpg.webp?resize=31%2C13&amp;ssl=1 31w, https:\/\/i0.wp.com\/schrittmacherfestival.nl\/wp-content\/uploads\/2022\/12\/EL-CIRCULO-e1671699861244.jpg.webp?w=1200&amp;ssl=1 1200w\" sizes=\"(max-width: 640px) 100vw, 640px\" \/><\/figure>\n<hr class=\"wp-block-separator has-css-opacity\"\/>\n\n<h2 class=\"wp-block-heading\">Dokumentarfilm \/ Film<\/h2>\n\n<p>\u201eThe Circle\u201c ist ein unbequemes und unzensiertes Portr\u00e4t eines Dekonstruktionsprozesses, der die M\u00e4nnlichkeit zur Diskussion stellt. Was bedeutet es, in der heutigen Welt, in der \u00fcber Identit\u00e4t und Privilegien diskutiert wird, ein Mann zu sein? In diesem Dokumentarfilm stehen sich die Figuren in Kreisen gegen\u00fcber, die den Rahmen bieten f\u00fcr Gruppentherapie, Katharsis und Begegnung. K\u00f6nnen sie eine neue M\u00e4nnlichkeit konstruieren oder wehren sie sich gegen das, was sie als Angriff auf ihre Werte und ihre angelernte Lebensweise verstehen? Fesselnde Geschichten voller Verletzlichkeit verstricken sich mit den Tanzszenen zu einer r\u00fchrenden Metapher f\u00fcr Emotionen und inneren Kampf. Ein unbequemes und unzensiertes Portr\u00e4t eines Prozesses, in dem die Dekonstruktion und Erforschung der M\u00e4nnlichkeit neue Wege vorschl\u00e4gt, um m\u00e4nnliche Identit\u00e4t zu leben und zu erfahren.<\/p>\n\n<p>Dauer: 73 min.<br\/>Mit englischen Undertiteln <\/p>\n\n<hr class=\"wp-block-separator has-css-opacity\"\/>\n\n<div class=\"wp-block-buttons is-horizontal is-content-justification-center is-layout-flex wp-container-core-buttons-is-layout-499968f5 wp-block-buttons-is-layout-flex\">\n<div class=\"wp-block-button\"><a class=\"wp-block-button__link has-white-color has-black-background-color has-text-color has-background wp-element-button\" href=\"https:\/\/filmhuisdespiegel.nl\/\" target=\"_blank\" rel=\"noreferrer noopener\"><strong>Tickets<\/strong> <strong>Do 23.03 20.00u<\/strong><\/a><\/div>\n\n\n\n<div class=\"wp-block-button\"><a class=\"wp-block-button__link has-white-color has-black-background-color has-text-color has-background wp-element-button\" href=\"https:\/\/filmhuisdespiegel.nl\/\" target=\"_blank\" rel=\"noreferrer noopener\"><strong>Tickets<\/strong> <strong>So 02.04 19.00u<\/strong><\/a><\/div>\n<\/div>\n\n<hr class=\"wp-block-separator has-css-opacity\"\/>\n\n<figure class=\"wp-block-embed is-type-video is-provider-vimeo wp-block-embed-vimeo wp-embed-aspect-16-9 wp-has-aspect-ratio\"><div class=\"wp-block-embed__wrapper\">\r\n<div class=\"jetpack-video-wrapper\"><iframe title=\"A Circle of Men - Trailer\" src=\"https:\/\/player.vimeo.com\/video\/705665465?dnt=1&amp;app_id=122963\" width=\"640\" height=\"360\" frameborder=\"0\" allow=\"autoplay; fullscreen; picture-in-picture; clipboard-write\"><\/iframe><\/div>\r\n<\/div><\/figure>\r\n\n<hr class=\"wp-block-separator has-css-opacity\"\/>\n\n<figure class=\"wp-block-gallery has-nested-images columns-default is-cropped wp-block-gallery-1 is-layout-flex wp-block-gallery-is-layout-flex\">\n<figure class=\"wp-block-image size-large\"><img data-recalc-dims=\"1\" decoding=\"async\" width=\"640\" height=\"341\" data-id=\"5295\" src=\"https:\/\/i0.wp.com\/schrittmacherfestival.nl\/wp-content\/uploads\/2022\/12\/A-Circle-of-Men-Frontpage-750x400-1.jpeg?resize=640%2C341&#038;ssl=1\" alt=\"\" class=\"wp-image-5295\" srcset=\"https:\/\/i0.wp.com\/schrittmacherfestival.nl\/wp-content\/uploads\/2022\/12\/A-Circle-of-Men-Frontpage-750x400-1.jpeg?w=750&amp;ssl=1 750w, https:\/\/i0.wp.com\/schrittmacherfestival.nl\/wp-content\/uploads\/2022\/12\/A-Circle-of-Men-Frontpage-750x400-1.jpeg?resize=300%2C160&amp;ssl=1 300w, https:\/\/i0.wp.com\/schrittmacherfestival.nl\/wp-content\/uploads\/2022\/12\/A-Circle-of-Men-Frontpage-750x400-1.jpeg?resize=31%2C17&amp;ssl=1 31w\" sizes=\"(max-width: 640px) 100vw, 640px\" \/><\/figure>\n\n\n<figure class=\"wp-block-image size-large\"><img data-recalc-dims=\"1\" decoding=\"async\" width=\"640\" height=\"360\" data-id=\"5299\" src=\"https:\/\/i0.wp.com\/schrittmacherfestival.nl\/wp-content\/uploads\/2022\/12\/A-Circle-of-Men-Szene-2.jpeg?resize=640%2C360&#038;ssl=1\" alt=\"\" class=\"wp-image-5299\" srcset=\"https:\/\/i0.wp.com\/schrittmacherfestival.nl\/wp-content\/uploads\/2022\/12\/A-Circle-of-Men-Szene-2.jpeg?resize=1024%2C576&amp;ssl=1 1024w, https:\/\/i0.wp.com\/schrittmacherfestival.nl\/wp-content\/uploads\/2022\/12\/A-Circle-of-Men-Szene-2.jpeg?resize=300%2C169&amp;ssl=1 300w, https:\/\/i0.wp.com\/schrittmacherfestival.nl\/wp-content\/uploads\/2022\/12\/A-Circle-of-Men-Szene-2.jpeg?resize=768%2C432&amp;ssl=1 768w, https:\/\/i0.wp.com\/schrittmacherfestival.nl\/wp-content\/uploads\/2022\/12\/A-Circle-of-Men-Szene-2.jpeg?resize=1536%2C864&amp;ssl=1 1536w, https:\/\/i0.wp.com\/schrittmacherfestival.nl\/wp-content\/uploads\/2022\/12\/A-Circle-of-Men-Szene-2.jpeg?resize=31%2C17&amp;ssl=1 31w, https:\/\/i0.wp.com\/schrittmacherfestival.nl\/wp-content\/uploads\/2022\/12\/A-Circle-of-Men-Szene-2.jpeg?w=1920&amp;ssl=1 1920w, https:\/\/i0.wp.com\/schrittmacherfestival.nl\/wp-content\/uploads\/2022\/12\/A-Circle-of-Men-Szene-2.jpeg?w=1280&amp;ssl=1 1280w\" sizes=\"(max-width: 640px) 100vw, 640px\" \/><\/figure>\n\n\n<figure class=\"wp-block-image size-large\"><img data-recalc-dims=\"1\" loading=\"lazy\" decoding=\"async\" width=\"640\" height=\"360\" data-id=\"5297\" src=\"https:\/\/i0.wp.com\/schrittmacherfestival.nl\/wp-content\/uploads\/2022\/12\/A-Circle-of-Men-Szene-3.jpeg?resize=640%2C360&#038;ssl=1\" alt=\"\" class=\"wp-image-5297\" srcset=\"https:\/\/i0.wp.com\/schrittmacherfestival.nl\/wp-content\/uploads\/2022\/12\/A-Circle-of-Men-Szene-3.jpeg?resize=1024%2C576&amp;ssl=1 1024w, https:\/\/i0.wp.com\/schrittmacherfestival.nl\/wp-content\/uploads\/2022\/12\/A-Circle-of-Men-Szene-3.jpeg?resize=300%2C169&amp;ssl=1 300w, https:\/\/i0.wp.com\/schrittmacherfestival.nl\/wp-content\/uploads\/2022\/12\/A-Circle-of-Men-Szene-3.jpeg?resize=768%2C432&amp;ssl=1 768w, https:\/\/i0.wp.com\/schrittmacherfestival.nl\/wp-content\/uploads\/2022\/12\/A-Circle-of-Men-Szene-3.jpeg?resize=1536%2C864&amp;ssl=1 1536w, https:\/\/i0.wp.com\/schrittmacherfestival.nl\/wp-content\/uploads\/2022\/12\/A-Circle-of-Men-Szene-3.jpeg?resize=31%2C17&amp;ssl=1 31w, https:\/\/i0.wp.com\/schrittmacherfestival.nl\/wp-content\/uploads\/2022\/12\/A-Circle-of-Men-Szene-3.jpeg?w=1920&amp;ssl=1 1920w, https:\/\/i0.wp.com\/schrittmacherfestival.nl\/wp-content\/uploads\/2022\/12\/A-Circle-of-Men-Szene-3.jpeg?w=1280&amp;ssl=1 1280w\" sizes=\"(max-width: 640px) 100vw, 640px\" \/><\/figure>\n\n\n<figure class=\"wp-block-image size-large\"><img data-recalc-dims=\"1\" loading=\"lazy\" decoding=\"async\" width=\"640\" height=\"360\" data-id=\"5293\" src=\"https:\/\/i0.wp.com\/schrittmacherfestival.nl\/wp-content\/uploads\/2022\/12\/Stills-EL-CIRCULO_1.3.1-f24d.jpg?resize=640%2C360&#038;ssl=1\" alt=\"\" class=\"wp-image-5293\" srcset=\"https:\/\/i0.wp.com\/schrittmacherfestival.nl\/wp-content\/uploads\/2022\/12\/Stills-EL-CIRCULO_1.3.1-f24d.jpg?resize=1024%2C576&amp;ssl=1 1024w, https:\/\/i0.wp.com\/schrittmacherfestival.nl\/wp-content\/uploads\/2022\/12\/Stills-EL-CIRCULO_1.3.1-f24d.jpg?resize=300%2C169&amp;ssl=1 300w, https:\/\/i0.wp.com\/schrittmacherfestival.nl\/wp-content\/uploads\/2022\/12\/Stills-EL-CIRCULO_1.3.1-f24d.jpg?resize=768%2C432&amp;ssl=1 768w, https:\/\/i0.wp.com\/schrittmacherfestival.nl\/wp-content\/uploads\/2022\/12\/Stills-EL-CIRCULO_1.3.1-f24d.jpg?resize=1536%2C864&amp;ssl=1 1536w, https:\/\/i0.wp.com\/schrittmacherfestival.nl\/wp-content\/uploads\/2022\/12\/Stills-EL-CIRCULO_1.3.1-f24d.jpg?resize=31%2C17&amp;ssl=1 31w, https:\/\/i0.wp.com\/schrittmacherfestival.nl\/wp-content\/uploads\/2022\/12\/Stills-EL-CIRCULO_1.3.1-f24d.jpg?w=1600&amp;ssl=1 1600w, https:\/\/i0.wp.com\/schrittmacherfestival.nl\/wp-content\/uploads\/2022\/12\/Stills-EL-CIRCULO_1.3.1-f24d.jpg?w=1280&amp;ssl=1 1280w\" sizes=\"(max-width: 640px) 100vw, 640px\" \/><\/figure>\n\n\n<figure class=\"wp-block-image size-large\"><img data-recalc-dims=\"1\" loading=\"lazy\" decoding=\"async\" width=\"640\" height=\"346\" data-id=\"5897\" src=\"https:\/\/i0.wp.com\/schrittmacherfestival.nl\/wp-content\/uploads\/2022\/12\/EL-CIRCULO2.jpg?resize=640%2C346&#038;ssl=1\" alt=\"\" class=\"wp-image-5897\" srcset=\"https:\/\/i0.wp.com\/schrittmacherfestival.nl\/wp-content\/uploads\/2022\/12\/EL-CIRCULO2.jpg?resize=1024%2C554&amp;ssl=1 1024w, https:\/\/i0.wp.com\/schrittmacherfestival.nl\/wp-content\/uploads\/2022\/12\/EL-CIRCULO2.jpg?resize=300%2C162&amp;ssl=1 300w, https:\/\/i0.wp.com\/schrittmacherfestival.nl\/wp-content\/uploads\/2022\/12\/EL-CIRCULO2.jpg?resize=768%2C416&amp;ssl=1 768w, https:\/\/i0.wp.com\/schrittmacherfestival.nl\/wp-content\/uploads\/2022\/12\/EL-CIRCULO2.jpg?resize=1536%2C831&amp;ssl=1 1536w, https:\/\/i0.wp.com\/schrittmacherfestival.nl\/wp-content\/uploads\/2022\/12\/EL-CIRCULO2.jpg?resize=31%2C17&amp;ssl=1 31w, https:\/\/i0.wp.com\/schrittmacherfestival.nl\/wp-content\/uploads\/2022\/12\/EL-CIRCULO2.jpg?w=1901&amp;ssl=1 1901w, https:\/\/i0.wp.com\/schrittmacherfestival.nl\/wp-content\/uploads\/2022\/12\/EL-CIRCULO2.jpg?w=1280&amp;ssl=1 1280w\" sizes=\"(max-width: 640px) 100vw, 640px\" \/><\/figure>\n\n\n<figure class=\"wp-block-image size-large\"><img data-recalc-dims=\"1\" height=\"351\" width=\"640\" decoding=\"async\" data-id=\"5899\" src=\"https:\/\/i0.wp.com\/schrittmacherfestival.nl\/wp-content\/uploads\/2022\/12\/EL-CIRCULO.jpg?resize=640%2C351&#038;ssl=1\" alt=\"\" class=\"wp-image-5899\"\/><\/figure><\/figure>\n\n<hr class=\"wp-block-separator has-css-opacity\"\/>\n","protected":false},"excerpt":{"rendered":"<p>Regie: \u00c1lvaro Priante, Ivan Rioz. 2021 (ES) Filmhuis De SpiegelDo 23.03.2023 + So 02.04.202320.00 Uhr (Do) + 19.00 Uhr (So)von 8,50 \u20ac Dokumentarfilm \/ Film \u201eThe Circle\u201c ist ein unbequemes und unzensiertes Portr\u00e4t eines Dekonstruktionsprozesses, der die M\u00e4nnlichkeit zur Diskussion stellt. Was bedeutet es, in der heutigen Welt, in der \u00fcber Identit\u00e4t und Privilegien diskutiert wird, ein Mann zu sein? [&hellip;]<\/p>\n","protected":false},"author":1,"featured_media":0,"parent":0,"menu_order":0,"comment_status":"closed","ping_status":"closed","template":"","meta":{"_acf_changed":false,"footnotes":""},"class_list":["post-5307","page","type-page","status-publish","hentry"],"aioseo_notices":[],"acf":[],"jetpack_sharing_enabled":true,"_links":{"self":[{"href":"https:\/\/schrittmacherfestival.nl\/de\/wp-json\/wp\/v2\/pages\/5307","targetHints":{"allow":["GET"]}}],"collection":[{"href":"https:\/\/schrittmacherfestival.nl\/de\/wp-json\/wp\/v2\/pages"}],"about":[{"href":"https:\/\/schrittmacherfestival.nl\/de\/wp-json\/wp\/v2\/types\/page"}],"author":[{"embeddable":true,"href":"https:\/\/schrittmacherfestival.nl\/de\/wp-json\/wp\/v2\/users\/1"}],"replies":[{"embeddable":true,"href":"https:\/\/schrittmacherfestival.nl\/de\/wp-json\/wp\/v2\/comments?post=5307"}],"version-history":[{"count":6,"href":"https:\/\/schrittmacherfestival.nl\/de\/wp-json\/wp\/v2\/pages\/5307\/revisions"}],"predecessor-version":[{"id":6157,"href":"https:\/\/schrittmacherfestival.nl\/de\/wp-json\/wp\/v2\/pages\/5307\/revisions\/6157"}],"wp:attachment":[{"href":"https:\/\/schrittmacherfestival.nl\/de\/wp-json\/wp\/v2\/media?parent=5307"}],"curies":[{"name":"wp","href":"https:\/\/api.w.org\/{rel}","templated":true}]}}