{"id":5607,"date":"2022-12-15T18:02:23","date_gmt":"2022-12-15T18:02:23","guid":{"rendered":"https:\/\/schrittmacherfestival.nl\/sidewalk-performance\/"},"modified":"2023-02-24T12:49:30","modified_gmt":"2023-02-24T12:49:30","slug":"sidewalk-performance","status":"publish","type":"page","link":"https:\/\/schrittmacherfestival.nl\/de\/sidewalk-performance\/","title":{"rendered":"SIDEWALK PERFORMANCE"},"content":{"rendered":"\n<h1 class=\"has-black-color has-text-color wp-block-heading\" id=\"hofesh-shechter-company-gbr\"><strong>Dwaesj Oetstepke<\/strong><br\/>Konzept &amp; Dramaturgie Karin Post (NL)<\/h1>\n\n<p><strong>Corneliusplein, Heerlerheide<\/strong><br\/><strong>Sa 18.03.2023 + So 19.03.2023<\/strong><br\/><strong>14.00  Uhr (Sa) + 13.00 Uhr (So) <\/strong><br\/><strong>Entritit frei<\/strong><\/p>\n\n<figure class=\"wp-block-image alignwide size-large\"><img data-recalc-dims=\"1\" fetchpriority=\"high\" decoding=\"async\" width=\"640\" height=\"268\" src=\"https:\/\/i0.wp.com\/schrittmacherfestival.nl\/wp-content\/uploads\/2022\/12\/SIDEWALK-Performance-foto-Luc-Lodder-bewerking-Rob-Birza-1-scaled-e1671127285782-1024x428.webp?resize=640%2C268&#038;ssl=1\" alt=\"\" class=\"wp-image-5604\" srcset=\"https:\/\/i0.wp.com\/schrittmacherfestival.nl\/wp-content\/uploads\/2022\/12\/SIDEWALK-Performance-foto-Luc-Lodder-bewerking-Rob-Birza-1-scaled-e1671127285782.webp?resize=1024%2C428&amp;ssl=1 1024w, https:\/\/i0.wp.com\/schrittmacherfestival.nl\/wp-content\/uploads\/2022\/12\/SIDEWALK-Performance-foto-Luc-Lodder-bewerking-Rob-Birza-1-scaled-e1671127285782.webp?resize=300%2C125&amp;ssl=1 300w, https:\/\/i0.wp.com\/schrittmacherfestival.nl\/wp-content\/uploads\/2022\/12\/SIDEWALK-Performance-foto-Luc-Lodder-bewerking-Rob-Birza-1-scaled-e1671127285782.webp?resize=768%2C321&amp;ssl=1 768w, https:\/\/i0.wp.com\/schrittmacherfestival.nl\/wp-content\/uploads\/2022\/12\/SIDEWALK-Performance-foto-Luc-Lodder-bewerking-Rob-Birza-1-scaled-e1671127285782.webp?resize=31%2C13&amp;ssl=1 31w, https:\/\/i0.wp.com\/schrittmacherfestival.nl\/wp-content\/uploads\/2022\/12\/SIDEWALK-Performance-foto-Luc-Lodder-bewerking-Rob-Birza-1-scaled-e1671127285782.webp?w=1200&amp;ssl=1 1200w\" sizes=\"(max-width: 640px) 100vw, 640px\" \/><\/figure>\n<hr class=\"wp-block-separator has-css-opacity\"\/>\n\n<p>In einer Zusammenarbeit der Choreografin Sharon Wesseling (20Hertz; VIA ZUID), der Szenografin Sanne Danz, HFC Dancestudio-Joey Berger und Luc Arnoldussen, Einwohner*innen und Vereinen aus Heerlen und Umgebung wird eine einzigartige Tanzperformance pr\u00e4sentiert, in der auf unerwartete und radikale Weise Parallelwelten erkundet werden. Werfen Sie einen Blick in diesen Stadtteil von Heerlen. <\/p>\n\n<p>\u201eTanz f\u00fcr taube und h\u00f6rbehinderte Menschen zug\u00e4nglich machen\u201c ist das Motto von Wesseling, f\u00fcr die das Klangerlebnis keine Selbstverst\u00e4ndlichkeit ist. Die theatralische Darstellung der Szenaristin Szenografin Sanne Danz spielt eine wichtige Rolle. Es geht um die Kunst der Wahrnehmung und \u2013 vor allem \u2013 um die Freude an der Begegnung.<\/p>\n\n<hr class=\"wp-block-separator has-css-opacity\"\/>\n\n<figure class=\"wp-block-gallery has-nested-images columns-default is-cropped wp-block-gallery-1 is-layout-flex wp-block-gallery-is-layout-flex\">\n<figure class=\"wp-block-image size-large\"><img data-recalc-dims=\"1\" decoding=\"async\" width=\"640\" height=\"427\" data-id=\"5598\" src=\"https:\/\/i0.wp.com\/schrittmacherfestival.nl\/wp-content\/uploads\/2022\/12\/SIDEWALK-Performance-foto-Luc-Lodder-bewerking-Rob-Birza.jpg?resize=640%2C427&#038;ssl=1\" alt=\"\" class=\"wp-image-5598\" srcset=\"https:\/\/i0.wp.com\/schrittmacherfestival.nl\/wp-content\/uploads\/2022\/12\/SIDEWALK-Performance-foto-Luc-Lodder-bewerking-Rob-Birza-scaled.jpg?resize=1024%2C683&amp;ssl=1 1024w, https:\/\/i0.wp.com\/schrittmacherfestival.nl\/wp-content\/uploads\/2022\/12\/SIDEWALK-Performance-foto-Luc-Lodder-bewerking-Rob-Birza-scaled.jpg?resize=300%2C200&amp;ssl=1 300w, https:\/\/i0.wp.com\/schrittmacherfestival.nl\/wp-content\/uploads\/2022\/12\/SIDEWALK-Performance-foto-Luc-Lodder-bewerking-Rob-Birza-scaled.jpg?resize=768%2C512&amp;ssl=1 768w, https:\/\/i0.wp.com\/schrittmacherfestival.nl\/wp-content\/uploads\/2022\/12\/SIDEWALK-Performance-foto-Luc-Lodder-bewerking-Rob-Birza-scaled.jpg?resize=1536%2C1025&amp;ssl=1 1536w, https:\/\/i0.wp.com\/schrittmacherfestival.nl\/wp-content\/uploads\/2022\/12\/SIDEWALK-Performance-foto-Luc-Lodder-bewerking-Rob-Birza-scaled.jpg?resize=2048%2C1366&amp;ssl=1 2048w, https:\/\/i0.wp.com\/schrittmacherfestival.nl\/wp-content\/uploads\/2022\/12\/SIDEWALK-Performance-foto-Luc-Lodder-bewerking-Rob-Birza-scaled.jpg?resize=600%2C400&amp;ssl=1 600w, https:\/\/i0.wp.com\/schrittmacherfestival.nl\/wp-content\/uploads\/2022\/12\/SIDEWALK-Performance-foto-Luc-Lodder-bewerking-Rob-Birza-scaled.jpg?resize=31%2C21&amp;ssl=1 31w, https:\/\/i0.wp.com\/schrittmacherfestival.nl\/wp-content\/uploads\/2022\/12\/SIDEWALK-Performance-foto-Luc-Lodder-bewerking-Rob-Birza-scaled.jpg?w=1280&amp;ssl=1 1280w, https:\/\/i0.wp.com\/schrittmacherfestival.nl\/wp-content\/uploads\/2022\/12\/SIDEWALK-Performance-foto-Luc-Lodder-bewerking-Rob-Birza-scaled.jpg?w=1920&amp;ssl=1 1920w\" sizes=\"(max-width: 640px) 100vw, 640px\" \/><\/figure><\/figure>\n\n<hr class=\"wp-block-separator has-css-opacity\"\/>\n","protected":false},"excerpt":{"rendered":"<p>Dwaesj OetstepkeKonzept &amp; Dramaturgie Karin Post (NL) Corneliusplein, HeerlerheideSa 18.03.2023 + So 19.03.202314.00 Uhr (Sa) + 13.00 Uhr (So) Entritit frei In einer Zusammenarbeit der Choreografin Sharon Wesseling (20Hertz; VIA ZUID), der Szenografin Sanne Danz, HFC Dancestudio-Joey Berger und Luc Arnoldussen, Einwohner*innen und Vereinen aus Heerlen und Umgebung wird eine einzigartige Tanzperformance pr\u00e4sentiert, in der auf unerwartete und radikale Weise [&hellip;]<\/p>\n","protected":false},"author":1,"featured_media":0,"parent":0,"menu_order":0,"comment_status":"closed","ping_status":"closed","template":"","meta":{"_acf_changed":false,"footnotes":""},"class_list":["post-5607","page","type-page","status-publish","hentry"],"aioseo_notices":[],"acf":[],"jetpack_sharing_enabled":true,"_links":{"self":[{"href":"https:\/\/schrittmacherfestival.nl\/de\/wp-json\/wp\/v2\/pages\/5607","targetHints":{"allow":["GET"]}}],"collection":[{"href":"https:\/\/schrittmacherfestival.nl\/de\/wp-json\/wp\/v2\/pages"}],"about":[{"href":"https:\/\/schrittmacherfestival.nl\/de\/wp-json\/wp\/v2\/types\/page"}],"author":[{"embeddable":true,"href":"https:\/\/schrittmacherfestival.nl\/de\/wp-json\/wp\/v2\/users\/1"}],"replies":[{"embeddable":true,"href":"https:\/\/schrittmacherfestival.nl\/de\/wp-json\/wp\/v2\/comments?post=5607"}],"version-history":[{"count":8,"href":"https:\/\/schrittmacherfestival.nl\/de\/wp-json\/wp\/v2\/pages\/5607\/revisions"}],"predecessor-version":[{"id":6504,"href":"https:\/\/schrittmacherfestival.nl\/de\/wp-json\/wp\/v2\/pages\/5607\/revisions\/6504"}],"wp:attachment":[{"href":"https:\/\/schrittmacherfestival.nl\/de\/wp-json\/wp\/v2\/media?parent=5607"}],"curies":[{"name":"wp","href":"https:\/\/api.w.org\/{rel}","templated":true}]}}