{"id":5628,"date":"2022-12-16T08:48:44","date_gmt":"2022-12-16T08:48:44","guid":{"rendered":"https:\/\/schrittmacherfestival.nl\/sidewalk-de-expo\/"},"modified":"2023-03-08T17:39:13","modified_gmt":"2023-03-08T17:39:13","slug":"sidewalk-de-expo","status":"publish","type":"page","link":"https:\/\/schrittmacherfestival.nl\/de\/sidewalk-de-expo\/","title":{"rendered":"SIDEWALK: DE EXPO"},"content":{"rendered":"\n<h1 class=\"has-black-color has-text-color wp-block-heading\" id=\"hofesh-shechter-company-gbr\"><\/h1>\n\n<p><strong>Theater Heerlen foyer<\/strong><br\/><strong>Di 28.02. \u2013 So 02.04.2023<\/strong><br\/><strong>Bei Vorstellungen im Festivalzeitraum zu sehen<\/strong><br\/><strong>Eintritt frei<\/strong><\/p>\n\n<figure class=\"wp-block-image alignwide size-large\"><img data-recalc-dims=\"1\" fetchpriority=\"high\" decoding=\"async\" width=\"640\" height=\"268\" src=\"https:\/\/i0.wp.com\/schrittmacherfestival.nl\/wp-content\/uploads\/2022\/12\/Sidewalk-Expo-foto-Jonathan-Widdershoven-bewerking-Rob-Birza-1-scaled-e1671180504724-1024x428.webp?resize=640%2C268&#038;ssl=1\" alt=\"\" class=\"wp-image-5625\" srcset=\"https:\/\/i0.wp.com\/schrittmacherfestival.nl\/wp-content\/uploads\/2022\/12\/Sidewalk-Expo-foto-Jonathan-Widdershoven-bewerking-Rob-Birza-1-scaled-e1671180504724.webp?resize=1024%2C428&amp;ssl=1 1024w, https:\/\/i0.wp.com\/schrittmacherfestival.nl\/wp-content\/uploads\/2022\/12\/Sidewalk-Expo-foto-Jonathan-Widdershoven-bewerking-Rob-Birza-1-scaled-e1671180504724.webp?resize=300%2C125&amp;ssl=1 300w, https:\/\/i0.wp.com\/schrittmacherfestival.nl\/wp-content\/uploads\/2022\/12\/Sidewalk-Expo-foto-Jonathan-Widdershoven-bewerking-Rob-Birza-1-scaled-e1671180504724.webp?resize=768%2C321&amp;ssl=1 768w, https:\/\/i0.wp.com\/schrittmacherfestival.nl\/wp-content\/uploads\/2022\/12\/Sidewalk-Expo-foto-Jonathan-Widdershoven-bewerking-Rob-Birza-1-scaled-e1671180504724.webp?resize=31%2C13&amp;ssl=1 31w, https:\/\/i0.wp.com\/schrittmacherfestival.nl\/wp-content\/uploads\/2022\/12\/Sidewalk-Expo-foto-Jonathan-Widdershoven-bewerking-Rob-Birza-1-scaled-e1671180504724.webp?w=1200&amp;ssl=1 1200w\" sizes=\"(max-width: 640px) 100vw, 640px\" \/><\/figure>\n<hr class=\"wp-block-separator has-css-opacity\"\/>\n\n<p><strong>SIDEWALK EXPO: THE KEY OF LIFE<\/strong><\/p>\n\n<p>Das Foyer des Theaters ist ein lebendiger Ort, an dem Begegnungen zwischen Menschen und Gespr\u00e4che \u00fcber das Theatererlebnis im Mittelpunkt stehen. Eine Ausstellung von Kunstwerken erwarten wir hier nicht. Und doch. Anl\u00e4sslich des schrit_tmacher Festivals treffen sich Tanz- und bildende K\u00fcnstler zu einem k\u00fcnstlerischen Austausch, f\u00fcr ein &#8218;anderes&#8216; Publikum als das &#8218;eigene&#8216;. Von Film und Video bis hin zu aufgeblasenen Illustrationen und Keramiken wird uns eine Vielzahl von Assoziationen, Ausdr\u00fccken und Bedeutungen pr\u00e4sentiert, die zusammen ein bereicherndes und vielgestaltiges Bild davon ergeben, wie der Mensch die Welt um sich herum versteht. Diese (Tanz-)K\u00fcnstler zeigen die Beziehung zu den Mitmenschen, die Notwendigkeit, sich in andere hineinzuversetzen und Empathie f\u00fcr Menschen und Situationen zu entwickeln, die uns fremd sind. Daher auch der Titel dieser SIDEWALK Expo: <strong>The Key of Life<\/strong>. Nachfolgend finden Sie Erl\u00e4uterungen zu den verschiedenen Kunstwerken (Niederl\u00e4ndisch).&#13;\n&#13;\n<\/p>\n\n<hr class=\"wp-block-separator has-css-opacity\"\/>\n\n<p><strong><em>Confetti Parade<\/em><\/strong><br\/>een keramische beeldengroep van <strong>Rob Birza<\/strong> (Geldrop, 1962)<br\/><strong>Rechter wandkast<\/strong><\/p>\n\n<p>De eerste indruk is die van een vrolijke optocht van gemaskerde figuren. De titel ondersteunt de suggestie van beweging die in een beeldengroep besloten ligt. Maar als je de beelden van gebakken maar ongeglazuurde keramiek beter gaat bekijken, zie je al snel dat weinig figuren \u201congeschonden of volmaakt heel\u201c zijn. Soms komt een lijf uit een soort zeemonster met grote tanden gekropen, dan weer heeft een bovenlijf een Chinese onderzetter als onderlijf. Door ze niet te glazuren komt de aandacht nog meer op de vorm te liggen. Wat ook opvalt is dat \u00e1lle figuren een masker dragen\u00a0(en &#8218;drie-vinger-handschoenen&#8216;). De maskers verwijzen naar Walt Disney figuren. Of naar andere (verdwenen) culturen. Stijlbreuken, schaalverschillen en high &amp; low culture lopen dwars door elkaar heen: iets wat zich als een constante in het hele oeuvre van Birza manifesteert.<\/p>\n\n<p>Maskers kunnen je onherkenbaar maken voor de ander. Maar verander je niet ook zelf door dit gevoel van onherkenbaarheid? Laat je je gedrag daardoor be\u00efnvloeden? Wie kijkt naar wie?\u00a0Maskers verhullen en onthullen tegelijkertijd. Ook de vrolijkheid is verhulling van de onderliggende emoties of lagen. Tenslotte iets over de \u201csetting\u201c. De spiegelkast zorgt ervoor dat beelden door de ruimte gaan <em>zweven<\/em>. Degenen die op twee onderzetters staan vormen een cirkel met zichzelf. Zwevend tot in het oneindige, zowel zwaar als ook vederlicht.\u00a0\u00a0\u00a0 \u00a0\u00a0<\/p>\n\n<p><strong>Rob Birza<\/strong><em><br\/><\/em>Het werk van kunstenaar Rob Birza kenmerkt zich door enorme diversiteit aan technieken en stijlen. Birza begon zijn carri\u00e8re vooral als schilder, beelden en grote installaties volgden in uiteenlopende tentoonstellingen in binnen- en buitenland o.a\u00a0 in het Stedelijk Museum Amsterdam (<em>Buddha\u2019s Horizon<\/em>). Birza was meer dan vijfentwintig jaar werkzaam als begeleider op De Ateliers te Amsterdam. Zijn werk wordt vertegenwoordigd door galerie Willem Baars Projects.<\/p>\n\n<hr class=\"wp-block-separator has-css-opacity\"\/>\n\n<p><br\/><strong><em>Uit De Toon Vallen<\/em><\/strong><br\/>een krachtige video van <strong>Bryndis Brynjolfsdottir<\/strong> (IJsland, 1977): een excerpt van de video-installatie tijdens Panorama Heerlen<br\/><strong>Screen trappenhuis<br\/><\/strong><br\/><em>Uit De Toon Vallen<\/em> iseen serie bewegende portretten van Heerlenaars in 2023. Het jonge oeuvre van oud-Scapino danseres Brynjolfsdottir, bestaat uit foto\u2019s en films, balanceert tussen\u00a0ge\u00ebngageerde fotografie (aandacht voor de mens in zijn sociale situatie) en een abstracte verbeelding, waarin ruimte is voor menselijke emoties.<\/p>\n\n<p>Brynjolfsdottir: &#8222;<em>Na enkele mensen uit Heerlen Noord te hebben gefilmd en lange gesprekken met hen gevoerd te hebben over van alles maar eigenlijk vooral over het leven, hun eigen levenspad, treft mij de gedachte van \u2019innerlijke motivatie\u2019. \u201c.<\/em><\/p>\n\n<p>Ik wil het zien in veel verschillende vormen.<br\/>Van klein naar groot.<\/p>\n\n<p>De mens,<br\/>Buurmensen,<br\/>De straat,<br\/>De buurt en de wijk,<br\/>De stad en het land.\u00a0<\/p>\n\n<p><strong>Bryndis Brynjolfsdottir<\/strong><em><br\/><\/em>Bryndis Brynjolfsdottir danste van 2000 tot en met 2018 bij Scapino Ballet Rotterdam en was te zien in onder meer <a href=\"https:\/\/www.scapinoballet.nl\/nl\/rosary\" target=\"_blank\" rel=\"noopener\" title=\"\"><em>Rosary<\/em><\/a><em>, <\/em><a href=\"https:\/\/www.scapinoballet.nl\/nl\/de-notenkraker\" target=\"_blank\" rel=\"noopener\" title=\"\"><em>De Notenkraker<\/em><\/a><em>, <\/em><a href=\"https:\/\/www.scapinoballet.nl\/nl\/voorstellingen\/pearl\" target=\"_blank\" rel=\"noopener\" title=\"\"><em>Pearl<\/em><\/a><em>, <\/em><a href=\"https:\/\/www.scapinoballet.nl\/nl\/voorstellingen\/holland-le-chat-noir-0\" target=\"_blank\" rel=\"noopener\" title=\"\"><em>Le Chat Noir<\/em><\/a><em>, <\/em><a href=\"https:\/\/www.scapinoballet.nl\/nl\/henry\" target=\"_blank\" rel=\"noopener\" title=\"\"><em>Henry<\/em><\/a><em>, <\/em><a href=\"https:\/\/www.scapinoballet.nl\/nl\/voorstellingen\/pablo\" target=\"_blank\" rel=\"noopener\" title=\"\"><em>Pablo<\/em><\/a><em>, <\/em><a href=\"https:\/\/www.scapinoballet.nl\/nl\/voorstellingen\/scala\" target=\"_blank\" rel=\"noopener\" title=\"\"><em>Scala<\/em><\/a> en <a href=\"https:\/\/www.scapinoballet.nl\/nl\/node\/1145\" target=\"_blank\" rel=\"noopener\" title=\"\"><em>TING!<\/em><\/a>. Het slotduet uit <a href=\"https:\/\/www.scapinoballet.nl\/nl\/voorstellingen\/pearl\" target=\"_blank\" rel=\"noopener\" title=\"\"><em>Pearl<\/em><\/a> waarin Bryndis danste samen met o.a. Alexandre Joliceour, behoort tot een van de mooiste duetten uit het rijke repertoire van zowel Scapino Ballet Rotterdam als Bryndis. Vier jaar geleden begon ze aan de Koninklijke Academie voor Beeldende Kunsten in Den Haag waar ze haar BA heeft behaald in fotografie. Haar achtergrond als danser en haar nieuwe weg als fotograaf wil ze samenvoegen met (kunst)projecten waarbij het belang van lichaam en geest in het middelpunt staan. Bryndis werkt met verschillende disciplines. Zij is medeoprichter van de Stichting Danser voor Dans. Een stichting die richt zich op het ontwikkelen van multidisciplinaire kunstprojecten.<\/p>\n\n<hr class=\"wp-block-separator has-css-opacity\"\/>\n\n<p><strong><em>Nocturne, 2019<\/em><\/strong><br\/>een punkachtige video van <strong>Thomas Swinkels <\/strong>(Nederland, 1988)over de relatie van mens tot de natuur<br\/><strong>Raam<\/strong>Loop 5:35 min.<\/p>\n\n<p><br\/><em>Nocturne<\/em> toont een groep buxus-motten.\u00a0Zijn we getuige van een <em>rave<\/em>?\u00a0Een nachtelijke rituele dans?\u00a0<\/p>\n\n<p>Deze motten worden gecategoriseerd als invasieve exoten; een complexe term die een onderscheid maakt tussen wat inheems is en wat ongewenst.\u00a0Meegereisd met natuursteen uit Azi\u00eb leggen ze hun eitjes hier in de buxus; een in Europa populaire plant die wordt gebruikt ter decoratie van voortuinen en parken.\u00a0<\/p>\n\n<p>De camera glijdt door de menigte en lijkt te zoeken naar nabijheid tot deze\u00a0\u2018ander\u2019. <em><br\/><br\/><\/em><em><\/em><\/p>\n\n<p><strong>Thomas Swinkels<\/strong><\/p>\n\n<p>Thomas Swinkels is een in Berlijn gevestigde kunstenaar uit Nederland. Zijn werk beweegt zich tussen sculptuur, fotografie, video en installatie en is be\u00efnvloed door de tijd dat hij in een kraakpand woonde. Thomas beschouwt zijn werk als parasitair: het voedt zich met gevonden objecten, low-fi-technologie\u00ebn en verhalen uit zijn directe omgeving. Deze nadruk op lokaliteit is zowel een voorwaarde voor als een ambitie van zijn werk. Nadat hij in 2015 afstudeerde aan AKV | St.Joost in Breda, zette hij zijn praktijk voort in een klein dorp in Belgi\u00eb. Van 2017 tot 2019 was hij deelnemer aan De Ateliers in Amsterdam. Hier ontmoette hij Anders, Frieder en Henna met wie hij het kunstenaarsinitiatief Root Canal organiseert. Niet gebonden aan een vaste ruimte initieerden zij projecten in een camper, Althuis Hofland Gallery (NL), P\/\/\/\/\/AKT (NL), De Vleeshal (NL) en een zolder in Amsterdam-Oost. Zijn werk is onder meer gepresenteerd bij Buzzer Reeves (DE), Billytown (NL), Beelden in Leiden (NL), Spirit shop (PT), Annie Gentils Gallery (BE), P\/\/\/\/\/AKT (NL) en De Appel (NL).<br\/>Hij wordt ondersteund door het Mondriaan Fonds\u00a0<\/p>\n\n<hr class=\"wp-block-separator has-css-opacity\"\/>\n\n<p>De titel van SIDEWALK Expo: <strong>The Key of Life<\/strong> verwijst naar &#8218;ik en de ander&#8216;. De noodzaak om mee te denken met de ander, om empathie op te brengen, ook voor mensen en situaties die ons vreemd zijn.<br\/><br\/>In een introspectieve dans, met sterk expressionistische fysieke taal communiceert de Duitse <strong>Mary Wigman<\/strong> met <strong><em>Hexentanz<\/em><\/strong> (Duitsland, 1914) haar tragische donkere karakter, als een onthulling van een levendige, opgewonden en gepassioneerde innerlijke staat van zijn. (<strong>Screen<\/strong>).<br\/><br\/><strong><em>Prototype,<\/em><\/strong> <strong><em>2007<\/em><\/strong> van <strong>Yves Ackermann<\/strong> uit Frankrijk, is een uitvergrotingvan een idee. <em>Prototype<\/em> is een film van 2 minuten waarin een man wordt neergeschoten. De regen van kogels doet zijn lichaam schudden, zijn handen verkrampen, hij draait rond, einde van de film. (<strong>Projectiewand<\/strong>) Met dank aan co-producent Cinedans \/ Martine Dekker (o.a. bij <em>Hexentanz <\/em>en <em>Prototype<\/em>).<br\/><br\/><strong><em>Levensgang<\/em><\/strong> van <strong>Wim Cox<\/strong> (Venlo, 1938) is gemaakt in opdracht van de Rooms-Katholieke Bond voor Groote Gezinnen, een film met veel gevoel voor choreografische kwaliteiten. De Tegelse Courant schreef destijds: <em>\u2018Moge deze \u2018Levensgang\u2019 veler leven kruisen, want deze film betekent een lichtpunt op het levenspad\u2019.<\/em> Met dank aan erfgenaam Wim Cox en het Limburgs Museum. (<strong>Excerpt in trappenhuis<\/strong>)<br\/><br\/>Illustraties door <strong>Rob Birza<\/strong>. Fotografie <strong>Luc Lodder<\/strong>. (<strong>Ronde wand<\/strong>)<\/p>\n\n<hr class=\"wp-block-separator has-css-opacity\"\/>\n\n<figure class=\"wp-block-gallery has-nested-images columns-default is-cropped wp-block-gallery-1 is-layout-flex wp-block-gallery-is-layout-flex\">\n<figure class=\"wp-block-image size-large\"><img data-recalc-dims=\"1\" decoding=\"async\" width=\"640\" height=\"408\" data-id=\"5620\" src=\"https:\/\/i0.wp.com\/schrittmacherfestival.nl\/wp-content\/uploads\/2022\/12\/Sidewalk-Expo-foto-Jonathan-Widdershoven-bewerking-Rob-Birza.jpg?resize=640%2C408&#038;ssl=1\" alt=\"\" class=\"wp-image-5620\" srcset=\"https:\/\/i0.wp.com\/schrittmacherfestival.nl\/wp-content\/uploads\/2022\/12\/Sidewalk-Expo-foto-Jonathan-Widdershoven-bewerking-Rob-Birza-scaled.jpg?resize=1024%2C653&amp;ssl=1 1024w, https:\/\/i0.wp.com\/schrittmacherfestival.nl\/wp-content\/uploads\/2022\/12\/Sidewalk-Expo-foto-Jonathan-Widdershoven-bewerking-Rob-Birza-scaled.jpg?resize=300%2C191&amp;ssl=1 300w, https:\/\/i0.wp.com\/schrittmacherfestival.nl\/wp-content\/uploads\/2022\/12\/Sidewalk-Expo-foto-Jonathan-Widdershoven-bewerking-Rob-Birza-scaled.jpg?resize=768%2C490&amp;ssl=1 768w, https:\/\/i0.wp.com\/schrittmacherfestival.nl\/wp-content\/uploads\/2022\/12\/Sidewalk-Expo-foto-Jonathan-Widdershoven-bewerking-Rob-Birza-scaled.jpg?resize=1536%2C979&amp;ssl=1 1536w, https:\/\/i0.wp.com\/schrittmacherfestival.nl\/wp-content\/uploads\/2022\/12\/Sidewalk-Expo-foto-Jonathan-Widdershoven-bewerking-Rob-Birza-scaled.jpg?resize=2048%2C1306&amp;ssl=1 2048w, https:\/\/i0.wp.com\/schrittmacherfestival.nl\/wp-content\/uploads\/2022\/12\/Sidewalk-Expo-foto-Jonathan-Widdershoven-bewerking-Rob-Birza-scaled.jpg?resize=31%2C20&amp;ssl=1 31w, https:\/\/i0.wp.com\/schrittmacherfestival.nl\/wp-content\/uploads\/2022\/12\/Sidewalk-Expo-foto-Jonathan-Widdershoven-bewerking-Rob-Birza-scaled.jpg?w=1280&amp;ssl=1 1280w, https:\/\/i0.wp.com\/schrittmacherfestival.nl\/wp-content\/uploads\/2022\/12\/Sidewalk-Expo-foto-Jonathan-Widdershoven-bewerking-Rob-Birza-scaled.jpg?w=1920&amp;ssl=1 1920w\" sizes=\"(max-width: 640px) 100vw, 640px\" \/><\/figure><\/figure>\n\n<hr class=\"wp-block-separator has-css-opacity\"\/>\n","protected":false},"excerpt":{"rendered":"<p>Theater Heerlen foyerDi 28.02. \u2013 So 02.04.2023Bei Vorstellungen im Festivalzeitraum zu sehenEintritt frei SIDEWALK EXPO: THE KEY OF LIFE Das Foyer des Theaters ist ein lebendiger Ort, an dem Begegnungen zwischen Menschen und Gespr\u00e4che \u00fcber das Theatererlebnis im Mittelpunkt stehen. Eine Ausstellung von Kunstwerken erwarten wir hier nicht. Und doch. Anl\u00e4sslich des schrit_tmacher Festivals treffen sich Tanz- und bildende K\u00fcnstler [&hellip;]<\/p>\n","protected":false},"author":1,"featured_media":0,"parent":0,"menu_order":0,"comment_status":"closed","ping_status":"closed","template":"","meta":{"_acf_changed":false,"footnotes":""},"class_list":["post-5628","page","type-page","status-publish","hentry"],"aioseo_notices":[],"acf":[],"jetpack_sharing_enabled":true,"_links":{"self":[{"href":"https:\/\/schrittmacherfestival.nl\/de\/wp-json\/wp\/v2\/pages\/5628","targetHints":{"allow":["GET"]}}],"collection":[{"href":"https:\/\/schrittmacherfestival.nl\/de\/wp-json\/wp\/v2\/pages"}],"about":[{"href":"https:\/\/schrittmacherfestival.nl\/de\/wp-json\/wp\/v2\/types\/page"}],"author":[{"embeddable":true,"href":"https:\/\/schrittmacherfestival.nl\/de\/wp-json\/wp\/v2\/users\/1"}],"replies":[{"embeddable":true,"href":"https:\/\/schrittmacherfestival.nl\/de\/wp-json\/wp\/v2\/comments?post=5628"}],"version-history":[{"count":4,"href":"https:\/\/schrittmacherfestival.nl\/de\/wp-json\/wp\/v2\/pages\/5628\/revisions"}],"predecessor-version":[{"id":6563,"href":"https:\/\/schrittmacherfestival.nl\/de\/wp-json\/wp\/v2\/pages\/5628\/revisions\/6563"}],"wp:attachment":[{"href":"https:\/\/schrittmacherfestival.nl\/de\/wp-json\/wp\/v2\/media?parent=5628"}],"curies":[{"name":"wp","href":"https:\/\/api.w.org\/{rel}","templated":true}]}}