{"id":5641,"date":"2022-12-16T09:09:28","date_gmt":"2022-12-16T09:09:28","guid":{"rendered":"https:\/\/schrittmacherfestival.nl\/universal-tongue\/"},"modified":"2023-01-05T11:26:44","modified_gmt":"2023-01-05T11:26:44","slug":"universal-tongue","status":"publish","type":"page","link":"https:\/\/schrittmacherfestival.nl\/de\/universal-tongue\/","title":{"rendered":"Universal Tongue"},"content":{"rendered":"\n<h1 class=\"has-black-color has-text-color wp-block-heading\" id=\"hofesh-shechter-company-gbr\"><strong>Anouk Kruithof<\/strong><\/h1>\n\n<p><strong>hal SCHUNCK Glaspaleis<\/strong><br\/><strong>Di 28.02. \u2013 So 02.04.2023<\/strong><br\/><strong>w\u00e4hrend der \u00d6ffnungszeiten <\/strong><br\/><strong>Eintritt frei<\/strong><\/p>\n\n<figure class=\"wp-block-image alignwide size-full\"><img data-recalc-dims=\"1\" fetchpriority=\"high\" decoding=\"async\" width=\"640\" height=\"268\" src=\"https:\/\/i0.wp.com\/schrittmacherfestival.nl\/wp-content\/uploads\/2022\/12\/Anouk-Kruithof-artist-talk-1-e1671181751703-1024x428-1.jpeg?resize=640%2C268&#038;ssl=1\" alt=\"\" class=\"wp-image-5638\" srcset=\"https:\/\/i0.wp.com\/schrittmacherfestival.nl\/wp-content\/uploads\/2022\/12\/Anouk-Kruithof-artist-talk-1-e1671181751703-1024x428-1.jpeg?w=1024&amp;ssl=1 1024w, https:\/\/i0.wp.com\/schrittmacherfestival.nl\/wp-content\/uploads\/2022\/12\/Anouk-Kruithof-artist-talk-1-e1671181751703-1024x428-1.jpeg?resize=300%2C125&amp;ssl=1 300w, https:\/\/i0.wp.com\/schrittmacherfestival.nl\/wp-content\/uploads\/2022\/12\/Anouk-Kruithof-artist-talk-1-e1671181751703-1024x428-1.jpeg?resize=768%2C321&amp;ssl=1 768w, https:\/\/i0.wp.com\/schrittmacherfestival.nl\/wp-content\/uploads\/2022\/12\/Anouk-Kruithof-artist-talk-1-e1671181751703-1024x428-1.jpeg?resize=31%2C13&amp;ssl=1 31w\" sizes=\"(max-width: 640px) 100vw, 640px\" \/><\/figure>\n<hr class=\"wp-block-separator has-css-opacity\"\/>\n\n<p>In Zusammenarbeit mit \u201eSCHUNCK\u201c zeigt schrit_tmacher eine \u00fcberarbeitete Version der gefeierten Tanzvideo-Installation \u201eUniversal Tongue\u201c der bildenden K\u00fcnstlerin Anouk Kruithof (40). Kruithof zeigt in dieser Installation einfallsreiche Loops (von 4 Stunden L\u00e4nge) von 1.000 Tanzstilen aus aller Welt. Vom Paradetanz bis zum Stra\u00dfenauftritt, von der Reise nach Jerusalem bis zum Gabber, vom Limbo bis zum Finger Tutting: obwohl zwischen den einzelnen Bewegungsstilen eine starke Verbundenheit besteht, werden sie von kulturellen Unterschieden gepr\u00e4gt. \u201eEin echter Hochgenuss von unfassbar gekonnt montierten Tanzvideos aus einer megalomanen weltweiten Datenbank\u201c, schrieb die niederl\u00e4ndische Zeitung \u201eDe Volkskrant\u201c \u00fcber das Werk. &#13;\n&#13;\nKruithof lebt und arbeitet in Belgien, den Niederlanden und Surinam und gewann den \u201eInfinity Award New York 2012\u201c, den \u201eCharlotte K\u00f6hler Preis 2014\u201c und den Publikumspreis des \u201eVolkskrant Beeldende Kunstprijs 2016\u201c.&#13;\n<\/p>\n\n<hr class=\"wp-block-separator has-css-opacity\"\/>\n\n<figure class=\"wp-block-gallery has-nested-images columns-default is-cropped wp-block-gallery-1 is-layout-flex wp-block-gallery-is-layout-flex\">\n<figure class=\"wp-block-image size-large\"><img data-recalc-dims=\"1\" decoding=\"async\" width=\"640\" height=\"329\" data-id=\"5633\" src=\"https:\/\/i0.wp.com\/schrittmacherfestival.nl\/wp-content\/uploads\/2022\/12\/Anouk-Kruithof-artist-talk.jpeg?resize=640%2C329&#038;ssl=1\" alt=\"\" class=\"wp-image-5633\" srcset=\"https:\/\/i0.wp.com\/schrittmacherfestival.nl\/wp-content\/uploads\/2022\/12\/Anouk-Kruithof-artist-talk.jpeg?resize=1024%2C527&amp;ssl=1 1024w, https:\/\/i0.wp.com\/schrittmacherfestival.nl\/wp-content\/uploads\/2022\/12\/Anouk-Kruithof-artist-talk.jpeg?resize=300%2C154&amp;ssl=1 300w, https:\/\/i0.wp.com\/schrittmacherfestival.nl\/wp-content\/uploads\/2022\/12\/Anouk-Kruithof-artist-talk.jpeg?resize=768%2C395&amp;ssl=1 768w, https:\/\/i0.wp.com\/schrittmacherfestival.nl\/wp-content\/uploads\/2022\/12\/Anouk-Kruithof-artist-talk.jpeg?resize=1536%2C790&amp;ssl=1 1536w, https:\/\/i0.wp.com\/schrittmacherfestival.nl\/wp-content\/uploads\/2022\/12\/Anouk-Kruithof-artist-talk.jpeg?resize=2048%2C1053&amp;ssl=1 2048w, https:\/\/i0.wp.com\/schrittmacherfestival.nl\/wp-content\/uploads\/2022\/12\/Anouk-Kruithof-artist-talk.jpeg?resize=31%2C16&amp;ssl=1 31w, https:\/\/i0.wp.com\/schrittmacherfestival.nl\/wp-content\/uploads\/2022\/12\/Anouk-Kruithof-artist-talk.jpeg?w=1280&amp;ssl=1 1280w, https:\/\/i0.wp.com\/schrittmacherfestival.nl\/wp-content\/uploads\/2022\/12\/Anouk-Kruithof-artist-talk.jpeg?w=1920&amp;ssl=1 1920w\" sizes=\"(max-width: 640px) 100vw, 640px\" \/><\/figure><\/figure>\n\n<hr class=\"wp-block-separator has-css-opacity\"\/>\n","protected":false},"excerpt":{"rendered":"<p>Anouk Kruithof hal SCHUNCK GlaspaleisDi 28.02. \u2013 So 02.04.2023w\u00e4hrend der \u00d6ffnungszeiten Eintritt frei In Zusammenarbeit mit \u201eSCHUNCK\u201c zeigt schrit_tmacher eine \u00fcberarbeitete Version der gefeierten Tanzvideo-Installation \u201eUniversal Tongue\u201c der bildenden K\u00fcnstlerin Anouk Kruithof (40). Kruithof zeigt in dieser Installation einfallsreiche Loops (von 4 Stunden L\u00e4nge) von 1.000 Tanzstilen aus aller Welt. Vom Paradetanz bis zum Stra\u00dfenauftritt, von der Reise nach Jerusalem [&hellip;]<\/p>\n","protected":false},"author":1,"featured_media":0,"parent":0,"menu_order":0,"comment_status":"closed","ping_status":"closed","template":"","meta":{"_acf_changed":false,"footnotes":""},"class_list":["post-5641","page","type-page","status-publish","hentry"],"aioseo_notices":[],"acf":[],"jetpack_sharing_enabled":true,"_links":{"self":[{"href":"https:\/\/schrittmacherfestival.nl\/de\/wp-json\/wp\/v2\/pages\/5641","targetHints":{"allow":["GET"]}}],"collection":[{"href":"https:\/\/schrittmacherfestival.nl\/de\/wp-json\/wp\/v2\/pages"}],"about":[{"href":"https:\/\/schrittmacherfestival.nl\/de\/wp-json\/wp\/v2\/types\/page"}],"author":[{"embeddable":true,"href":"https:\/\/schrittmacherfestival.nl\/de\/wp-json\/wp\/v2\/users\/1"}],"replies":[{"embeddable":true,"href":"https:\/\/schrittmacherfestival.nl\/de\/wp-json\/wp\/v2\/comments?post=5641"}],"version-history":[{"count":3,"href":"https:\/\/schrittmacherfestival.nl\/de\/wp-json\/wp\/v2\/pages\/5641\/revisions"}],"predecessor-version":[{"id":6133,"href":"https:\/\/schrittmacherfestival.nl\/de\/wp-json\/wp\/v2\/pages\/5641\/revisions\/6133"}],"wp:attachment":[{"href":"https:\/\/schrittmacherfestival.nl\/de\/wp-json\/wp\/v2\/media?parent=5641"}],"curies":[{"name":"wp","href":"https:\/\/api.w.org\/{rel}","templated":true}]}}