{"id":5685,"date":"2022-12-20T09:33:35","date_gmt":"2022-12-20T09:33:35","guid":{"rendered":"https:\/\/schrittmacherfestival.nl\/talk-cathy-levy\/"},"modified":"2023-02-28T08:44:39","modified_gmt":"2023-02-28T08:44:39","slug":"talk-cathy-levy","status":"publish","type":"page","link":"https:\/\/schrittmacherfestival.nl\/de\/talk-cathy-levy\/","title":{"rendered":"Talk &#8211; Cathy Levy"},"content":{"rendered":"\n<h1 class=\"has-black-color has-text-color wp-block-heading\" id=\"hofesh-shechter-company-gbr\">Dance in Canada<\/h1>\n\n<p><strong>Foyer Theater Kerkrade<\/strong><br\/><strong>Do 16.03.2023<\/strong><br\/><strong>19.30 \u2013 20.00 Uhr<\/strong><br\/><strong>Eintritt frei<\/strong><\/p>\n\n<figure class=\"wp-block-image alignwide size-large\"><img data-recalc-dims=\"1\" height=\"268\" width=\"640\" decoding=\"async\" src=\"https:\/\/i0.wp.com\/schrittmacherfestival.nl\/wp-content\/uploads\/2022\/12\/Cathy-Levy3-%C2%A9-Remi-Theriault_jpg-scaled-e1671807380992-1024x428.webp?resize=640%2C268&#038;ssl=1\" alt=\"\" class=\"wp-image-6056\"\/><\/figure>\n<hr class=\"wp-block-separator has-css-opacity\"\/>\n\n<h2 class=\"wp-block-heading\">Englischsprachige Veranstaltung<\/h2>\n\n<p>In diesem Jahr begr\u00fc\u00dft schrit_tmacher drei gro\u00dfe Namen aus Kanada: Marie Chouinard, Louise Lecavalier und Crystal Pite. Das ist Grund genug, auch die Kanadierin Cathy Levy einzuladen, die \u00fcber die Tanzszene in Kanada berichtet. Die Frage lautet, wie sich diese Choreograf*innen zur \u201eneuen\u201c Generation junger kanadischer K\u00fcnstler*innen verhalten und welche Position sie in der kanadischen Tanzlandschaft unter Ber\u00fccksichtigung der Entwicklungen an der West- und Ostk\u00fcste einnehmen. <\/p>\n\n<p>Cathy Levy leitet schon seit zwanzig Jahren die Tanzabteilung des National Arts Centre in Kanada; an dieser multidisziplin\u00e4ren Produktions- und Pr\u00e4sentationsst\u00e4tte spielen die Choreograf:innen der n\u00e4chsten Generation, aber auch das Publikum eine wichtige Rolle. Levy hat sich in der kanadischen und internationalen Tanzszene einen beneidenswerten Ruf erarbeitet und gilt als eine Schl\u00fcsselfigur in der kanadischen und internationalen Tanzwelt. 2019 wurde sie f\u00fcr ihr Engagement in ihrem Bereich zum Mitglied im Orden von Kanada ernannt.<\/p>\n\n<hr class=\"wp-block-separator has-css-opacity\"\/>\n\n<figure class=\"wp-block-gallery has-nested-images columns-default is-cropped wp-block-gallery-1 is-layout-flex wp-block-gallery-is-layout-flex\">\n<figure class=\"wp-block-image size-large\"><img data-recalc-dims=\"1\" decoding=\"async\" data-id=\"5941\" src=\"https:\/\/i0.wp.com\/schrittmacherfestival.nl\/wp-content\/uploads\/2022\/12\/Cathy-Levy-web-%C2%A9-Remi-Theriault_jpg.jpg?w=640&#038;ssl=1\" alt=\"\" class=\"wp-image-5941\"\/><\/figure>\n\n\n<figure class=\"wp-block-image size-large\"><img data-recalc-dims=\"1\" height=\"475\" width=\"640\" decoding=\"async\" data-id=\"6051\" src=\"https:\/\/i0.wp.com\/schrittmacherfestival.nl\/wp-content\/uploads\/2022\/12\/Cathy-Levy3-%C2%A9-Remi-Theriault_jpg-1.jpg?resize=640%2C475&#038;ssl=1\" alt=\"\" class=\"wp-image-6051\"\/><\/figure><\/figure>\n\n<hr class=\"wp-block-separator has-css-opacity\"\/>\n","protected":false},"excerpt":{"rendered":"<p>Dance in Canada Foyer Theater KerkradeDo 16.03.202319.30 \u2013 20.00 UhrEintritt frei Englischsprachige Veranstaltung In diesem Jahr begr\u00fc\u00dft schrit_tmacher drei gro\u00dfe Namen aus Kanada: Marie Chouinard, Louise Lecavalier und Crystal Pite. Das ist Grund genug, auch die Kanadierin Cathy Levy einzuladen, die \u00fcber die Tanzszene in Kanada berichtet. Die Frage lautet, wie sich diese Choreograf*innen zur \u201eneuen\u201c Generation junger kanadischer K\u00fcnstler*innen [&hellip;]<\/p>\n","protected":false},"author":1,"featured_media":0,"parent":0,"menu_order":0,"comment_status":"closed","ping_status":"closed","template":"","meta":{"_acf_changed":false,"footnotes":""},"class_list":["post-5685","page","type-page","status-publish","hentry"],"aioseo_notices":[],"acf":[],"jetpack_sharing_enabled":true,"_links":{"self":[{"href":"https:\/\/schrittmacherfestival.nl\/de\/wp-json\/wp\/v2\/pages\/5685","targetHints":{"allow":["GET"]}}],"collection":[{"href":"https:\/\/schrittmacherfestival.nl\/de\/wp-json\/wp\/v2\/pages"}],"about":[{"href":"https:\/\/schrittmacherfestival.nl\/de\/wp-json\/wp\/v2\/types\/page"}],"author":[{"embeddable":true,"href":"https:\/\/schrittmacherfestival.nl\/de\/wp-json\/wp\/v2\/users\/1"}],"replies":[{"embeddable":true,"href":"https:\/\/schrittmacherfestival.nl\/de\/wp-json\/wp\/v2\/comments?post=5685"}],"version-history":[{"count":13,"href":"https:\/\/schrittmacherfestival.nl\/de\/wp-json\/wp\/v2\/pages\/5685\/revisions"}],"predecessor-version":[{"id":6512,"href":"https:\/\/schrittmacherfestival.nl\/de\/wp-json\/wp\/v2\/pages\/5685\/revisions\/6512"}],"wp:attachment":[{"href":"https:\/\/schrittmacherfestival.nl\/de\/wp-json\/wp\/v2\/media?parent=5685"}],"curies":[{"name":"wp","href":"https:\/\/api.w.org\/{rel}","templated":true}]}}