{"id":5787,"date":"2022-12-21T08:44:04","date_gmt":"2022-12-21T08:44:04","guid":{"rendered":"https:\/\/schrittmacherfestival.nl\/themaprogramma\/"},"modified":"2022-12-22T08:41:40","modified_gmt":"2022-12-22T08:41:40","slug":"themaprogramma","status":"publish","type":"page","link":"https:\/\/schrittmacherfestival.nl\/de\/themaprogramma\/","title":{"rendered":"THEMATISCHES PROGRAMM"},"content":{"rendered":"\n<h1 class=\"has-black-color has-text-color wp-block-heading\" id=\"hofesh-shechter-company-gbr\"><strong>Tanz &amp; Aktualit\u00e4t: der Kampf um Gleichberechtigung<\/strong><\/h1>\n\n<figure class=\"wp-block-image alignwide size-large\"><img data-recalc-dims=\"1\" fetchpriority=\"high\" decoding=\"async\" width=\"640\" height=\"268\" src=\"https:\/\/i0.wp.com\/schrittmacherfestival.nl\/wp-content\/uploads\/2022\/12\/image.png?resize=640%2C268&#038;ssl=1\" alt=\"\" class=\"wp-image-5857\" srcset=\"https:\/\/i0.wp.com\/schrittmacherfestival.nl\/wp-content\/uploads\/2022\/12\/image.png?resize=1024%2C428&amp;ssl=1 1024w, https:\/\/i0.wp.com\/schrittmacherfestival.nl\/wp-content\/uploads\/2022\/12\/image.png?resize=300%2C125&amp;ssl=1 300w, https:\/\/i0.wp.com\/schrittmacherfestival.nl\/wp-content\/uploads\/2022\/12\/image.png?resize=768%2C321&amp;ssl=1 768w, https:\/\/i0.wp.com\/schrittmacherfestival.nl\/wp-content\/uploads\/2022\/12\/image.png?resize=31%2C13&amp;ssl=1 31w, https:\/\/i0.wp.com\/schrittmacherfestival.nl\/wp-content\/uploads\/2022\/12\/image.png?w=1200&amp;ssl=1 1200w\" sizes=\"(max-width: 640px) 100vw, 640px\" \/><\/figure>\n<hr class=\"wp-block-separator has-css-opacity\"\/>\n\n<p>Mit Marie Chouinard, Crystal Pite\/Yonathon Young, Louise Lecavalier, Robyn Orlin und Koen Augustijnen\/Rosalba Torres Guerrero pr\u00e4sentiert schrit_tmacher f\u00fcnf engagierte Choreograf*innen, die in ihrem Werk die Missst\u00e4nde offenlegen, die zu Ungleichheit f\u00fchren. Sie stellen Perspektiven auf (mangelnde) Gleichberechtigung in den Vordergrund. <\/p>\n\n<p>Die Kanadierin Marie Chouinard thematisiert offensiv sexuelle und genderbezogene Ungleichheit, Crystal Pite und Jonathon Young zeigen, wie gro\u00df das Machtgef\u00e4lle ist, und Louise Lecavalier zeigt, warum Alter keine Rolle spielen muss. Die kontrovers diskutierte Choreografin Robyn Orlin aus S\u00fcdafrika, die das Apartheidsregime selbst erlebt hat, zeigt, wie wir die Dehumanisierung von gesellschaftlich benachteiligten Menschen vermeiden k\u00f6nnen, w\u00e4hrend Koen Augustijnen aus Belgien und die franz\u00f6sisch-spanisch-schweizerische T\u00e4nzerin Rosalba Torres Guerrero in eine Welt eintauchen, in der Elend ungleich verteilt ist. Bei den anschlie\u00dfenden Diskussionsrunden, an denen die K\u00fcnstler*innen (vorwiegend) live teilnehmen werden, aber auch in Online-Videokonferenzen, stellt schrit_tmacher die schmerzhaften Unterschiede zur Diskussion und zeigt, was diese f\u00fcnf Vorstellungen gemein haben. <\/p>\n\n<p><strong><em>Das thematische Programm umfasst unter anderem folgende Punkte:<\/em><\/strong><\/p>\n\n<p>Marie Chouinard (CDN) <a href=\"https:\/\/schrittmacherfestival.nl\/de\/radical-vitality\/\" title=\"\">\u201cRadical Vitality\u201d<\/a>\u00a0\u00a0\u00a0\u00a0\u00a0\u00a0\u00a0\u00a0\u00a0\u00a0\u00a0\u00a0\u00a0\u00a0\u00a0\u00a0\u00a0\u00a0\u00a0\u00a0\u00a0\u00a0\u00a0\u00a0\u00a0\u00a0\u00a0\u00a0\u00a0\u00a0\u00a0\u00a0\u00a0\u00a0\u00a0\u00a0\u00a0\u00a0\u00a0\u00a0\u00a0\u00a0\u00a0\u00a0\u00a0\u00a0\u00a0\u00a0\u00a0\u00a0\u00a0\u00a0\u00a0\u00a0<br\/>Koen Augustijnen (B) en Rosalba Torres Guerrero (E) <a href=\"https:\/\/schrittmacherfestival.nl\/de\/lamenta\/\" title=\"\">&#8222;Lamenta&#8220;\u00a0<\/a>\u00a0\u00a0\u00a0\u00a0\u00a0\u00a0\u00a0\u00a0\u00a0\u00a0\u00a0\u00a0\u00a0\u00a0\u00a0<br\/>Louise Lecavalier (CDN) <a href=\"https:\/\/schrittmacherfestival.nl\/de\/stations\/\" title=\"\">\u201cStations\u201d<\/a> \u00a0\u00a0     \u00a0\u00a0\u00a0\u00a0\u00a0\u00a0\u00a0\u00a0\u00a0\u00a0\u00a0\u00a0\u00a0\u00a0\u00a0\u00a0\u00a0\u00a0\u00a0\u00a0\u00a0\u00a0\u00a0\u00a0\u00a0\u00a0\u00a0\u00a0\u00a0\u00a0\u00a0\u00a0\u00a0\u00a0\u00a0\u00a0\u00a0\u00a0\u00a0\u00a0\u00a0\u00a0\u00a0\u00a0\u00a0\u00a0\u00a0\u00a0\u00a0\u00a0\u00a0\u00a0\u00a0\u00a0\u00a0\u00a0\u00a0\u00a0\u00a0\u00a0 <br\/>Robyn Orlin (ZA) <a href=\"https:\/\/schrittmacherfestival.nl\/de\/we-wear-our-wheels-with-pride-and-slap-your-streets-with-color\/\" title=\"\">\u201cWe wear our wheel with pride\u2026\u201d<\/a>\u00a0\u00a0\u00a0\u00a0\u00a0\u00a0\u00a0\u00a0\u00a0\u00a0\u00a0\u00a0\u00a0\u00a0\u00a0\u00a0\u00a0\u00a0\u00a0\u00a0\u00a0\u00a0\u00a0\u00a0\u00a0\u00a0\u00a0 \u00a0\u00a0\u00a0\u00a0\u00a0\u00a0\u00a0\u00a0\u00a0\u00a0\u00a0<br\/>Crystal Pite (CDN) en Jonathon Young <a href=\"https:\/\/schrittmacherfestival.nl\/de\/revisor\/\" title=\"\">\u201cRevisor\u201d<\/a> \u00a0\u00a0\u00a0\u00a0\u00a0\u00a0\u00a0\u00a0\u00a0\u00a0\u00a0\u00a0\u00a0\u00a0\u00a0\u00a0\u00a0\u00a0\u00a0\u00a0 \u00a0\u00a0\u00a0\u00a0\u00a0\u00a0\u00a0\u00a0\u00a0\u00a0\u00a0\u00a0\u00a0\u00a0\u00a0\u00a0\u00a0\u00a0\u00a0\u00a0\u00a0\u00a0<br\/><br\/>Die Diskussionsrunden finden unmittelbar im Anschluss an die Vorstellung im Saal unter Leitung der Moderatorin Annette Embrechts statt.<\/p>\n\n<hr class=\"wp-block-separator has-css-opacity\"\/>\n","protected":false},"excerpt":{"rendered":"<p>Tanz &amp; Aktualit\u00e4t: der Kampf um Gleichberechtigung Mit Marie Chouinard, Crystal Pite\/Yonathon Young, Louise Lecavalier, Robyn Orlin und Koen Augustijnen\/Rosalba Torres Guerrero pr\u00e4sentiert schrit_tmacher f\u00fcnf engagierte Choreograf*innen, die in ihrem Werk die Missst\u00e4nde offenlegen, die zu Ungleichheit f\u00fchren. Sie stellen Perspektiven auf (mangelnde) Gleichberechtigung in den Vordergrund. Die Kanadierin Marie Chouinard thematisiert offensiv sexuelle und genderbezogene Ungleichheit, Crystal Pite und [&hellip;]<\/p>\n","protected":false},"author":1,"featured_media":0,"parent":0,"menu_order":0,"comment_status":"closed","ping_status":"closed","template":"","meta":{"_acf_changed":false,"footnotes":""},"class_list":["post-5787","page","type-page","status-publish","hentry"],"aioseo_notices":[],"acf":[],"jetpack_sharing_enabled":true,"_links":{"self":[{"href":"https:\/\/schrittmacherfestival.nl\/de\/wp-json\/wp\/v2\/pages\/5787","targetHints":{"allow":["GET"]}}],"collection":[{"href":"https:\/\/schrittmacherfestival.nl\/de\/wp-json\/wp\/v2\/pages"}],"about":[{"href":"https:\/\/schrittmacherfestival.nl\/de\/wp-json\/wp\/v2\/types\/page"}],"author":[{"embeddable":true,"href":"https:\/\/schrittmacherfestival.nl\/de\/wp-json\/wp\/v2\/users\/1"}],"replies":[{"embeddable":true,"href":"https:\/\/schrittmacherfestival.nl\/de\/wp-json\/wp\/v2\/comments?post=5787"}],"version-history":[{"count":10,"href":"https:\/\/schrittmacherfestival.nl\/de\/wp-json\/wp\/v2\/pages\/5787\/revisions"}],"predecessor-version":[{"id":5868,"href":"https:\/\/schrittmacherfestival.nl\/de\/wp-json\/wp\/v2\/pages\/5787\/revisions\/5868"}],"wp:attachment":[{"href":"https:\/\/schrittmacherfestival.nl\/de\/wp-json\/wp\/v2\/media?parent=5787"}],"curies":[{"name":"wp","href":"https:\/\/api.w.org\/{rel}","templated":true}]}}