{"id":6397,"date":"2023-02-07T11:07:57","date_gmt":"2023-02-07T11:07:57","guid":{"rendered":"https:\/\/schrittmacherfestival.nl\/ontvang-onze-nieuwsbrief\/"},"modified":"2025-05-20T05:29:53","modified_gmt":"2025-05-20T05:29:53","slug":"newsletter","status":"publish","type":"page","link":"https:\/\/schrittmacherfestival.nl\/de\/newsletter\/","title":{"rendered":"NEWSLETTER"},"content":{"rendered":"\n<figure class=\"wp-block-image alignwide size-full\"><img data-recalc-dims=\"1\" decoding=\"async\" src=\"https:\/\/i0.wp.com\/schrittmacherfestival.nl\/wp-content\/uploads\/2025\/05\/in-c_sasha-waltz-guests_terry-riley_ensemble%C2%A9yanina-isla_0603-1-scaled-e1747718235148.jpg?w=640&#038;ssl=1\" alt=\"\" class=\"wp-image-11689\"\/><\/figure>\n\n<hr class=\"wp-block-separator has-css-opacity\"\/>\n\n<h2 class=\"wp-block-heading\">Melden Sie sich hier an f\u00fcr unseren Newsletter und bleiben Sie \u00fcber Neuigkeiten, Tipps und vieles mehr auf dem Laufenden!<\/h2>\n\n\t<div class=\"wp-block-jetpack-mailchimp\" data-blog-id=\"193188319\">\n\t\t<form\n\t\t\taria-describedby=\"wp-block-jetpack-mailchimp_consent-text\"\n\t\t\t\t\t>\n\t\t\t<p>\n\t\t\t\t<input\n\t\t\t\t\taria-label=\"Voer je e-mail in\"\n\t\t\t\t\tplaceholder=\"Voer je e-mail in\"\n\t\t\t\t\trequired\n\t\t\t\t\ttitle=\"Voer je e-mail in\"\n\t\t\t\t\ttype=\"email\"\n\t\t\t\t\tname=\"email\"\n\t\t\t\t\/>\n\t\t\t<\/p>\n\t\t\t\t\t\t\t\t\t\n<div class=\"wp-block-jetpack-mailchimp\"><div class=\"wp-block-jetpack-button wp-block-button\" style=\"\"><button class=\"wp-block-button__link has-text-color has-white-color has-background has-black-background-color\" style=\"\" data-id-attr=\"mailchimp-button-block-1\" id=\"mailchimp-button-block-1\" type=\"submit\" data-wp-class--is-submitting=\"state.isSubmitting\" data-wp-bind--aria-disabled=\"state.isAriaDisabled\"><strong>Best\u00e4tigen Sie Ihre E-Mail-Adresse<\/strong><span class=\"spinner\" aria-hidden=\"true\"><svg width=\"24\" height=\"24\" viewBox=\"0 0 24 24\" xmlns=\"http:\/\/www.w3.org\/2000\/svg\"><path d=\"M12,1A11,11,0,1,0,23,12,11,11,0,0,0,12,1Zm0,19a8,8,0,1,1,8-8A8,8,0,0,1,12,20Z\" opacity=\".25\"\/><path d=\"M10.14,1.16a11,11,0,0,0-9,8.92A1.59,1.59,0,0,0,2.46,12,1.52,1.52,0,0,0,4.11,10.7a8,8,0,0,1,6.66-6.61A1.42,1.42,0,0,0,12,2.69h0A1.57,1.57,0,0,0,10.14,1.16Z\"><animateTransform attributeName=\"transform\" type=\"rotate\" dur=\"0.75s\" values=\"0 12 12;360 12 12\" repeatCount=\"indefinite\"\/><\/path><\/svg><span class=\"is-visually-hidden\">Einreichungsformular<\/span><\/span><\/button><\/div><\/div>\n\t\t\t<p id=\"wp-block-jetpack-mailchimp_consent-text\">\n\t\t\t\t\t\t\t<\/p>\n\n\t\t\t\n\t\t<\/form>\n\t\t\n\t\t\t<div class=\"wp-block-jetpack-mailchimp_notification wp-block-jetpack-mailchimp_processing\" role=\"status\">\n\t\t\t\tBezig met verwerken \u2026\t\t\t<\/div>\n\t\t\t<div class=\"wp-block-jetpack-mailchimp_notification wp-block-jetpack-mailchimp_success\" role=\"status\">\n\t\t\t\tGelukt! Je staat op de lijst.\t\t\t<\/div>\n\t\t\t<div class=\"wp-block-jetpack-mailchimp_notification wp-block-jetpack-mailchimp_error\" role=\"alert\">\n\t\t\t\tEr is een fout opgetreden en we konden je aanmelding niet verwerken. Laad de pagina opnieuw en probeer het opnieuw.\t\t\t<\/div>\n\n\t\t\t<\/div>\n\t\n<hr class=\"wp-block-separator has-css-opacity\"\/>\n\n<p>Indem Sie auf Best\u00e4tigen klicken, stimmen Sie zu, dass Ihre E-Mail-Adresse in unseren Verteiler aufgenommen wird und Sie \u00fcber alle Neuigkeiten rund ums schrit_tmacher <em>Just dance! <\/em>Festival informiert werden.<\/p>\n\n<hr class=\"wp-block-separator has-css-opacity\"\/>\n","protected":false},"excerpt":{"rendered":"<p>Melden Sie sich hier an f\u00fcr unseren Newsletter und bleiben Sie \u00fcber Neuigkeiten, Tipps und vieles mehr auf dem Laufenden! Indem Sie auf Best\u00e4tigen klicken, stimmen Sie zu, dass Ihre E-Mail-Adresse in unseren Verteiler aufgenommen wird und Sie \u00fcber alle Neuigkeiten rund ums schrit_tmacher Just dance! Festival informiert werden.<\/p>\n","protected":false},"author":1,"featured_media":0,"parent":0,"menu_order":0,"comment_status":"closed","ping_status":"closed","template":"","meta":{"_acf_changed":false,"footnotes":""},"class_list":["post-6397","page","type-page","status-publish","hentry"],"aioseo_notices":[],"acf":[],"jetpack_sharing_enabled":true,"_links":{"self":[{"href":"https:\/\/schrittmacherfestival.nl\/de\/wp-json\/wp\/v2\/pages\/6397","targetHints":{"allow":["GET"]}}],"collection":[{"href":"https:\/\/schrittmacherfestival.nl\/de\/wp-json\/wp\/v2\/pages"}],"about":[{"href":"https:\/\/schrittmacherfestival.nl\/de\/wp-json\/wp\/v2\/types\/page"}],"author":[{"embeddable":true,"href":"https:\/\/schrittmacherfestival.nl\/de\/wp-json\/wp\/v2\/users\/1"}],"replies":[{"embeddable":true,"href":"https:\/\/schrittmacherfestival.nl\/de\/wp-json\/wp\/v2\/comments?post=6397"}],"version-history":[{"count":15,"href":"https:\/\/schrittmacherfestival.nl\/de\/wp-json\/wp\/v2\/pages\/6397\/revisions"}],"predecessor-version":[{"id":11725,"href":"https:\/\/schrittmacherfestival.nl\/de\/wp-json\/wp\/v2\/pages\/6397\/revisions\/11725"}],"wp:attachment":[{"href":"https:\/\/schrittmacherfestival.nl\/de\/wp-json\/wp\/v2\/media?parent=6397"}],"curies":[{"name":"wp","href":"https:\/\/api.w.org\/{rel}","templated":true}]}}