{"id":6442,"date":"2021-05-18T09:40:08","date_gmt":"2021-05-18T09:40:08","guid":{"rendered":"https:\/\/schrittmacherfestival.nl\/privacy-policy\/"},"modified":"2025-05-20T05:32:54","modified_gmt":"2025-05-20T05:32:54","slug":"privacy-policy","status":"publish","type":"page","link":"https:\/\/schrittmacherfestival.nl\/de\/privacy-policy\/","title":{"rendered":"PRIVACY"},"content":{"rendered":"\n<figure class=\"wp-block-image alignwide size-full\"><img data-recalc-dims=\"1\" decoding=\"async\" src=\"https:\/\/i0.wp.com\/schrittmacherfestival.nl\/wp-content\/uploads\/2025\/05\/in-c_sasha-waltz-guests_terry-riley_ensemble%C2%A9yanina-isla_0603-1-scaled-e1747718235148.jpg?w=640&#038;ssl=1\" alt=\"\" class=\"wp-image-11689\"\/><\/figure>\n\n<hr class=\"wp-block-separator has-css-opacity\"\/>\n\n<p><strong>Cookie-Einstellungen<\/strong><\/p>\n\n<p>Bei einem Besuch unserer Website wird Ihre IP-Adresse von schrit_tmacher gespeichert. Durch Ihre Cookie-Einstellungen k\u00f6nnen Sie bestimmen, in welchem Umfang die gespeicherten Daten genutzt werden. Die Einstellungen werden immer unten auf der Seite angezeigt und k\u00f6nnen dort kontrolliert und angepasst werden. Verbesserung unserer Website auf der Grundlage analytischer Daten: schrit_tmacher verwendet Cookies und Google Analytics, damit die Website und der E-Mail-Verkehr besser funktionieren. Dabei werden Daten in anonymisierter Form verwendet. Au\u00dferdem verwendet schrit_tmacher Cookies, um das Verhalten der Besucher auf der Website zu analysieren. Dadurch sind wir in der Lage, Ihnen beim Besuch der Website eine bessere Nutzererfahrung zu bieten. Dies tr\u00e4gt auch dazu bei, dass die Website besser auf Ihre Interessen abgestimmt werden kann. <\/p>\n\n<p><strong>Cookies und Google Analytics<\/strong><\/p>\n\n<p><strong>Cookies<\/strong><\/p>\n\n<p>schrit_tmacher verwendet Cookies. Ein Cookie ist eine kleine Textdatei, die beim ersten Besuch unserer Website im Browser Ihres Computers, Tablets oder Smartphones abgelegt wird. Einige Cookies werden aus rein technischen Gr\u00fcnden genutzt. Sie sorgen daf\u00fcr, dass die Website ordnungsgem\u00e4\u00df funktioniert, optimieren die Website und speichern Ihre individuellen Einstellungen. Andere Cookies werden verwendet, um das Verhalten von Website-Besuchern zu registrieren, und Social-Media-Cookies werden genutzt, um auf unserer Website Social-Network-Inhalte zu zeigen. Das sind sog. \u201ePr\u00e4ferenz\u201c- und \u201eMarketing\u201c-Cookies. Bevor diese Cookies platziert werden, bitten wir Sie immer um Ihre Zustimmung.<\/p>\n\n<p>Bei Ihrem ersten Besuch und\/oder weiteren Besuchen unserer Website werden wir Sie \u00fcber diese Cookies informieren und um Ihre Zustimmung zum Ablegen der Cookies bitten. Die Cookie-Erkl\u00e4rung enth\u00e4lt eine \u00dcbersicht \u00fcber alle Cookies und bietet Ihnen die M\u00f6glichkeit, Ihre Einstellungen jederzeit zu \u00e4ndern. <\/p>\n\n<p><strong>Marketing<\/strong><\/p>\n\n<p>Marketing-Cookies werden verwendet, um (auf der Grundlage des fr\u00fcheren Kaufverhaltens und Verhaltens auf Websites) ein Profil der Besucher zu erstellen, das es erm\u00f6glicht, gezielte Anzeigen zu zeigen. Auf diese Weise k\u00f6nnen wir Ihnen auf unserer Website Dienstleistungen anbieten, die zu Ihrem pers\u00f6nlichen Profil passen, oder Werbung auf anderen Websites zeigen. <\/p>\n\n<p>\u00dcber die Einstellungen Ihres Browsers k\u00f6nnen Sie alle zu einem fr\u00fcheren Zeitpunkt gespeicherten Informationen l\u00f6schen. Siehe hier <a href=\"https:\/\/veiliginternetten.nl\/\" target=\"_blank\" rel=\"noopener\" title=\"\">https:\/\/veiliginternetten.nl\/themes\/situation\/cookies-wat-zijn-het-en-wat-doe-ik-ermee\/<\/a> zur Erkl\u00e4rung.&#13;\n<\/p>\n\n<p><strong>Google<\/strong><\/p>\n\n<p>Wenn Sie diese analytischen Cookies akzeptieren, teilt schrit_tmacher Ihre Daten mit Google Analytics. Parkstad Limburg Theaters hat zu diesem Zweck einen Datenverarbeitungsvertrag mit Google geschlossen. Der Vertrag enth\u00e4lt strikte Vereinbarungen dar\u00fcber, welche Daten Google erheben darf. Au\u00dferdem anonymisiert Google Ihre IP-Adresse, sodass Google Sie nicht mehr anhand Ihrer IP-Adresse identifizieren kann. Google darf die erhaltenen Daten weder f\u00fcr andere Google-Dienstleistungen nutzen noch an Dritte weitergeben. <\/p>\n\n<p><strong>Meta<\/strong><\/p>\n\n<p>Meta ist der Mutterkonzern von Facebook und Instagram. Marketing-Cookies werden von Meta abgelegt, um auf anderen Websites, beispielsweise Facebook und Instagram selbst, gezieltere personalisierte und relevante Werbung zeigen zu k\u00f6nnen. Wenn Sie Marketing-Cookies akzeptieren, teilt schrit_tmacher Daten mit Meta. Zu diesem Zweck hat schrit_tmacher einen Datenverarbeitungsvertrag mit Meta geschlossen. Meta darf die erhaltenen Daten weder f\u00fcr andere Dienstleistungen nutzen noch an Dritte weitergeben.<\/p>\n\n<hr class=\"wp-block-separator has-css-opacity\"\/>\n\n<figure class=\"wp-block-image alignwide size-large is-style-rounded\"><a href=\"https:\/\/schrittmacherfestival.nl\/de\/newsletter\/\"><img data-recalc-dims=\"1\" fetchpriority=\"high\" decoding=\"async\" width=\"640\" height=\"251\" src=\"https:\/\/i0.wp.com\/schrittmacherfestival.nl\/wp-content\/uploads\/2024\/05\/Nieuwsbrief-banner-DEF.jpeg?resize=640%2C251&#038;ssl=1\" alt=\"\" class=\"wp-image-9119\" srcset=\"https:\/\/i0.wp.com\/schrittmacherfestival.nl\/wp-content\/uploads\/2024\/05\/Nieuwsbrief-banner-DEF.jpeg?resize=1024%2C402&amp;ssl=1 1024w, https:\/\/i0.wp.com\/schrittmacherfestival.nl\/wp-content\/uploads\/2024\/05\/Nieuwsbrief-banner-DEF.jpeg?resize=300%2C118&amp;ssl=1 300w, https:\/\/i0.wp.com\/schrittmacherfestival.nl\/wp-content\/uploads\/2024\/05\/Nieuwsbrief-banner-DEF.jpeg?resize=768%2C302&amp;ssl=1 768w, https:\/\/i0.wp.com\/schrittmacherfestival.nl\/wp-content\/uploads\/2024\/05\/Nieuwsbrief-banner-DEF.jpeg?resize=1536%2C603&amp;ssl=1 1536w, https:\/\/i0.wp.com\/schrittmacherfestival.nl\/wp-content\/uploads\/2024\/05\/Nieuwsbrief-banner-DEF.jpeg?resize=31%2C12&amp;ssl=1 31w, https:\/\/i0.wp.com\/schrittmacherfestival.nl\/wp-content\/uploads\/2024\/05\/Nieuwsbrief-banner-DEF.jpeg?w=1772&amp;ssl=1 1772w, https:\/\/i0.wp.com\/schrittmacherfestival.nl\/wp-content\/uploads\/2024\/05\/Nieuwsbrief-banner-DEF.jpeg?w=1280&amp;ssl=1 1280w\" sizes=\"(max-width: 640px) 100vw, 640px\" \/><\/a><\/figure>\n\n<hr class=\"wp-block-separator has-css-opacity\"\/>\n","protected":false},"excerpt":{"rendered":"<p>Cookie-Einstellungen Bei einem Besuch unserer Website wird Ihre IP-Adresse von schrit_tmacher gespeichert. Durch Ihre Cookie-Einstellungen k\u00f6nnen Sie bestimmen, in welchem Umfang die gespeicherten Daten genutzt werden. Die Einstellungen werden immer unten auf der Seite angezeigt und k\u00f6nnen dort kontrolliert und angepasst werden. Verbesserung unserer Website auf der Grundlage analytischer Daten: schrit_tmacher verwendet Cookies und Google Analytics, damit die Website und [&hellip;]<\/p>\n","protected":false},"author":1,"featured_media":0,"parent":0,"menu_order":0,"comment_status":"closed","ping_status":"closed","template":"","meta":{"_acf_changed":false,"footnotes":""},"class_list":["post-6442","page","type-page","status-publish","hentry"],"aioseo_notices":[],"acf":[],"jetpack_sharing_enabled":true,"_links":{"self":[{"href":"https:\/\/schrittmacherfestival.nl\/de\/wp-json\/wp\/v2\/pages\/6442","targetHints":{"allow":["GET"]}}],"collection":[{"href":"https:\/\/schrittmacherfestival.nl\/de\/wp-json\/wp\/v2\/pages"}],"about":[{"href":"https:\/\/schrittmacherfestival.nl\/de\/wp-json\/wp\/v2\/types\/page"}],"author":[{"embeddable":true,"href":"https:\/\/schrittmacherfestival.nl\/de\/wp-json\/wp\/v2\/users\/1"}],"replies":[{"embeddable":true,"href":"https:\/\/schrittmacherfestival.nl\/de\/wp-json\/wp\/v2\/comments?post=6442"}],"version-history":[{"count":9,"href":"https:\/\/schrittmacherfestival.nl\/de\/wp-json\/wp\/v2\/pages\/6442\/revisions"}],"predecessor-version":[{"id":11733,"href":"https:\/\/schrittmacherfestival.nl\/de\/wp-json\/wp\/v2\/pages\/6442\/revisions\/11733"}],"wp:attachment":[{"href":"https:\/\/schrittmacherfestival.nl\/de\/wp-json\/wp\/v2\/media?parent=6442"}],"curies":[{"name":"wp","href":"https:\/\/api.w.org\/{rel}","templated":true}]}}