{"id":7011,"date":"2023-08-31T09:52:20","date_gmt":"2023-08-31T09:52:20","guid":{"rendered":"https:\/\/schrittmacherfestival.nl\/far-from-the-norm-botis-seva\/"},"modified":"2024-02-15T09:34:53","modified_gmt":"2024-02-15T09:34:53","slug":"far-from-the-norm-botis-seva","status":"publish","type":"page","link":"https:\/\/schrittmacherfestival.nl\/de\/far-from-the-norm-botis-seva\/","title":{"rendered":"Until we sleep"},"content":{"rendered":"\n<h1 class=\"wp-block-heading has-black-color has-text-color\" id=\"hofesh-shechter-company-gbr\">Far From the Norm \/ Botis Seva (GB)<\/h1>\n\n<p><strong>THEATER KERKRADE<\/strong><br\/><strong>Mo 26.02.2024<\/strong><br\/><strong>20.00 Uhr<\/strong><br\/><strong>Von 21,- \u20ac<\/strong><\/p>\n\n<figure class=\"wp-block-image alignwide size-large\"><img data-recalc-dims=\"1\" height=\"260\" width=\"640\" decoding=\"async\" src=\"https:\/\/i0.wp.com\/schrittmacherfestival.nl\/wp-content\/uploads\/2024\/02\/fftn_untilwesleep_1380_camilla_greenwell.1230x500.jpg?resize=640%2C260&#038;ssl=1\" alt=\"\" class=\"wp-image-8676\"\/><\/figure>\n\n<hr class=\"wp-block-separator has-css-opacity\"\/>\n\n<p>Was bedeuten Ethnizit\u00e4t und Kultur in der heutigen Welt? Der mit&#13;\neinem Olivier Award ausgezeichnete Tanzku\u0308nstler Botis Seva ist ein&#13;\nwichtiger Vertreter des internationalen Hip-Hop-Tanztheaters.&#13;\nSeine Tanzsprache, die zu gleichen Teilen auf Hip-Hop, physischem&#13;\nTheater, modernem Tanz und Film basiert, macht seine Vorstellungen&#13;\nzu visuellen Kunstwerken, die soziale Themen in den Vordergrund&#13;\nru\u0308cken. Mit den Erz\u00e4hlungen \u00e4lterer Generationen und kolonisierter&#13;\nK\u00f6rper pr\u00e4sentieren Seva und seine T\u00e4nzer*innen in \u201eUntil&#13;\nwe sleep\u201c eine gnadenlose Welt, die aus den Fugen bricht. Viele&#13;\nverschiedene Tanzstile von Popping u\u0308ber Breaking und Krump bis&#13;\nHouse werden kombiniert zu einer Welt, in der dunkle koloniale&#13;\nGeheimnisse ans Licht kommen: \u201eWir bauen, vernichten, hassen,&#13;\nlieben und machen weiter, aber manche von uns vergessen nicht.\u201c<\/p>\n\n<p> <\/p>\n\n<h3 class=\"wp-block-heading\"> <\/h3>\n\n<p> <\/p>\n\n<p> <\/p>\n\n<p>~ 60 min. ohne Pause<br\/><br\/>19.00 Uhr MFzaal Einfu\u0308hrung [nl]<br\/>Mit anschlie\u00dfender Diskussion [eng]<\/p>\n\n<p><strong>vr 23.02.2024<\/strong><br\/><a href=\"https:\/\/www.plt.nl\/bestel\/11369\" target=\"_blank\" rel=\"noopener\" title=\"\">Workshop<\/a><\/p>\n\n<hr class=\"wp-block-separator has-css-opacity\"\/>\n\n<div class=\"wp-block-buttons is-horizontal is-content-justification-center is-layout-flex wp-container-core-buttons-is-layout-499968f5 wp-block-buttons-is-layout-flex\">\n<div class=\"wp-block-button\"><a class=\"wp-block-button__link has-white-color has-black-background-color has-text-color has-background wp-element-button\" href=\"https:\/\/www.plt.nl\/bestel\/11276\" target=\"_blank\" rel=\"noreferrer noopener\"><strong>Tickets Mo 26.02 | 20.00 Uhr<\/strong><\/a><\/div>\n<\/div>\n\n<hr class=\"wp-block-separator has-css-opacity\"\/>\n\n<figure class=\"wp-block-embed is-type-video is-provider-youtube wp-block-embed-youtube wp-embed-aspect-16-9 wp-has-aspect-ratio\"><div class=\"wp-block-embed__wrapper\">\r\n<iframe  id=\"_ytid_10525\"  width=\"640\" height=\"360\"  data-origwidth=\"640\" data-origheight=\"360\" src=\"https:\/\/www.youtube.com\/embed\/zfoT29H-ESU?enablejsapi=1&#038;list=PLSsRnLA54FTGO0xjmtsLCiJtG9dHn_CBn&#038;index=3&#038;autoplay=0&#038;cc_load_policy=0&#038;cc_lang_pref=&#038;iv_load_policy=1&#038;loop=0&#038;rel=1&#038;fs=1&#038;playsinline=0&#038;autohide=2&#038;theme=dark&#038;color=red&#038;controls=1&#038;disablekb=0&#038;\" class=\"__youtube_prefs__  epyt-is-override  no-lazyload\" title=\"YouTube player\"  allow=\"fullscreen; accelerometer; autoplay; clipboard-write; encrypted-media; gyroscope; picture-in-picture; web-share\" referrerpolicy=\"strict-origin-when-cross-origin\" allowfullscreen data-no-lazy=\"1\" data-skipgform_ajax_framebjll=\"\"><\/iframe>\n<\/div><\/figure>\r\n\n<hr class=\"wp-block-separator has-css-opacity\"\/>\n\n<figure class=\"wp-block-gallery has-nested-images columns-default is-cropped wp-block-gallery-1 is-layout-flex wp-block-gallery-is-layout-flex\">\n<figure class=\"wp-block-image size-large\"><img data-recalc-dims=\"1\" fetchpriority=\"high\" decoding=\"async\" width=\"640\" height=\"895\" data-id=\"8669\" src=\"https:\/\/i0.wp.com\/schrittmacherfestival.nl\/wp-content\/uploads\/2024\/02\/fftn_untilwesleep_6167_camilla_greenwell.1280x1280.jpg?resize=640%2C895&#038;ssl=1\" alt=\"\" class=\"wp-image-8669\" srcset=\"https:\/\/i0.wp.com\/schrittmacherfestival.nl\/wp-content\/uploads\/2024\/02\/fftn_untilwesleep_6167_camilla_greenwell.1280x1280.jpg?resize=732%2C1024&amp;ssl=1 732w, https:\/\/i0.wp.com\/schrittmacherfestival.nl\/wp-content\/uploads\/2024\/02\/fftn_untilwesleep_6167_camilla_greenwell.1280x1280.jpg?resize=214%2C300&amp;ssl=1 214w, https:\/\/i0.wp.com\/schrittmacherfestival.nl\/wp-content\/uploads\/2024\/02\/fftn_untilwesleep_6167_camilla_greenwell.1280x1280.jpg?resize=768%2C1074&amp;ssl=1 768w, https:\/\/i0.wp.com\/schrittmacherfestival.nl\/wp-content\/uploads\/2024\/02\/fftn_untilwesleep_6167_camilla_greenwell.1280x1280.jpg?resize=19%2C27&amp;ssl=1 19w, https:\/\/i0.wp.com\/schrittmacherfestival.nl\/wp-content\/uploads\/2024\/02\/fftn_untilwesleep_6167_camilla_greenwell.1280x1280.jpg?w=915&amp;ssl=1 915w\" sizes=\"(max-width: 640px) 100vw, 640px\" \/><\/figure>\n\n\n\n<figure class=\"wp-block-image size-large\"><img data-recalc-dims=\"1\" decoding=\"async\" width=\"640\" height=\"895\" data-id=\"8671\" src=\"https:\/\/i0.wp.com\/schrittmacherfestival.nl\/wp-content\/uploads\/2024\/02\/fftn_untilwesleep_6356_camilla_greenwell.1280x1280.jpg?resize=640%2C895&#038;ssl=1\" alt=\"\" class=\"wp-image-8671\" srcset=\"https:\/\/i0.wp.com\/schrittmacherfestival.nl\/wp-content\/uploads\/2024\/02\/fftn_untilwesleep_6356_camilla_greenwell.1280x1280.jpg?resize=732%2C1024&amp;ssl=1 732w, https:\/\/i0.wp.com\/schrittmacherfestival.nl\/wp-content\/uploads\/2024\/02\/fftn_untilwesleep_6356_camilla_greenwell.1280x1280.jpg?resize=214%2C300&amp;ssl=1 214w, https:\/\/i0.wp.com\/schrittmacherfestival.nl\/wp-content\/uploads\/2024\/02\/fftn_untilwesleep_6356_camilla_greenwell.1280x1280.jpg?resize=768%2C1074&amp;ssl=1 768w, https:\/\/i0.wp.com\/schrittmacherfestival.nl\/wp-content\/uploads\/2024\/02\/fftn_untilwesleep_6356_camilla_greenwell.1280x1280.jpg?resize=19%2C27&amp;ssl=1 19w, https:\/\/i0.wp.com\/schrittmacherfestival.nl\/wp-content\/uploads\/2024\/02\/fftn_untilwesleep_6356_camilla_greenwell.1280x1280.jpg?w=915&amp;ssl=1 915w\" sizes=\"(max-width: 640px) 100vw, 640px\" \/><\/figure>\n\n\n\n<figure class=\"wp-block-image size-large\"><img data-recalc-dims=\"1\" decoding=\"async\" width=\"640\" height=\"958\" data-id=\"8673\" src=\"https:\/\/i0.wp.com\/schrittmacherfestival.nl\/wp-content\/uploads\/2024\/02\/fftn_untilwesleep_6828_camilla_greenwell.1280x1280.jpg?resize=640%2C958&#038;ssl=1\" alt=\"\" class=\"wp-image-8673\" srcset=\"https:\/\/i0.wp.com\/schrittmacherfestival.nl\/wp-content\/uploads\/2024\/02\/fftn_untilwesleep_6828_camilla_greenwell.1280x1280.jpg?resize=684%2C1024&amp;ssl=1 684w, https:\/\/i0.wp.com\/schrittmacherfestival.nl\/wp-content\/uploads\/2024\/02\/fftn_untilwesleep_6828_camilla_greenwell.1280x1280.jpg?resize=200%2C300&amp;ssl=1 200w, https:\/\/i0.wp.com\/schrittmacherfestival.nl\/wp-content\/uploads\/2024\/02\/fftn_untilwesleep_6828_camilla_greenwell.1280x1280.jpg?resize=768%2C1150&amp;ssl=1 768w, https:\/\/i0.wp.com\/schrittmacherfestival.nl\/wp-content\/uploads\/2024\/02\/fftn_untilwesleep_6828_camilla_greenwell.1280x1280.jpg?resize=18%2C27&amp;ssl=1 18w, https:\/\/i0.wp.com\/schrittmacherfestival.nl\/wp-content\/uploads\/2024\/02\/fftn_untilwesleep_6828_camilla_greenwell.1280x1280.jpg?w=855&amp;ssl=1 855w\" sizes=\"(max-width: 640px) 100vw, 640px\" \/><\/figure>\n<\/figure>\n\n<hr class=\"wp-block-separator has-css-opacity\"\/>\n","protected":false},"excerpt":{"rendered":"<p>Far From the Norm \/ Botis Seva (GB) THEATER KERKRADEMo 26.02.202420.00 UhrVon 21,- \u20ac Was bedeuten Ethnizit\u00e4t und Kultur in der heutigen Welt? Der mit&#13; einem Olivier Award ausgezeichnete Tanzku\u0308nstler Botis Seva ist ein&#13; wichtiger Vertreter des internationalen Hip-Hop-Tanztheaters.&#13; Seine Tanzsprache, die zu gleichen Teilen auf Hip-Hop, physischem&#13; Theater, modernem Tanz und Film basiert, macht seine Vorstellungen&#13; zu visuellen Kunstwerken, [&hellip;]<\/p>\n","protected":false},"author":1,"featured_media":0,"parent":0,"menu_order":0,"comment_status":"closed","ping_status":"closed","template":"","meta":{"_acf_changed":false,"footnotes":""},"class_list":["post-7011","page","type-page","status-publish","hentry"],"aioseo_notices":[],"acf":[],"jetpack_sharing_enabled":true,"_links":{"self":[{"href":"https:\/\/schrittmacherfestival.nl\/de\/wp-json\/wp\/v2\/pages\/7011","targetHints":{"allow":["GET"]}}],"collection":[{"href":"https:\/\/schrittmacherfestival.nl\/de\/wp-json\/wp\/v2\/pages"}],"about":[{"href":"https:\/\/schrittmacherfestival.nl\/de\/wp-json\/wp\/v2\/types\/page"}],"author":[{"embeddable":true,"href":"https:\/\/schrittmacherfestival.nl\/de\/wp-json\/wp\/v2\/users\/1"}],"replies":[{"embeddable":true,"href":"https:\/\/schrittmacherfestival.nl\/de\/wp-json\/wp\/v2\/comments?post=7011"}],"version-history":[{"count":19,"href":"https:\/\/schrittmacherfestival.nl\/de\/wp-json\/wp\/v2\/pages\/7011\/revisions"}],"predecessor-version":[{"id":8679,"href":"https:\/\/schrittmacherfestival.nl\/de\/wp-json\/wp\/v2\/pages\/7011\/revisions\/8679"}],"wp:attachment":[{"href":"https:\/\/schrittmacherfestival.nl\/de\/wp-json\/wp\/v2\/media?parent=7011"}],"curies":[{"name":"wp","href":"https:\/\/api.w.org\/{rel}","templated":true}]}}