{"id":7275,"date":"2023-12-07T13:49:43","date_gmt":"2023-12-07T13:49:43","guid":{"rendered":"https:\/\/schrittmacherfestival.nl\/nowhere\/"},"modified":"2024-02-07T12:27:12","modified_gmt":"2024-02-07T12:27:12","slug":"nowhere","status":"publish","type":"page","link":"https:\/\/schrittmacherfestival.nl\/de\/nowhere\/","title":{"rendered":"Nowhere"},"content":{"rendered":"\n<h1 class=\"wp-block-heading has-black-color has-text-color\" id=\"hofesh-shechter-company-gbr\">YY Dance Company (USA\/CN)<\/h1>\n\n<p><strong>Fabrik Stahlbau Strang, Aachen<\/strong><br\/><strong>Fr 08.03. \u2013 So 10.03.2024<\/strong><br\/><strong>20.00 Uhr<\/strong><br\/><strong>Von 21,00 \u20ac <\/strong><\/p>\n\n<figure class=\"wp-block-image alignwide size-large\"><img data-recalc-dims=\"1\" fetchpriority=\"high\" decoding=\"async\" width=\"640\" height=\"268\" src=\"https:\/\/i0.wp.com\/schrittmacherfestival.nl\/wp-content\/uploads\/2023\/12\/smf_24_D_YYDC_c-Sarah-Jeffers__4974-1-scaled-e1701956710225-1024x428.webp?resize=640%2C268&#038;ssl=1\" alt=\"\" class=\"wp-image-7272\" srcset=\"https:\/\/i0.wp.com\/schrittmacherfestival.nl\/wp-content\/uploads\/2023\/12\/smf_24_D_YYDC_c-Sarah-Jeffers__4974-1-scaled-e1701956710225.webp?resize=1024%2C428&amp;ssl=1 1024w, https:\/\/i0.wp.com\/schrittmacherfestival.nl\/wp-content\/uploads\/2023\/12\/smf_24_D_YYDC_c-Sarah-Jeffers__4974-1-scaled-e1701956710225.webp?resize=300%2C126&amp;ssl=1 300w, https:\/\/i0.wp.com\/schrittmacherfestival.nl\/wp-content\/uploads\/2023\/12\/smf_24_D_YYDC_c-Sarah-Jeffers__4974-1-scaled-e1701956710225.webp?resize=768%2C321&amp;ssl=1 768w, https:\/\/i0.wp.com\/schrittmacherfestival.nl\/wp-content\/uploads\/2023\/12\/smf_24_D_YYDC_c-Sarah-Jeffers__4974-1-scaled-e1701956710225.webp?resize=31%2C13&amp;ssl=1 31w, https:\/\/i0.wp.com\/schrittmacherfestival.nl\/wp-content\/uploads\/2023\/12\/smf_24_D_YYDC_c-Sarah-Jeffers__4974-1-scaled-e1701956710225.webp?w=1200&amp;ssl=1 1200w\" sizes=\"(max-width: 640px) 100vw, 640px\" \/><\/figure>\n\n<hr class=\"wp-block-separator has-css-opacity\"\/>\n\n<h2 class=\"wp-block-heading\">Europ\u00e4ische Erstauffu\u0308hrung<\/h2>\n\n<p>2016 bejubelte das schrit_tmacher Publikum die Premiere der Auftragsarbeit \u201eThrough the Fracture of Light\u201c der YY Dance Company. Die Arbeiten der preisgekr\u00f6nten chinesisch-amerikanischen Choreografin Yin Yue sch\u00f6pfen aus ihrem originellen Bewegungsvokabular FoCo Technique, einer Fusion traditioneller chinesischer und zeitgen\u00f6ssischer Tanzstile. Ihre ju\u0308ngste Choreografie \u201eNowhere\u201c (Europapremiere!) findet jenseits eines erkennbaren Ortes oder einer bestimmten Zeit statt und bricht mit der fassbaren Realit\u00e4t. Eine gro\u00dfe, dynamische Tanzinszenierung mit Livemusik, durchdrungen von einer aufwu\u0308hlenden K\u00f6rperlichkeit.<\/p>\n\n<p>Die Choreografie wurde \u201ein the round\u201c konzipiert: zum ersten Mal wird das Publikum in der Fabrik Stahlbau Strang auf beiden Seiten der Bu\u0308hne sitzen!<\/p>\n\n<p>~ 75 min. ohne Pause<\/p>\n\n<p><strong>Sa 09.03.2024<\/strong><br\/><a href=\"https:\/\/schrittmacherfestival.nl\/de\/yy-dance-company-usa-cn\/\" title=\"\">Workshop<\/a><\/p>\n\n<hr class=\"wp-block-separator has-css-opacity\"\/>\n\n<div class=\"wp-block-buttons is-horizontal is-content-justification-center is-layout-flex wp-container-core-buttons-is-layout-499968f5 wp-block-buttons-is-layout-flex\">\n<div class=\"wp-block-button\"><a class=\"wp-block-button__link has-white-color has-black-background-color has-text-color has-background wp-element-button\" href=\"https:\/\/www.plt.nl\/bestel\/11346\" target=\"_blank\" rel=\"noreferrer noopener\"><strong>Tickets Fr 08.03 | 20.00 Uhr<\/strong><\/a><\/div>\n\n\n\n<div class=\"wp-block-button\"><a class=\"wp-block-button__link has-white-color has-black-background-color has-text-color has-background wp-element-button\" href=\"https:\/\/www.plt.nl\/bestel\/11348\" target=\"_blank\" rel=\"noreferrer noopener\"><strong>Tickets Sa 09.03 | 20.00 Uhr<\/strong><\/a><\/div>\n\n\n\n<div class=\"wp-block-button\"><a class=\"wp-block-button__link has-white-color has-black-background-color has-text-color has-background wp-element-button\" href=\"https:\/\/www.plt.nl\/bestel\/11347\" target=\"_blank\" rel=\"noreferrer noopener\"><strong>Tickets So 10.03 | 20.00 Uhr<\/strong><\/a><\/div>\n<\/div>\n\n<hr class=\"wp-block-separator has-css-opacity\"\/>\n\n<figure class=\"wp-block-embed is-type-video is-provider-vimeo wp-block-embed-vimeo wp-embed-aspect-16-9 wp-has-aspect-ratio\"><div class=\"wp-block-embed__wrapper\">\r\n<div class=\"jetpack-video-wrapper\"><iframe title=\"NOWHERE\" src=\"https:\/\/player.vimeo.com\/video\/850148365?dnt=1&amp;app_id=122963\" width=\"640\" height=\"360\" frameborder=\"0\" allow=\"autoplay; fullscreen; picture-in-picture; clipboard-write\"><\/iframe><\/div>\r\n<\/div><\/figure>\r\n\n<hr class=\"wp-block-separator has-css-opacity\"\/>\n\n<figure class=\"wp-block-gallery has-nested-images columns-default is-cropped wp-block-gallery-1 is-layout-flex wp-block-gallery-is-layout-flex\">\n<figure class=\"wp-block-image size-large\"><img data-recalc-dims=\"1\" decoding=\"async\" width=\"640\" height=\"427\" data-id=\"7267\" src=\"https:\/\/i0.wp.com\/schrittmacherfestival.nl\/wp-content\/uploads\/2023\/12\/smf_24_D_YYDC_c-Sarah-Jeffers__4974.jpg?resize=640%2C427&#038;ssl=1\" alt=\"\" class=\"wp-image-7267\" srcset=\"https:\/\/i0.wp.com\/schrittmacherfestival.nl\/wp-content\/uploads\/2023\/12\/smf_24_D_YYDC_c-Sarah-Jeffers__4974-scaled.jpg?resize=1024%2C683&amp;ssl=1 1024w, https:\/\/i0.wp.com\/schrittmacherfestival.nl\/wp-content\/uploads\/2023\/12\/smf_24_D_YYDC_c-Sarah-Jeffers__4974-scaled.jpg?resize=300%2C200&amp;ssl=1 300w, https:\/\/i0.wp.com\/schrittmacherfestival.nl\/wp-content\/uploads\/2023\/12\/smf_24_D_YYDC_c-Sarah-Jeffers__4974-scaled.jpg?resize=768%2C512&amp;ssl=1 768w, https:\/\/i0.wp.com\/schrittmacherfestival.nl\/wp-content\/uploads\/2023\/12\/smf_24_D_YYDC_c-Sarah-Jeffers__4974-scaled.jpg?resize=1536%2C1024&amp;ssl=1 1536w, https:\/\/i0.wp.com\/schrittmacherfestival.nl\/wp-content\/uploads\/2023\/12\/smf_24_D_YYDC_c-Sarah-Jeffers__4974-scaled.jpg?resize=2048%2C1365&amp;ssl=1 2048w, https:\/\/i0.wp.com\/schrittmacherfestival.nl\/wp-content\/uploads\/2023\/12\/smf_24_D_YYDC_c-Sarah-Jeffers__4974-scaled.jpg?resize=600%2C400&amp;ssl=1 600w, https:\/\/i0.wp.com\/schrittmacherfestival.nl\/wp-content\/uploads\/2023\/12\/smf_24_D_YYDC_c-Sarah-Jeffers__4974-scaled.jpg?resize=31%2C21&amp;ssl=1 31w, https:\/\/i0.wp.com\/schrittmacherfestival.nl\/wp-content\/uploads\/2023\/12\/smf_24_D_YYDC_c-Sarah-Jeffers__4974-scaled.jpg?w=1280&amp;ssl=1 1280w, https:\/\/i0.wp.com\/schrittmacherfestival.nl\/wp-content\/uploads\/2023\/12\/smf_24_D_YYDC_c-Sarah-Jeffers__4974-scaled.jpg?w=1920&amp;ssl=1 1920w\" sizes=\"(max-width: 640px) 100vw, 640px\" \/><\/figure>\n<\/figure>\n\n<hr class=\"wp-block-separator has-css-opacity\"\/>\n","protected":false},"excerpt":{"rendered":"<p>YY Dance Company (USA\/CN) Fabrik Stahlbau Strang, AachenFr 08.03. \u2013 So 10.03.202420.00 UhrVon 21,00 \u20ac Europ\u00e4ische Erstauffu\u0308hrung 2016 bejubelte das schrit_tmacher Publikum die Premiere der Auftragsarbeit \u201eThrough the Fracture of Light\u201c der YY Dance Company. Die Arbeiten der preisgekr\u00f6nten chinesisch-amerikanischen Choreografin Yin Yue sch\u00f6pfen aus ihrem originellen Bewegungsvokabular FoCo Technique, einer Fusion traditioneller chinesischer und zeitgen\u00f6ssischer Tanzstile. Ihre ju\u0308ngste Choreografie [&hellip;]<\/p>\n","protected":false},"author":1,"featured_media":0,"parent":0,"menu_order":0,"comment_status":"closed","ping_status":"closed","template":"","meta":{"_acf_changed":false,"footnotes":""},"class_list":["post-7275","page","type-page","status-publish","hentry"],"aioseo_notices":[],"acf":[],"jetpack_sharing_enabled":true,"_links":{"self":[{"href":"https:\/\/schrittmacherfestival.nl\/de\/wp-json\/wp\/v2\/pages\/7275","targetHints":{"allow":["GET"]}}],"collection":[{"href":"https:\/\/schrittmacherfestival.nl\/de\/wp-json\/wp\/v2\/pages"}],"about":[{"href":"https:\/\/schrittmacherfestival.nl\/de\/wp-json\/wp\/v2\/types\/page"}],"author":[{"embeddable":true,"href":"https:\/\/schrittmacherfestival.nl\/de\/wp-json\/wp\/v2\/users\/1"}],"replies":[{"embeddable":true,"href":"https:\/\/schrittmacherfestival.nl\/de\/wp-json\/wp\/v2\/comments?post=7275"}],"version-history":[{"count":10,"href":"https:\/\/schrittmacherfestival.nl\/de\/wp-json\/wp\/v2\/pages\/7275\/revisions"}],"predecessor-version":[{"id":8655,"href":"https:\/\/schrittmacherfestival.nl\/de\/wp-json\/wp\/v2\/pages\/7275\/revisions\/8655"}],"wp:attachment":[{"href":"https:\/\/schrittmacherfestival.nl\/de\/wp-json\/wp\/v2\/media?parent=7275"}],"curies":[{"name":"wp","href":"https:\/\/api.w.org\/{rel}","templated":true}]}}