{"id":7661,"date":"2023-12-13T11:33:34","date_gmt":"2023-12-13T11:33:34","guid":{"rendered":"https:\/\/schrittmacherfestival.nl\/expo-lichtwesen\/"},"modified":"2023-12-13T11:33:50","modified_gmt":"2023-12-13T11:33:50","slug":"expo-lichtwesen","status":"publish","type":"page","link":"https:\/\/schrittmacherfestival.nl\/de\/expo-lichtwesen\/","title":{"rendered":"EXPO Lichtwesen"},"content":{"rendered":"\n<h1 class=\"wp-block-heading has-black-color has-text-color\" id=\"hofesh-shechter-company-gbr\">Joost Meyer (D)<\/h1>\n\n<p><strong>Fabrik Stahlbau Strang \/ Foyer, Aachen<\/strong><br\/><strong>Fr 23.02.2024 \u2013 So 17.03.2024<\/strong><br\/><strong>Bei Vorstellungen abends im Festivalzeitraum zu sehen<\/strong><br\/><strong>Eintritt frei<\/strong><\/p>\n\n<figure class=\"wp-block-image alignwide size-large\"><img data-recalc-dims=\"1\" fetchpriority=\"high\" decoding=\"async\" width=\"640\" height=\"267\" src=\"https:\/\/i0.wp.com\/schrittmacherfestival.nl\/wp-content\/uploads\/2023\/12\/smf24_D_Joost-Meyer_Lichtwesen_c-Peter-Hinschlager-scaled-e1702466822787-1024x427.webp?resize=640%2C267&#038;ssl=1\" alt=\"\" class=\"wp-image-7656\" srcset=\"https:\/\/i0.wp.com\/schrittmacherfestival.nl\/wp-content\/uploads\/2023\/12\/smf24_D_Joost-Meyer_Lichtwesen_c-Peter-Hinschlager-scaled-e1702466822787.webp?resize=1024%2C427&amp;ssl=1 1024w, https:\/\/i0.wp.com\/schrittmacherfestival.nl\/wp-content\/uploads\/2023\/12\/smf24_D_Joost-Meyer_Lichtwesen_c-Peter-Hinschlager-scaled-e1702466822787.webp?resize=300%2C125&amp;ssl=1 300w, https:\/\/i0.wp.com\/schrittmacherfestival.nl\/wp-content\/uploads\/2023\/12\/smf24_D_Joost-Meyer_Lichtwesen_c-Peter-Hinschlager-scaled-e1702466822787.webp?resize=768%2C320&amp;ssl=1 768w, https:\/\/i0.wp.com\/schrittmacherfestival.nl\/wp-content\/uploads\/2023\/12\/smf24_D_Joost-Meyer_Lichtwesen_c-Peter-Hinschlager-scaled-e1702466822787.webp?resize=31%2C13&amp;ssl=1 31w, https:\/\/i0.wp.com\/schrittmacherfestival.nl\/wp-content\/uploads\/2023\/12\/smf24_D_Joost-Meyer_Lichtwesen_c-Peter-Hinschlager-scaled-e1702466822787.webp?w=1200&amp;ssl=1 1200w\" sizes=\"(max-width: 640px) 100vw, 640px\" \/><\/figure>\n\n<hr class=\"wp-block-separator has-css-opacity\"\/>\n\n<p>schrit_tmacher hat den Aachener Bildhauer Joost Meyer (*1976) eingeladen, einige seiner Arbeiten zu zeigen: Ob Hammerhai oder Mondfisch, als Skulpturen verlassen sie die Unterwasserwelt und erkunden die luftigen H\u00f6hen der alten Fabrikhalle.<\/p>\n\n<p>\u201eDie Formen von Meyers Haien erz\u00e4hlen von der Verg\u00e4nglichkeit, von dem langsamen Aufl\u00f6sen, vom Verschwinden mit der Zeit, er macht aus ihnen Geister, Lichtwesen, die schwimmen und schweben zugleich. Ob sie sich uns n\u00e4hern oder sich von uns entfernen, h\u00e4ngt davon ab, woran wir mehr glauben.\u201c (Robert Sukrow)<\/p>\n\n<p><strong>Ku\u0308nstlergespr\u00e4ch mit Joost Meyer<\/strong><br\/>Fr 01.03.2024, 18.45 uhr<\/p>\n\n<p>Joost Meyer studierte Bildhauerei in Aachen bei Prof. Lutz Brockhaus. Die von ihm geschaffenen Kreaturen fu\u0308hren uns unsere Beziehungen zu den Mitgesch\u00f6pfen vor Augen. Seit 2021 arbeitet Joost Meyer als PostDoc am Institut fu\u0308r Landschaftsarchitektur der RWTH Aachen. Er initiierte das Projekt Willowprint, um mit einem jungen Team nachhaltige, holzbasierte L\u00f6sungen fu\u0308r das Additive Manufacturing zu erforschen.<\/p>\n\n<hr class=\"wp-block-separator has-css-opacity\"\/>\n","protected":false},"excerpt":{"rendered":"<p>Joost Meyer (D) Fabrik Stahlbau Strang \/ Foyer, AachenFr 23.02.2024 \u2013 So 17.03.2024Bei Vorstellungen abends im Festivalzeitraum zu sehenEintritt frei schrit_tmacher hat den Aachener Bildhauer Joost Meyer (*1976) eingeladen, einige seiner Arbeiten zu zeigen: Ob Hammerhai oder Mondfisch, als Skulpturen verlassen sie die Unterwasserwelt und erkunden die luftigen H\u00f6hen der alten Fabrikhalle. \u201eDie Formen von Meyers Haien erz\u00e4hlen von der [&hellip;]<\/p>\n","protected":false},"author":1,"featured_media":0,"parent":0,"menu_order":0,"comment_status":"closed","ping_status":"closed","template":"","meta":{"_acf_changed":false,"footnotes":""},"class_list":["post-7661","page","type-page","status-publish","hentry"],"aioseo_notices":[],"acf":[],"jetpack_sharing_enabled":true,"_links":{"self":[{"href":"https:\/\/schrittmacherfestival.nl\/de\/wp-json\/wp\/v2\/pages\/7661","targetHints":{"allow":["GET"]}}],"collection":[{"href":"https:\/\/schrittmacherfestival.nl\/de\/wp-json\/wp\/v2\/pages"}],"about":[{"href":"https:\/\/schrittmacherfestival.nl\/de\/wp-json\/wp\/v2\/types\/page"}],"author":[{"embeddable":true,"href":"https:\/\/schrittmacherfestival.nl\/de\/wp-json\/wp\/v2\/users\/1"}],"replies":[{"embeddable":true,"href":"https:\/\/schrittmacherfestival.nl\/de\/wp-json\/wp\/v2\/comments?post=7661"}],"version-history":[{"count":1,"href":"https:\/\/schrittmacherfestival.nl\/de\/wp-json\/wp\/v2\/pages\/7661\/revisions"}],"predecessor-version":[{"id":7662,"href":"https:\/\/schrittmacherfestival.nl\/de\/wp-json\/wp\/v2\/pages\/7661\/revisions\/7662"}],"wp:attachment":[{"href":"https:\/\/schrittmacherfestival.nl\/de\/wp-json\/wp\/v2\/media?parent=7661"}],"curies":[{"name":"wp","href":"https:\/\/api.w.org\/{rel}","templated":true}]}}