{"id":7672,"date":"2023-12-13T11:49:33","date_gmt":"2023-12-13T11:49:33","guid":{"rendered":"https:\/\/schrittmacherfestival.nl\/after-all\/"},"modified":"2024-02-19T09:24:54","modified_gmt":"2024-02-19T09:24:54","slug":"after-all","status":"publish","type":"page","link":"https:\/\/schrittmacherfestival.nl\/de\/after-all\/","title":{"rendered":"After All"},"content":{"rendered":"\n<h1 class=\"wp-block-heading has-black-color has-text-color\" id=\"hofesh-shechter-company-gbr\">Niek Wagenaar (NL)<\/h1>\n\n<p><strong>Rooftop Q-Park Putgraaf Heerlen<\/strong><br\/><strong>Sa 24.02.2024<\/strong><br\/><strong>13.00 Uhr<\/strong> + <strong>16.00 Uhr<\/strong><br\/><strong>Von 8,00 \u20ac<\/strong><\/p>\n\n<figure class=\"wp-block-image alignwide size-large\"><img data-recalc-dims=\"1\" fetchpriority=\"high\" decoding=\"async\" width=\"640\" height=\"267\" src=\"https:\/\/i0.wp.com\/schrittmacherfestival.nl\/wp-content\/uploads\/2024\/02\/Niek-Wagenaar-After-All-e1708334588367-1024x427.webp?resize=640%2C267&#038;ssl=1\" alt=\"\" class=\"wp-image-8713\" srcset=\"https:\/\/i0.wp.com\/schrittmacherfestival.nl\/wp-content\/uploads\/2024\/02\/Niek-Wagenaar-After-All-e1708334588367.webp?resize=1024%2C427&amp;ssl=1 1024w, https:\/\/i0.wp.com\/schrittmacherfestival.nl\/wp-content\/uploads\/2024\/02\/Niek-Wagenaar-After-All-e1708334588367.webp?resize=300%2C125&amp;ssl=1 300w, https:\/\/i0.wp.com\/schrittmacherfestival.nl\/wp-content\/uploads\/2024\/02\/Niek-Wagenaar-After-All-e1708334588367.webp?resize=768%2C320&amp;ssl=1 768w, https:\/\/i0.wp.com\/schrittmacherfestival.nl\/wp-content\/uploads\/2024\/02\/Niek-Wagenaar-After-All-e1708334588367.webp?resize=31%2C13&amp;ssl=1 31w, https:\/\/i0.wp.com\/schrittmacherfestival.nl\/wp-content\/uploads\/2024\/02\/Niek-Wagenaar-After-All-e1708334588367.webp?w=1200&amp;ssl=1 1200w\" sizes=\"(max-width: 640px) 100vw, 640px\" \/><\/figure>\n\n<hr class=\"wp-block-separator has-css-opacity\"\/>\n\n<p>Waldbr\u00e4nde, \u00dcberschwemmungen, schmelzende Gletscher. Wir treiben die Erde an ihre Grenzen und zehren sie aus, wohl wissend, dass sie eines Tages zugrunde gehen wird. Oft genug stellen wir uns vor, wie das geschehen wird: mit einem ohrenbet\u00e4ubenden Knall, einem Inferno? Und was wird danach noch u\u0308brig sein? \u201eAfter All\u201c spielt in der du\u0308steren Realit\u00e4t, nachdem die Welt, wie wir sie kennen, aufgeh\u00f6rt hat zu existieren. Vier Figuren k\u00e4mpfen auf dem Dach des Q-Park Putgraaf mit dem pl\u00f6tzlichen Wechsel von \u00dcberfluss zu Knappheit und mit Schuldgefu\u0308hlen, Verlust und Einsamkeit.<\/p>\n\n<p>Der Choreograf Niek Wagenaar (*1999, Niederlande) greift gro\u00dfe Themen auf und bringt sie dem Publikum auf eine pers\u00f6nliche und intime Weise nahe. Mit seiner sinnlichen und sensiblen Bewegungssprache macht er in \u2018After All\u2019 das Thema des \u00dcbergangs erkennbar und erlebbar<\/p>\n\n<p>Mit Dank an Stadstuin Heerlen.<\/p>\n\n<p>~ 30 min. ohne Pause<\/p>\n\n<hr class=\"wp-block-separator has-css-opacity\"\/>\n\n<div class=\"wp-block-buttons is-horizontal is-content-justification-center is-layout-flex wp-container-core-buttons-is-layout-499968f5 wp-block-buttons-is-layout-flex\">\n<div class=\"wp-block-button\"><a class=\"wp-block-button__link has-white-color has-black-background-color has-text-color has-background wp-element-button\" href=\"https:\/\/www.plt.nl\/bestel\/11380\" target=\"_blank\" rel=\"noreferrer noopener\"><strong>Tickets Sa 24.02 | 13.00 Uhr<\/strong><\/a><\/div>\n\n\n\n<div class=\"wp-block-button\"><a class=\"wp-block-button__link has-white-color has-black-background-color has-text-color has-background wp-element-button\" href=\"https:\/\/www.plt.nl\/bestel\/11381\" target=\"_blank\" rel=\"noreferrer noopener\"><strong>Tickets Sa 24.02 | 16.00 Uhr<\/strong><\/a><\/div>\n<\/div>\n\n<hr class=\"wp-block-separator has-css-opacity\"\/>\n\n<figure class=\"wp-block-embed is-type-video is-provider-youtube wp-block-embed-youtube wp-embed-aspect-16-9 wp-has-aspect-ratio\"><div class=\"wp-block-embed__wrapper\">\r\n<iframe  id=\"_ytid_39495\"  width=\"640\" height=\"360\"  data-origwidth=\"640\" data-origheight=\"360\" src=\"https:\/\/www.youtube.com\/embed\/qTawSRpfPLY?enablejsapi=1&#038;autoplay=0&#038;cc_load_policy=0&#038;cc_lang_pref=&#038;iv_load_policy=1&#038;loop=0&#038;rel=1&#038;fs=1&#038;playsinline=0&#038;autohide=2&#038;theme=dark&#038;color=red&#038;controls=1&#038;disablekb=0&#038;\" class=\"__youtube_prefs__  epyt-is-override  no-lazyload\" title=\"YouTube player\"  allow=\"fullscreen; accelerometer; autoplay; clipboard-write; encrypted-media; gyroscope; picture-in-picture; web-share\" referrerpolicy=\"strict-origin-when-cross-origin\" allowfullscreen data-no-lazy=\"1\" data-skipgform_ajax_framebjll=\"\"><\/iframe>\n<\/div><\/figure>\r\n\n<hr class=\"wp-block-separator has-css-opacity\"\/>\n\n<figure class=\"wp-block-gallery has-nested-images columns-default is-cropped wp-block-gallery-1 is-layout-flex wp-block-gallery-is-layout-flex\">\n<figure class=\"wp-block-image size-large\"><img data-recalc-dims=\"1\" decoding=\"async\" width=\"640\" height=\"427\" data-id=\"8694\" src=\"https:\/\/i0.wp.com\/schrittmacherfestival.nl\/wp-content\/uploads\/2024\/02\/boslabtheater23_niekwagenaar_fotograaf_sjoerdderinedsc06766.jpg?resize=640%2C427&#038;ssl=1\" alt=\"\" class=\"wp-image-8694\" srcset=\"https:\/\/i0.wp.com\/schrittmacherfestival.nl\/wp-content\/uploads\/2024\/02\/boslabtheater23_niekwagenaar_fotograaf_sjoerdderinedsc06766.jpg?resize=1024%2C683&amp;ssl=1 1024w, https:\/\/i0.wp.com\/schrittmacherfestival.nl\/wp-content\/uploads\/2024\/02\/boslabtheater23_niekwagenaar_fotograaf_sjoerdderinedsc06766.jpg?resize=300%2C200&amp;ssl=1 300w, https:\/\/i0.wp.com\/schrittmacherfestival.nl\/wp-content\/uploads\/2024\/02\/boslabtheater23_niekwagenaar_fotograaf_sjoerdderinedsc06766.jpg?resize=768%2C512&amp;ssl=1 768w, https:\/\/i0.wp.com\/schrittmacherfestival.nl\/wp-content\/uploads\/2024\/02\/boslabtheater23_niekwagenaar_fotograaf_sjoerdderinedsc06766.jpg?resize=600%2C400&amp;ssl=1 600w, https:\/\/i0.wp.com\/schrittmacherfestival.nl\/wp-content\/uploads\/2024\/02\/boslabtheater23_niekwagenaar_fotograaf_sjoerdderinedsc06766.jpg?resize=31%2C21&amp;ssl=1 31w, https:\/\/i0.wp.com\/schrittmacherfestival.nl\/wp-content\/uploads\/2024\/02\/boslabtheater23_niekwagenaar_fotograaf_sjoerdderinedsc06766.jpg?w=1200&amp;ssl=1 1200w\" sizes=\"(max-width: 640px) 100vw, 640px\" \/><\/figure>\n\n\n\n<figure class=\"wp-block-image size-large\"><img data-recalc-dims=\"1\" decoding=\"async\" width=\"640\" height=\"427\" data-id=\"8698\" src=\"https:\/\/i0.wp.com\/schrittmacherfestival.nl\/wp-content\/uploads\/2024\/02\/boslabtheater23_niekwagenaar_fotograaf_sjoerdderinedsc06146.jpg?resize=640%2C427&#038;ssl=1\" alt=\"\" class=\"wp-image-8698\" srcset=\"https:\/\/i0.wp.com\/schrittmacherfestival.nl\/wp-content\/uploads\/2024\/02\/boslabtheater23_niekwagenaar_fotograaf_sjoerdderinedsc06146.jpg?resize=1024%2C683&amp;ssl=1 1024w, https:\/\/i0.wp.com\/schrittmacherfestival.nl\/wp-content\/uploads\/2024\/02\/boslabtheater23_niekwagenaar_fotograaf_sjoerdderinedsc06146.jpg?resize=300%2C200&amp;ssl=1 300w, https:\/\/i0.wp.com\/schrittmacherfestival.nl\/wp-content\/uploads\/2024\/02\/boslabtheater23_niekwagenaar_fotograaf_sjoerdderinedsc06146.jpg?resize=768%2C512&amp;ssl=1 768w, https:\/\/i0.wp.com\/schrittmacherfestival.nl\/wp-content\/uploads\/2024\/02\/boslabtheater23_niekwagenaar_fotograaf_sjoerdderinedsc06146.jpg?resize=600%2C400&amp;ssl=1 600w, https:\/\/i0.wp.com\/schrittmacherfestival.nl\/wp-content\/uploads\/2024\/02\/boslabtheater23_niekwagenaar_fotograaf_sjoerdderinedsc06146.jpg?resize=31%2C21&amp;ssl=1 31w, https:\/\/i0.wp.com\/schrittmacherfestival.nl\/wp-content\/uploads\/2024\/02\/boslabtheater23_niekwagenaar_fotograaf_sjoerdderinedsc06146.jpg?w=1200&amp;ssl=1 1200w\" sizes=\"(max-width: 640px) 100vw, 640px\" \/><\/figure>\n\n\n\n<figure class=\"wp-block-image size-large\"><img data-recalc-dims=\"1\" loading=\"lazy\" decoding=\"async\" width=\"640\" height=\"427\" data-id=\"8700\" src=\"https:\/\/i0.wp.com\/schrittmacherfestival.nl\/wp-content\/uploads\/2024\/02\/boslabtheater23_niekwagenaar_fotograaf_sjoerdderinedsc05927.jpg?resize=640%2C427&#038;ssl=1\" alt=\"\" class=\"wp-image-8700\" srcset=\"https:\/\/i0.wp.com\/schrittmacherfestival.nl\/wp-content\/uploads\/2024\/02\/boslabtheater23_niekwagenaar_fotograaf_sjoerdderinedsc05927.jpg?resize=1024%2C683&amp;ssl=1 1024w, https:\/\/i0.wp.com\/schrittmacherfestival.nl\/wp-content\/uploads\/2024\/02\/boslabtheater23_niekwagenaar_fotograaf_sjoerdderinedsc05927.jpg?resize=300%2C200&amp;ssl=1 300w, https:\/\/i0.wp.com\/schrittmacherfestival.nl\/wp-content\/uploads\/2024\/02\/boslabtheater23_niekwagenaar_fotograaf_sjoerdderinedsc05927.jpg?resize=768%2C512&amp;ssl=1 768w, https:\/\/i0.wp.com\/schrittmacherfestival.nl\/wp-content\/uploads\/2024\/02\/boslabtheater23_niekwagenaar_fotograaf_sjoerdderinedsc05927.jpg?resize=600%2C400&amp;ssl=1 600w, https:\/\/i0.wp.com\/schrittmacherfestival.nl\/wp-content\/uploads\/2024\/02\/boslabtheater23_niekwagenaar_fotograaf_sjoerdderinedsc05927.jpg?resize=31%2C21&amp;ssl=1 31w, https:\/\/i0.wp.com\/schrittmacherfestival.nl\/wp-content\/uploads\/2024\/02\/boslabtheater23_niekwagenaar_fotograaf_sjoerdderinedsc05927.jpg?w=1200&amp;ssl=1 1200w\" sizes=\"(max-width: 640px) 100vw, 640px\" \/><\/figure>\n\n\n\n<figure class=\"wp-block-image size-large\"><img data-recalc-dims=\"1\" loading=\"lazy\" decoding=\"async\" width=\"640\" height=\"427\" data-id=\"8696\" src=\"https:\/\/i0.wp.com\/schrittmacherfestival.nl\/wp-content\/uploads\/2024\/02\/boslabtheater23_niekwagenaar_fotograaf_sjoerdderinedsc01273.jpg?resize=640%2C427&#038;ssl=1\" alt=\"\" class=\"wp-image-8696\" srcset=\"https:\/\/i0.wp.com\/schrittmacherfestival.nl\/wp-content\/uploads\/2024\/02\/boslabtheater23_niekwagenaar_fotograaf_sjoerdderinedsc01273.jpg?resize=1024%2C683&amp;ssl=1 1024w, https:\/\/i0.wp.com\/schrittmacherfestival.nl\/wp-content\/uploads\/2024\/02\/boslabtheater23_niekwagenaar_fotograaf_sjoerdderinedsc01273.jpg?resize=300%2C200&amp;ssl=1 300w, https:\/\/i0.wp.com\/schrittmacherfestival.nl\/wp-content\/uploads\/2024\/02\/boslabtheater23_niekwagenaar_fotograaf_sjoerdderinedsc01273.jpg?resize=768%2C512&amp;ssl=1 768w, https:\/\/i0.wp.com\/schrittmacherfestival.nl\/wp-content\/uploads\/2024\/02\/boslabtheater23_niekwagenaar_fotograaf_sjoerdderinedsc01273.jpg?resize=600%2C400&amp;ssl=1 600w, https:\/\/i0.wp.com\/schrittmacherfestival.nl\/wp-content\/uploads\/2024\/02\/boslabtheater23_niekwagenaar_fotograaf_sjoerdderinedsc01273.jpg?resize=31%2C21&amp;ssl=1 31w, https:\/\/i0.wp.com\/schrittmacherfestival.nl\/wp-content\/uploads\/2024\/02\/boslabtheater23_niekwagenaar_fotograaf_sjoerdderinedsc01273.jpg?w=1200&amp;ssl=1 1200w\" sizes=\"(max-width: 640px) 100vw, 640px\" \/><\/figure>\n\n\n\n<figure class=\"wp-block-image size-large\"><img data-recalc-dims=\"1\" loading=\"lazy\" decoding=\"async\" width=\"640\" height=\"427\" data-id=\"8702\" src=\"https:\/\/i0.wp.com\/schrittmacherfestival.nl\/wp-content\/uploads\/2024\/02\/20230531-BK1277-Enhanced-NR.jpg?resize=640%2C427&#038;ssl=1\" alt=\"\" class=\"wp-image-8702\" srcset=\"https:\/\/i0.wp.com\/schrittmacherfestival.nl\/wp-content\/uploads\/2024\/02\/20230531-BK1277-Enhanced-NR.jpg?resize=1024%2C683&amp;ssl=1 1024w, https:\/\/i0.wp.com\/schrittmacherfestival.nl\/wp-content\/uploads\/2024\/02\/20230531-BK1277-Enhanced-NR.jpg?resize=300%2C200&amp;ssl=1 300w, https:\/\/i0.wp.com\/schrittmacherfestival.nl\/wp-content\/uploads\/2024\/02\/20230531-BK1277-Enhanced-NR.jpg?resize=768%2C512&amp;ssl=1 768w, https:\/\/i0.wp.com\/schrittmacherfestival.nl\/wp-content\/uploads\/2024\/02\/20230531-BK1277-Enhanced-NR.jpg?resize=600%2C400&amp;ssl=1 600w, https:\/\/i0.wp.com\/schrittmacherfestival.nl\/wp-content\/uploads\/2024\/02\/20230531-BK1277-Enhanced-NR.jpg?resize=31%2C21&amp;ssl=1 31w, https:\/\/i0.wp.com\/schrittmacherfestival.nl\/wp-content\/uploads\/2024\/02\/20230531-BK1277-Enhanced-NR.jpg?w=1200&amp;ssl=1 1200w\" sizes=\"(max-width: 640px) 100vw, 640px\" \/><\/figure>\n\n\n\n<figure class=\"wp-block-image size-large\"><img data-recalc-dims=\"1\" loading=\"lazy\" decoding=\"async\" width=\"640\" height=\"427\" data-id=\"8704\" src=\"https:\/\/i0.wp.com\/schrittmacherfestival.nl\/wp-content\/uploads\/2024\/02\/20230531-BK1206-Enhanced-NR.jpg?resize=640%2C427&#038;ssl=1\" alt=\"\" class=\"wp-image-8704\" srcset=\"https:\/\/i0.wp.com\/schrittmacherfestival.nl\/wp-content\/uploads\/2024\/02\/20230531-BK1206-Enhanced-NR.jpg?resize=1024%2C683&amp;ssl=1 1024w, https:\/\/i0.wp.com\/schrittmacherfestival.nl\/wp-content\/uploads\/2024\/02\/20230531-BK1206-Enhanced-NR.jpg?resize=300%2C200&amp;ssl=1 300w, https:\/\/i0.wp.com\/schrittmacherfestival.nl\/wp-content\/uploads\/2024\/02\/20230531-BK1206-Enhanced-NR.jpg?resize=768%2C512&amp;ssl=1 768w, https:\/\/i0.wp.com\/schrittmacherfestival.nl\/wp-content\/uploads\/2024\/02\/20230531-BK1206-Enhanced-NR.jpg?resize=600%2C400&amp;ssl=1 600w, https:\/\/i0.wp.com\/schrittmacherfestival.nl\/wp-content\/uploads\/2024\/02\/20230531-BK1206-Enhanced-NR.jpg?resize=31%2C21&amp;ssl=1 31w, https:\/\/i0.wp.com\/schrittmacherfestival.nl\/wp-content\/uploads\/2024\/02\/20230531-BK1206-Enhanced-NR.jpg?w=1200&amp;ssl=1 1200w\" sizes=\"(max-width: 640px) 100vw, 640px\" \/><\/figure>\n<\/figure>\n\n<hr class=\"wp-block-separator has-css-opacity\"\/>\n","protected":false},"excerpt":{"rendered":"<p>Niek Wagenaar (NL) Rooftop Q-Park Putgraaf HeerlenSa 24.02.202413.00 Uhr + 16.00 UhrVon 8,00 \u20ac Waldbr\u00e4nde, \u00dcberschwemmungen, schmelzende Gletscher. Wir treiben die Erde an ihre Grenzen und zehren sie aus, wohl wissend, dass sie eines Tages zugrunde gehen wird. Oft genug stellen wir uns vor, wie das geschehen wird: mit einem ohrenbet\u00e4ubenden Knall, einem Inferno? Und was wird danach noch u\u0308brig [&hellip;]<\/p>\n","protected":false},"author":1,"featured_media":0,"parent":0,"menu_order":0,"comment_status":"closed","ping_status":"closed","template":"","meta":{"_acf_changed":false,"footnotes":""},"class_list":["post-7672","page","type-page","status-publish","hentry"],"aioseo_notices":[],"acf":[],"jetpack_sharing_enabled":true,"_links":{"self":[{"href":"https:\/\/schrittmacherfestival.nl\/de\/wp-json\/wp\/v2\/pages\/7672","targetHints":{"allow":["GET"]}}],"collection":[{"href":"https:\/\/schrittmacherfestival.nl\/de\/wp-json\/wp\/v2\/pages"}],"about":[{"href":"https:\/\/schrittmacherfestival.nl\/de\/wp-json\/wp\/v2\/types\/page"}],"author":[{"embeddable":true,"href":"https:\/\/schrittmacherfestival.nl\/de\/wp-json\/wp\/v2\/users\/1"}],"replies":[{"embeddable":true,"href":"https:\/\/schrittmacherfestival.nl\/de\/wp-json\/wp\/v2\/comments?post=7672"}],"version-history":[{"count":6,"href":"https:\/\/schrittmacherfestival.nl\/de\/wp-json\/wp\/v2\/pages\/7672\/revisions"}],"predecessor-version":[{"id":8716,"href":"https:\/\/schrittmacherfestival.nl\/de\/wp-json\/wp\/v2\/pages\/7672\/revisions\/8716"}],"wp:attachment":[{"href":"https:\/\/schrittmacherfestival.nl\/de\/wp-json\/wp\/v2\/media?parent=7672"}],"curies":[{"name":"wp","href":"https:\/\/api.w.org\/{rel}","templated":true}]}}