{"id":7722,"date":"2023-12-13T15:12:26","date_gmt":"2023-12-13T15:12:26","guid":{"rendered":"https:\/\/schrittmacherfestival.nl\/us-swerve\/"},"modified":"2024-02-09T09:10:53","modified_gmt":"2024-02-09T09:10:53","slug":"us-swerve","status":"publish","type":"page","link":"https:\/\/schrittmacherfestival.nl\/de\/us-swerve\/","title":{"rendered":"Us Swerve"},"content":{"rendered":"\n<h1 class=\"wp-block-heading has-black-color has-text-color\" id=\"hofesh-shechter-company-gbr\">Alex Baczynski \u2013 Jenkins (PL\/GB\/D)<\/h1>\n\n<p><strong>Ludwig Forum Aachen<\/strong><br\/><strong>Sa 24.02.2024 + So 25.02.2024<\/strong><br\/><strong>Jeweils<\/strong> <strong>15.00 \u2013 17.00 <\/strong> <strong>Uhr<\/strong><br\/><strong>Museumseintritt: 6,00 \u20ac erm\u00e4\u00dfigt 3,00 \u20ac <\/strong> | <strong>Freier Eintritt fu\u0308r Kinder&#13;\nund Jugendliche bis einschlie\u00dflich 21 Jahre<\/strong><br\/><strong>Tickets ausschlie\u00dflich erh\u00e4ltlich im Ludwig Forum Aachen <\/strong><\/p>\n\n<figure class=\"wp-block-image alignwide size-large\"><img data-recalc-dims=\"1\" fetchpriority=\"high\" decoding=\"async\" width=\"640\" height=\"267\" src=\"https:\/\/i0.wp.com\/schrittmacherfestival.nl\/wp-content\/uploads\/2023\/12\/smf24_D_Alex-Baczynski-Jenkins_Us-Swerve_cAtelier-Diptik-e1702479708487-1024x427.webp?resize=640%2C267&#038;ssl=1\" alt=\"\" class=\"wp-image-7719\" srcset=\"https:\/\/i0.wp.com\/schrittmacherfestival.nl\/wp-content\/uploads\/2023\/12\/smf24_D_Alex-Baczynski-Jenkins_Us-Swerve_cAtelier-Diptik-e1702479708487.webp?resize=1024%2C427&amp;ssl=1 1024w, https:\/\/i0.wp.com\/schrittmacherfestival.nl\/wp-content\/uploads\/2023\/12\/smf24_D_Alex-Baczynski-Jenkins_Us-Swerve_cAtelier-Diptik-e1702479708487.webp?resize=300%2C125&amp;ssl=1 300w, https:\/\/i0.wp.com\/schrittmacherfestival.nl\/wp-content\/uploads\/2023\/12\/smf24_D_Alex-Baczynski-Jenkins_Us-Swerve_cAtelier-Diptik-e1702479708487.webp?resize=768%2C320&amp;ssl=1 768w, https:\/\/i0.wp.com\/schrittmacherfestival.nl\/wp-content\/uploads\/2023\/12\/smf24_D_Alex-Baczynski-Jenkins_Us-Swerve_cAtelier-Diptik-e1702479708487.webp?resize=31%2C13&amp;ssl=1 31w, https:\/\/i0.wp.com\/schrittmacherfestival.nl\/wp-content\/uploads\/2023\/12\/smf24_D_Alex-Baczynski-Jenkins_Us-Swerve_cAtelier-Diptik-e1702479708487.webp?w=1200&amp;ssl=1 1200w\" sizes=\"(max-width: 640px) 100vw, 640px\" \/><\/figure>\n\n<hr class=\"wp-block-separator has-css-opacity\"\/>\n\n<p>In Alex Baczy\u0144ski-Jenkins \u201eUs Swerve\u201c (2014) kreisen Performer*innen auf Rollerblades umeinander, w\u00e4hrend sie Texte zum Thema \u201eBegehren\u201c rezitieren, mischen und neu formulieren. Diese polyphone choreografische Partitur wird st\u00e4ndig durch ihre Bewegungen, Betonungen und Gestik variiert. W\u00e4hrend sie kreisen, wird aus einem queeren Archiv von Zitaten von Literaten*innen wie Essex Hemphill, Eileen Myles und Langston Hughes gesch\u00f6pft. Diese Ausdr\u00fccke von Begehren und ihre sinnliche Wiederholung setzen die Rollerbladers in Bewegung und schaffen ein Tableau, durch das sie sich bewegen. <\/p>\n\n<p>In Zusammenarbeit mit und performt von:<br\/>Jose Funnell, Jake Sherwood, Karl Fagerlund Brekke<\/p>\n\n<p>Urspr\u00fcnglich beauftragt und produziert von Art Fair Basel Liste, 2014<\/p>\n\n<p>In Kooperation mit Ludwig Forum Aachen.<\/p>\n\n<p>Choreografie: Alex Baczy\u0144ski-Jenkins<br\/>Urspr\u00fcnglich entwickelt in Zusammenarbeit mit und aufgef\u00fchrt von: Felipe Faria, Jake Sherwood, Karl Fagerlund Brekke<br\/>Studio-Direktion: Andrea Rodrigo<br\/>Studio-Management: Sarie Nijboer<br\/>Studio-Consultant: Rui Silveira<br\/>Distribution: Something Great<\/p>\n\n<p><em>\u00a0Foto: Alex Baczy\u0144ski-Jenkins, Us Swerve (2014). Performance, Palais de Tokyo, Paris, 2017. Courtesy Alex Baczy\u0144ski-Jenkins. Foto: Atelier Diptik.<\/em><\/p>\n\n<p>Dauer: 120 min<\/p>\n\n<hr class=\"wp-block-separator has-css-opacity\"\/>\n\n<div class=\"wp-block-buttons is-horizontal is-content-justification-center is-layout-flex wp-container-core-buttons-is-layout-499968f5 wp-block-buttons-is-layout-flex\">\n<div class=\"wp-block-button\"><a class=\"wp-block-button__link has-white-color has-black-background-color has-text-color has-background wp-element-button\" href=\"https:\/\/ludwigforum.de\/besuchen\/\" target=\"_blank\" rel=\"noreferrer noopener\"><strong>Tickets Sa 24.02 | 15.00 Uhr<\/strong><\/a><\/div>\n\n\n\n<div class=\"wp-block-button\"><a class=\"wp-block-button__link has-white-color has-black-background-color has-text-color has-background wp-element-button\" href=\"https:\/\/ludwigforum.de\/besuchen\/\" target=\"_blank\" rel=\"noreferrer noopener\"><strong>Tickets So 25.02 | 15.00 Uhr<\/strong><\/a><\/div>\n<\/div>\n\n<hr class=\"wp-block-separator has-css-opacity\"\/>\n","protected":false},"excerpt":{"rendered":"<p>Alex Baczynski \u2013 Jenkins (PL\/GB\/D) Ludwig Forum AachenSa 24.02.2024 + So 25.02.2024Jeweils 15.00 \u2013 17.00 UhrMuseumseintritt: 6,00 \u20ac erm\u00e4\u00dfigt 3,00 \u20ac | Freier Eintritt fu\u0308r Kinder&#13; und Jugendliche bis einschlie\u00dflich 21 JahreTickets ausschlie\u00dflich erh\u00e4ltlich im Ludwig Forum Aachen In Alex Baczy\u0144ski-Jenkins \u201eUs Swerve\u201c (2014) kreisen Performer*innen auf Rollerblades umeinander, w\u00e4hrend sie Texte zum Thema \u201eBegehren\u201c rezitieren, mischen und neu formulieren. [&hellip;]<\/p>\n","protected":false},"author":1,"featured_media":0,"parent":0,"menu_order":0,"comment_status":"closed","ping_status":"closed","template":"","meta":{"_acf_changed":false,"footnotes":""},"class_list":["post-7722","page","type-page","status-publish","hentry"],"aioseo_notices":[],"acf":[],"jetpack_sharing_enabled":true,"_links":{"self":[{"href":"https:\/\/schrittmacherfestival.nl\/de\/wp-json\/wp\/v2\/pages\/7722","targetHints":{"allow":["GET"]}}],"collection":[{"href":"https:\/\/schrittmacherfestival.nl\/de\/wp-json\/wp\/v2\/pages"}],"about":[{"href":"https:\/\/schrittmacherfestival.nl\/de\/wp-json\/wp\/v2\/types\/page"}],"author":[{"embeddable":true,"href":"https:\/\/schrittmacherfestival.nl\/de\/wp-json\/wp\/v2\/users\/1"}],"replies":[{"embeddable":true,"href":"https:\/\/schrittmacherfestival.nl\/de\/wp-json\/wp\/v2\/comments?post=7722"}],"version-history":[{"count":8,"href":"https:\/\/schrittmacherfestival.nl\/de\/wp-json\/wp\/v2\/pages\/7722\/revisions"}],"predecessor-version":[{"id":8665,"href":"https:\/\/schrittmacherfestival.nl\/de\/wp-json\/wp\/v2\/pages\/7722\/revisions\/8665"}],"wp:attachment":[{"href":"https:\/\/schrittmacherfestival.nl\/de\/wp-json\/wp\/v2\/media?parent=7722"}],"curies":[{"name":"wp","href":"https:\/\/api.w.org\/{rel}","templated":true}]}}