{"id":7929,"date":"2023-12-14T09:52:45","date_gmt":"2023-12-14T09:52:45","guid":{"rendered":"https:\/\/schrittmacherfestival.nl\/tanz-gesundheit\/"},"modified":"2023-12-14T10:44:56","modified_gmt":"2023-12-14T10:44:56","slug":"tanz-gesundheit","status":"publish","type":"page","link":"https:\/\/schrittmacherfestival.nl\/de\/tanz-gesundheit\/","title":{"rendered":"Tanz &#038; Gesundheit"},"content":{"rendered":"\n<h1 class=\"wp-block-heading has-black-color has-text-color\" id=\"hofesh-shechter-company-gbr\">i.Z.m. Andrew Greenwood und Annemarie Labinjovan der Meulen<\/h1>\n\n<p><strong>Toon Hermans Huis Parkstad<\/strong><br\/><strong>So 10.03.2024<\/strong><br\/><strong>14.00 Uhr<\/strong><br\/><strong>Eintritt frei, Anmeldung erforderlich<\/strong><\/p>\n\n<figure class=\"wp-block-image alignwide size-large\"><img data-recalc-dims=\"1\" fetchpriority=\"high\" decoding=\"async\" width=\"640\" height=\"267\" src=\"https:\/\/i0.wp.com\/schrittmacherfestival.nl\/wp-content\/uploads\/2023\/12\/smf_24_NL_PROtalk_Andrew-Greenwood_ccompany-e1702547281232-1024x427.webp?resize=640%2C267&#038;ssl=1\" alt=\"\" class=\"wp-image-7926\" srcset=\"https:\/\/i0.wp.com\/schrittmacherfestival.nl\/wp-content\/uploads\/2023\/12\/smf_24_NL_PROtalk_Andrew-Greenwood_ccompany-e1702547281232.webp?resize=1024%2C427&amp;ssl=1 1024w, https:\/\/i0.wp.com\/schrittmacherfestival.nl\/wp-content\/uploads\/2023\/12\/smf_24_NL_PROtalk_Andrew-Greenwood_ccompany-e1702547281232.webp?resize=300%2C125&amp;ssl=1 300w, https:\/\/i0.wp.com\/schrittmacherfestival.nl\/wp-content\/uploads\/2023\/12\/smf_24_NL_PROtalk_Andrew-Greenwood_ccompany-e1702547281232.webp?resize=768%2C320&amp;ssl=1 768w, https:\/\/i0.wp.com\/schrittmacherfestival.nl\/wp-content\/uploads\/2023\/12\/smf_24_NL_PROtalk_Andrew-Greenwood_ccompany-e1702547281232.webp?resize=31%2C13&amp;ssl=1 31w, https:\/\/i0.wp.com\/schrittmacherfestival.nl\/wp-content\/uploads\/2023\/12\/smf_24_NL_PROtalk_Andrew-Greenwood_ccompany-e1702547281232.webp?w=1200&amp;ssl=1 1200w\" sizes=\"(max-width: 640px) 100vw, 640px\" \/><\/figure>\n\n<hr class=\"wp-block-separator has-css-opacity\"\/>\n\n<p>Wissenschaftliche Untersuchungen&#13;\nzeigen, dass Musik&#13;\nund Bewegung sehr wichtig&#13;\nfu\u0308r das menschliche Wohlbefinden&#13;\nsind. Auf der&#13;\nGrundlage dieser Erkenntnisse&#13;\ngru\u0308ndete der Choreograf&#13;\nund ehemalige Profit\u00e4nzer Andrew Greenwood das Programm Switch2 &#8211; move, um das pers\u00f6nliche Wachstum in geistiger, k\u00f6rperlicher und sozialer Hinsicht zu f\u00f6rdern. Zusammen mit der Verhaltensanalytikerin und ehemaligen Scapino- T\u00e4nzerin Annemarie Labin &#8211; jo-van der Meulen teilt er in diesem PROtalk sein Wissen und seine Erkenntnisse u\u0308ber das Tanzen mit Menschen mit verschiedenen Krankheiten und Leiden. Mit diesen Kursen wollen sie Menschen mit fragiler Gesundheit die M\u00f6glichkeit geben, (wieder) eine positive Verbindung zu ihrem K\u00f6rper zu finden und ihre Unabh\u00e4ngigkeit darin zu bewahren, w\u00e4hrend sie in einer Gruppe ihre Erfahrungen mit diesen Kursen teilen.<\/p>\n\n<hr class=\"wp-block-separator has-css-opacity\"\/>\n\n<div class=\"wp-block-buttons is-horizontal is-content-justification-center is-layout-flex wp-container-core-buttons-is-layout-499968f5 wp-block-buttons-is-layout-flex\">\n<div class=\"wp-block-button\"><a class=\"wp-block-button__link has-white-color has-black-background-color has-text-color has-background wp-element-button\" href=\"https:\/\/www.plt.nl\/bestel\/11368\" target=\"_blank\" rel=\"noreferrer noopener\"><strong>Tickets So 10.03 | 14.00 Uhr<\/strong><\/a><\/div>\n<\/div>\n\n<hr class=\"wp-block-separator has-css-opacity\"\/>\n","protected":false},"excerpt":{"rendered":"<p>i.Z.m. Andrew Greenwood und Annemarie Labinjovan der Meulen Toon Hermans Huis ParkstadSo 10.03.202414.00 UhrEintritt frei, Anmeldung erforderlich Wissenschaftliche Untersuchungen&#13; zeigen, dass Musik&#13; und Bewegung sehr wichtig&#13; fu\u0308r das menschliche Wohlbefinden&#13; sind. Auf der&#13; Grundlage dieser Erkenntnisse&#13; gru\u0308ndete der Choreograf&#13; und ehemalige Profit\u00e4nzer Andrew Greenwood das Programm Switch2 &#8211; move, um das pers\u00f6nliche Wachstum in geistiger, k\u00f6rperlicher und sozialer Hinsicht zu [&hellip;]<\/p>\n","protected":false},"author":1,"featured_media":0,"parent":0,"menu_order":0,"comment_status":"closed","ping_status":"closed","template":"","meta":{"_acf_changed":false,"footnotes":""},"class_list":["post-7929","page","type-page","status-publish","hentry"],"aioseo_notices":[],"acf":[],"jetpack_sharing_enabled":true,"_links":{"self":[{"href":"https:\/\/schrittmacherfestival.nl\/de\/wp-json\/wp\/v2\/pages\/7929","targetHints":{"allow":["GET"]}}],"collection":[{"href":"https:\/\/schrittmacherfestival.nl\/de\/wp-json\/wp\/v2\/pages"}],"about":[{"href":"https:\/\/schrittmacherfestival.nl\/de\/wp-json\/wp\/v2\/types\/page"}],"author":[{"embeddable":true,"href":"https:\/\/schrittmacherfestival.nl\/de\/wp-json\/wp\/v2\/users\/1"}],"replies":[{"embeddable":true,"href":"https:\/\/schrittmacherfestival.nl\/de\/wp-json\/wp\/v2\/comments?post=7929"}],"version-history":[{"count":2,"href":"https:\/\/schrittmacherfestival.nl\/de\/wp-json\/wp\/v2\/pages\/7929\/revisions"}],"predecessor-version":[{"id":7959,"href":"https:\/\/schrittmacherfestival.nl\/de\/wp-json\/wp\/v2\/pages\/7929\/revisions\/7959"}],"wp:attachment":[{"href":"https:\/\/schrittmacherfestival.nl\/de\/wp-json\/wp\/v2\/media?parent=7929"}],"curies":[{"name":"wp","href":"https:\/\/api.w.org\/{rel}","templated":true}]}}