{"id":7974,"date":"2023-12-15T09:30:10","date_gmt":"2023-12-15T09:30:10","guid":{"rendered":"https:\/\/schrittmacherfestival.nl\/von-gemuesegartengeschichten-bis-zu-fruehlingsopfern-ein-neues-ritual\/"},"modified":"2024-02-22T18:01:34","modified_gmt":"2024-02-22T18:01:34","slug":"von-gemuesegartengeschichten-bis-zu-fruehlingsopfern-ein-neues-ritual","status":"publish","type":"page","link":"https:\/\/schrittmacherfestival.nl\/de\/von-gemuesegartengeschichten-bis-zu-fruehlingsopfern-ein-neues-ritual\/","title":{"rendered":"Rituale im Gem\u00fcsegarten:"},"content":{"rendered":"\n<h1 class=\"wp-block-heading has-black-color has-text-color\" id=\"hofesh-shechter-company-gbr\">vom Maibaum bis zur Zungentrommel<\/h1>\n\n<p><strong>De Buurttuin Vrieheide, Heerlen-Noord + Stadstuin Heerlen<\/strong><br\/><strong>Sa 02.03.2024 (buurttuin) + So 03.03.2024 (stadstuin)<\/strong><br\/><strong>14.00 Uhr<\/strong><br\/><strong>Eintritt frei<\/strong><\/p>\n\n<figure class=\"wp-block-image alignwide size-large\"><img data-recalc-dims=\"1\" fetchpriority=\"high\" decoding=\"async\" width=\"640\" height=\"267\" src=\"https:\/\/i0.wp.com\/schrittmacherfestival.nl\/wp-content\/uploads\/2023\/12\/smf_24_NL_rite_of_spring_cstadstuin_heerlen-e1702632238182-1024x427.webp?resize=640%2C267&#038;ssl=1\" alt=\"\" class=\"wp-image-7971\" srcset=\"https:\/\/i0.wp.com\/schrittmacherfestival.nl\/wp-content\/uploads\/2023\/12\/smf_24_NL_rite_of_spring_cstadstuin_heerlen-e1702632238182.webp?resize=1024%2C427&amp;ssl=1 1024w, https:\/\/i0.wp.com\/schrittmacherfestival.nl\/wp-content\/uploads\/2023\/12\/smf_24_NL_rite_of_spring_cstadstuin_heerlen-e1702632238182.webp?resize=300%2C125&amp;ssl=1 300w, https:\/\/i0.wp.com\/schrittmacherfestival.nl\/wp-content\/uploads\/2023\/12\/smf_24_NL_rite_of_spring_cstadstuin_heerlen-e1702632238182.webp?resize=768%2C320&amp;ssl=1 768w, https:\/\/i0.wp.com\/schrittmacherfestival.nl\/wp-content\/uploads\/2023\/12\/smf_24_NL_rite_of_spring_cstadstuin_heerlen-e1702632238182.webp?resize=31%2C13&amp;ssl=1 31w, https:\/\/i0.wp.com\/schrittmacherfestival.nl\/wp-content\/uploads\/2023\/12\/smf_24_NL_rite_of_spring_cstadstuin_heerlen-e1702632238182.webp?w=1200&amp;ssl=1 1200w\" sizes=\"(max-width: 640px) 100vw, 640px\" \/><\/figure>\n\n<hr class=\"wp-block-separator has-css-opacity\"\/>\n\n<p>Am 7. und 8. M\u00e4rz ist <a href=\"https:\/\/schrittmacherfestival.nl\/de\/the-rite-of-spring-pina-bausch\/\" title=\"\">\u2018The Rite of Spring\u2019<\/a> von Pina Bausch in Heerlen zu sehen. Auf der Grundlage der Rolle, die die Erde in dieser Vorstellung spielt, werden wir zu Beginn des meteorologischen Fr\u00fchlings \u2013 am Samstag, dem 2., und Sonntag, dem 3. M\u00e4rz, \u2013 die Saison mit zwei rituellen Begegnungen im Gem\u00fcsegarten einl\u00e4uten. Im Buurttuin Heerlen-Noord und anschlie\u00dfend im Stadstuin im Stadtzentrum stellen wir einen Maibaum auf. Die engagierte Gem\u00fcsegartenkoordinatorin Kim Hooiveld zeigt uns, was sie am Gem\u00fcsegarten so fasziniert. Die lettische Sopranistin Egita Gielen lebt in Maastricht und ist ganz verr\u00fcckt nach Blumen. Mit ihren akustischen Fr\u00fchlingsliedern, bei denen sie sich selbst auf der Zungentrommel begleitet, reizt sie unsere Sinne. Der Naturcoach und Kulturschaffende Joost van Pag\u00e9e berichtet \u00fcber seine Fr\u00fchlings-Audiowanderung. Moderiert wird die Veranstaltung von Jackie Smeets. Lauschen, schnuppern, sehen, erleben \u2013 lassen Sie sich von den Fr\u00fchlingsgef\u00fchlen \u00fcberrumpeln.<\/p>\n\n<p>In Zusammenarbeit mit De Buurttuin Vrieheide, Stadstuin Heerlen, Honey Eavis, Nita Liem, Fontys Hogeschool voor de Kunsten und schoolkinderen aus Parkstad.<\/p>\n\n<hr class=\"wp-block-separator has-css-opacity\"\/>\n","protected":false},"excerpt":{"rendered":"<p>vom Maibaum bis zur Zungentrommel De Buurttuin Vrieheide, Heerlen-Noord + Stadstuin HeerlenSa 02.03.2024 (buurttuin) + So 03.03.2024 (stadstuin)14.00 UhrEintritt frei Am 7. und 8. M\u00e4rz ist \u2018The Rite of Spring\u2019 von Pina Bausch in Heerlen zu sehen. Auf der Grundlage der Rolle, die die Erde in dieser Vorstellung spielt, werden wir zu Beginn des meteorologischen Fr\u00fchlings \u2013 am Samstag, dem [&hellip;]<\/p>\n","protected":false},"author":1,"featured_media":0,"parent":0,"menu_order":0,"comment_status":"closed","ping_status":"closed","template":"","meta":{"_acf_changed":false,"footnotes":""},"class_list":["post-7974","page","type-page","status-publish","hentry"],"aioseo_notices":[],"acf":[],"jetpack_sharing_enabled":true,"_links":{"self":[{"href":"https:\/\/schrittmacherfestival.nl\/de\/wp-json\/wp\/v2\/pages\/7974","targetHints":{"allow":["GET"]}}],"collection":[{"href":"https:\/\/schrittmacherfestival.nl\/de\/wp-json\/wp\/v2\/pages"}],"about":[{"href":"https:\/\/schrittmacherfestival.nl\/de\/wp-json\/wp\/v2\/types\/page"}],"author":[{"embeddable":true,"href":"https:\/\/schrittmacherfestival.nl\/de\/wp-json\/wp\/v2\/users\/1"}],"replies":[{"embeddable":true,"href":"https:\/\/schrittmacherfestival.nl\/de\/wp-json\/wp\/v2\/comments?post=7974"}],"version-history":[{"count":5,"href":"https:\/\/schrittmacherfestival.nl\/de\/wp-json\/wp\/v2\/pages\/7974\/revisions"}],"predecessor-version":[{"id":8769,"href":"https:\/\/schrittmacherfestival.nl\/de\/wp-json\/wp\/v2\/pages\/7974\/revisions\/8769"}],"wp:attachment":[{"href":"https:\/\/schrittmacherfestival.nl\/de\/wp-json\/wp\/v2\/media?parent=7974"}],"curies":[{"name":"wp","href":"https:\/\/api.w.org\/{rel}","templated":true}]}}