{"id":8123,"date":"2023-12-19T11:26:23","date_gmt":"2023-12-19T11:26:23","guid":{"rendered":"https:\/\/schrittmacherfestival.nl\/workshops-2024\/"},"modified":"2024-02-06T10:01:28","modified_gmt":"2024-02-06T10:01:28","slug":"workshops-2024","status":"publish","type":"page","link":"https:\/\/schrittmacherfestival.nl\/de\/workshops-2024\/","title":{"rendered":"Workshops"},"content":{"rendered":"\n<h1 class=\"wp-block-heading has-black-color has-text-color\" id=\"hofesh-shechter-company-gbr\">Die Workshops in Aachen finden statt in Zusammenarbeit mit der Volkshochschule (vhs) Aachen<\/h1>\n\n<p><strong>Verschiedene Orte<\/strong><br\/><strong>Mo 19.02.2024 &#8211; Sa 23.03.2024<\/strong><br\/><strong>Von 12,50 \u20ac<\/strong><\/p>\n\n<figure class=\"wp-block-image alignwide size-large\"><img data-recalc-dims=\"1\" height=\"427\" width=\"640\" decoding=\"async\" src=\"https:\/\/i0.wp.com\/schrittmacherfestival.nl\/wp-content\/uploads\/2023\/12\/Botis-Seva_Mama_CamillaGreenwell-5-1.jpg?resize=640%2C427&#038;ssl=1\" alt=\"\" class=\"wp-image-7351\"\/><\/figure>\n\n<hr class=\"wp-block-separator has-css-opacity\"\/>\n\n<h2 class=\"wp-block-heading\">Die Workshops k\u00f6nnen nur bei ausreichender Anmeldung angeboten werden!<\/h2>\n\n<hr class=\"wp-block-separator has-css-opacity\"\/>\n\n<p><strong><a href=\"https:\/\/schrittmacherfestival.nl\/de\/voodoo-waltz\/\" title=\"\">Imre van Opstal &amp; Marne van Opstal Schauspielhaus Bochum \/ Hessisches Staatsballett (NL\/ D)<\/a><\/strong><\/p>\n\n<p>Fu\u0308r Fortgeschrittene Tanzerfahrung erforderlich <br\/>Warm-Up &amp; Erarbeitung von Choreografieausschnitten<br\/>mit Xanthe van Opstal<\/p>\n\n<p><strong>Mo 19.02.2024<\/strong><br\/>19.00 \u2013 20.30 Uhr<br\/><strong>Theater Heerlen, LIMBURGzaal<\/strong><\/p>\n\n<div class=\"wp-block-buttons is-horizontal is-content-justification-center is-layout-flex wp-container-core-buttons-is-layout-499968f5 wp-block-buttons-is-layout-flex\">\n<div class=\"wp-block-button\"><a class=\"wp-block-button__link has-white-color has-black-background-color has-text-color has-background wp-element-button\" href=\"https:\/\/www.plt.nl\/bestel\/11383\" target=\"_blank\" rel=\"noreferrer noopener\"><strong>Tickets Mo 20.02 | 19.00 Uhr<\/strong><\/a><\/div>\n<\/div>\n\n<hr class=\"wp-block-separator has-css-opacity\"\/>\n\n<p><strong><a href=\"https:\/\/schrittmacherfestival.nl\/de\/far-from-the-norm-botis-seva\/\" title=\"\">Far From The Norm \/ Botis Seva (GB)<\/a><\/strong><\/p>\n\n<p>Fu\u0308r Anf\u00e4nger*innen und Fortgeschrittene<br\/>Keine Tanzerfahrungen&#13;\nerforderlich<br\/>Warm-up &amp; Erarbeitung von Choreografieausschnitten.<br\/>Mit einem Mitglied&#13;\nder Kompanie<\/p>\n\n<p><strong>Fr 23.02.2024<\/strong><br\/>19.00 \u2013 20.30 Uhr<br\/><strong>Theater Kerkade, MFzaal<\/strong><\/p>\n\n<div class=\"wp-block-buttons is-horizontal is-content-justification-center is-layout-flex wp-container-core-buttons-is-layout-499968f5 wp-block-buttons-is-layout-flex\">\n<div class=\"wp-block-button\"><a class=\"wp-block-button__link has-white-color has-black-background-color has-text-color has-background wp-element-button\" href=\"https:\/\/www.plt.nl\/bestel\/11369\" target=\"_blank\" rel=\"noreferrer noopener\"><strong>Tickets Fr 23.02 | 19.00 Uhr<\/strong><\/a><\/div>\n<\/div>\n\n<hr class=\"wp-block-separator has-css-opacity\"\/>\n\n<p><strong><a href=\"https:\/\/schrittmacherfestival.nl\/de\/fashionclash\/\" title=\"\">Fashionclash<\/a><\/strong><\/p>\n\n<p>Erfahrung ist nicht erforderlich<br\/>8-16 Jahr<br\/>der von Modedesigner*innen von FASHIONCLASH geleitet wird<\/p>\n\n<p><strong>Sa 24.02.2024<\/strong><br\/>10.00 \u2013 16.00 Uhr<br\/><strong>Cultuurhuis Heerlen<\/strong><\/p>\n\n<div class=\"wp-block-buttons is-horizontal is-content-justification-center is-layout-flex wp-container-core-buttons-is-layout-499968f5 wp-block-buttons-is-layout-flex\">\n<div class=\"wp-block-button\"><a class=\"wp-block-button__link has-white-color has-black-background-color has-text-color has-background wp-element-button\" href=\"https:\/\/www.plt.nl\/bestel\/11366\" target=\"_blank\" rel=\"noreferrer noopener\"><strong>Tickets Sa 24.02 | 10.00 Uhr<\/strong><\/a><\/div>\n<\/div>\n\n<hr class=\"wp-block-separator has-css-opacity\"\/>\n\n<p><strong><a href=\"https:\/\/schrittmacherfestival.nl\/de\/the-rite-of-spring-pina-bausch\/\" title=\"\">\u00c9cole des Sables (F)<\/a><\/strong><\/p>\n\n<p>Fu\u0308r Anf\u00e4nger*innen und Fortgeschrittene<br\/>Keine Tanzerfahrungen&#13;\nerforderlich<br\/>Warm-up &amp; Erarbeitung von Choreografieausschnitten.<br\/>Mit einem Mitglied&#13;\nder Kompanie<\/p>\n\n<p><strong>So 03.03.2024<\/strong><br\/>11.00 \u2013 12.30 Uhr<br\/><strong>Theater Heerlen, LIMBURGzaal<\/strong><\/p>\n\n<div class=\"wp-block-buttons is-horizontal is-content-justification-center is-layout-flex wp-container-core-buttons-is-layout-499968f5 wp-block-buttons-is-layout-flex\">\n<div class=\"wp-block-button\"><a class=\"wp-block-button__link has-white-color has-black-background-color has-text-color has-background wp-element-button\" href=\"https:\/\/www.plt.nl\/bestel\/11384\" target=\"_blank\" rel=\"noreferrer noopener\"><strong>Tickets So 03.03 | 11.00 Uhr<\/strong><\/a><\/div>\n<\/div>\n\n<hr class=\"wp-block-separator has-css-opacity\"\/>\n\n<p><strong><a href=\"https:\/\/schrittmacherfestival.nl\/de\/nowhere\/\" title=\"\">YY Dance Company (USA\/CN)<\/a><\/strong><\/p>\n\n<p>Fu\u0308r Fortgeschrittene<br\/>Erlernen der kompanieeigenen FoCo Technique &amp; Erarbeitung von Choreografieausschnitten<br\/>Mit&#13;\nMitgliedern der Kompanie<\/p>\n\n<p><strong>Sa 09.03.2024<\/strong><br\/>12.00 \u2013 14.00 Uhr<br\/><strong>vhs Aachen (hogeschool), Raum 233, 52062 Aachen, Peterstr. 21-25<\/strong><\/p>\n\n<div class=\"wp-block-buttons is-horizontal is-content-justification-center is-layout-flex wp-container-core-buttons-is-layout-499968f5 wp-block-buttons-is-layout-flex\">\n<div class=\"wp-block-button\"><a class=\"wp-block-button__link has-white-color has-black-background-color has-text-color has-background wp-element-button\"><strong>Anmeldung unter Angabe der Veranstaltungs-Nr. 241-09030<\/strong><br\/><strong>T.: +49 (0)241 4792111<\/strong><\/a><\/div>\n<\/div>\n\n<hr class=\"wp-block-separator has-css-opacity\"\/>\n\n<p><a href=\"https:\/\/schrittmacherfestival.nl\/de\/the-beauty-of-it-all\/\" title=\"\"><strong>NDT 2 (NL)<\/strong><\/a><\/p>\n\n<p>Fu\u0308r Fortgeschrittene<br\/>Warm-up &amp; Erarbeitung von Choreografieausschnitten<br\/>Mit einem Mitglied&#13;\nder Kompanie<\/p>\n\n<p><strong>Sa 23.03.2024<\/strong><br\/>10.00 \u2013 11.30 Uhr<br\/><strong>Theater Heerlen, LIMBURGzaal<\/strong><\/p>\n\n<div class=\"wp-block-buttons is-horizontal is-content-justification-center is-layout-flex wp-container-core-buttons-is-layout-499968f5 wp-block-buttons-is-layout-flex\">\n<div class=\"wp-block-button\"><a class=\"wp-block-button__link has-white-color has-black-background-color has-text-color has-background wp-element-button\"><strong>Abgesagt<\/strong><\/a><\/div>\n<\/div>\n\n<hr class=\"wp-block-separator has-css-opacity\"\/>\n\n<h1 class=\"wp-block-heading\">Kombi-Ticket<\/h1>\n\n<p><strong>Workshopteilnahme &amp; Ticket zur Abendvorstellung<\/strong><\/p>\n\n<p><strong>Aachen<\/strong><br\/>Das Kombi-Ticket Aachen ist limitiert und ausschlie\u00dflich u\u0308ber die vhs Aachen unter Angabe der u.g. Veranstaltungsnummer bis zum 11.02.2024 zu buchen.<br\/>Anmeldung via T.: +49 (0)241 4792111<\/p>\n\n<p><strong>YY Dance Company (USA\/CN)<\/strong><br\/>Workshop: Sa 09.03.2024 + Vorstellung: Sa 09.03.2024<br\/>Workshop &amp; Vorstellung 59,00 \u20ac Veranstaltungs-Nr. 241-09031<\/p>\n\n<p><strong>Heerlen<\/strong><br\/>Workshopteilnehmer in Heerlen erhalten vergu\u0308nstigte Preise fu\u0308r die Abendvorstellung der betreffenden Kompanie.<br\/><a href=\"https:\/\/www.plt.nl\/\" target=\"_blank\" rel=\"noopener\" title=\"\">Anmeldung PLT<\/a><\/p>\n\n<p><strong>Imre van Opstal &amp;<\/strong> <strong>Marne van Opstal (NL)<\/strong><br\/>Workshop: Mo 19.02.2024 + Vorstellung: Di 20.02.2024<br\/>Workshop &amp; Vorstellung 33,00 \u20ac (Rang 1)<\/p>\n\n<p><strong>Far From The Norm \/ Botis Seva (GB)<\/strong><br\/>Workshop: Fr 23.02.2024 + Vorstellung: Mo 26.02.2024<br\/>Workshop &amp; Vorstellung 33,00 \u20ac (Rang 1)<\/p>\n\n<hr class=\"wp-block-separator has-css-opacity\"\/>\n\n<h1 class=\"wp-block-heading\">Workshop special<\/h1>\n\n<p><strong><a href=\"https:\/\/schrittmacherfestival.nl\/de\/new-report-on-giving-birth\/\" title=\"\">The Living Dance Studio \/ Wen Hui<\/a><\/strong><\/p>\n\n<p>Fu\u0308r sich selbst handeln k\u00f6nnen<br\/>Keine Vorkenntnisse erforderlich<br\/>Bequeme Kleidung ist mitzubringen<\/p>\n\n<p><br\/>Wen Hui l\u00e4dt Frauen ab 50 ein, den eigenen K\u00f6rper als Archiv zu entdecken und neue Zug\u00e4nge zu den eigenen Erfahrungen zu finden.<\/p>\n\n<p><strong>Fr 15.03.2024<\/strong><br\/>13.00-16.00 Uhr<br\/><strong>Theater Kerkrade, MFzaal<\/strong><\/p>\n\n<div class=\"wp-block-buttons is-horizontal is-content-justification-center is-layout-flex wp-container-core-buttons-is-layout-499968f5 wp-block-buttons-is-layout-flex\">\n<div class=\"wp-block-button\"><a class=\"wp-block-button__link has-white-color has-black-background-color has-text-color has-background wp-element-button\" href=\"https:\/\/www.plt.nl\/bestel\/11372\" target=\"_blank\" rel=\"noreferrer noopener\"><strong>Tickets Fr 15.03 | 13.00 Uhr<\/strong><\/a><\/div>\n<\/div>\n\n<p><strong>Kombi-Ticket<\/strong><br\/>Workshop: Fr 15.03.2024 + Vorstellung: do 14.03.2024 Workshop &amp; Vorstellung 30,00 \u20ac (Rang 1)<br\/><a href=\"https:\/\/www.plt.nl\/\" target=\"_blank\" rel=\"noopener\" title=\"\">Anmeldung PLT<\/a><\/p>\n\n<hr class=\"wp-block-separator has-css-opacity\"\/>\n","protected":false},"excerpt":{"rendered":"<p>Die Workshops in Aachen finden statt in Zusammenarbeit mit der Volkshochschule (vhs) Aachen Verschiedene OrteMo 19.02.2024 &#8211; Sa 23.03.2024Von 12,50 \u20ac Die Workshops k\u00f6nnen nur bei ausreichender Anmeldung angeboten werden! Imre van Opstal &amp; Marne van Opstal Schauspielhaus Bochum \/ Hessisches Staatsballett (NL\/ D) Fu\u0308r Fortgeschrittene Tanzerfahrung erforderlich Warm-Up &amp; Erarbeitung von Choreografieausschnittenmit Xanthe van Opstal Mo 19.02.202419.00 \u2013 20.30 [&hellip;]<\/p>\n","protected":false},"author":1,"featured_media":0,"parent":0,"menu_order":0,"comment_status":"closed","ping_status":"closed","template":"","meta":{"_acf_changed":false,"footnotes":""},"class_list":["post-8123","page","type-page","status-publish","hentry"],"aioseo_notices":[],"acf":[],"jetpack_sharing_enabled":true,"_links":{"self":[{"href":"https:\/\/schrittmacherfestival.nl\/de\/wp-json\/wp\/v2\/pages\/8123","targetHints":{"allow":["GET"]}}],"collection":[{"href":"https:\/\/schrittmacherfestival.nl\/de\/wp-json\/wp\/v2\/pages"}],"about":[{"href":"https:\/\/schrittmacherfestival.nl\/de\/wp-json\/wp\/v2\/types\/page"}],"author":[{"embeddable":true,"href":"https:\/\/schrittmacherfestival.nl\/de\/wp-json\/wp\/v2\/users\/1"}],"replies":[{"embeddable":true,"href":"https:\/\/schrittmacherfestival.nl\/de\/wp-json\/wp\/v2\/comments?post=8123"}],"version-history":[{"count":15,"href":"https:\/\/schrittmacherfestival.nl\/de\/wp-json\/wp\/v2\/pages\/8123\/revisions"}],"predecessor-version":[{"id":8446,"href":"https:\/\/schrittmacherfestival.nl\/de\/wp-json\/wp\/v2\/pages\/8123\/revisions\/8446"}],"wp:attachment":[{"href":"https:\/\/schrittmacherfestival.nl\/de\/wp-json\/wp\/v2\/media?parent=8123"}],"curies":[{"name":"wp","href":"https:\/\/api.w.org\/{rel}","templated":true}]}}