{"id":8224,"date":"2024-01-29T12:41:52","date_gmt":"2024-01-29T12:41:52","guid":{"rendered":"https:\/\/schrittmacherfestival.nl\/zoz-afternoon\/"},"modified":"2024-03-04T10:56:37","modified_gmt":"2024-03-04T10:56:37","slug":"zoz-afternoon","status":"publish","type":"page","link":"https:\/\/schrittmacherfestival.nl\/de\/zoz-afternoon\/","title":{"rendered":"ZOZ afternoon"},"content":{"rendered":"\n<h1 class=\"wp-block-heading has-black-color has-text-color\" id=\"hofesh-shechter-company-gbr\">x schrit_tmacher x Kool Cult<\/h1>\n\n<p><strong>SCHUNCK Glaspaleis<\/strong><br\/><strong>Fr 08.03.2024<\/strong><br\/><strong>14.30 &#8211; 18.30 Uhr<\/strong><br\/><strong>Bewerbung \u00fcber: <a href=\"https:\/\/fondszoz.nl\/heerlen\/\" target=\"_blank\" rel=\"noopener\" title=\"\">https:\/\/fondszoz.nl\/heerlen\/<\/a><\/strong><\/p>\n\n<figure class=\"wp-block-image alignwide size-large\"><img data-recalc-dims=\"1\" fetchpriority=\"high\" decoding=\"async\" width=\"640\" height=\"267\" src=\"https:\/\/i0.wp.com\/schrittmacherfestival.nl\/wp-content\/uploads\/2024\/02\/Copy-of-538A7101-e1707299612584-1024x427.webp?resize=640%2C267&#038;ssl=1\" alt=\"\" class=\"wp-image-8644\" srcset=\"https:\/\/i0.wp.com\/schrittmacherfestival.nl\/wp-content\/uploads\/2024\/02\/Copy-of-538A7101-e1707299612584.webp?resize=1024%2C427&amp;ssl=1 1024w, https:\/\/i0.wp.com\/schrittmacherfestival.nl\/wp-content\/uploads\/2024\/02\/Copy-of-538A7101-e1707299612584.webp?resize=300%2C125&amp;ssl=1 300w, https:\/\/i0.wp.com\/schrittmacherfestival.nl\/wp-content\/uploads\/2024\/02\/Copy-of-538A7101-e1707299612584.webp?resize=768%2C320&amp;ssl=1 768w, https:\/\/i0.wp.com\/schrittmacherfestival.nl\/wp-content\/uploads\/2024\/02\/Copy-of-538A7101-e1707299612584.webp?resize=31%2C13&amp;ssl=1 31w, https:\/\/i0.wp.com\/schrittmacherfestival.nl\/wp-content\/uploads\/2024\/02\/Copy-of-538A7101-e1707299612584.webp?w=1200&amp;ssl=1 1200w\" sizes=\"(max-width: 640px) 100vw, 640px\" \/><\/figure>\n\n<hr class=\"wp-block-separator has-css-opacity\"\/>\n\n<p>An diesem Nachmittag k\u00f6nnen junge Kreative mit Teammitgliedern der ZOZ-Akademie \u00fcber die Beantragung von F\u00f6rdermitteln und alles, was dazu geh\u00f6rt, sprechen. Der Nachmittag beginnt mit einem Workshop, gefolgt von einer Sprechstunde mit den Fondsberatern. F\u00fcr diese Ausgabe arbeitet der Fonds ZOZ mit Koolcult und schrit_tmacher zusammen. Informationen zum Workshop folgen, sobald mehr bekannt ist.<\/p>\n\n<p>Der Fonds ZOZ unterst\u00fctzt K\u00fcnstler und On- und Offline-Kreative, die sich f\u00fcr die niederl\u00e4ndische Gesellschaft engagieren wollen. Projekte, die versuchen, Unterschiede zwischen Menschen zu \u00fcberbr\u00fccken, festgefahrene Denkmuster zu durchbrechen und Empathie und Verst\u00e4ndnis zu f\u00f6rdern. K\u00fcnstler, die die Kraft von Geschichten nutzen wollen, um die Resilienz in der Gesellschaft zu st\u00e4rken und Polarisierung abzubauen.<\/p>\n\n<p>J\u00e4hrlich werden zehn Kreative ausgew\u00e4hlt, die im Rahmen der ZOZ Academy forschen. Sie erhalten einen Beitrag von bis zu 5 000 EUR, um die Forschung durchzuf\u00fchren und ein erstes Pilotprojekt zu starten. Dabei erhalten sie zus\u00e4tzliche ma\u00dfgeschneiderte Beratung (einschlie\u00dflich Inhalt, Marketing oder Vertrieb).<\/p>\n\n<h2 class=\"wp-block-heading\"> <\/h2>\n\n<p> <\/p>\n\n<p> <\/p>\n\n<p> <\/p>\n\n<p> <\/p>\n\n<hr class=\"wp-block-separator has-css-opacity\"\/>\n\n<div class=\"wp-block-buttons is-horizontal is-content-justification-center is-layout-flex wp-container-core-buttons-is-layout-499968f5 wp-block-buttons-is-layout-flex\">\n<div class=\"wp-block-button\"><a class=\"wp-block-button__link has-white-color has-black-background-color has-text-color has-background wp-element-button\" href=\"https:\/\/fondszoz.nl\/heerlen\/\" target=\"_blank\" rel=\"noreferrer noopener\"><strong>sich anmelden<\/strong><\/a><\/div>\n<\/div>\n\n<hr class=\"wp-block-separator has-css-opacity\"\/>\n\n<figure class=\"wp-block-gallery has-nested-images columns-default is-cropped wp-block-gallery-1 is-layout-flex wp-block-gallery-is-layout-flex\">\n<figure class=\"wp-block-image size-large\"><img data-recalc-dims=\"1\" decoding=\"async\" width=\"640\" height=\"427\" data-id=\"8634\" src=\"https:\/\/i0.wp.com\/schrittmacherfestival.nl\/wp-content\/uploads\/2024\/02\/Copy-of-538A6965_01.jpg?resize=640%2C427&#038;ssl=1\" alt=\"\" class=\"wp-image-8634\" srcset=\"https:\/\/i0.wp.com\/schrittmacherfestival.nl\/wp-content\/uploads\/2024\/02\/Copy-of-538A6965_01.jpg?resize=1024%2C683&amp;ssl=1 1024w, https:\/\/i0.wp.com\/schrittmacherfestival.nl\/wp-content\/uploads\/2024\/02\/Copy-of-538A6965_01.jpg?resize=300%2C200&amp;ssl=1 300w, https:\/\/i0.wp.com\/schrittmacherfestival.nl\/wp-content\/uploads\/2024\/02\/Copy-of-538A6965_01.jpg?resize=768%2C512&amp;ssl=1 768w, https:\/\/i0.wp.com\/schrittmacherfestival.nl\/wp-content\/uploads\/2024\/02\/Copy-of-538A6965_01.jpg?resize=600%2C400&amp;ssl=1 600w, https:\/\/i0.wp.com\/schrittmacherfestival.nl\/wp-content\/uploads\/2024\/02\/Copy-of-538A6965_01.jpg?resize=31%2C21&amp;ssl=1 31w, https:\/\/i0.wp.com\/schrittmacherfestival.nl\/wp-content\/uploads\/2024\/02\/Copy-of-538A6965_01.jpg?w=1200&amp;ssl=1 1200w\" sizes=\"(max-width: 640px) 100vw, 640px\" \/><\/figure>\n\n\n\n<figure class=\"wp-block-image size-large\"><img data-recalc-dims=\"1\" decoding=\"async\" width=\"640\" height=\"960\" data-id=\"8638\" src=\"https:\/\/i0.wp.com\/schrittmacherfestival.nl\/wp-content\/uploads\/2024\/02\/Copy-of-538A7172.jpg?resize=640%2C960&#038;ssl=1\" alt=\"\" class=\"wp-image-8638\" srcset=\"https:\/\/i0.wp.com\/schrittmacherfestival.nl\/wp-content\/uploads\/2024\/02\/Copy-of-538A7172.jpg?resize=683%2C1024&amp;ssl=1 683w, https:\/\/i0.wp.com\/schrittmacherfestival.nl\/wp-content\/uploads\/2024\/02\/Copy-of-538A7172.jpg?resize=200%2C300&amp;ssl=1 200w, https:\/\/i0.wp.com\/schrittmacherfestival.nl\/wp-content\/uploads\/2024\/02\/Copy-of-538A7172.jpg?resize=768%2C1152&amp;ssl=1 768w, https:\/\/i0.wp.com\/schrittmacherfestival.nl\/wp-content\/uploads\/2024\/02\/Copy-of-538A7172.jpg?resize=18%2C27&amp;ssl=1 18w, https:\/\/i0.wp.com\/schrittmacherfestival.nl\/wp-content\/uploads\/2024\/02\/Copy-of-538A7172.jpg?w=800&amp;ssl=1 800w\" sizes=\"(max-width: 640px) 100vw, 640px\" \/><\/figure>\n\n\n\n<figure class=\"wp-block-image size-large\"><img data-recalc-dims=\"1\" loading=\"lazy\" decoding=\"async\" width=\"640\" height=\"960\" data-id=\"8636\" src=\"https:\/\/i0.wp.com\/schrittmacherfestival.nl\/wp-content\/uploads\/2024\/02\/Copy-of-538A7241.jpg?resize=640%2C960&#038;ssl=1\" alt=\"\" class=\"wp-image-8636\" srcset=\"https:\/\/i0.wp.com\/schrittmacherfestival.nl\/wp-content\/uploads\/2024\/02\/Copy-of-538A7241.jpg?resize=683%2C1024&amp;ssl=1 683w, https:\/\/i0.wp.com\/schrittmacherfestival.nl\/wp-content\/uploads\/2024\/02\/Copy-of-538A7241.jpg?resize=200%2C300&amp;ssl=1 200w, https:\/\/i0.wp.com\/schrittmacherfestival.nl\/wp-content\/uploads\/2024\/02\/Copy-of-538A7241.jpg?resize=768%2C1152&amp;ssl=1 768w, https:\/\/i0.wp.com\/schrittmacherfestival.nl\/wp-content\/uploads\/2024\/02\/Copy-of-538A7241.jpg?resize=18%2C27&amp;ssl=1 18w, https:\/\/i0.wp.com\/schrittmacherfestival.nl\/wp-content\/uploads\/2024\/02\/Copy-of-538A7241.jpg?w=800&amp;ssl=1 800w\" sizes=\"(max-width: 640px) 100vw, 640px\" \/><\/figure>\n\n\n\n<figure class=\"wp-block-image size-large\"><img data-recalc-dims=\"1\" loading=\"lazy\" decoding=\"async\" width=\"640\" height=\"427\" data-id=\"8640\" src=\"https:\/\/i0.wp.com\/schrittmacherfestival.nl\/wp-content\/uploads\/2024\/02\/Copy-of-538A6989.jpg?resize=640%2C427&#038;ssl=1\" alt=\"\" class=\"wp-image-8640\" srcset=\"https:\/\/i0.wp.com\/schrittmacherfestival.nl\/wp-content\/uploads\/2024\/02\/Copy-of-538A6989.jpg?resize=1024%2C683&amp;ssl=1 1024w, https:\/\/i0.wp.com\/schrittmacherfestival.nl\/wp-content\/uploads\/2024\/02\/Copy-of-538A6989.jpg?resize=300%2C200&amp;ssl=1 300w, https:\/\/i0.wp.com\/schrittmacherfestival.nl\/wp-content\/uploads\/2024\/02\/Copy-of-538A6989.jpg?resize=768%2C512&amp;ssl=1 768w, https:\/\/i0.wp.com\/schrittmacherfestival.nl\/wp-content\/uploads\/2024\/02\/Copy-of-538A6989.jpg?resize=600%2C400&amp;ssl=1 600w, https:\/\/i0.wp.com\/schrittmacherfestival.nl\/wp-content\/uploads\/2024\/02\/Copy-of-538A6989.jpg?resize=31%2C21&amp;ssl=1 31w, https:\/\/i0.wp.com\/schrittmacherfestival.nl\/wp-content\/uploads\/2024\/02\/Copy-of-538A6989.jpg?w=1200&amp;ssl=1 1200w\" sizes=\"(max-width: 640px) 100vw, 640px\" \/><\/figure>\n<\/figure>\n\n<hr class=\"wp-block-separator has-css-opacity\"\/>\n","protected":false},"excerpt":{"rendered":"<p>x schrit_tmacher x Kool Cult SCHUNCK GlaspaleisFr 08.03.202414.30 &#8211; 18.30 UhrBewerbung \u00fcber: https:\/\/fondszoz.nl\/heerlen\/ An diesem Nachmittag k\u00f6nnen junge Kreative mit Teammitgliedern der ZOZ-Akademie \u00fcber die Beantragung von F\u00f6rdermitteln und alles, was dazu geh\u00f6rt, sprechen. Der Nachmittag beginnt mit einem Workshop, gefolgt von einer Sprechstunde mit den Fondsberatern. F\u00fcr diese Ausgabe arbeitet der Fonds ZOZ mit Koolcult und schrit_tmacher zusammen. Informationen [&hellip;]<\/p>\n","protected":false},"author":1,"featured_media":0,"parent":0,"menu_order":0,"comment_status":"closed","ping_status":"closed","template":"","meta":{"_acf_changed":false,"footnotes":""},"class_list":["post-8224","page","type-page","status-publish","hentry"],"aioseo_notices":[],"acf":[],"jetpack_sharing_enabled":true,"_links":{"self":[{"href":"https:\/\/schrittmacherfestival.nl\/de\/wp-json\/wp\/v2\/pages\/8224","targetHints":{"allow":["GET"]}}],"collection":[{"href":"https:\/\/schrittmacherfestival.nl\/de\/wp-json\/wp\/v2\/pages"}],"about":[{"href":"https:\/\/schrittmacherfestival.nl\/de\/wp-json\/wp\/v2\/types\/page"}],"author":[{"embeddable":true,"href":"https:\/\/schrittmacherfestival.nl\/de\/wp-json\/wp\/v2\/users\/1"}],"replies":[{"embeddable":true,"href":"https:\/\/schrittmacherfestival.nl\/de\/wp-json\/wp\/v2\/comments?post=8224"}],"version-history":[{"count":12,"href":"https:\/\/schrittmacherfestival.nl\/de\/wp-json\/wp\/v2\/pages\/8224\/revisions"}],"predecessor-version":[{"id":8860,"href":"https:\/\/schrittmacherfestival.nl\/de\/wp-json\/wp\/v2\/pages\/8224\/revisions\/8860"}],"wp:attachment":[{"href":"https:\/\/schrittmacherfestival.nl\/de\/wp-json\/wp\/v2\/media?parent=8224"}],"curies":[{"name":"wp","href":"https:\/\/api.w.org\/{rel}","templated":true}]}}