{"id":8305,"date":"2024-01-29T15:08:51","date_gmt":"2024-01-29T15:08:51","guid":{"rendered":"https:\/\/schrittmacherfestival.nl\/dans-right-now\/"},"modified":"2024-02-28T10:34:15","modified_gmt":"2024-02-28T10:34:15","slug":"dans-right-now","status":"publish","type":"page","link":"https:\/\/schrittmacherfestival.nl\/de\/dans-right-now\/","title":{"rendered":"Dans Right Now"},"content":{"rendered":"\n<h1 class=\"wp-block-heading has-black-color has-text-color\" id=\"hofesh-shechter-company-gbr\">geschlossene Sitzung<\/h1>\n\n<p><strong>PLT, Theater Heerlen \u2013 RABOzaal<\/strong><br\/><strong>Di 19.03.2024<\/strong><br\/><strong>19.00 &#8211; 22.00 Uhr<\/strong><\/p>\n\n<figure class=\"wp-block-image alignwide size-full\"><img data-recalc-dims=\"1\" fetchpriority=\"high\" decoding=\"async\" width=\"640\" height=\"267\" src=\"https:\/\/i0.wp.com\/schrittmacherfestival.nl\/wp-content\/uploads\/2024\/01\/Dans-Righr-Now-scaled-e1706608796793.webp?resize=640%2C267&#038;ssl=1\" alt=\"\" class=\"wp-image-8331\" srcset=\"https:\/\/i0.wp.com\/schrittmacherfestival.nl\/wp-content\/uploads\/2024\/01\/Dans-Righr-Now-scaled-e1706608796793.webp?w=1200&amp;ssl=1 1200w, https:\/\/i0.wp.com\/schrittmacherfestival.nl\/wp-content\/uploads\/2024\/01\/Dans-Righr-Now-scaled-e1706608796793.webp?resize=300%2C125&amp;ssl=1 300w, https:\/\/i0.wp.com\/schrittmacherfestival.nl\/wp-content\/uploads\/2024\/01\/Dans-Righr-Now-scaled-e1706608796793.webp?resize=1024%2C427&amp;ssl=1 1024w, https:\/\/i0.wp.com\/schrittmacherfestival.nl\/wp-content\/uploads\/2024\/01\/Dans-Righr-Now-scaled-e1706608796793.webp?resize=768%2C320&amp;ssl=1 768w, https:\/\/i0.wp.com\/schrittmacherfestival.nl\/wp-content\/uploads\/2024\/01\/Dans-Righr-Now-scaled-e1706608796793.webp?resize=31%2C13&amp;ssl=1 31w\" sizes=\"(max-width: 640px) 100vw, 640px\" \/><\/figure>\n\n<hr class=\"wp-block-separator has-css-opacity\"\/>\n\n<p>Dance Right Now ist eine Initiative Limburger Tanzinstitutionen\/Festivals, um den Sektor n\u00e4her zusammenzubringen. Durch Treffen kann der Limburger Tanzsektor Wissen, Ideen und konkrete Aktionen austauschen. Auf diese Weise wollen wir die Branche st\u00e4rken und uns gegenseitig helfen und unterst\u00fctzen, wo es n\u00f6tig ist.<\/p>\n\n<hr class=\"wp-block-separator has-css-opacity\"\/>\n\n<div class=\"wp-block-buttons is-horizontal is-content-justification-center is-layout-flex wp-container-core-buttons-is-layout-499968f5 wp-block-buttons-is-layout-flex\">\n<div class=\"wp-block-button\"><a class=\"wp-block-button__link has-white-color has-black-background-color has-text-color has-background wp-element-button\"><strong>geschlossene Sitzung<\/strong><\/a><\/div>\n<\/div>\n\n<hr class=\"wp-block-separator has-css-opacity\"\/>\n","protected":false},"excerpt":{"rendered":"<p>geschlossene Sitzung PLT, Theater Heerlen \u2013 RABOzaalDi 19.03.202419.00 &#8211; 22.00 Uhr Dance Right Now ist eine Initiative Limburger Tanzinstitutionen\/Festivals, um den Sektor n\u00e4her zusammenzubringen. Durch Treffen kann der Limburger Tanzsektor Wissen, Ideen und konkrete Aktionen austauschen. Auf diese Weise wollen wir die Branche st\u00e4rken und uns gegenseitig helfen und unterst\u00fctzen, wo es n\u00f6tig ist.<\/p>\n","protected":false},"author":1,"featured_media":0,"parent":0,"menu_order":0,"comment_status":"closed","ping_status":"closed","template":"","meta":{"_acf_changed":false,"footnotes":""},"class_list":["post-8305","page","type-page","status-publish","hentry"],"aioseo_notices":[],"acf":[],"jetpack_sharing_enabled":true,"_links":{"self":[{"href":"https:\/\/schrittmacherfestival.nl\/de\/wp-json\/wp\/v2\/pages\/8305","targetHints":{"allow":["GET"]}}],"collection":[{"href":"https:\/\/schrittmacherfestival.nl\/de\/wp-json\/wp\/v2\/pages"}],"about":[{"href":"https:\/\/schrittmacherfestival.nl\/de\/wp-json\/wp\/v2\/types\/page"}],"author":[{"embeddable":true,"href":"https:\/\/schrittmacherfestival.nl\/de\/wp-json\/wp\/v2\/users\/1"}],"replies":[{"embeddable":true,"href":"https:\/\/schrittmacherfestival.nl\/de\/wp-json\/wp\/v2\/comments?post=8305"}],"version-history":[{"count":5,"href":"https:\/\/schrittmacherfestival.nl\/de\/wp-json\/wp\/v2\/pages\/8305\/revisions"}],"predecessor-version":[{"id":8772,"href":"https:\/\/schrittmacherfestival.nl\/de\/wp-json\/wp\/v2\/pages\/8305\/revisions\/8772"}],"wp:attachment":[{"href":"https:\/\/schrittmacherfestival.nl\/de\/wp-json\/wp\/v2\/media?parent=8305"}],"curies":[{"name":"wp","href":"https:\/\/api.w.org\/{rel}","templated":true}]}}