{"id":8619,"date":"2024-02-07T08:36:57","date_gmt":"2024-02-07T08:36:57","guid":{"rendered":"https:\/\/schrittmacherfestival.nl\/the-living-dance-studio-wen-hui\/"},"modified":"2024-03-05T09:49:21","modified_gmt":"2024-03-05T09:49:21","slug":"the-living-dance-studio-wen-hui","status":"publish","type":"page","link":"https:\/\/schrittmacherfestival.nl\/de\/the-living-dance-studio-wen-hui\/","title":{"rendered":"The Living Dance Studio \/ Wen Hui"},"content":{"rendered":"\n<h1 class=\"wp-block-heading has-black-color has-text-color\" id=\"hofesh-shechter-company-gbr\">Workshop<\/h1>\n\n<p><strong>Theater Kerkrade, MFzaal<\/strong><br\/><strong>Fr 15.03.2024<\/strong><br\/><strong>13.00-16.00 Uhr<\/strong><br\/><strong>12,50 \u20ac<\/strong><\/p>\n\n<figure class=\"wp-block-image alignwide size-large\"><img data-recalc-dims=\"1\" fetchpriority=\"high\" decoding=\"async\" width=\"640\" height=\"267\" src=\"https:\/\/i0.wp.com\/schrittmacherfestival.nl\/wp-content\/uploads\/2024\/03\/p_wenhui_newreport_gp_1192-scaled.1280x1280-1-e1709632094201-1024x427.webp?resize=640%2C267&#038;ssl=1\" alt=\"\" class=\"wp-image-8902\" srcset=\"https:\/\/i0.wp.com\/schrittmacherfestival.nl\/wp-content\/uploads\/2024\/03\/p_wenhui_newreport_gp_1192-scaled.1280x1280-1-e1709632094201.webp?resize=1024%2C427&amp;ssl=1 1024w, https:\/\/i0.wp.com\/schrittmacherfestival.nl\/wp-content\/uploads\/2024\/03\/p_wenhui_newreport_gp_1192-scaled.1280x1280-1-e1709632094201.webp?resize=300%2C125&amp;ssl=1 300w, https:\/\/i0.wp.com\/schrittmacherfestival.nl\/wp-content\/uploads\/2024\/03\/p_wenhui_newreport_gp_1192-scaled.1280x1280-1-e1709632094201.webp?resize=768%2C320&amp;ssl=1 768w, https:\/\/i0.wp.com\/schrittmacherfestival.nl\/wp-content\/uploads\/2024\/03\/p_wenhui_newreport_gp_1192-scaled.1280x1280-1-e1709632094201.webp?resize=31%2C13&amp;ssl=1 31w, https:\/\/i0.wp.com\/schrittmacherfestival.nl\/wp-content\/uploads\/2024\/03\/p_wenhui_newreport_gp_1192-scaled.1280x1280-1-e1709632094201.webp?w=1200&amp;ssl=1 1200w\" sizes=\"(max-width: 640px) 100vw, 640px\" \/><\/figure>\n\n<hr class=\"wp-block-separator has-css-opacity\"\/>\n\n<p>Fu\u0308r sich selbst handeln k\u00f6nnen<br\/>Keine Vorkenntnisse erforderlich<br\/>Bequeme Kleidung ist mitzubringen<\/p>\n\n<p><br\/>Englisch <a href=\"https:\/\/schrittmacherfestival.nl\/de\/new-report-on-giving-birth\/\" title=\"\">Wen Hui<\/a> Wen l\u00e4dt Frauen ab 50 ein, den eigenen K\u00f6rper als Archiv zu entdecken und neue Zug\u00e4nge zu den eigenen Erfahrungen zu finden.<\/p>\n\n<p><strong>Kombi-Ticket<\/strong><br\/>Workshop: Fr 15.03.2024 + voorstelling: do 14.03.2024 Workshop &amp; Vorstellung 30,00 \u20ac (Rang 1)<br\/><a href=\"https:\/\/www.plt.nl\/\" target=\"_blank\" rel=\"noreferrer noopener\">Anmeldung PLT<\/a><\/p>\n\n<hr class=\"wp-block-separator has-css-opacity\"\/>\n\n<div class=\"wp-block-buttons is-horizontal is-content-justification-center is-layout-flex wp-container-core-buttons-is-layout-499968f5 wp-block-buttons-is-layout-flex\">\n<div class=\"wp-block-button\"><a class=\"wp-block-button__link has-white-color has-black-background-color has-text-color has-background wp-element-button\" href=\"https:\/\/www.plt.nl\/bestel\/11372\" target=\"_blank\" rel=\"noreferrer noopener\"><strong>Tickets Fr 15.03 | 13.00 Uhr<\/strong><\/a><\/div>\n<\/div>\n\n<hr class=\"wp-block-separator has-css-opacity\"\/>\n","protected":false},"excerpt":{"rendered":"<p>Workshop Theater Kerkrade, MFzaalFr 15.03.202413.00-16.00 Uhr12,50 \u20ac Fu\u0308r sich selbst handeln k\u00f6nnenKeine Vorkenntnisse erforderlichBequeme Kleidung ist mitzubringen Englisch Wen Hui Wen l\u00e4dt Frauen ab 50 ein, den eigenen K\u00f6rper als Archiv zu entdecken und neue Zug\u00e4nge zu den eigenen Erfahrungen zu finden. Kombi-TicketWorkshop: Fr 15.03.2024 + voorstelling: do 14.03.2024 Workshop &amp; Vorstellung 30,00 \u20ac (Rang 1)Anmeldung PLT<\/p>\n","protected":false},"author":1,"featured_media":0,"parent":0,"menu_order":0,"comment_status":"closed","ping_status":"closed","template":"","meta":{"_acf_changed":false,"footnotes":""},"class_list":["post-8619","page","type-page","status-publish","hentry"],"aioseo_notices":[],"acf":[],"jetpack_sharing_enabled":true,"_links":{"self":[{"href":"https:\/\/schrittmacherfestival.nl\/de\/wp-json\/wp\/v2\/pages\/8619","targetHints":{"allow":["GET"]}}],"collection":[{"href":"https:\/\/schrittmacherfestival.nl\/de\/wp-json\/wp\/v2\/pages"}],"about":[{"href":"https:\/\/schrittmacherfestival.nl\/de\/wp-json\/wp\/v2\/types\/page"}],"author":[{"embeddable":true,"href":"https:\/\/schrittmacherfestival.nl\/de\/wp-json\/wp\/v2\/users\/1"}],"replies":[{"embeddable":true,"href":"https:\/\/schrittmacherfestival.nl\/de\/wp-json\/wp\/v2\/comments?post=8619"}],"version-history":[{"count":5,"href":"https:\/\/schrittmacherfestival.nl\/de\/wp-json\/wp\/v2\/pages\/8619\/revisions"}],"predecessor-version":[{"id":8905,"href":"https:\/\/schrittmacherfestival.nl\/de\/wp-json\/wp\/v2\/pages\/8619\/revisions\/8905"}],"wp:attachment":[{"href":"https:\/\/schrittmacherfestival.nl\/de\/wp-json\/wp\/v2\/media?parent=8619"}],"curies":[{"name":"wp","href":"https:\/\/api.w.org\/{rel}","templated":true}]}}