{"id":9222,"date":"2024-05-08T12:38:13","date_gmt":"2024-05-08T12:38:13","guid":{"rendered":"https:\/\/schrittmacherfestival.nl\/figures-in-extinction\/"},"modified":"2025-03-17T15:06:32","modified_gmt":"2025-03-17T15:06:32","slug":"figures-in-extinction","status":"publish","type":"page","link":"https:\/\/schrittmacherfestival.nl\/de\/figures-in-extinction\/","title":{"rendered":"Figures in Extinction"},"content":{"rendered":"\n<h1 class=\"wp-block-heading has-black-color has-text-color\" id=\"hofesh-shechter-company-gbr\">NDT 1 (NL\/CA\/GB)<\/h1>\n\n<p><strong><strong>THEATER HEERLEN, RABOzaal<\/strong><\/strong><br\/><strong>Di 11.03.2025<\/strong> <strong>+ Mi 12.03.2025<\/strong><br\/><strong>20.00 Uhr<\/strong><br\/><strong>Von 17,00 \u20ac<\/strong><\/p>\n\n<figure class=\"wp-block-image alignwide size-large\"><img data-recalc-dims=\"1\" fetchpriority=\"high\" decoding=\"async\" width=\"640\" height=\"260\" src=\"https:\/\/i0.wp.com\/schrittmacherfestival.nl\/wp-content\/uploads\/2024\/05\/figures_in_extinction_-_ndt_1_c_rahi_rezvani_online.1230x500.jpg?resize=640%2C260&#038;ssl=1\" alt=\"\" class=\"wp-image-9159\" srcset=\"https:\/\/i0.wp.com\/schrittmacherfestival.nl\/wp-content\/uploads\/2024\/05\/figures_in_extinction_-_ndt_1_c_rahi_rezvani_online.1230x500.jpg?resize=1024%2C416&amp;ssl=1 1024w, https:\/\/i0.wp.com\/schrittmacherfestival.nl\/wp-content\/uploads\/2024\/05\/figures_in_extinction_-_ndt_1_c_rahi_rezvani_online.1230x500.jpg?resize=300%2C122&amp;ssl=1 300w, https:\/\/i0.wp.com\/schrittmacherfestival.nl\/wp-content\/uploads\/2024\/05\/figures_in_extinction_-_ndt_1_c_rahi_rezvani_online.1230x500.jpg?resize=768%2C312&amp;ssl=1 768w, https:\/\/i0.wp.com\/schrittmacherfestival.nl\/wp-content\/uploads\/2024\/05\/figures_in_extinction_-_ndt_1_c_rahi_rezvani_online.1230x500.jpg?resize=31%2C13&amp;ssl=1 31w, https:\/\/i0.wp.com\/schrittmacherfestival.nl\/wp-content\/uploads\/2024\/05\/figures_in_extinction_-_ndt_1_c_rahi_rezvani_online.1230x500.jpg?w=1230&amp;ssl=1 1230w\" sizes=\"(max-width: 640px) 100vw, 640px\" \/><\/figure>\n\n<hr class=\"wp-block-separator has-css-opacity\"\/>\n\n<h2 class=\"wp-block-heading\"><strong><strong>Festivaler\u00f6ffnung Heerlen<\/strong><\/strong><\/h2>\n\n<p><strong>Koproduktion mit schrit_tmacher<\/strong><\/p>\n\n<p>Die Choreografin Crystal Pite kehrt f\u00fcr die 30<sup>e<\/sup>. schrit_tmacher Ausgabe nach Heerlen zur\u00fcck. Mit Simon McBurney, k\u00fcnstlerischer Leiter der Theaterkompanie Complicit\u00e9, kreiert sie f\u00fcr das NDT 1 das interdisziplin\u00e4re St\u00fcck \u201eFigures in Extinction\u201c. \u201eFigures in Extinction\u201c besteht aus drei Teilen, wobei jedes Werk eine Reaktion auf das vorherige ist. [1.0] konfrontiert uns mit allem, was auf unserem Planeten stirbt, w\u00e4hrend [2.0] eine eindringliche Untersuchung unseres Bed\u00fcrfnisses nach Verbindung in einer geteilten Welt ist. Der dritte und letzte Teil bietet einen Lichtfunken in der Dunkelheit und zeigt uns, wohin wir &#8211; kollektiv, spirituell und voller Phantasie &#8211; m\u00f6glicherweise gehen.<\/p>\n\n<p>Dauer: ~ 130 min. inkl. Pause<\/p>\n\n<p><strong>Di 11.03.2025 + Mi 12.03.2025<\/strong><br\/>19.00 Uhr, INGzaal<br\/>Einf\u00fchrung [nl]<\/p>\n\n<p><strong>Mi 12.03.2025<\/strong><br\/>Mit anschlie\u00dfender Diskussion<br\/>Eintritt frei [eng]<\/p>\n\n<p><strong>Do 10.04.2025<\/strong><br\/><strong><a href=\"https:\/\/schrittmacherfestival.nl\/de\/figures-in-phases\/\" title=\"\">NDT project: Figures in Phases<\/a><\/strong><\/p>\n\n<hr class=\"wp-block-separator has-css-opacity\"\/>\n\n<div class=\"wp-block-buttons is-horizontal is-content-justification-center is-layout-flex wp-container-core-buttons-is-layout-499968f5 wp-block-buttons-is-layout-flex\">\n<div class=\"wp-block-button\"><a class=\"wp-block-button__link has-white-color has-black-background-color has-text-color has-background wp-element-button\" href=\"https:\/\/www.plt.nl\/bestel\/11766\" target=\"_blank\" rel=\"noreferrer noopener\"><strong>Tickets Di<\/strong> <strong>11.03 | 20.00 Uhr<\/strong><\/a><\/div>\n\n\n\n<div class=\"wp-block-button\"><a class=\"wp-block-button__link has-white-color has-black-background-color has-text-color has-background wp-element-button\" href=\"https:\/\/www.plt.nl\/bestel\/11767\" target=\"_blank\" rel=\"noreferrer noopener\"><strong>Tickets Mi<\/strong> <strong>12.03 | 20.00 Uhr<\/strong><\/a><\/div>\n<\/div>\n\n<hr class=\"wp-block-separator has-css-opacity\"\/>\n\n<figure class=\"wp-block-embed is-type-video is-provider-youtube wp-block-embed-youtube wp-embed-aspect-16-9 wp-has-aspect-ratio\"><div class=\"wp-block-embed__wrapper\">\r\n<iframe  id=\"_ytid_94175\"  width=\"640\" height=\"360\"  data-origwidth=\"640\" data-origheight=\"360\" src=\"https:\/\/www.youtube.com\/embed\/3K1bGGOls8E?enablejsapi=1&#038;autoplay=0&#038;cc_load_policy=0&#038;cc_lang_pref=&#038;iv_load_policy=1&#038;loop=0&#038;rel=1&#038;fs=1&#038;playsinline=0&#038;autohide=2&#038;theme=dark&#038;color=red&#038;controls=1&#038;disablekb=0&#038;\" class=\"__youtube_prefs__  epyt-is-override  no-lazyload\" title=\"YouTube player\"  allow=\"fullscreen; accelerometer; autoplay; clipboard-write; encrypted-media; gyroscope; picture-in-picture; web-share\" referrerpolicy=\"strict-origin-when-cross-origin\" allowfullscreen data-no-lazy=\"1\" data-skipgform_ajax_framebjll=\"\"><\/iframe>\n<\/div><\/figure>\r\n\n<hr class=\"wp-block-separator has-css-opacity\"\/>\n\n<figure class=\"wp-block-embed is-type-video is-provider-youtube wp-block-embed-youtube wp-embed-aspect-16-9 wp-has-aspect-ratio\"><div class=\"wp-block-embed__wrapper\">\r\n<iframe  id=\"_ytid_75932\"  width=\"640\" height=\"360\"  data-origwidth=\"640\" data-origheight=\"360\" src=\"https:\/\/www.youtube.com\/embed\/-BzNxZ-27JY?enablejsapi=1&#038;autoplay=0&#038;cc_load_policy=0&#038;cc_lang_pref=&#038;iv_load_policy=1&#038;loop=0&#038;rel=1&#038;fs=1&#038;playsinline=0&#038;autohide=2&#038;theme=dark&#038;color=red&#038;controls=1&#038;disablekb=0&#038;\" class=\"__youtube_prefs__  epyt-is-override  no-lazyload\" title=\"YouTube player\"  allow=\"fullscreen; accelerometer; autoplay; clipboard-write; encrypted-media; gyroscope; picture-in-picture; web-share\" referrerpolicy=\"strict-origin-when-cross-origin\" allowfullscreen data-no-lazy=\"1\" data-skipgform_ajax_framebjll=\"\"><\/iframe>\n<\/div><\/figure>\r\n\n<hr class=\"wp-block-separator has-css-opacity\"\/>\n\n<figure class=\"wp-block-gallery has-nested-images columns-default is-cropped wp-block-gallery-1 is-layout-flex wp-block-gallery-is-layout-flex\">\n<figure class=\"wp-block-image size-large\"><img data-recalc-dims=\"1\" decoding=\"async\" width=\"640\" height=\"427\" data-id=\"9225\" src=\"https:\/\/i0.wp.com\/schrittmacherfestival.nl\/wp-content\/uploads\/2024\/05\/figures_in_extinction_1_0_c_rahi_rezvani_2022_online_1.1280x1280.jpg?resize=640%2C427&#038;ssl=1\" alt=\"\" class=\"wp-image-9225\" srcset=\"https:\/\/i0.wp.com\/schrittmacherfestival.nl\/wp-content\/uploads\/2024\/05\/figures_in_extinction_1_0_c_rahi_rezvani_2022_online_1.1280x1280.jpg?resize=1024%2C683&amp;ssl=1 1024w, https:\/\/i0.wp.com\/schrittmacherfestival.nl\/wp-content\/uploads\/2024\/05\/figures_in_extinction_1_0_c_rahi_rezvani_2022_online_1.1280x1280.jpg?resize=300%2C200&amp;ssl=1 300w, https:\/\/i0.wp.com\/schrittmacherfestival.nl\/wp-content\/uploads\/2024\/05\/figures_in_extinction_1_0_c_rahi_rezvani_2022_online_1.1280x1280.jpg?resize=768%2C512&amp;ssl=1 768w, https:\/\/i0.wp.com\/schrittmacherfestival.nl\/wp-content\/uploads\/2024\/05\/figures_in_extinction_1_0_c_rahi_rezvani_2022_online_1.1280x1280.jpg?resize=600%2C400&amp;ssl=1 600w, https:\/\/i0.wp.com\/schrittmacherfestival.nl\/wp-content\/uploads\/2024\/05\/figures_in_extinction_1_0_c_rahi_rezvani_2022_online_1.1280x1280.jpg?resize=31%2C21&amp;ssl=1 31w, https:\/\/i0.wp.com\/schrittmacherfestival.nl\/wp-content\/uploads\/2024\/05\/figures_in_extinction_1_0_c_rahi_rezvani_2022_online_1.1280x1280.jpg?w=1100&amp;ssl=1 1100w\" sizes=\"(max-width: 640px) 100vw, 640px\" \/><\/figure>\n\n\n\n<figure class=\"wp-block-image size-large\"><img data-recalc-dims=\"1\" decoding=\"async\" width=\"640\" height=\"427\" data-id=\"9227\" src=\"https:\/\/i0.wp.com\/schrittmacherfestival.nl\/wp-content\/uploads\/2024\/05\/figures_in_extinction_1_0_c_rahi_rezvani_2022_online_2.1280x1280.jpg?resize=640%2C427&#038;ssl=1\" alt=\"\" class=\"wp-image-9227\" srcset=\"https:\/\/i0.wp.com\/schrittmacherfestival.nl\/wp-content\/uploads\/2024\/05\/figures_in_extinction_1_0_c_rahi_rezvani_2022_online_2.1280x1280.jpg?resize=1024%2C683&amp;ssl=1 1024w, https:\/\/i0.wp.com\/schrittmacherfestival.nl\/wp-content\/uploads\/2024\/05\/figures_in_extinction_1_0_c_rahi_rezvani_2022_online_2.1280x1280.jpg?resize=300%2C200&amp;ssl=1 300w, https:\/\/i0.wp.com\/schrittmacherfestival.nl\/wp-content\/uploads\/2024\/05\/figures_in_extinction_1_0_c_rahi_rezvani_2022_online_2.1280x1280.jpg?resize=768%2C512&amp;ssl=1 768w, https:\/\/i0.wp.com\/schrittmacherfestival.nl\/wp-content\/uploads\/2024\/05\/figures_in_extinction_1_0_c_rahi_rezvani_2022_online_2.1280x1280.jpg?resize=600%2C400&amp;ssl=1 600w, https:\/\/i0.wp.com\/schrittmacherfestival.nl\/wp-content\/uploads\/2024\/05\/figures_in_extinction_1_0_c_rahi_rezvani_2022_online_2.1280x1280.jpg?resize=31%2C21&amp;ssl=1 31w, https:\/\/i0.wp.com\/schrittmacherfestival.nl\/wp-content\/uploads\/2024\/05\/figures_in_extinction_1_0_c_rahi_rezvani_2022_online_2.1280x1280.jpg?w=1100&amp;ssl=1 1100w\" sizes=\"(max-width: 640px) 100vw, 640px\" \/><\/figure>\n\n\n\n<figure class=\"wp-block-image size-large\"><img data-recalc-dims=\"1\" loading=\"lazy\" decoding=\"async\" width=\"640\" height=\"427\" data-id=\"9233\" src=\"https:\/\/i0.wp.com\/schrittmacherfestival.nl\/wp-content\/uploads\/2024\/05\/figures_in_extinction_1_0_c_rahi_rezvani_2022_online_3.1280x1280.jpg?resize=640%2C427&#038;ssl=1\" alt=\"\" class=\"wp-image-9233\" srcset=\"https:\/\/i0.wp.com\/schrittmacherfestival.nl\/wp-content\/uploads\/2024\/05\/figures_in_extinction_1_0_c_rahi_rezvani_2022_online_3.1280x1280.jpg?resize=1024%2C683&amp;ssl=1 1024w, https:\/\/i0.wp.com\/schrittmacherfestival.nl\/wp-content\/uploads\/2024\/05\/figures_in_extinction_1_0_c_rahi_rezvani_2022_online_3.1280x1280.jpg?resize=300%2C200&amp;ssl=1 300w, https:\/\/i0.wp.com\/schrittmacherfestival.nl\/wp-content\/uploads\/2024\/05\/figures_in_extinction_1_0_c_rahi_rezvani_2022_online_3.1280x1280.jpg?resize=768%2C512&amp;ssl=1 768w, https:\/\/i0.wp.com\/schrittmacherfestival.nl\/wp-content\/uploads\/2024\/05\/figures_in_extinction_1_0_c_rahi_rezvani_2022_online_3.1280x1280.jpg?resize=600%2C400&amp;ssl=1 600w, https:\/\/i0.wp.com\/schrittmacherfestival.nl\/wp-content\/uploads\/2024\/05\/figures_in_extinction_1_0_c_rahi_rezvani_2022_online_3.1280x1280.jpg?resize=31%2C21&amp;ssl=1 31w, https:\/\/i0.wp.com\/schrittmacherfestival.nl\/wp-content\/uploads\/2024\/05\/figures_in_extinction_1_0_c_rahi_rezvani_2022_online_3.1280x1280.jpg?w=1100&amp;ssl=1 1100w\" sizes=\"(max-width: 640px) 100vw, 640px\" \/><\/figure>\n\n\n\n<figure class=\"wp-block-image size-large\"><img data-recalc-dims=\"1\" loading=\"lazy\" decoding=\"async\" width=\"640\" height=\"427\" data-id=\"9231\" src=\"https:\/\/i0.wp.com\/schrittmacherfestival.nl\/wp-content\/uploads\/2024\/05\/figures_in_extinction_1_0_c_rahi_rezvani_2022_online_4.1280x1280.jpg?resize=640%2C427&#038;ssl=1\" alt=\"\" class=\"wp-image-9231\" srcset=\"https:\/\/i0.wp.com\/schrittmacherfestival.nl\/wp-content\/uploads\/2024\/05\/figures_in_extinction_1_0_c_rahi_rezvani_2022_online_4.1280x1280.jpg?resize=1024%2C683&amp;ssl=1 1024w, https:\/\/i0.wp.com\/schrittmacherfestival.nl\/wp-content\/uploads\/2024\/05\/figures_in_extinction_1_0_c_rahi_rezvani_2022_online_4.1280x1280.jpg?resize=300%2C200&amp;ssl=1 300w, https:\/\/i0.wp.com\/schrittmacherfestival.nl\/wp-content\/uploads\/2024\/05\/figures_in_extinction_1_0_c_rahi_rezvani_2022_online_4.1280x1280.jpg?resize=768%2C512&amp;ssl=1 768w, https:\/\/i0.wp.com\/schrittmacherfestival.nl\/wp-content\/uploads\/2024\/05\/figures_in_extinction_1_0_c_rahi_rezvani_2022_online_4.1280x1280.jpg?resize=600%2C400&amp;ssl=1 600w, https:\/\/i0.wp.com\/schrittmacherfestival.nl\/wp-content\/uploads\/2024\/05\/figures_in_extinction_1_0_c_rahi_rezvani_2022_online_4.1280x1280.jpg?resize=31%2C21&amp;ssl=1 31w, https:\/\/i0.wp.com\/schrittmacherfestival.nl\/wp-content\/uploads\/2024\/05\/figures_in_extinction_1_0_c_rahi_rezvani_2022_online_4.1280x1280.jpg?w=1100&amp;ssl=1 1100w\" sizes=\"(max-width: 640px) 100vw, 640px\" \/><\/figure>\n\n\n\n<figure class=\"wp-block-image size-large\"><img data-recalc-dims=\"1\" loading=\"lazy\" decoding=\"async\" width=\"640\" height=\"427\" data-id=\"9234\" src=\"https:\/\/i0.wp.com\/schrittmacherfestival.nl\/wp-content\/uploads\/2024\/05\/figures_in_extinction_1_0_c_rahi_rezvani_2022_online_5.1280x1280.jpg?resize=640%2C427&#038;ssl=1\" alt=\"\" class=\"wp-image-9234\" srcset=\"https:\/\/i0.wp.com\/schrittmacherfestival.nl\/wp-content\/uploads\/2024\/05\/figures_in_extinction_1_0_c_rahi_rezvani_2022_online_5.1280x1280.jpg?resize=1024%2C683&amp;ssl=1 1024w, https:\/\/i0.wp.com\/schrittmacherfestival.nl\/wp-content\/uploads\/2024\/05\/figures_in_extinction_1_0_c_rahi_rezvani_2022_online_5.1280x1280.jpg?resize=300%2C200&amp;ssl=1 300w, https:\/\/i0.wp.com\/schrittmacherfestival.nl\/wp-content\/uploads\/2024\/05\/figures_in_extinction_1_0_c_rahi_rezvani_2022_online_5.1280x1280.jpg?resize=768%2C512&amp;ssl=1 768w, https:\/\/i0.wp.com\/schrittmacherfestival.nl\/wp-content\/uploads\/2024\/05\/figures_in_extinction_1_0_c_rahi_rezvani_2022_online_5.1280x1280.jpg?resize=600%2C400&amp;ssl=1 600w, https:\/\/i0.wp.com\/schrittmacherfestival.nl\/wp-content\/uploads\/2024\/05\/figures_in_extinction_1_0_c_rahi_rezvani_2022_online_5.1280x1280.jpg?resize=31%2C21&amp;ssl=1 31w, https:\/\/i0.wp.com\/schrittmacherfestival.nl\/wp-content\/uploads\/2024\/05\/figures_in_extinction_1_0_c_rahi_rezvani_2022_online_5.1280x1280.jpg?w=1100&amp;ssl=1 1100w\" sizes=\"(max-width: 640px) 100vw, 640px\" \/><\/figure>\n\n\n\n<figure class=\"wp-block-image size-large\"><img data-recalc-dims=\"1\" loading=\"lazy\" decoding=\"async\" width=\"640\" height=\"426\" data-id=\"9229\" src=\"https:\/\/i0.wp.com\/schrittmacherfestival.nl\/wp-content\/uploads\/2024\/05\/figures_in_extinction_2_0_c_rahi_rezvani_2024_online_1.1280x1280.jpg?resize=640%2C426&#038;ssl=1\" alt=\"\" class=\"wp-image-9229\" srcset=\"https:\/\/i0.wp.com\/schrittmacherfestival.nl\/wp-content\/uploads\/2024\/05\/figures_in_extinction_2_0_c_rahi_rezvani_2024_online_1.1280x1280.jpg?resize=1024%2C682&amp;ssl=1 1024w, https:\/\/i0.wp.com\/schrittmacherfestival.nl\/wp-content\/uploads\/2024\/05\/figures_in_extinction_2_0_c_rahi_rezvani_2024_online_1.1280x1280.jpg?resize=300%2C200&amp;ssl=1 300w, https:\/\/i0.wp.com\/schrittmacherfestival.nl\/wp-content\/uploads\/2024\/05\/figures_in_extinction_2_0_c_rahi_rezvani_2024_online_1.1280x1280.jpg?resize=768%2C512&amp;ssl=1 768w, https:\/\/i0.wp.com\/schrittmacherfestival.nl\/wp-content\/uploads\/2024\/05\/figures_in_extinction_2_0_c_rahi_rezvani_2024_online_1.1280x1280.jpg?resize=600%2C400&amp;ssl=1 600w, https:\/\/i0.wp.com\/schrittmacherfestival.nl\/wp-content\/uploads\/2024\/05\/figures_in_extinction_2_0_c_rahi_rezvani_2024_online_1.1280x1280.jpg?resize=31%2C21&amp;ssl=1 31w, https:\/\/i0.wp.com\/schrittmacherfestival.nl\/wp-content\/uploads\/2024\/05\/figures_in_extinction_2_0_c_rahi_rezvani_2024_online_1.1280x1280.jpg?w=1100&amp;ssl=1 1100w\" sizes=\"(max-width: 640px) 100vw, 640px\" \/><\/figure>\n\n\n\n<figure class=\"wp-block-image size-large\"><img data-recalc-dims=\"1\" loading=\"lazy\" decoding=\"async\" width=\"640\" height=\"427\" data-id=\"9237\" src=\"https:\/\/i0.wp.com\/schrittmacherfestival.nl\/wp-content\/uploads\/2024\/05\/figures_in_extinction_2_0_c_rahi_rezvani_2024_online_10.1280x1280.jpg?resize=640%2C427&#038;ssl=1\" alt=\"\" class=\"wp-image-9237\" srcset=\"https:\/\/i0.wp.com\/schrittmacherfestival.nl\/wp-content\/uploads\/2024\/05\/figures_in_extinction_2_0_c_rahi_rezvani_2024_online_10.1280x1280.jpg?resize=1024%2C683&amp;ssl=1 1024w, https:\/\/i0.wp.com\/schrittmacherfestival.nl\/wp-content\/uploads\/2024\/05\/figures_in_extinction_2_0_c_rahi_rezvani_2024_online_10.1280x1280.jpg?resize=300%2C200&amp;ssl=1 300w, https:\/\/i0.wp.com\/schrittmacherfestival.nl\/wp-content\/uploads\/2024\/05\/figures_in_extinction_2_0_c_rahi_rezvani_2024_online_10.1280x1280.jpg?resize=768%2C512&amp;ssl=1 768w, https:\/\/i0.wp.com\/schrittmacherfestival.nl\/wp-content\/uploads\/2024\/05\/figures_in_extinction_2_0_c_rahi_rezvani_2024_online_10.1280x1280.jpg?resize=600%2C400&amp;ssl=1 600w, https:\/\/i0.wp.com\/schrittmacherfestival.nl\/wp-content\/uploads\/2024\/05\/figures_in_extinction_2_0_c_rahi_rezvani_2024_online_10.1280x1280.jpg?resize=31%2C21&amp;ssl=1 31w, https:\/\/i0.wp.com\/schrittmacherfestival.nl\/wp-content\/uploads\/2024\/05\/figures_in_extinction_2_0_c_rahi_rezvani_2024_online_10.1280x1280.jpg?w=1100&amp;ssl=1 1100w\" sizes=\"(max-width: 640px) 100vw, 640px\" \/><\/figure>\n\n\n\n<figure class=\"wp-block-image size-large\"><img data-recalc-dims=\"1\" loading=\"lazy\" decoding=\"async\" width=\"640\" height=\"427\" data-id=\"9241\" src=\"https:\/\/i0.wp.com\/schrittmacherfestival.nl\/wp-content\/uploads\/2024\/05\/figures_in_extinction_2_0_c_rahi_rezvani_2024_online_2.1280x1280.jpg?resize=640%2C427&#038;ssl=1\" alt=\"\" class=\"wp-image-9241\" srcset=\"https:\/\/i0.wp.com\/schrittmacherfestival.nl\/wp-content\/uploads\/2024\/05\/figures_in_extinction_2_0_c_rahi_rezvani_2024_online_2.1280x1280.jpg?resize=1024%2C683&amp;ssl=1 1024w, https:\/\/i0.wp.com\/schrittmacherfestival.nl\/wp-content\/uploads\/2024\/05\/figures_in_extinction_2_0_c_rahi_rezvani_2024_online_2.1280x1280.jpg?resize=300%2C200&amp;ssl=1 300w, https:\/\/i0.wp.com\/schrittmacherfestival.nl\/wp-content\/uploads\/2024\/05\/figures_in_extinction_2_0_c_rahi_rezvani_2024_online_2.1280x1280.jpg?resize=768%2C512&amp;ssl=1 768w, https:\/\/i0.wp.com\/schrittmacherfestival.nl\/wp-content\/uploads\/2024\/05\/figures_in_extinction_2_0_c_rahi_rezvani_2024_online_2.1280x1280.jpg?resize=600%2C400&amp;ssl=1 600w, https:\/\/i0.wp.com\/schrittmacherfestival.nl\/wp-content\/uploads\/2024\/05\/figures_in_extinction_2_0_c_rahi_rezvani_2024_online_2.1280x1280.jpg?resize=31%2C21&amp;ssl=1 31w, https:\/\/i0.wp.com\/schrittmacherfestival.nl\/wp-content\/uploads\/2024\/05\/figures_in_extinction_2_0_c_rahi_rezvani_2024_online_2.1280x1280.jpg?w=1100&amp;ssl=1 1100w\" sizes=\"(max-width: 640px) 100vw, 640px\" \/><\/figure>\n\n\n\n<figure class=\"wp-block-image size-large\"><img data-recalc-dims=\"1\" loading=\"lazy\" decoding=\"async\" width=\"640\" height=\"427\" data-id=\"9239\" src=\"https:\/\/i0.wp.com\/schrittmacherfestival.nl\/wp-content\/uploads\/2024\/05\/figures_in_extinction_2_0_c_rahi_rezvani_2024_online_3.1280x1280.jpg?resize=640%2C427&#038;ssl=1\" alt=\"\" class=\"wp-image-9239\" srcset=\"https:\/\/i0.wp.com\/schrittmacherfestival.nl\/wp-content\/uploads\/2024\/05\/figures_in_extinction_2_0_c_rahi_rezvani_2024_online_3.1280x1280.jpg?resize=1024%2C683&amp;ssl=1 1024w, https:\/\/i0.wp.com\/schrittmacherfestival.nl\/wp-content\/uploads\/2024\/05\/figures_in_extinction_2_0_c_rahi_rezvani_2024_online_3.1280x1280.jpg?resize=300%2C200&amp;ssl=1 300w, https:\/\/i0.wp.com\/schrittmacherfestival.nl\/wp-content\/uploads\/2024\/05\/figures_in_extinction_2_0_c_rahi_rezvani_2024_online_3.1280x1280.jpg?resize=768%2C512&amp;ssl=1 768w, https:\/\/i0.wp.com\/schrittmacherfestival.nl\/wp-content\/uploads\/2024\/05\/figures_in_extinction_2_0_c_rahi_rezvani_2024_online_3.1280x1280.jpg?resize=600%2C400&amp;ssl=1 600w, https:\/\/i0.wp.com\/schrittmacherfestival.nl\/wp-content\/uploads\/2024\/05\/figures_in_extinction_2_0_c_rahi_rezvani_2024_online_3.1280x1280.jpg?resize=31%2C21&amp;ssl=1 31w, https:\/\/i0.wp.com\/schrittmacherfestival.nl\/wp-content\/uploads\/2024\/05\/figures_in_extinction_2_0_c_rahi_rezvani_2024_online_3.1280x1280.jpg?w=1100&amp;ssl=1 1100w\" sizes=\"(max-width: 640px) 100vw, 640px\" \/><\/figure>\n\n\n\n<figure class=\"wp-block-image size-large\"><img data-recalc-dims=\"1\" loading=\"lazy\" decoding=\"async\" width=\"640\" height=\"427\" data-id=\"9243\" src=\"https:\/\/i0.wp.com\/schrittmacherfestival.nl\/wp-content\/uploads\/2024\/05\/figures_in_extinction_2_0_c_rahi_rezvani_2024_online_4.1280x1280.jpg?resize=640%2C427&#038;ssl=1\" alt=\"\" class=\"wp-image-9243\" srcset=\"https:\/\/i0.wp.com\/schrittmacherfestival.nl\/wp-content\/uploads\/2024\/05\/figures_in_extinction_2_0_c_rahi_rezvani_2024_online_4.1280x1280.jpg?resize=1024%2C683&amp;ssl=1 1024w, https:\/\/i0.wp.com\/schrittmacherfestival.nl\/wp-content\/uploads\/2024\/05\/figures_in_extinction_2_0_c_rahi_rezvani_2024_online_4.1280x1280.jpg?resize=300%2C200&amp;ssl=1 300w, https:\/\/i0.wp.com\/schrittmacherfestival.nl\/wp-content\/uploads\/2024\/05\/figures_in_extinction_2_0_c_rahi_rezvani_2024_online_4.1280x1280.jpg?resize=768%2C512&amp;ssl=1 768w, https:\/\/i0.wp.com\/schrittmacherfestival.nl\/wp-content\/uploads\/2024\/05\/figures_in_extinction_2_0_c_rahi_rezvani_2024_online_4.1280x1280.jpg?resize=600%2C400&amp;ssl=1 600w, https:\/\/i0.wp.com\/schrittmacherfestival.nl\/wp-content\/uploads\/2024\/05\/figures_in_extinction_2_0_c_rahi_rezvani_2024_online_4.1280x1280.jpg?resize=31%2C21&amp;ssl=1 31w, https:\/\/i0.wp.com\/schrittmacherfestival.nl\/wp-content\/uploads\/2024\/05\/figures_in_extinction_2_0_c_rahi_rezvani_2024_online_4.1280x1280.jpg?w=1100&amp;ssl=1 1100w\" sizes=\"(max-width: 640px) 100vw, 640px\" \/><\/figure>\n\n\n\n<figure class=\"wp-block-image size-large\"><img data-recalc-dims=\"1\" loading=\"lazy\" decoding=\"async\" width=\"640\" height=\"427\" data-id=\"9246\" src=\"https:\/\/i0.wp.com\/schrittmacherfestival.nl\/wp-content\/uploads\/2024\/05\/figures_in_extinction_2_0_c_rahi_rezvani_2024_online_6.1280x1280.jpg?resize=640%2C427&#038;ssl=1\" alt=\"\" class=\"wp-image-9246\" srcset=\"https:\/\/i0.wp.com\/schrittmacherfestival.nl\/wp-content\/uploads\/2024\/05\/figures_in_extinction_2_0_c_rahi_rezvani_2024_online_6.1280x1280.jpg?resize=1024%2C683&amp;ssl=1 1024w, https:\/\/i0.wp.com\/schrittmacherfestival.nl\/wp-content\/uploads\/2024\/05\/figures_in_extinction_2_0_c_rahi_rezvani_2024_online_6.1280x1280.jpg?resize=300%2C200&amp;ssl=1 300w, https:\/\/i0.wp.com\/schrittmacherfestival.nl\/wp-content\/uploads\/2024\/05\/figures_in_extinction_2_0_c_rahi_rezvani_2024_online_6.1280x1280.jpg?resize=768%2C512&amp;ssl=1 768w, https:\/\/i0.wp.com\/schrittmacherfestival.nl\/wp-content\/uploads\/2024\/05\/figures_in_extinction_2_0_c_rahi_rezvani_2024_online_6.1280x1280.jpg?resize=600%2C400&amp;ssl=1 600w, https:\/\/i0.wp.com\/schrittmacherfestival.nl\/wp-content\/uploads\/2024\/05\/figures_in_extinction_2_0_c_rahi_rezvani_2024_online_6.1280x1280.jpg?resize=31%2C21&amp;ssl=1 31w, https:\/\/i0.wp.com\/schrittmacherfestival.nl\/wp-content\/uploads\/2024\/05\/figures_in_extinction_2_0_c_rahi_rezvani_2024_online_6.1280x1280.jpg?w=1100&amp;ssl=1 1100w\" sizes=\"(max-width: 640px) 100vw, 640px\" \/><\/figure>\n\n\n\n<figure class=\"wp-block-image size-large\"><img data-recalc-dims=\"1\" loading=\"lazy\" decoding=\"async\" width=\"640\" height=\"427\" data-id=\"9244\" src=\"https:\/\/i0.wp.com\/schrittmacherfestival.nl\/wp-content\/uploads\/2024\/05\/figures_in_extinction_2_0_c_rahi_rezvani_2024_online_8.1280x1280.jpg?resize=640%2C427&#038;ssl=1\" alt=\"\" class=\"wp-image-9244\" srcset=\"https:\/\/i0.wp.com\/schrittmacherfestival.nl\/wp-content\/uploads\/2024\/05\/figures_in_extinction_2_0_c_rahi_rezvani_2024_online_8.1280x1280.jpg?resize=1024%2C683&amp;ssl=1 1024w, https:\/\/i0.wp.com\/schrittmacherfestival.nl\/wp-content\/uploads\/2024\/05\/figures_in_extinction_2_0_c_rahi_rezvani_2024_online_8.1280x1280.jpg?resize=300%2C200&amp;ssl=1 300w, https:\/\/i0.wp.com\/schrittmacherfestival.nl\/wp-content\/uploads\/2024\/05\/figures_in_extinction_2_0_c_rahi_rezvani_2024_online_8.1280x1280.jpg?resize=768%2C512&amp;ssl=1 768w, https:\/\/i0.wp.com\/schrittmacherfestival.nl\/wp-content\/uploads\/2024\/05\/figures_in_extinction_2_0_c_rahi_rezvani_2024_online_8.1280x1280.jpg?resize=600%2C400&amp;ssl=1 600w, https:\/\/i0.wp.com\/schrittmacherfestival.nl\/wp-content\/uploads\/2024\/05\/figures_in_extinction_2_0_c_rahi_rezvani_2024_online_8.1280x1280.jpg?resize=31%2C21&amp;ssl=1 31w, https:\/\/i0.wp.com\/schrittmacherfestival.nl\/wp-content\/uploads\/2024\/05\/figures_in_extinction_2_0_c_rahi_rezvani_2024_online_8.1280x1280.jpg?w=1100&amp;ssl=1 1100w\" sizes=\"(max-width: 640px) 100vw, 640px\" \/><\/figure>\n<\/figure>\n\n<hr class=\"wp-block-separator has-css-opacity\"\/>\n\n<p><\/p>\n","protected":false},"excerpt":{"rendered":"<p>NDT 1 (NL\/CA\/GB) THEATER HEERLEN, RABOzaalDi 11.03.2025 + Mi 12.03.202520.00 UhrVon 17,00 \u20ac Festivaler\u00f6ffnung Heerlen Koproduktion mit schrit_tmacher Die Choreografin Crystal Pite kehrt f\u00fcr die 30e. schrit_tmacher Ausgabe nach Heerlen zur\u00fcck. Mit Simon McBurney, k\u00fcnstlerischer Leiter der Theaterkompanie Complicit\u00e9, kreiert sie f\u00fcr das NDT 1 das interdisziplin\u00e4re St\u00fcck \u201eFigures in Extinction\u201c. \u201eFigures in Extinction\u201c besteht aus drei Teilen, wobei jedes [&hellip;]<\/p>\n","protected":false},"author":1,"featured_media":0,"parent":0,"menu_order":0,"comment_status":"closed","ping_status":"closed","template":"","meta":{"_acf_changed":false,"footnotes":""},"class_list":["post-9222","page","type-page","status-publish","hentry"],"aioseo_notices":[],"acf":[],"jetpack_sharing_enabled":true,"_links":{"self":[{"href":"https:\/\/schrittmacherfestival.nl\/de\/wp-json\/wp\/v2\/pages\/9222","targetHints":{"allow":["GET"]}}],"collection":[{"href":"https:\/\/schrittmacherfestival.nl\/de\/wp-json\/wp\/v2\/pages"}],"about":[{"href":"https:\/\/schrittmacherfestival.nl\/de\/wp-json\/wp\/v2\/types\/page"}],"author":[{"embeddable":true,"href":"https:\/\/schrittmacherfestival.nl\/de\/wp-json\/wp\/v2\/users\/1"}],"replies":[{"embeddable":true,"href":"https:\/\/schrittmacherfestival.nl\/de\/wp-json\/wp\/v2\/comments?post=9222"}],"version-history":[{"count":13,"href":"https:\/\/schrittmacherfestival.nl\/de\/wp-json\/wp\/v2\/pages\/9222\/revisions"}],"predecessor-version":[{"id":11102,"href":"https:\/\/schrittmacherfestival.nl\/de\/wp-json\/wp\/v2\/pages\/9222\/revisions\/11102"}],"wp:attachment":[{"href":"https:\/\/schrittmacherfestival.nl\/de\/wp-json\/wp\/v2\/media?parent=9222"}],"curies":[{"name":"wp","href":"https:\/\/api.w.org\/{rel}","templated":true}]}}