{"id":9287,"date":"2024-05-08T13:08:41","date_gmt":"2024-05-08T13:08:41","guid":{"rendered":"https:\/\/schrittmacherfestival.nl\/universe-a-dark-crystal-odyssey\/"},"modified":"2025-03-17T15:08:37","modified_gmt":"2025-03-17T15:08:37","slug":"universe-a-dark-crystal-odyssey","status":"publish","type":"page","link":"https:\/\/schrittmacherfestival.nl\/de\/universe-a-dark-crystal-odyssey\/","title":{"rendered":"UniVerse: A Dark Crystal Odyssey"},"content":{"rendered":"\n<h1 class=\"wp-block-heading has-black-color has-text-color\" id=\"hofesh-shechter-company-gbr\">Company Wayne McGregor (UK)<\/h1>\n\n<p><strong><strong>THEATER HEERLEN, RABOzaal<\/strong><\/strong><br\/><strong>Di 18.03.2025<\/strong><br\/><strong>20.00 Uhr<\/strong><br\/><strong>Von<\/strong> <strong>16,00 \u20ac<\/strong><\/p>\n\n<figure class=\"wp-block-image alignwide size-large\"><img data-recalc-dims=\"1\" fetchpriority=\"high\" decoding=\"async\" width=\"640\" height=\"260\" src=\"https:\/\/i0.wp.com\/schrittmacherfestival.nl\/wp-content\/uploads\/2024\/05\/universe_a_dark_crystal_odyssey_2_photo_andrej_uspenski_lead.1230x500.jpg?resize=640%2C260&#038;ssl=1\" alt=\"\" class=\"wp-image-9164\" srcset=\"https:\/\/i0.wp.com\/schrittmacherfestival.nl\/wp-content\/uploads\/2024\/05\/universe_a_dark_crystal_odyssey_2_photo_andrej_uspenski_lead.1230x500.jpg?resize=1024%2C416&amp;ssl=1 1024w, https:\/\/i0.wp.com\/schrittmacherfestival.nl\/wp-content\/uploads\/2024\/05\/universe_a_dark_crystal_odyssey_2_photo_andrej_uspenski_lead.1230x500.jpg?resize=300%2C122&amp;ssl=1 300w, https:\/\/i0.wp.com\/schrittmacherfestival.nl\/wp-content\/uploads\/2024\/05\/universe_a_dark_crystal_odyssey_2_photo_andrej_uspenski_lead.1230x500.jpg?resize=768%2C312&amp;ssl=1 768w, https:\/\/i0.wp.com\/schrittmacherfestival.nl\/wp-content\/uploads\/2024\/05\/universe_a_dark_crystal_odyssey_2_photo_andrej_uspenski_lead.1230x500.jpg?resize=31%2C13&amp;ssl=1 31w, https:\/\/i0.wp.com\/schrittmacherfestival.nl\/wp-content\/uploads\/2024\/05\/universe_a_dark_crystal_odyssey_2_photo_andrej_uspenski_lead.1230x500.jpg?w=1230&amp;ssl=1 1230w\" sizes=\"(max-width: 640px) 100vw, 640px\" \/><\/figure>\n\n<hr class=\"wp-block-separator has-css-opacity\"\/>\n\n<h2 class=\"wp-block-heading\"><strong>Niederl\u00e4ndische Premiere<\/strong><\/h2>\n\n<p>Nach \u201eAutobiography\u201c, mit dem die 25<sup>e<\/sup>. Ausgabe von schrit_tmacher er\u00f6ffnet wurde, kehrt Wayne McGregor nun mit \u201eUniVerse: A Dark Crystal Odyssey\u201c zur\u00fcck. Mit dieser schaurig-sch\u00f6nen Koproduktion mit The Royal Ballet und The Jim Henson Company feierte Wayne McGregor letztes Jahr sein eigenes 30-j\u00e4hriges Jubil\u00e4um. Inspiriert von Hensons Kult-Fantasyfilm \u201eThe Dark Crystal\u201c, zeigt \u201eUniVerse\u201c eine von Extremen zerrissene Welt, die sich nach Genesung sehnt:: ein moderner \u00d6ko-Mythos mit einer mitrei\u00dfenden digitalen Inszenierung, modernsten Kost\u00fcmen, ausgef\u00fchrt von au\u00dfergew\u00f6hnlichen T\u00e4nzern*innen.<\/p>\n\n<p><em>\u201eEin trauriges und bewegendes Portr\u00e4t einer zerrissenen, dringend der Genesung bed\u00fcrftigen Welt\u201c &#8211; The Times<\/em>\u00a0\u00a0<\/p>\n\n<p>Dauer: ~ 70 min. ohne Pause<\/p>\n\n<p>19.00 Uhr, INGzaal<br\/>Einf\u00fchrung [nl]<\/p>\n\n<p>Mit anschlie\u00dfender Diskussion<br\/>Eintritt frei [eng]<\/p>\n\n<p><strong>Mo 17.03.2025<br\/><a href=\"https:\/\/schrittmacherfestival.nl\/de\/dance-workshop-2\/\" title=\"\">dance workshop<\/a><\/strong><\/p>\n\n<p><strong>Mi 19.03.2025<\/strong><br\/><strong><a href=\"https:\/\/schrittmacherfestival.nl\/de\/tanz-in-der-stadt\/\" title=\"\">Tanz in der Stadt<\/a><\/strong><\/p>\n\n<hr class=\"wp-block-separator has-css-opacity\"\/>\n\n<div class=\"wp-block-buttons is-horizontal is-content-justification-center is-layout-flex wp-container-core-buttons-is-layout-499968f5 wp-block-buttons-is-layout-flex\">\n<div class=\"wp-block-button\"><a class=\"wp-block-button__link has-white-color has-black-background-color has-text-color has-background wp-element-button\" href=\"https:\/\/www.plt.nl\/bestel\/12033\" target=\"_blank\" rel=\"noreferrer noopener\"><strong>Tickets Di<\/strong> <strong>18.03 | 20.00 Uhr<\/strong><\/a><\/div>\n<\/div>\n\n<hr class=\"wp-block-separator has-css-opacity\"\/>\n\n<figure class=\"wp-block-embed is-type-video is-provider-youtube wp-block-embed-youtube wp-embed-aspect-16-9 wp-has-aspect-ratio\"><div class=\"wp-block-embed__wrapper\">\r\n<iframe  id=\"_ytid_56649\"  width=\"640\" height=\"360\"  data-origwidth=\"640\" data-origheight=\"360\" src=\"https:\/\/www.youtube.com\/embed\/OKciR6bQTuI?enablejsapi=1&#038;autoplay=0&#038;cc_load_policy=0&#038;cc_lang_pref=&#038;iv_load_policy=1&#038;loop=0&#038;rel=1&#038;fs=1&#038;playsinline=0&#038;autohide=2&#038;theme=dark&#038;color=red&#038;controls=1&#038;disablekb=0&#038;\" class=\"__youtube_prefs__  epyt-is-override  no-lazyload\" title=\"YouTube player\"  allow=\"fullscreen; accelerometer; autoplay; clipboard-write; encrypted-media; gyroscope; picture-in-picture; web-share\" referrerpolicy=\"strict-origin-when-cross-origin\" allowfullscreen data-no-lazy=\"1\" data-skipgform_ajax_framebjll=\"\"><\/iframe>\n<\/div><\/figure>\r\n\n<hr class=\"wp-block-separator has-css-opacity\"\/>\n\n<figure class=\"wp-block-gallery has-nested-images columns-default is-cropped wp-block-gallery-1 is-layout-flex wp-block-gallery-is-layout-flex\">\n<figure class=\"wp-block-image size-large\"><img data-recalc-dims=\"1\" decoding=\"async\" width=\"640\" height=\"439\" data-id=\"9277\" src=\"https:\/\/i0.wp.com\/schrittmacherfestival.nl\/wp-content\/uploads\/2024\/05\/universe_a_dark_crystal_odyssey_2_photo_ravi_deepres.1280x1280.jpg?resize=640%2C439&#038;ssl=1\" alt=\"\" class=\"wp-image-9277\" srcset=\"https:\/\/i0.wp.com\/schrittmacherfestival.nl\/wp-content\/uploads\/2024\/05\/universe_a_dark_crystal_odyssey_2_photo_ravi_deepres.1280x1280.jpg?resize=1024%2C703&amp;ssl=1 1024w, https:\/\/i0.wp.com\/schrittmacherfestival.nl\/wp-content\/uploads\/2024\/05\/universe_a_dark_crystal_odyssey_2_photo_ravi_deepres.1280x1280.jpg?resize=300%2C206&amp;ssl=1 300w, https:\/\/i0.wp.com\/schrittmacherfestival.nl\/wp-content\/uploads\/2024\/05\/universe_a_dark_crystal_odyssey_2_photo_ravi_deepres.1280x1280.jpg?resize=768%2C527&amp;ssl=1 768w, https:\/\/i0.wp.com\/schrittmacherfestival.nl\/wp-content\/uploads\/2024\/05\/universe_a_dark_crystal_odyssey_2_photo_ravi_deepres.1280x1280.jpg?resize=31%2C21&amp;ssl=1 31w, https:\/\/i0.wp.com\/schrittmacherfestival.nl\/wp-content\/uploads\/2024\/05\/universe_a_dark_crystal_odyssey_2_photo_ravi_deepres.1280x1280.jpg?w=1280&amp;ssl=1 1280w\" sizes=\"(max-width: 640px) 100vw, 640px\" \/><\/figure>\n\n\n\n<figure class=\"wp-block-image size-large\"><img data-recalc-dims=\"1\" decoding=\"async\" width=\"640\" height=\"427\" data-id=\"9271\" src=\"https:\/\/i0.wp.com\/schrittmacherfestival.nl\/wp-content\/uploads\/2024\/05\/universe_a_dark_crystal_odyssey_20_photo_andrej_uspenski.1280x1280.jpg?resize=640%2C427&#038;ssl=1\" alt=\"\" class=\"wp-image-9271\" srcset=\"https:\/\/i0.wp.com\/schrittmacherfestival.nl\/wp-content\/uploads\/2024\/05\/universe_a_dark_crystal_odyssey_20_photo_andrej_uspenski.1280x1280.jpg?resize=1024%2C683&amp;ssl=1 1024w, https:\/\/i0.wp.com\/schrittmacherfestival.nl\/wp-content\/uploads\/2024\/05\/universe_a_dark_crystal_odyssey_20_photo_andrej_uspenski.1280x1280.jpg?resize=300%2C200&amp;ssl=1 300w, https:\/\/i0.wp.com\/schrittmacherfestival.nl\/wp-content\/uploads\/2024\/05\/universe_a_dark_crystal_odyssey_20_photo_andrej_uspenski.1280x1280.jpg?resize=768%2C512&amp;ssl=1 768w, https:\/\/i0.wp.com\/schrittmacherfestival.nl\/wp-content\/uploads\/2024\/05\/universe_a_dark_crystal_odyssey_20_photo_andrej_uspenski.1280x1280.jpg?resize=600%2C400&amp;ssl=1 600w, https:\/\/i0.wp.com\/schrittmacherfestival.nl\/wp-content\/uploads\/2024\/05\/universe_a_dark_crystal_odyssey_20_photo_andrej_uspenski.1280x1280.jpg?resize=31%2C21&amp;ssl=1 31w, https:\/\/i0.wp.com\/schrittmacherfestival.nl\/wp-content\/uploads\/2024\/05\/universe_a_dark_crystal_odyssey_20_photo_andrej_uspenski.1280x1280.jpg?w=1280&amp;ssl=1 1280w\" sizes=\"(max-width: 640px) 100vw, 640px\" \/><\/figure>\n\n\n\n<figure class=\"wp-block-image size-large\"><img data-recalc-dims=\"1\" loading=\"lazy\" decoding=\"async\" width=\"640\" height=\"441\" data-id=\"9267\" src=\"https:\/\/i0.wp.com\/schrittmacherfestival.nl\/wp-content\/uploads\/2024\/05\/universe_a_dark_crystal_odyssey_3_photo_ravi_deepres.1280x1280.jpg?resize=640%2C441&#038;ssl=1\" alt=\"\" class=\"wp-image-9267\" srcset=\"https:\/\/i0.wp.com\/schrittmacherfestival.nl\/wp-content\/uploads\/2024\/05\/universe_a_dark_crystal_odyssey_3_photo_ravi_deepres.1280x1280.jpg?resize=1024%2C706&amp;ssl=1 1024w, https:\/\/i0.wp.com\/schrittmacherfestival.nl\/wp-content\/uploads\/2024\/05\/universe_a_dark_crystal_odyssey_3_photo_ravi_deepres.1280x1280.jpg?resize=300%2C207&amp;ssl=1 300w, https:\/\/i0.wp.com\/schrittmacherfestival.nl\/wp-content\/uploads\/2024\/05\/universe_a_dark_crystal_odyssey_3_photo_ravi_deepres.1280x1280.jpg?resize=768%2C529&amp;ssl=1 768w, https:\/\/i0.wp.com\/schrittmacherfestival.nl\/wp-content\/uploads\/2024\/05\/universe_a_dark_crystal_odyssey_3_photo_ravi_deepres.1280x1280.jpg?resize=31%2C21&amp;ssl=1 31w, https:\/\/i0.wp.com\/schrittmacherfestival.nl\/wp-content\/uploads\/2024\/05\/universe_a_dark_crystal_odyssey_3_photo_ravi_deepres.1280x1280.jpg?w=1280&amp;ssl=1 1280w\" sizes=\"(max-width: 640px) 100vw, 640px\" \/><\/figure>\n\n\n\n<figure class=\"wp-block-image size-large\"><img data-recalc-dims=\"1\" loading=\"lazy\" decoding=\"async\" width=\"640\" height=\"427\" data-id=\"9275\" src=\"https:\/\/i0.wp.com\/schrittmacherfestival.nl\/wp-content\/uploads\/2024\/05\/universe_a_dark_crystal_odyssey_23_photo_andrej_uspenski.1280x1280.jpg?resize=640%2C427&#038;ssl=1\" alt=\"\" class=\"wp-image-9275\" srcset=\"https:\/\/i0.wp.com\/schrittmacherfestival.nl\/wp-content\/uploads\/2024\/05\/universe_a_dark_crystal_odyssey_23_photo_andrej_uspenski.1280x1280.jpg?resize=1024%2C683&amp;ssl=1 1024w, https:\/\/i0.wp.com\/schrittmacherfestival.nl\/wp-content\/uploads\/2024\/05\/universe_a_dark_crystal_odyssey_23_photo_andrej_uspenski.1280x1280.jpg?resize=300%2C200&amp;ssl=1 300w, https:\/\/i0.wp.com\/schrittmacherfestival.nl\/wp-content\/uploads\/2024\/05\/universe_a_dark_crystal_odyssey_23_photo_andrej_uspenski.1280x1280.jpg?resize=768%2C512&amp;ssl=1 768w, https:\/\/i0.wp.com\/schrittmacherfestival.nl\/wp-content\/uploads\/2024\/05\/universe_a_dark_crystal_odyssey_23_photo_andrej_uspenski.1280x1280.jpg?resize=600%2C400&amp;ssl=1 600w, https:\/\/i0.wp.com\/schrittmacherfestival.nl\/wp-content\/uploads\/2024\/05\/universe_a_dark_crystal_odyssey_23_photo_andrej_uspenski.1280x1280.jpg?resize=31%2C21&amp;ssl=1 31w, https:\/\/i0.wp.com\/schrittmacherfestival.nl\/wp-content\/uploads\/2024\/05\/universe_a_dark_crystal_odyssey_23_photo_andrej_uspenski.1280x1280.jpg?w=1280&amp;ssl=1 1280w\" sizes=\"(max-width: 640px) 100vw, 640px\" \/><\/figure>\n\n\n\n<figure class=\"wp-block-image size-large\"><img data-recalc-dims=\"1\" loading=\"lazy\" decoding=\"async\" width=\"640\" height=\"364\" data-id=\"9273\" src=\"https:\/\/i0.wp.com\/schrittmacherfestival.nl\/wp-content\/uploads\/2024\/05\/universe-full-bleed-photo-andrej-uspenski-5.1280x1280.jpg?resize=640%2C364&#038;ssl=1\" alt=\"\" class=\"wp-image-9273\" srcset=\"https:\/\/i0.wp.com\/schrittmacherfestival.nl\/wp-content\/uploads\/2024\/05\/universe-full-bleed-photo-andrej-uspenski-5.1280x1280.jpg?resize=1024%2C582&amp;ssl=1 1024w, https:\/\/i0.wp.com\/schrittmacherfestival.nl\/wp-content\/uploads\/2024\/05\/universe-full-bleed-photo-andrej-uspenski-5.1280x1280.jpg?resize=300%2C171&amp;ssl=1 300w, https:\/\/i0.wp.com\/schrittmacherfestival.nl\/wp-content\/uploads\/2024\/05\/universe-full-bleed-photo-andrej-uspenski-5.1280x1280.jpg?resize=768%2C437&amp;ssl=1 768w, https:\/\/i0.wp.com\/schrittmacherfestival.nl\/wp-content\/uploads\/2024\/05\/universe-full-bleed-photo-andrej-uspenski-5.1280x1280.jpg?resize=31%2C18&amp;ssl=1 31w, https:\/\/i0.wp.com\/schrittmacherfestival.nl\/wp-content\/uploads\/2024\/05\/universe-full-bleed-photo-andrej-uspenski-5.1280x1280.jpg?w=1280&amp;ssl=1 1280w\" sizes=\"(max-width: 640px) 100vw, 640px\" \/><\/figure>\n\n\n\n<figure class=\"wp-block-image size-large\"><img data-recalc-dims=\"1\" loading=\"lazy\" decoding=\"async\" width=\"640\" height=\"426\" data-id=\"9269\" src=\"https:\/\/i0.wp.com\/schrittmacherfestival.nl\/wp-content\/uploads\/2024\/05\/universe_a_dark_crystal_odyssey_6_photo_ravi_deepres.1280x1280.jpg?resize=640%2C426&#038;ssl=1\" alt=\"\" class=\"wp-image-9269\" srcset=\"https:\/\/i0.wp.com\/schrittmacherfestival.nl\/wp-content\/uploads\/2024\/05\/universe_a_dark_crystal_odyssey_6_photo_ravi_deepres.1280x1280.jpg?resize=1024%2C682&amp;ssl=1 1024w, https:\/\/i0.wp.com\/schrittmacherfestival.nl\/wp-content\/uploads\/2024\/05\/universe_a_dark_crystal_odyssey_6_photo_ravi_deepres.1280x1280.jpg?resize=300%2C200&amp;ssl=1 300w, https:\/\/i0.wp.com\/schrittmacherfestival.nl\/wp-content\/uploads\/2024\/05\/universe_a_dark_crystal_odyssey_6_photo_ravi_deepres.1280x1280.jpg?resize=768%2C512&amp;ssl=1 768w, https:\/\/i0.wp.com\/schrittmacherfestival.nl\/wp-content\/uploads\/2024\/05\/universe_a_dark_crystal_odyssey_6_photo_ravi_deepres.1280x1280.jpg?resize=600%2C400&amp;ssl=1 600w, https:\/\/i0.wp.com\/schrittmacherfestival.nl\/wp-content\/uploads\/2024\/05\/universe_a_dark_crystal_odyssey_6_photo_ravi_deepres.1280x1280.jpg?resize=31%2C21&amp;ssl=1 31w, https:\/\/i0.wp.com\/schrittmacherfestival.nl\/wp-content\/uploads\/2024\/05\/universe_a_dark_crystal_odyssey_6_photo_ravi_deepres.1280x1280.jpg?w=1280&amp;ssl=1 1280w\" sizes=\"(max-width: 640px) 100vw, 640px\" \/><\/figure>\n\n\n\n<figure class=\"wp-block-image size-large\"><img data-recalc-dims=\"1\" loading=\"lazy\" decoding=\"async\" width=\"640\" height=\"363\" data-id=\"9283\" src=\"https:\/\/i0.wp.com\/schrittmacherfestival.nl\/wp-content\/uploads\/2024\/05\/universe-full-bleed-photo-andrej-uspenski-3.1280x1280.jpg?resize=640%2C363&#038;ssl=1\" alt=\"\" class=\"wp-image-9283\" srcset=\"https:\/\/i0.wp.com\/schrittmacherfestival.nl\/wp-content\/uploads\/2024\/05\/universe-full-bleed-photo-andrej-uspenski-3.1280x1280.jpg?resize=1024%2C581&amp;ssl=1 1024w, https:\/\/i0.wp.com\/schrittmacherfestival.nl\/wp-content\/uploads\/2024\/05\/universe-full-bleed-photo-andrej-uspenski-3.1280x1280.jpg?resize=300%2C170&amp;ssl=1 300w, https:\/\/i0.wp.com\/schrittmacherfestival.nl\/wp-content\/uploads\/2024\/05\/universe-full-bleed-photo-andrej-uspenski-3.1280x1280.jpg?resize=768%2C436&amp;ssl=1 768w, https:\/\/i0.wp.com\/schrittmacherfestival.nl\/wp-content\/uploads\/2024\/05\/universe-full-bleed-photo-andrej-uspenski-3.1280x1280.jpg?resize=31%2C18&amp;ssl=1 31w, https:\/\/i0.wp.com\/schrittmacherfestival.nl\/wp-content\/uploads\/2024\/05\/universe-full-bleed-photo-andrej-uspenski-3.1280x1280.jpg?w=1280&amp;ssl=1 1280w\" sizes=\"(max-width: 640px) 100vw, 640px\" \/><\/figure>\n\n\n\n<figure class=\"wp-block-image size-large\"><img data-recalc-dims=\"1\" loading=\"lazy\" decoding=\"async\" width=\"640\" height=\"363\" data-id=\"9279\" src=\"https:\/\/i0.wp.com\/schrittmacherfestival.nl\/wp-content\/uploads\/2024\/05\/universe-full-bleed-photo-andrej-uspenski-4.1280x1280.jpg?resize=640%2C363&#038;ssl=1\" alt=\"\" class=\"wp-image-9279\" srcset=\"https:\/\/i0.wp.com\/schrittmacherfestival.nl\/wp-content\/uploads\/2024\/05\/universe-full-bleed-photo-andrej-uspenski-4.1280x1280.jpg?resize=1024%2C581&amp;ssl=1 1024w, https:\/\/i0.wp.com\/schrittmacherfestival.nl\/wp-content\/uploads\/2024\/05\/universe-full-bleed-photo-andrej-uspenski-4.1280x1280.jpg?resize=300%2C170&amp;ssl=1 300w, https:\/\/i0.wp.com\/schrittmacherfestival.nl\/wp-content\/uploads\/2024\/05\/universe-full-bleed-photo-andrej-uspenski-4.1280x1280.jpg?resize=768%2C436&amp;ssl=1 768w, https:\/\/i0.wp.com\/schrittmacherfestival.nl\/wp-content\/uploads\/2024\/05\/universe-full-bleed-photo-andrej-uspenski-4.1280x1280.jpg?resize=31%2C18&amp;ssl=1 31w, https:\/\/i0.wp.com\/schrittmacherfestival.nl\/wp-content\/uploads\/2024\/05\/universe-full-bleed-photo-andrej-uspenski-4.1280x1280.jpg?w=1280&amp;ssl=1 1280w\" sizes=\"(max-width: 640px) 100vw, 640px\" \/><\/figure>\n\n\n\n<figure class=\"wp-block-image size-large\"><img data-recalc-dims=\"1\" loading=\"lazy\" decoding=\"async\" width=\"640\" height=\"363\" data-id=\"9281\" src=\"https:\/\/i0.wp.com\/schrittmacherfestival.nl\/wp-content\/uploads\/2024\/05\/universe-full-bleed-photo-andrej-uspenski-6.1280x1280.jpg?resize=640%2C363&#038;ssl=1\" alt=\"\" class=\"wp-image-9281\" srcset=\"https:\/\/i0.wp.com\/schrittmacherfestival.nl\/wp-content\/uploads\/2024\/05\/universe-full-bleed-photo-andrej-uspenski-6.1280x1280.jpg?resize=1024%2C581&amp;ssl=1 1024w, https:\/\/i0.wp.com\/schrittmacherfestival.nl\/wp-content\/uploads\/2024\/05\/universe-full-bleed-photo-andrej-uspenski-6.1280x1280.jpg?resize=300%2C170&amp;ssl=1 300w, https:\/\/i0.wp.com\/schrittmacherfestival.nl\/wp-content\/uploads\/2024\/05\/universe-full-bleed-photo-andrej-uspenski-6.1280x1280.jpg?resize=768%2C436&amp;ssl=1 768w, https:\/\/i0.wp.com\/schrittmacherfestival.nl\/wp-content\/uploads\/2024\/05\/universe-full-bleed-photo-andrej-uspenski-6.1280x1280.jpg?resize=31%2C18&amp;ssl=1 31w, https:\/\/i0.wp.com\/schrittmacherfestival.nl\/wp-content\/uploads\/2024\/05\/universe-full-bleed-photo-andrej-uspenski-6.1280x1280.jpg?w=1280&amp;ssl=1 1280w\" sizes=\"(max-width: 640px) 100vw, 640px\" \/><\/figure>\n<\/figure>\n\n<hr class=\"wp-block-separator has-css-opacity\"\/>\n","protected":false},"excerpt":{"rendered":"<p>Company Wayne McGregor (UK) THEATER HEERLEN, RABOzaalDi 18.03.202520.00 UhrVon 16,00 \u20ac Niederl\u00e4ndische Premiere Nach \u201eAutobiography\u201c, mit dem die 25e. Ausgabe von schrit_tmacher er\u00f6ffnet wurde, kehrt Wayne McGregor nun mit \u201eUniVerse: A Dark Crystal Odyssey\u201c zur\u00fcck. Mit dieser schaurig-sch\u00f6nen Koproduktion mit The Royal Ballet und The Jim Henson Company feierte Wayne McGregor letztes Jahr sein eigenes 30-j\u00e4hriges Jubil\u00e4um. Inspiriert von Hensons [&hellip;]<\/p>\n","protected":false},"author":1,"featured_media":0,"parent":0,"menu_order":0,"comment_status":"closed","ping_status":"closed","template":"","meta":{"_acf_changed":false,"footnotes":""},"class_list":["post-9287","page","type-page","status-publish","hentry"],"aioseo_notices":[],"acf":[],"jetpack_sharing_enabled":true,"_links":{"self":[{"href":"https:\/\/schrittmacherfestival.nl\/de\/wp-json\/wp\/v2\/pages\/9287","targetHints":{"allow":["GET"]}}],"collection":[{"href":"https:\/\/schrittmacherfestival.nl\/de\/wp-json\/wp\/v2\/pages"}],"about":[{"href":"https:\/\/schrittmacherfestival.nl\/de\/wp-json\/wp\/v2\/types\/page"}],"author":[{"embeddable":true,"href":"https:\/\/schrittmacherfestival.nl\/de\/wp-json\/wp\/v2\/users\/1"}],"replies":[{"embeddable":true,"href":"https:\/\/schrittmacherfestival.nl\/de\/wp-json\/wp\/v2\/comments?post=9287"}],"version-history":[{"count":6,"href":"https:\/\/schrittmacherfestival.nl\/de\/wp-json\/wp\/v2\/pages\/9287\/revisions"}],"predecessor-version":[{"id":11104,"href":"https:\/\/schrittmacherfestival.nl\/de\/wp-json\/wp\/v2\/pages\/9287\/revisions\/11104"}],"wp:attachment":[{"href":"https:\/\/schrittmacherfestival.nl\/de\/wp-json\/wp\/v2\/media?parent=9287"}],"curies":[{"name":"wp","href":"https:\/\/api.w.org\/{rel}","templated":true}]}}