{"id":9339,"date":"2024-05-08T14:30:39","date_gmt":"2024-05-08T14:30:39","guid":{"rendered":"https:\/\/schrittmacherfestival.nl\/enowate\/"},"modified":"2025-03-31T08:14:50","modified_gmt":"2025-03-31T08:14:50","slug":"enowate","status":"publish","type":"page","link":"https:\/\/schrittmacherfestival.nl\/de\/enowate\/","title":{"rendered":"ENOWATE"},"content":{"rendered":"\n<h1 class=\"wp-block-heading has-black-color has-text-color\" id=\"hofesh-shechter-company-gbr\">Dickson Mbi Company (UK)<\/h1>\n\n<p><strong><strong><strong>THEATER KERKRADE<\/strong><\/strong><\/strong><br\/><strong>Di 08.04.2025<\/strong><br\/><strong>20.00 Uhr<\/strong><br\/><strong>Von 24,00 \u20ac<\/strong><\/p>\n\n<figure class=\"wp-block-image alignwide size-large\"><img data-recalc-dims=\"1\" fetchpriority=\"high\" decoding=\"async\" width=\"640\" height=\"260\" src=\"https:\/\/i0.wp.com\/schrittmacherfestival.nl\/wp-content\/uploads\/2024\/05\/4_liefst_deze_gebruiken.1230x500.png?resize=640%2C260&#038;ssl=1\" alt=\"\" class=\"wp-image-9203\" srcset=\"https:\/\/i0.wp.com\/schrittmacherfestival.nl\/wp-content\/uploads\/2024\/05\/4_liefst_deze_gebruiken.1230x500.png?resize=1024%2C416&amp;ssl=1 1024w, https:\/\/i0.wp.com\/schrittmacherfestival.nl\/wp-content\/uploads\/2024\/05\/4_liefst_deze_gebruiken.1230x500.png?resize=300%2C122&amp;ssl=1 300w, https:\/\/i0.wp.com\/schrittmacherfestival.nl\/wp-content\/uploads\/2024\/05\/4_liefst_deze_gebruiken.1230x500.png?resize=768%2C312&amp;ssl=1 768w, https:\/\/i0.wp.com\/schrittmacherfestival.nl\/wp-content\/uploads\/2024\/05\/4_liefst_deze_gebruiken.1230x500.png?resize=31%2C13&amp;ssl=1 31w, https:\/\/i0.wp.com\/schrittmacherfestival.nl\/wp-content\/uploads\/2024\/05\/4_liefst_deze_gebruiken.1230x500.png?w=1230&amp;ssl=1 1230w\" sizes=\"(max-width: 640px) 100vw, 640px\" \/><\/figure>\n\n<hr class=\"wp-block-separator has-css-opacity\"\/>\n\n<p><strong><em><br\/><\/em><\/strong>ENOWATE bedeutet \u201eWahrheit steht\u201c, die Wahrheit ist eigenst\u00e4ndig. F\u00fcr diese Solo-Performance hat sich der in Kamerun geborene und in London aufgewachsene T\u00e4nzer Dickson von einer Reise in das Haus seiner Vorfahren in Kamerun inspirieren lassen. Die Eindr\u00fccke m\u00fcnden in eine Wahrheit, die f\u00fcr sich steht und mit au\u00dfergew\u00f6hnlicher Kraft und wundersch\u00f6nem Tanz aus dem Schatten hervortritt. Dickson gewann mit diesem \u201ekraftvollen, hypnotisierenden, eindringlichen und verst\u00f6renden St\u00fcck\u201c den Laurence Olivier Award for Outstanding Achievement in Dance 2023.<\/p>\n\n<p>Dauer: ~ 60 min. ohne Pause<\/p>\n\n<p>19.00 Uhr, MFzaal<br\/>Einf\u00fchrung [nl]<\/p>\n\n<p>Mit anschlie\u00dfender Diskussion<br\/>Eintritt frei [eng]<\/p>\n\n<p><strong>Mi 09.04.2025<\/strong><br\/><strong><a href=\"https:\/\/schrittmacherfestival.nl\/de\/dance-workshop-6\/\" title=\"\">dance workshop<\/a><\/strong><\/p>\n\n<hr class=\"wp-block-separator has-css-opacity\"\/>\n\n<div class=\"wp-block-buttons is-horizontal is-content-justification-center is-layout-flex wp-container-core-buttons-is-layout-499968f5 wp-block-buttons-is-layout-flex\">\n<div class=\"wp-block-button\"><a class=\"wp-block-button__link has-white-color has-black-background-color has-text-color has-background wp-element-button\" href=\"https:\/\/www.plt.nl\/bestel\/12062\" target=\"_blank\" rel=\"noreferrer noopener\"><strong>Tickets Di<\/strong> <strong>08.04 | 20.00 Uhr<\/strong><\/a><\/div>\n<\/div>\n\n<hr class=\"wp-block-separator has-css-opacity\"\/>\n\n<figure class=\"wp-block-embed is-type-video is-provider-youtube wp-block-embed-youtube wp-embed-aspect-16-9 wp-has-aspect-ratio\"><div class=\"wp-block-embed__wrapper\">\r\n<iframe  id=\"_ytid_95239\"  width=\"640\" height=\"360\"  data-origwidth=\"640\" data-origheight=\"360\" src=\"https:\/\/www.youtube.com\/embed\/V40l7kTMWQ0?enablejsapi=1&#038;autoplay=0&#038;cc_load_policy=0&#038;cc_lang_pref=&#038;iv_load_policy=1&#038;loop=0&#038;rel=1&#038;fs=1&#038;playsinline=0&#038;autohide=2&#038;theme=dark&#038;color=red&#038;controls=1&#038;disablekb=0&#038;\" class=\"__youtube_prefs__  epyt-is-override  no-lazyload\" title=\"YouTube player\"  allow=\"fullscreen; accelerometer; autoplay; clipboard-write; encrypted-media; gyroscope; picture-in-picture; web-share\" referrerpolicy=\"strict-origin-when-cross-origin\" allowfullscreen data-no-lazy=\"1\" data-skipgform_ajax_framebjll=\"\"><\/iframe>\n<\/div><\/figure>\r\n\n<hr class=\"wp-block-separator has-css-opacity\"\/>\n\n<figure class=\"wp-block-embed is-type-video is-provider-youtube wp-block-embed-youtube wp-embed-aspect-16-9 wp-has-aspect-ratio\"><div class=\"wp-block-embed__wrapper\">\r\n<iframe  id=\"_ytid_86302\"  width=\"640\" height=\"360\"  data-origwidth=\"640\" data-origheight=\"360\" src=\"https:\/\/www.youtube.com\/embed\/6dzcDacuhcc?enablejsapi=1&#038;autoplay=0&#038;cc_load_policy=0&#038;cc_lang_pref=&#038;iv_load_policy=1&#038;loop=0&#038;rel=1&#038;fs=1&#038;playsinline=0&#038;autohide=2&#038;theme=dark&#038;color=red&#038;controls=1&#038;disablekb=0&#038;\" class=\"__youtube_prefs__  epyt-is-override  no-lazyload\" title=\"YouTube player\"  allow=\"fullscreen; accelerometer; autoplay; clipboard-write; encrypted-media; gyroscope; picture-in-picture; web-share\" referrerpolicy=\"strict-origin-when-cross-origin\" allowfullscreen data-no-lazy=\"1\" data-skipgform_ajax_framebjll=\"\"><\/iframe>\n<\/div><\/figure>\r\n\n<hr class=\"wp-block-separator has-css-opacity\"\/>\n\n<figure class=\"wp-block-gallery has-nested-images columns-default is-cropped wp-block-gallery-1 is-layout-flex wp-block-gallery-is-layout-flex\">\n<figure class=\"wp-block-image size-large\"><img data-recalc-dims=\"1\" decoding=\"async\" width=\"640\" height=\"500\" data-id=\"9335\" src=\"https:\/\/i0.wp.com\/schrittmacherfestival.nl\/wp-content\/uploads\/2024\/05\/265937_fa14ef7d9623461dbc21666ae84d7738_mv2.1280x1280.jpg?resize=640%2C500&#038;ssl=1\" alt=\"\" class=\"wp-image-9335\" srcset=\"https:\/\/i0.wp.com\/schrittmacherfestival.nl\/wp-content\/uploads\/2024\/05\/265937_fa14ef7d9623461dbc21666ae84d7738_mv2.1280x1280.jpg?w=941&amp;ssl=1 941w, https:\/\/i0.wp.com\/schrittmacherfestival.nl\/wp-content\/uploads\/2024\/05\/265937_fa14ef7d9623461dbc21666ae84d7738_mv2.1280x1280.jpg?resize=300%2C234&amp;ssl=1 300w, https:\/\/i0.wp.com\/schrittmacherfestival.nl\/wp-content\/uploads\/2024\/05\/265937_fa14ef7d9623461dbc21666ae84d7738_mv2.1280x1280.jpg?resize=768%2C600&amp;ssl=1 768w, https:\/\/i0.wp.com\/schrittmacherfestival.nl\/wp-content\/uploads\/2024\/05\/265937_fa14ef7d9623461dbc21666ae84d7738_mv2.1280x1280.jpg?resize=31%2C24&amp;ssl=1 31w\" sizes=\"(max-width: 640px) 100vw, 640px\" \/><\/figure>\n\n\n\n<figure class=\"wp-block-image size-large\"><img data-recalc-dims=\"1\" decoding=\"async\" width=\"640\" height=\"473\" data-id=\"9333\" src=\"https:\/\/i0.wp.com\/schrittmacherfestival.nl\/wp-content\/uploads\/2024\/05\/265937_c7a571a38782462fad9a4b6219e421c5_mv2.1280x1280.jpg?resize=640%2C473&#038;ssl=1\" alt=\"\" class=\"wp-image-9333\" srcset=\"https:\/\/i0.wp.com\/schrittmacherfestival.nl\/wp-content\/uploads\/2024\/05\/265937_c7a571a38782462fad9a4b6219e421c5_mv2.1280x1280.jpg?w=941&amp;ssl=1 941w, https:\/\/i0.wp.com\/schrittmacherfestival.nl\/wp-content\/uploads\/2024\/05\/265937_c7a571a38782462fad9a4b6219e421c5_mv2.1280x1280.jpg?resize=300%2C222&amp;ssl=1 300w, https:\/\/i0.wp.com\/schrittmacherfestival.nl\/wp-content\/uploads\/2024\/05\/265937_c7a571a38782462fad9a4b6219e421c5_mv2.1280x1280.jpg?resize=768%2C567&amp;ssl=1 768w, https:\/\/i0.wp.com\/schrittmacherfestival.nl\/wp-content\/uploads\/2024\/05\/265937_c7a571a38782462fad9a4b6219e421c5_mv2.1280x1280.jpg?resize=31%2C23&amp;ssl=1 31w\" sizes=\"(max-width: 640px) 100vw, 640px\" \/><\/figure>\n<\/figure>\n\n<hr class=\"wp-block-separator has-css-opacity\"\/>\n","protected":false},"excerpt":{"rendered":"<p>Dickson Mbi Company (UK) THEATER KERKRADEDi 08.04.202520.00 UhrVon 24,00 \u20ac ENOWATE bedeutet \u201eWahrheit steht\u201c, die Wahrheit ist eigenst\u00e4ndig. F\u00fcr diese Solo-Performance hat sich der in Kamerun geborene und in London aufgewachsene T\u00e4nzer Dickson von einer Reise in das Haus seiner Vorfahren in Kamerun inspirieren lassen. Die Eindr\u00fccke m\u00fcnden in eine Wahrheit, die f\u00fcr sich steht und mit au\u00dfergew\u00f6hnlicher Kraft und [&hellip;]<\/p>\n","protected":false},"author":1,"featured_media":0,"parent":0,"menu_order":0,"comment_status":"closed","ping_status":"closed","template":"","meta":{"_acf_changed":false,"footnotes":""},"class_list":["post-9339","page","type-page","status-publish","hentry"],"aioseo_notices":[],"acf":[],"jetpack_sharing_enabled":true,"_links":{"self":[{"href":"https:\/\/schrittmacherfestival.nl\/de\/wp-json\/wp\/v2\/pages\/9339","targetHints":{"allow":["GET"]}}],"collection":[{"href":"https:\/\/schrittmacherfestival.nl\/de\/wp-json\/wp\/v2\/pages"}],"about":[{"href":"https:\/\/schrittmacherfestival.nl\/de\/wp-json\/wp\/v2\/types\/page"}],"author":[{"embeddable":true,"href":"https:\/\/schrittmacherfestival.nl\/de\/wp-json\/wp\/v2\/users\/1"}],"replies":[{"embeddable":true,"href":"https:\/\/schrittmacherfestival.nl\/de\/wp-json\/wp\/v2\/comments?post=9339"}],"version-history":[{"count":7,"href":"https:\/\/schrittmacherfestival.nl\/de\/wp-json\/wp\/v2\/pages\/9339\/revisions"}],"predecessor-version":[{"id":11229,"href":"https:\/\/schrittmacherfestival.nl\/de\/wp-json\/wp\/v2\/pages\/9339\/revisions\/11229"}],"wp:attachment":[{"href":"https:\/\/schrittmacherfestival.nl\/de\/wp-json\/wp\/v2\/media?parent=9339"}],"curies":[{"name":"wp","href":"https:\/\/api.w.org\/{rel}","templated":true}]}}