{"id":9422,"date":"2024-05-10T07:30:02","date_gmt":"2024-05-10T07:30:02","guid":{"rendered":"https:\/\/schrittmacherfestival.nl\/klein-klein-vogeltje\/"},"modified":"2025-03-20T15:15:50","modified_gmt":"2025-03-20T15:15:50","slug":"klein-klein-vogeltje","status":"publish","type":"page","link":"https:\/\/schrittmacherfestival.nl\/de\/klein-klein-vogeltje\/","title":{"rendered":"Klein, klein vogeltje"},"content":{"rendered":"\n<h1 class=\"wp-block-heading has-black-color has-text-color\" id=\"hofesh-shechter-company-gbr\">Lloydscompany (NL)<\/h1>\n\n<p><strong><strong><strong>Toon Hermans Theater, Laaglandzaal<\/strong><\/strong><\/strong><br\/><strong>Sa 12.04.2025<\/strong><br\/><strong>13.00 Uhr<\/strong><br\/><strong>Von 12,50 \u20ac<\/strong><\/p>\n\n<figure class=\"wp-block-image alignwide size-large\"><img data-recalc-dims=\"1\" fetchpriority=\"high\" decoding=\"async\" width=\"640\" height=\"267\" src=\"https:\/\/i0.wp.com\/schrittmacherfestival.nl\/wp-content\/uploads\/2025\/03\/klein-klein-e1742483470789-1024x427.webp?resize=640%2C267&#038;ssl=1\" alt=\"\" class=\"wp-image-11165\" srcset=\"https:\/\/i0.wp.com\/schrittmacherfestival.nl\/wp-content\/uploads\/2025\/03\/klein-klein-e1742483470789.webp?resize=1024%2C427&amp;ssl=1 1024w, https:\/\/i0.wp.com\/schrittmacherfestival.nl\/wp-content\/uploads\/2025\/03\/klein-klein-e1742483470789.webp?resize=300%2C125&amp;ssl=1 300w, https:\/\/i0.wp.com\/schrittmacherfestival.nl\/wp-content\/uploads\/2025\/03\/klein-klein-e1742483470789.webp?resize=768%2C320&amp;ssl=1 768w, https:\/\/i0.wp.com\/schrittmacherfestival.nl\/wp-content\/uploads\/2025\/03\/klein-klein-e1742483470789.webp?resize=31%2C13&amp;ssl=1 31w, https:\/\/i0.wp.com\/schrittmacherfestival.nl\/wp-content\/uploads\/2025\/03\/klein-klein-e1742483470789.webp?w=1200&amp;ssl=1 1200w\" sizes=\"(max-width: 640px) 100vw, 640px\" \/><\/figure>\n\n<hr class=\"wp-block-separator has-css-opacity\"\/>\n\n<h2 class=\"wp-block-heading\">Eine abenteuerliche Vorstellung voller Tricks, Hip-Hop und Breakdance, Akrobatik und Spiel.<\/h2>\n\n<p>In \u201eKlein, klein vogeltje\u201c erleben wir das Abenteuer von zwei Br\u00fcdern, die im elterlichen Garten zelten. In ihrer reichen Fantasiewelt verwandelt sich der Garten in einen riesigen Wald, in dem die beiden auf Entdeckungsreise gehen und allerlei Abenteuer erleben. Sobald die Nacht anbricht, h\u00f6ren sie seltsame Ger\u00e4usche. Als sie nachsehen, woher die Ger\u00e4usche kommen, treffen sie auf einen etwas seltsamen neuen Freund &#8230;<\/p>\n\n<p>Ab 4 Jahren<\/p>\n\n<p>Dauer: ~ 60 min. ohne Pause<\/p>\n\n<hr class=\"wp-block-separator has-css-opacity\"\/>\n\n<div class=\"wp-block-buttons is-horizontal is-content-justification-center is-layout-flex wp-container-core-buttons-is-layout-499968f5 wp-block-buttons-is-layout-flex\">\n<div class=\"wp-block-button\"><a class=\"wp-block-button__link has-white-color has-black-background-color has-text-color has-background wp-element-button\" href=\"https:\/\/www.plt.nl\/bestel\/11798\" target=\"_blank\" rel=\"noreferrer noopener\"><strong>Tickets Sa<\/strong> <strong>12.04 | 13.00 Uhr<\/strong><\/a><\/div>\n<\/div>\n\n<hr class=\"wp-block-separator has-css-opacity\"\/>\n\n<figure class=\"wp-block-embed is-type-video is-provider-youtube wp-block-embed-youtube wp-embed-aspect-16-9 wp-has-aspect-ratio\"><div class=\"wp-block-embed__wrapper\">\r\n<iframe  id=\"_ytid_33381\"  width=\"640\" height=\"360\"  data-origwidth=\"640\" data-origheight=\"360\" src=\"https:\/\/www.youtube.com\/embed\/UiLUPsGwgzA?enablejsapi=1&#038;autoplay=0&#038;cc_load_policy=0&#038;cc_lang_pref=&#038;iv_load_policy=1&#038;loop=0&#038;rel=1&#038;fs=1&#038;playsinline=0&#038;autohide=2&#038;theme=dark&#038;color=red&#038;controls=1&#038;disablekb=0&#038;\" class=\"__youtube_prefs__  epyt-is-override  no-lazyload\" title=\"YouTube player\"  allow=\"fullscreen; accelerometer; autoplay; clipboard-write; encrypted-media; gyroscope; picture-in-picture; web-share\" referrerpolicy=\"strict-origin-when-cross-origin\" allowfullscreen data-no-lazy=\"1\" data-skipgform_ajax_framebjll=\"\"><\/iframe>\n<\/div><\/figure>\r\n\n<hr class=\"wp-block-separator has-css-opacity\"\/>\n\n<figure class=\"wp-block-gallery has-nested-images columns-default is-cropped wp-block-gallery-1 is-layout-flex wp-block-gallery-is-layout-flex\">\n<figure class=\"wp-block-image size-large\"><img data-recalc-dims=\"1\" decoding=\"async\" width=\"640\" height=\"893\" data-id=\"11168\" src=\"https:\/\/i0.wp.com\/schrittmacherfestival.nl\/wp-content\/uploads\/2025\/03\/campagebeeld-klein-klein-vogeltje-2025.1280x1280.jpg?resize=640%2C893&#038;ssl=1\" alt=\"\" class=\"wp-image-11168\" srcset=\"https:\/\/i0.wp.com\/schrittmacherfestival.nl\/wp-content\/uploads\/2025\/03\/campagebeeld-klein-klein-vogeltje-2025.1280x1280.jpg?resize=734%2C1024&amp;ssl=1 734w, https:\/\/i0.wp.com\/schrittmacherfestival.nl\/wp-content\/uploads\/2025\/03\/campagebeeld-klein-klein-vogeltje-2025.1280x1280.jpg?resize=215%2C300&amp;ssl=1 215w, https:\/\/i0.wp.com\/schrittmacherfestival.nl\/wp-content\/uploads\/2025\/03\/campagebeeld-klein-klein-vogeltje-2025.1280x1280.jpg?resize=768%2C1071&amp;ssl=1 768w, https:\/\/i0.wp.com\/schrittmacherfestival.nl\/wp-content\/uploads\/2025\/03\/campagebeeld-klein-klein-vogeltje-2025.1280x1280.jpg?resize=19%2C27&amp;ssl=1 19w, https:\/\/i0.wp.com\/schrittmacherfestival.nl\/wp-content\/uploads\/2025\/03\/campagebeeld-klein-klein-vogeltje-2025.1280x1280.jpg?w=918&amp;ssl=1 918w\" sizes=\"(max-width: 640px) 100vw, 640px\" \/><\/figure>\n<\/figure>\n\n<hr class=\"wp-block-separator has-css-opacity\"\/>\n","protected":false},"excerpt":{"rendered":"<p>Lloydscompany (NL) Toon Hermans Theater, LaaglandzaalSa 12.04.202513.00 UhrVon 12,50 \u20ac Eine abenteuerliche Vorstellung voller Tricks, Hip-Hop und Breakdance, Akrobatik und Spiel. In \u201eKlein, klein vogeltje\u201c erleben wir das Abenteuer von zwei Br\u00fcdern, die im elterlichen Garten zelten. In ihrer reichen Fantasiewelt verwandelt sich der Garten in einen riesigen Wald, in dem die beiden auf Entdeckungsreise gehen und allerlei Abenteuer erleben. [&hellip;]<\/p>\n","protected":false},"author":1,"featured_media":0,"parent":0,"menu_order":0,"comment_status":"closed","ping_status":"closed","template":"","meta":{"_acf_changed":false,"footnotes":""},"class_list":["post-9422","page","type-page","status-publish","hentry"],"aioseo_notices":[],"acf":[],"jetpack_sharing_enabled":true,"_links":{"self":[{"href":"https:\/\/schrittmacherfestival.nl\/de\/wp-json\/wp\/v2\/pages\/9422","targetHints":{"allow":["GET"]}}],"collection":[{"href":"https:\/\/schrittmacherfestival.nl\/de\/wp-json\/wp\/v2\/pages"}],"about":[{"href":"https:\/\/schrittmacherfestival.nl\/de\/wp-json\/wp\/v2\/types\/page"}],"author":[{"embeddable":true,"href":"https:\/\/schrittmacherfestival.nl\/de\/wp-json\/wp\/v2\/users\/1"}],"replies":[{"embeddable":true,"href":"https:\/\/schrittmacherfestival.nl\/de\/wp-json\/wp\/v2\/comments?post=9422"}],"version-history":[{"count":8,"href":"https:\/\/schrittmacherfestival.nl\/de\/wp-json\/wp\/v2\/pages\/9422\/revisions"}],"predecessor-version":[{"id":11172,"href":"https:\/\/schrittmacherfestival.nl\/de\/wp-json\/wp\/v2\/pages\/9422\/revisions\/11172"}],"wp:attachment":[{"href":"https:\/\/schrittmacherfestival.nl\/de\/wp-json\/wp\/v2\/media?parent=9422"}],"curies":[{"name":"wp","href":"https:\/\/api.w.org\/{rel}","templated":true}]}}