{"id":9478,"date":"2024-05-10T08:55:12","date_gmt":"2024-05-10T08:55:12","guid":{"rendered":"https:\/\/schrittmacherfestival.nl\/nacht\/"},"modified":"2024-11-25T13:22:02","modified_gmt":"2024-11-25T13:22:02","slug":"nacht","status":"publish","type":"page","link":"https:\/\/schrittmacherfestival.nl\/de\/nacht\/","title":{"rendered":"KLeuR+"},"content":{"rendered":"\n<h1 class=\"wp-block-heading has-black-color has-text-color\" id=\"hofesh-shechter-company-gbr\">DadoDans | Gaia Gonnelli (NL\/IT)<\/h1>\n\n<p><strong><strong><strong>THEATER HEERLEN, LIMBURGzaal<\/strong><\/strong><\/strong><br\/><strong>So 30.03.2025<\/strong><br\/><strong>13.00 Uhr<\/strong><br\/><strong>Von 12,00 \u20ac<\/strong><\/p>\n\n<figure class=\"wp-block-image alignwide size-large\"><img data-recalc-dims=\"1\" fetchpriority=\"high\" decoding=\"async\" width=\"640\" height=\"260\" src=\"https:\/\/i0.wp.com\/schrittmacherfestival.nl\/wp-content\/uploads\/2024\/11\/dadodans-kleur-2-_c_-ben-van-duin-min.1230x500-1.jpg?resize=640%2C260&#038;ssl=1\" alt=\"\" class=\"wp-image-9697\" srcset=\"https:\/\/i0.wp.com\/schrittmacherfestival.nl\/wp-content\/uploads\/2024\/11\/dadodans-kleur-2-_c_-ben-van-duin-min.1230x500-1.jpg?resize=1024%2C416&amp;ssl=1 1024w, https:\/\/i0.wp.com\/schrittmacherfestival.nl\/wp-content\/uploads\/2024\/11\/dadodans-kleur-2-_c_-ben-van-duin-min.1230x500-1.jpg?resize=300%2C122&amp;ssl=1 300w, https:\/\/i0.wp.com\/schrittmacherfestival.nl\/wp-content\/uploads\/2024\/11\/dadodans-kleur-2-_c_-ben-van-duin-min.1230x500-1.jpg?resize=768%2C312&amp;ssl=1 768w, https:\/\/i0.wp.com\/schrittmacherfestival.nl\/wp-content\/uploads\/2024\/11\/dadodans-kleur-2-_c_-ben-van-duin-min.1230x500-1.jpg?resize=31%2C13&amp;ssl=1 31w, https:\/\/i0.wp.com\/schrittmacherfestival.nl\/wp-content\/uploads\/2024\/11\/dadodans-kleur-2-_c_-ben-van-duin-min.1230x500-1.jpg?w=1230&amp;ssl=1 1230w\" sizes=\"(max-width: 640px) 100vw, 640px\" \/><\/figure>\n\n<hr class=\"wp-block-separator has-css-opacity\"\/>\n\n<h2 class=\"wp-block-heading\">Ein lebhaftes Tanzerlebnis in einer farbenfrohen Welt. <\/h2>\n\n<p>Tropfen, Spritzer, Klecks. Eine T\u00e4nzerin bewegt sich durch den Raum. Nicht alleine, sondern mit vielen verschiedenen Farben im Gefolge. Sie huscht, rollt und dreht sich \u00fcber einen Fu\u00dfboden aus Papier und hinterl\u00e4sst rote, blaue, gelbe und gr\u00fcne Farbspuren. Allm\u00e4hlich entsteht ein farbenfrohes Gem\u00e4lde, das nicht nur mit Pinseln, H\u00e4nden und Fingern, sondern unter Einsatz des gesamten K\u00f6rpers geschaffen wird. Konzept &amp; Choreografie von Gaia Gonnelli mit Musik von Wiebe Gotink.<\/p>\n\n<p>Ab 2 Jahren<\/p>\n\n<p>Dauer: ~ 45 min. ohne Pause<\/p>\n\n<p><strong>Mo 31.03 + Di 01.04 + Do 03.04.2025<br\/><\/strong>10.00 + 13.00 Uhr, Theater Heerlen \/ LIMBURGzaal<br\/><strong>Mi 02.04.2025<br\/><\/strong>10.00 Uhr, Theater Heerlen \/ LIMBURGzaal<br\/>Schulvorstellungen<\/p>\n\n<hr class=\"wp-block-separator has-css-opacity\"\/>\n\n<div class=\"wp-block-buttons is-horizontal is-content-justification-center is-layout-flex wp-container-core-buttons-is-layout-499968f5 wp-block-buttons-is-layout-flex\">\n<div class=\"wp-block-button\"><a class=\"wp-block-button__link has-white-color has-black-background-color has-text-color has-background wp-element-button\" href=\"https:\/\/www.plt.nl\/bestel\/12509\" target=\"_blank\" rel=\"noreferrer noopener\"><strong>Tickets zo<\/strong> <strong>30.03 | 13.00u<\/strong><\/a><\/div>\n<\/div>\n\n<hr class=\"wp-block-separator has-css-opacity\"\/>\n\n<figure class=\"wp-block-embed is-type-video is-provider-youtube wp-block-embed-youtube wp-embed-aspect-16-9 wp-has-aspect-ratio\"><div class=\"wp-block-embed__wrapper\">\r\n<iframe  id=\"_ytid_98709\"  width=\"640\" height=\"360\"  data-origwidth=\"640\" data-origheight=\"360\" src=\"https:\/\/www.youtube.com\/embed\/fzX0BfF75yE?enablejsapi=1&#038;autoplay=0&#038;cc_load_policy=0&#038;cc_lang_pref=&#038;iv_load_policy=1&#038;loop=0&#038;rel=1&#038;fs=1&#038;playsinline=0&#038;autohide=2&#038;theme=dark&#038;color=red&#038;controls=1&#038;disablekb=0&#038;\" class=\"__youtube_prefs__  epyt-is-override  no-lazyload\" title=\"YouTube player\"  allow=\"fullscreen; accelerometer; autoplay; clipboard-write; encrypted-media; gyroscope; picture-in-picture; web-share\" referrerpolicy=\"strict-origin-when-cross-origin\" allowfullscreen data-no-lazy=\"1\" data-skipgform_ajax_framebjll=\"\"><\/iframe>\n<\/div><\/figure>\r\n\n<hr class=\"wp-block-separator has-css-opacity\"\/>\n\n<figure class=\"wp-block-gallery has-nested-images columns-default is-cropped wp-block-gallery-1 is-layout-flex wp-block-gallery-is-layout-flex\">\n<figure class=\"wp-block-image size-large\"><img data-recalc-dims=\"1\" decoding=\"async\" width=\"640\" height=\"428\" data-id=\"9705\" src=\"https:\/\/i0.wp.com\/schrittmacherfestival.nl\/wp-content\/uploads\/2024\/11\/dadodans-kleur-3-_c_-ben-van-duin-min.1280x1280.jpg?resize=640%2C428&#038;ssl=1\" alt=\"\" class=\"wp-image-9705\" srcset=\"https:\/\/i0.wp.com\/schrittmacherfestival.nl\/wp-content\/uploads\/2024\/11\/dadodans-kleur-3-_c_-ben-van-duin-min.1280x1280.jpg?resize=1024%2C684&amp;ssl=1 1024w, https:\/\/i0.wp.com\/schrittmacherfestival.nl\/wp-content\/uploads\/2024\/11\/dadodans-kleur-3-_c_-ben-van-duin-min.1280x1280.jpg?resize=300%2C200&amp;ssl=1 300w, https:\/\/i0.wp.com\/schrittmacherfestival.nl\/wp-content\/uploads\/2024\/11\/dadodans-kleur-3-_c_-ben-van-duin-min.1280x1280.jpg?resize=768%2C513&amp;ssl=1 768w, https:\/\/i0.wp.com\/schrittmacherfestival.nl\/wp-content\/uploads\/2024\/11\/dadodans-kleur-3-_c_-ben-van-duin-min.1280x1280.jpg?resize=600%2C400&amp;ssl=1 600w, https:\/\/i0.wp.com\/schrittmacherfestival.nl\/wp-content\/uploads\/2024\/11\/dadodans-kleur-3-_c_-ben-van-duin-min.1280x1280.jpg?resize=31%2C21&amp;ssl=1 31w, https:\/\/i0.wp.com\/schrittmacherfestival.nl\/wp-content\/uploads\/2024\/11\/dadodans-kleur-3-_c_-ben-van-duin-min.1280x1280.jpg?w=1280&amp;ssl=1 1280w\" sizes=\"(max-width: 640px) 100vw, 640px\" \/><\/figure>\n\n\n\n<figure class=\"wp-block-image size-large\"><img data-recalc-dims=\"1\" decoding=\"async\" width=\"640\" height=\"935\" data-id=\"9709\" src=\"https:\/\/i0.wp.com\/schrittmacherfestival.nl\/wp-content\/uploads\/2024\/11\/dadodans-kleur-1-_c_-ben-van-duin-min.1280x1280.jpg?resize=640%2C935&#038;ssl=1\" alt=\"\" class=\"wp-image-9709\" srcset=\"https:\/\/i0.wp.com\/schrittmacherfestival.nl\/wp-content\/uploads\/2024\/11\/dadodans-kleur-1-_c_-ben-van-duin-min.1280x1280.jpg?resize=701%2C1024&amp;ssl=1 701w, https:\/\/i0.wp.com\/schrittmacherfestival.nl\/wp-content\/uploads\/2024\/11\/dadodans-kleur-1-_c_-ben-van-duin-min.1280x1280.jpg?resize=205%2C300&amp;ssl=1 205w, https:\/\/i0.wp.com\/schrittmacherfestival.nl\/wp-content\/uploads\/2024\/11\/dadodans-kleur-1-_c_-ben-van-duin-min.1280x1280.jpg?resize=768%2C1122&amp;ssl=1 768w, https:\/\/i0.wp.com\/schrittmacherfestival.nl\/wp-content\/uploads\/2024\/11\/dadodans-kleur-1-_c_-ben-van-duin-min.1280x1280.jpg?resize=18%2C27&amp;ssl=1 18w, https:\/\/i0.wp.com\/schrittmacherfestival.nl\/wp-content\/uploads\/2024\/11\/dadodans-kleur-1-_c_-ben-van-duin-min.1280x1280.jpg?w=876&amp;ssl=1 876w\" sizes=\"(max-width: 640px) 100vw, 640px\" \/><\/figure>\n\n\n\n<figure class=\"wp-block-image size-large\"><img data-recalc-dims=\"1\" loading=\"lazy\" decoding=\"async\" width=\"640\" height=\"427\" data-id=\"9707\" src=\"https:\/\/i0.wp.com\/schrittmacherfestival.nl\/wp-content\/uploads\/2024\/11\/dadodans-kleur-5-_c_-ben-van-duin-min.1280x1280.jpg?resize=640%2C427&#038;ssl=1\" alt=\"\" class=\"wp-image-9707\" srcset=\"https:\/\/i0.wp.com\/schrittmacherfestival.nl\/wp-content\/uploads\/2024\/11\/dadodans-kleur-5-_c_-ben-van-duin-min.1280x1280.jpg?resize=1024%2C683&amp;ssl=1 1024w, https:\/\/i0.wp.com\/schrittmacherfestival.nl\/wp-content\/uploads\/2024\/11\/dadodans-kleur-5-_c_-ben-van-duin-min.1280x1280.jpg?resize=300%2C200&amp;ssl=1 300w, https:\/\/i0.wp.com\/schrittmacherfestival.nl\/wp-content\/uploads\/2024\/11\/dadodans-kleur-5-_c_-ben-van-duin-min.1280x1280.jpg?resize=768%2C512&amp;ssl=1 768w, https:\/\/i0.wp.com\/schrittmacherfestival.nl\/wp-content\/uploads\/2024\/11\/dadodans-kleur-5-_c_-ben-van-duin-min.1280x1280.jpg?resize=600%2C400&amp;ssl=1 600w, https:\/\/i0.wp.com\/schrittmacherfestival.nl\/wp-content\/uploads\/2024\/11\/dadodans-kleur-5-_c_-ben-van-duin-min.1280x1280.jpg?resize=31%2C21&amp;ssl=1 31w, https:\/\/i0.wp.com\/schrittmacherfestival.nl\/wp-content\/uploads\/2024\/11\/dadodans-kleur-5-_c_-ben-van-duin-min.1280x1280.jpg?w=1280&amp;ssl=1 1280w\" sizes=\"(max-width: 640px) 100vw, 640px\" \/><\/figure>\n\n\n\n<figure class=\"wp-block-image size-large\"><img data-recalc-dims=\"1\" loading=\"lazy\" decoding=\"async\" width=\"640\" height=\"426\" data-id=\"9703\" src=\"https:\/\/i0.wp.com\/schrittmacherfestival.nl\/wp-content\/uploads\/2024\/11\/dadodans-kleur-4-_c_-ben-van-duin-min.1280x1280.jpg?resize=640%2C426&#038;ssl=1\" alt=\"\" class=\"wp-image-9703\" srcset=\"https:\/\/i0.wp.com\/schrittmacherfestival.nl\/wp-content\/uploads\/2024\/11\/dadodans-kleur-4-_c_-ben-van-duin-min.1280x1280.jpg?resize=1024%2C682&amp;ssl=1 1024w, https:\/\/i0.wp.com\/schrittmacherfestival.nl\/wp-content\/uploads\/2024\/11\/dadodans-kleur-4-_c_-ben-van-duin-min.1280x1280.jpg?resize=300%2C200&amp;ssl=1 300w, https:\/\/i0.wp.com\/schrittmacherfestival.nl\/wp-content\/uploads\/2024\/11\/dadodans-kleur-4-_c_-ben-van-duin-min.1280x1280.jpg?resize=768%2C512&amp;ssl=1 768w, https:\/\/i0.wp.com\/schrittmacherfestival.nl\/wp-content\/uploads\/2024\/11\/dadodans-kleur-4-_c_-ben-van-duin-min.1280x1280.jpg?resize=600%2C400&amp;ssl=1 600w, https:\/\/i0.wp.com\/schrittmacherfestival.nl\/wp-content\/uploads\/2024\/11\/dadodans-kleur-4-_c_-ben-van-duin-min.1280x1280.jpg?resize=31%2C21&amp;ssl=1 31w, https:\/\/i0.wp.com\/schrittmacherfestival.nl\/wp-content\/uploads\/2024\/11\/dadodans-kleur-4-_c_-ben-van-duin-min.1280x1280.jpg?w=1280&amp;ssl=1 1280w\" sizes=\"(max-width: 640px) 100vw, 640px\" \/><\/figure>\n<\/figure>\n\n<hr class=\"wp-block-separator has-css-opacity\"\/>\n","protected":false},"excerpt":{"rendered":"<p>DadoDans | Gaia Gonnelli (NL\/IT) THEATER HEERLEN, LIMBURGzaalSo 30.03.202513.00 UhrVon 12,00 \u20ac Ein lebhaftes Tanzerlebnis in einer farbenfrohen Welt. Tropfen, Spritzer, Klecks. Eine T\u00e4nzerin bewegt sich durch den Raum. Nicht alleine, sondern mit vielen verschiedenen Farben im Gefolge. Sie huscht, rollt und dreht sich \u00fcber einen Fu\u00dfboden aus Papier und hinterl\u00e4sst rote, blaue, gelbe und gr\u00fcne Farbspuren. Allm\u00e4hlich entsteht ein [&hellip;]<\/p>\n","protected":false},"author":1,"featured_media":0,"parent":0,"menu_order":0,"comment_status":"closed","ping_status":"closed","template":"","meta":{"_acf_changed":false,"footnotes":""},"class_list":["post-9478","page","type-page","status-publish","hentry"],"aioseo_notices":[],"acf":[],"jetpack_sharing_enabled":true,"_links":{"self":[{"href":"https:\/\/schrittmacherfestival.nl\/de\/wp-json\/wp\/v2\/pages\/9478","targetHints":{"allow":["GET"]}}],"collection":[{"href":"https:\/\/schrittmacherfestival.nl\/de\/wp-json\/wp\/v2\/pages"}],"about":[{"href":"https:\/\/schrittmacherfestival.nl\/de\/wp-json\/wp\/v2\/types\/page"}],"author":[{"embeddable":true,"href":"https:\/\/schrittmacherfestival.nl\/de\/wp-json\/wp\/v2\/users\/1"}],"replies":[{"embeddable":true,"href":"https:\/\/schrittmacherfestival.nl\/de\/wp-json\/wp\/v2\/comments?post=9478"}],"version-history":[{"count":9,"href":"https:\/\/schrittmacherfestival.nl\/de\/wp-json\/wp\/v2\/pages\/9478\/revisions"}],"predecessor-version":[{"id":9823,"href":"https:\/\/schrittmacherfestival.nl\/de\/wp-json\/wp\/v2\/pages\/9478\/revisions\/9823"}],"wp:attachment":[{"href":"https:\/\/schrittmacherfestival.nl\/de\/wp-json\/wp\/v2\/media?parent=9478"}],"curies":[{"name":"wp","href":"https:\/\/api.w.org\/{rel}","templated":true}]}}