{"id":9522,"date":"2024-05-10T09:41:07","date_gmt":"2024-05-10T09:41:07","guid":{"rendered":"https:\/\/schrittmacherfestival.nl\/tegenwind\/"},"modified":"2024-11-25T13:49:28","modified_gmt":"2024-11-25T13:49:28","slug":"tegenwind","status":"publish","type":"page","link":"https:\/\/schrittmacherfestival.nl\/de\/tegenwind\/","title":{"rendered":"Tegenwind"},"content":{"rendered":"\n<h1 class=\"wp-block-heading has-black-color has-text-color\" id=\"hofesh-shechter-company-gbr\">de Stilte &amp; Artvark Saxophone Quartet (NL)<\/h1>\n\n<p><strong><strong><strong>THEATER HEERLEN, RABOzaal Toneel op toneel<\/strong><\/strong><\/strong><br\/><strong>So 30.03.2025<\/strong><br\/><strong>14.00 Uhr<\/strong><br\/><strong>Von 12,50 \u20ac<\/strong><\/p>\n\n<figure class=\"wp-block-image alignwide size-large\"><img data-recalc-dims=\"1\" fetchpriority=\"high\" decoding=\"async\" width=\"640\" height=\"260\" src=\"https:\/\/i0.wp.com\/schrittmacherfestival.nl\/wp-content\/uploads\/2024\/05\/3nov0154_lowres.1230x500.jpg?resize=640%2C260&#038;ssl=1\" alt=\"\" class=\"wp-image-9184\" srcset=\"https:\/\/i0.wp.com\/schrittmacherfestival.nl\/wp-content\/uploads\/2024\/05\/3nov0154_lowres.1230x500.jpg?resize=1024%2C416&amp;ssl=1 1024w, https:\/\/i0.wp.com\/schrittmacherfestival.nl\/wp-content\/uploads\/2024\/05\/3nov0154_lowres.1230x500.jpg?resize=300%2C122&amp;ssl=1 300w, https:\/\/i0.wp.com\/schrittmacherfestival.nl\/wp-content\/uploads\/2024\/05\/3nov0154_lowres.1230x500.jpg?resize=768%2C312&amp;ssl=1 768w, https:\/\/i0.wp.com\/schrittmacherfestival.nl\/wp-content\/uploads\/2024\/05\/3nov0154_lowres.1230x500.jpg?resize=31%2C13&amp;ssl=1 31w, https:\/\/i0.wp.com\/schrittmacherfestival.nl\/wp-content\/uploads\/2024\/05\/3nov0154_lowres.1230x500.jpg?w=1230&amp;ssl=1 1230w\" sizes=\"(max-width: 640px) 100vw, 640px\" \/><\/figure>\n\n<hr class=\"wp-block-separator has-css-opacity\"\/>\n\n<p>F\u00fcr \u201eTegenwind\u201c kreierte Jack Timmermans 13 Skizzen zu ebenso vielen Musikst\u00fccken, die auf dem Album \u201eMother of Thousand\u201c von Artvark basieren. Diese Musikst\u00fccke verbinden sich mit Tanz in einer wechselnden Kulisse aus Glasvorh\u00e4ngen und St\u00fchlen.\u202fDie B\u00fchne atmet eine vergangene Zeit und verweist wohl auf Terrassen, Pl\u00e4tze und andere Treffpunkte. Unter Einfluss der Musik treten vier T\u00e4nzer*innen in Kontakt:\u202f\u201eThe answer my friend, is blowin\u2019 in the wind.\u201d -\u202fBob Dylan\u202f<\/p>\n\n<p>Ab 7 Jahren<\/p>\n\n<p>Dauer: ~ 55 min. ohne Pause<\/p>\n\n<hr class=\"wp-block-separator has-css-opacity\"\/>\n\n<div class=\"wp-block-buttons is-horizontal is-content-justification-center is-layout-flex wp-container-core-buttons-is-layout-499968f5 wp-block-buttons-is-layout-flex\">\n<div class=\"wp-block-button\"><a class=\"wp-block-button__link has-white-color has-black-background-color has-text-color has-background wp-element-button\" href=\"https:\/\/www.plt.nl\/bestel\/12047\" target=\"_blank\" rel=\"noreferrer noopener\"><strong>Tickets So<\/strong> <strong>30.03 | 14.00 Uhr<\/strong><\/a><\/div>\n<\/div>\n\n<hr class=\"wp-block-separator has-css-opacity\"\/>\n\n<figure class=\"wp-block-gallery has-nested-images columns-default is-cropped wp-block-gallery-1 is-layout-flex wp-block-gallery-is-layout-flex\">\n<figure class=\"wp-block-image size-large\"><img data-recalc-dims=\"1\" decoding=\"async\" width=\"640\" height=\"422\" data-id=\"9510\" src=\"https:\/\/i0.wp.com\/schrittmacherfestival.nl\/wp-content\/uploads\/2024\/05\/3nov0013_lowres.1280x1280.jpg?resize=640%2C422&#038;ssl=1\" alt=\"\" class=\"wp-image-9510\" srcset=\"https:\/\/i0.wp.com\/schrittmacherfestival.nl\/wp-content\/uploads\/2024\/05\/3nov0013_lowres.1280x1280.jpg?resize=1024%2C675&amp;ssl=1 1024w, https:\/\/i0.wp.com\/schrittmacherfestival.nl\/wp-content\/uploads\/2024\/05\/3nov0013_lowres.1280x1280.jpg?resize=300%2C198&amp;ssl=1 300w, https:\/\/i0.wp.com\/schrittmacherfestival.nl\/wp-content\/uploads\/2024\/05\/3nov0013_lowres.1280x1280.jpg?resize=768%2C506&amp;ssl=1 768w, https:\/\/i0.wp.com\/schrittmacherfestival.nl\/wp-content\/uploads\/2024\/05\/3nov0013_lowres.1280x1280.jpg?resize=31%2C20&amp;ssl=1 31w, https:\/\/i0.wp.com\/schrittmacherfestival.nl\/wp-content\/uploads\/2024\/05\/3nov0013_lowres.1280x1280.jpg?w=1230&amp;ssl=1 1230w\" sizes=\"(max-width: 640px) 100vw, 640px\" \/><\/figure>\n\n\n\n<figure class=\"wp-block-image size-large\"><img data-recalc-dims=\"1\" decoding=\"async\" width=\"640\" height=\"401\" data-id=\"9514\" src=\"https:\/\/i0.wp.com\/schrittmacherfestival.nl\/wp-content\/uploads\/2024\/05\/3nov0065lowres.1280x1280.jpg?resize=640%2C401&#038;ssl=1\" alt=\"\" class=\"wp-image-9514\" srcset=\"https:\/\/i0.wp.com\/schrittmacherfestival.nl\/wp-content\/uploads\/2024\/05\/3nov0065lowres.1280x1280.jpg?resize=1024%2C641&amp;ssl=1 1024w, https:\/\/i0.wp.com\/schrittmacherfestival.nl\/wp-content\/uploads\/2024\/05\/3nov0065lowres.1280x1280.jpg?resize=300%2C188&amp;ssl=1 300w, https:\/\/i0.wp.com\/schrittmacherfestival.nl\/wp-content\/uploads\/2024\/05\/3nov0065lowres.1280x1280.jpg?resize=768%2C481&amp;ssl=1 768w, https:\/\/i0.wp.com\/schrittmacherfestival.nl\/wp-content\/uploads\/2024\/05\/3nov0065lowres.1280x1280.jpg?resize=31%2C19&amp;ssl=1 31w, https:\/\/i0.wp.com\/schrittmacherfestival.nl\/wp-content\/uploads\/2024\/05\/3nov0065lowres.1280x1280.jpg?w=1230&amp;ssl=1 1230w\" sizes=\"(max-width: 640px) 100vw, 640px\" \/><\/figure>\n\n\n\n<figure class=\"wp-block-image size-large\"><img data-recalc-dims=\"1\" loading=\"lazy\" decoding=\"async\" width=\"600\" height=\"855\" data-id=\"9506\" src=\"https:\/\/i0.wp.com\/schrittmacherfestival.nl\/wp-content\/uploads\/2024\/05\/3nov0267_lowres.1280x1280.jpg?resize=600%2C855&#038;ssl=1\" alt=\"\" class=\"wp-image-9506\" srcset=\"https:\/\/i0.wp.com\/schrittmacherfestival.nl\/wp-content\/uploads\/2024\/05\/3nov0267_lowres.1280x1280.jpg?w=600&amp;ssl=1 600w, https:\/\/i0.wp.com\/schrittmacherfestival.nl\/wp-content\/uploads\/2024\/05\/3nov0267_lowres.1280x1280.jpg?resize=211%2C300&amp;ssl=1 211w, https:\/\/i0.wp.com\/schrittmacherfestival.nl\/wp-content\/uploads\/2024\/05\/3nov0267_lowres.1280x1280.jpg?resize=19%2C27&amp;ssl=1 19w\" sizes=\"(max-width: 600px) 100vw, 600px\" \/><\/figure>\n\n\n\n<figure class=\"wp-block-image size-large\"><img data-recalc-dims=\"1\" loading=\"lazy\" decoding=\"async\" width=\"640\" height=\"427\" data-id=\"9512\" src=\"https:\/\/i0.wp.com\/schrittmacherfestival.nl\/wp-content\/uploads\/2024\/05\/3nov0202_lowres.1280x1280.jpg?resize=640%2C427&#038;ssl=1\" alt=\"\" class=\"wp-image-9512\" srcset=\"https:\/\/i0.wp.com\/schrittmacherfestival.nl\/wp-content\/uploads\/2024\/05\/3nov0202_lowres.1280x1280.jpg?resize=1024%2C683&amp;ssl=1 1024w, https:\/\/i0.wp.com\/schrittmacherfestival.nl\/wp-content\/uploads\/2024\/05\/3nov0202_lowres.1280x1280.jpg?resize=300%2C200&amp;ssl=1 300w, https:\/\/i0.wp.com\/schrittmacherfestival.nl\/wp-content\/uploads\/2024\/05\/3nov0202_lowres.1280x1280.jpg?resize=768%2C512&amp;ssl=1 768w, https:\/\/i0.wp.com\/schrittmacherfestival.nl\/wp-content\/uploads\/2024\/05\/3nov0202_lowres.1280x1280.jpg?resize=600%2C400&amp;ssl=1 600w, https:\/\/i0.wp.com\/schrittmacherfestival.nl\/wp-content\/uploads\/2024\/05\/3nov0202_lowres.1280x1280.jpg?resize=31%2C21&amp;ssl=1 31w, https:\/\/i0.wp.com\/schrittmacherfestival.nl\/wp-content\/uploads\/2024\/05\/3nov0202_lowres.1280x1280.jpg?w=1230&amp;ssl=1 1230w\" sizes=\"(max-width: 640px) 100vw, 640px\" \/><\/figure>\n\n\n\n<figure class=\"wp-block-image size-large\"><img data-recalc-dims=\"1\" loading=\"lazy\" decoding=\"async\" width=\"640\" height=\"427\" data-id=\"9508\" src=\"https:\/\/i0.wp.com\/schrittmacherfestival.nl\/wp-content\/uploads\/2024\/05\/3nov0141.1280x1280.jpg?resize=640%2C427&#038;ssl=1\" alt=\"\" class=\"wp-image-9508\" srcset=\"https:\/\/i0.wp.com\/schrittmacherfestival.nl\/wp-content\/uploads\/2024\/05\/3nov0141.1280x1280.jpg?resize=1024%2C683&amp;ssl=1 1024w, https:\/\/i0.wp.com\/schrittmacherfestival.nl\/wp-content\/uploads\/2024\/05\/3nov0141.1280x1280.jpg?resize=300%2C200&amp;ssl=1 300w, https:\/\/i0.wp.com\/schrittmacherfestival.nl\/wp-content\/uploads\/2024\/05\/3nov0141.1280x1280.jpg?resize=768%2C512&amp;ssl=1 768w, https:\/\/i0.wp.com\/schrittmacherfestival.nl\/wp-content\/uploads\/2024\/05\/3nov0141.1280x1280.jpg?resize=600%2C400&amp;ssl=1 600w, https:\/\/i0.wp.com\/schrittmacherfestival.nl\/wp-content\/uploads\/2024\/05\/3nov0141.1280x1280.jpg?resize=31%2C21&amp;ssl=1 31w, https:\/\/i0.wp.com\/schrittmacherfestival.nl\/wp-content\/uploads\/2024\/05\/3nov0141.1280x1280.jpg?w=1280&amp;ssl=1 1280w\" sizes=\"(max-width: 640px) 100vw, 640px\" \/><\/figure>\n\n\n\n<figure class=\"wp-block-image size-large\"><img data-recalc-dims=\"1\" loading=\"lazy\" decoding=\"async\" width=\"640\" height=\"382\" data-id=\"9516\" src=\"https:\/\/i0.wp.com\/schrittmacherfestival.nl\/wp-content\/uploads\/2024\/05\/3nov0026.1280x1280.jpg?resize=640%2C382&#038;ssl=1\" alt=\"\" class=\"wp-image-9516\" srcset=\"https:\/\/i0.wp.com\/schrittmacherfestival.nl\/wp-content\/uploads\/2024\/05\/3nov0026.1280x1280.jpg?resize=1024%2C611&amp;ssl=1 1024w, https:\/\/i0.wp.com\/schrittmacherfestival.nl\/wp-content\/uploads\/2024\/05\/3nov0026.1280x1280.jpg?resize=300%2C179&amp;ssl=1 300w, https:\/\/i0.wp.com\/schrittmacherfestival.nl\/wp-content\/uploads\/2024\/05\/3nov0026.1280x1280.jpg?resize=768%2C458&amp;ssl=1 768w, https:\/\/i0.wp.com\/schrittmacherfestival.nl\/wp-content\/uploads\/2024\/05\/3nov0026.1280x1280.jpg?resize=31%2C19&amp;ssl=1 31w, https:\/\/i0.wp.com\/schrittmacherfestival.nl\/wp-content\/uploads\/2024\/05\/3nov0026.1280x1280.jpg?w=1280&amp;ssl=1 1280w\" sizes=\"(max-width: 640px) 100vw, 640px\" \/><\/figure>\n\n\n\n<figure class=\"wp-block-image size-large\"><img data-recalc-dims=\"1\" loading=\"lazy\" decoding=\"async\" width=\"640\" height=\"434\" data-id=\"9518\" src=\"https:\/\/i0.wp.com\/schrittmacherfestival.nl\/wp-content\/uploads\/2024\/05\/3nov0385.1280x1280.jpg?resize=640%2C434&#038;ssl=1\" alt=\"\" class=\"wp-image-9518\" srcset=\"https:\/\/i0.wp.com\/schrittmacherfestival.nl\/wp-content\/uploads\/2024\/05\/3nov0385.1280x1280.jpg?resize=1024%2C695&amp;ssl=1 1024w, https:\/\/i0.wp.com\/schrittmacherfestival.nl\/wp-content\/uploads\/2024\/05\/3nov0385.1280x1280.jpg?resize=300%2C204&amp;ssl=1 300w, https:\/\/i0.wp.com\/schrittmacherfestival.nl\/wp-content\/uploads\/2024\/05\/3nov0385.1280x1280.jpg?resize=768%2C521&amp;ssl=1 768w, https:\/\/i0.wp.com\/schrittmacherfestival.nl\/wp-content\/uploads\/2024\/05\/3nov0385.1280x1280.jpg?resize=31%2C21&amp;ssl=1 31w, https:\/\/i0.wp.com\/schrittmacherfestival.nl\/wp-content\/uploads\/2024\/05\/3nov0385.1280x1280.jpg?w=1280&amp;ssl=1 1280w\" sizes=\"(max-width: 640px) 100vw, 640px\" \/><\/figure>\n<\/figure>\n\n<hr class=\"wp-block-separator has-css-opacity\"\/>\n","protected":false},"excerpt":{"rendered":"<p>de Stilte &amp; Artvark Saxophone Quartet (NL) THEATER HEERLEN, RABOzaal Toneel op toneelSo 30.03.202514.00 UhrVon 12,50 \u20ac F\u00fcr \u201eTegenwind\u201c kreierte Jack Timmermans 13 Skizzen zu ebenso vielen Musikst\u00fccken, die auf dem Album \u201eMother of Thousand\u201c von Artvark basieren. Diese Musikst\u00fccke verbinden sich mit Tanz in einer wechselnden Kulisse aus Glasvorh\u00e4ngen und St\u00fchlen.\u202fDie B\u00fchne atmet eine vergangene Zeit und verweist wohl [&hellip;]<\/p>\n","protected":false},"author":1,"featured_media":0,"parent":0,"menu_order":0,"comment_status":"closed","ping_status":"closed","template":"","meta":{"_acf_changed":false,"footnotes":""},"class_list":["post-9522","page","type-page","status-publish","hentry"],"aioseo_notices":[],"acf":[],"jetpack_sharing_enabled":true,"_links":{"self":[{"href":"https:\/\/schrittmacherfestival.nl\/de\/wp-json\/wp\/v2\/pages\/9522","targetHints":{"allow":["GET"]}}],"collection":[{"href":"https:\/\/schrittmacherfestival.nl\/de\/wp-json\/wp\/v2\/pages"}],"about":[{"href":"https:\/\/schrittmacherfestival.nl\/de\/wp-json\/wp\/v2\/types\/page"}],"author":[{"embeddable":true,"href":"https:\/\/schrittmacherfestival.nl\/de\/wp-json\/wp\/v2\/users\/1"}],"replies":[{"embeddable":true,"href":"https:\/\/schrittmacherfestival.nl\/de\/wp-json\/wp\/v2\/comments?post=9522"}],"version-history":[{"count":4,"href":"https:\/\/schrittmacherfestival.nl\/de\/wp-json\/wp\/v2\/pages\/9522\/revisions"}],"predecessor-version":[{"id":9835,"href":"https:\/\/schrittmacherfestival.nl\/de\/wp-json\/wp\/v2\/pages\/9522\/revisions\/9835"}],"wp:attachment":[{"href":"https:\/\/schrittmacherfestival.nl\/de\/wp-json\/wp\/v2\/media?parent=9522"}],"curies":[{"name":"wp","href":"https:\/\/api.w.org\/{rel}","templated":true}]}}