{"id":9870,"date":"2024-11-29T09:38:35","date_gmt":"2024-11-29T09:38:35","guid":{"rendered":"https:\/\/schrittmacherfestival.nl\/myokine\/"},"modified":"2024-12-16T10:09:53","modified_gmt":"2024-12-16T10:09:53","slug":"myokine","status":"publish","type":"page","link":"https:\/\/schrittmacherfestival.nl\/de\/myokine\/","title":{"rendered":"Myokine"},"content":{"rendered":"\n<h1 class=\"wp-block-heading has-black-color has-text-color\" id=\"hofesh-shechter-company-gbr\"><strong>Anne Plamondon <\/strong>(QC\/CA)<\/h1>\n\n<p><strong><strong>Fabrik Stahlbau Strang, Aachen<\/strong><\/strong><br\/><strong>Do 20.03.2025 \u2013 So 23.03.2025<\/strong><br\/><strong>20.00 Uhr<\/strong><br\/><strong>Von 24,00 \u20ac<\/strong><\/p>\n\n<figure class=\"wp-block-image alignwide size-large\"><img data-recalc-dims=\"1\" height=\"270\" width=\"640\" decoding=\"async\" src=\"https:\/\/i0.wp.com\/schrittmacherfestival.nl\/wp-content\/uploads\/2024\/11\/d-3-Web_Myokine-Anne-Plamondon-Productions_%C2%A9-Damian-Siqueiros2-e1732872838749-1024x432.webp?resize=640%2C270&#038;ssl=1\" alt=\"\" class=\"wp-image-9867\"\/><\/figure>\n\n<hr class=\"wp-block-separator has-css-opacity\"\/>\n\n<h2 class=\"wp-block-heading\"><strong><strong><strong>Europapremiere<\/strong><\/strong><\/strong><\/h2>\n\n<p><strong><strong>Mit Unterst\u00fctzung der Vertretung der Regierung von Qu\u00e9bec in Berlin<\/strong><\/strong><\/p>\n\n<p>Die kanadische Choreografin und T\u00e4nzerin Anne Plamondon ist bekannt f\u016br ihren gleitenden, fesselnden und strahlenden Tanzstil und geh\u00f6rt zu den schillerndsten Talenten der Tanzszene Montr\u00e9als. Anne war eine wegweisende und pr\u00e4gende Figur der ber\u00fchmten Qu\u00e9becer Kompanie RUBBERBAND, tanzte zudem bei Kidd Pivot (Crystal Pite) und in Werken von u. a. Jiri Kyli\u00e1n, Hans Van Manen und Ohad Naharin. 2018 gr\u00fcndete sie Anne Plamondon Productions. \u201eMyokine\u201c ist eine hypnotische Choreografie f\u00fcr sieben T\u00e4nzer*innen, die den menschlichen K\u00f6rper als Quelle von Widerstandsf\u00e4higkeit, Sch\u00f6nheit und Hoffnung erkundet. \u201eMyokine\u201c sind Molek\u00fcle, die von unseren Muskeln freigesetzt werden, wenn wir uns bewegen. Sie werden auch \u201eMolecules of Hope\u201c genannt.<\/p>\n\n<p>Dauer: ~ 65 min. ohne Pause<\/p>\n\n<p><strong>Sa 22.03.2025<\/strong><br\/><strong><a href=\"https:\/\/schrittmacherfestival.nl\/de\/dance-workshop-3\/\" title=\"\">Workshop<\/a><\/strong><\/p>\n\n<hr class=\"wp-block-separator has-css-opacity\"\/>\n\n<div class=\"wp-block-buttons is-horizontal is-content-justification-center is-layout-flex wp-container-core-buttons-is-layout-499968f5 wp-block-buttons-is-layout-flex\">\n<div class=\"wp-block-button\"><a class=\"wp-block-button__link has-white-color has-black-background-color has-text-color has-background wp-element-button\" href=\"https:\/\/www.plt.nl\/bestel\/12551\" target=\"_blank\" rel=\"noreferrer noopener\"><strong>Tickets Do<\/strong> <strong>20.03 | 20.00 Uhr<\/strong><\/a><\/div>\n\n\n\n<div class=\"wp-block-button\"><a class=\"wp-block-button__link has-white-color has-black-background-color has-text-color has-background wp-element-button\" href=\"https:\/\/www.plt.nl\/bestel\/12552\" target=\"_blank\" rel=\"noreferrer noopener\"><strong>Tickets Fr 21.03 | 20.00 Uhr<\/strong><\/a><\/div>\n\n\n\n<div class=\"wp-block-button\"><a class=\"wp-block-button__link has-white-color has-black-background-color has-text-color has-background wp-element-button\" href=\"https:\/\/www.plt.nl\/bestel\/12553\" target=\"_blank\" rel=\"noreferrer noopener\"><strong>Tickets Sa 22.03 | 20.00 Uhr<\/strong><\/a><\/div>\n\n\n\n<div class=\"wp-block-button\"><a class=\"wp-block-button__link has-white-color has-black-background-color has-text-color has-background wp-element-button\" href=\"https:\/\/www.plt.nl\/bestel\/12554\" target=\"_blank\" rel=\"noreferrer noopener\"><strong>Tickets So<\/strong> <strong>23.03 | 20.00 Uhr<\/strong><\/a><\/div>\n<\/div>\n\n<hr class=\"wp-block-separator has-css-opacity\"\/>\n\n<p><\/p>\n","protected":false},"excerpt":{"rendered":"<p>Anne Plamondon (QC\/CA) Fabrik Stahlbau Strang, AachenDo 20.03.2025 \u2013 So 23.03.202520.00 UhrVon 24,00 \u20ac Europapremiere Mit Unterst\u00fctzung der Vertretung der Regierung von Qu\u00e9bec in Berlin Die kanadische Choreografin und T\u00e4nzerin Anne Plamondon ist bekannt f\u016br ihren gleitenden, fesselnden und strahlenden Tanzstil und geh\u00f6rt zu den schillerndsten Talenten der Tanzszene Montr\u00e9als. Anne war eine wegweisende und pr\u00e4gende Figur der ber\u00fchmten Qu\u00e9becer [&hellip;]<\/p>\n","protected":false},"author":1,"featured_media":0,"parent":0,"menu_order":0,"comment_status":"closed","ping_status":"closed","template":"","meta":{"_acf_changed":false,"footnotes":""},"class_list":["post-9870","page","type-page","status-publish","hentry"],"aioseo_notices":[],"acf":[],"jetpack_sharing_enabled":true,"_links":{"self":[{"href":"https:\/\/schrittmacherfestival.nl\/de\/wp-json\/wp\/v2\/pages\/9870","targetHints":{"allow":["GET"]}}],"collection":[{"href":"https:\/\/schrittmacherfestival.nl\/de\/wp-json\/wp\/v2\/pages"}],"about":[{"href":"https:\/\/schrittmacherfestival.nl\/de\/wp-json\/wp\/v2\/types\/page"}],"author":[{"embeddable":true,"href":"https:\/\/schrittmacherfestival.nl\/de\/wp-json\/wp\/v2\/users\/1"}],"replies":[{"embeddable":true,"href":"https:\/\/schrittmacherfestival.nl\/de\/wp-json\/wp\/v2\/comments?post=9870"}],"version-history":[{"count":3,"href":"https:\/\/schrittmacherfestival.nl\/de\/wp-json\/wp\/v2\/pages\/9870\/revisions"}],"predecessor-version":[{"id":10859,"href":"https:\/\/schrittmacherfestival.nl\/de\/wp-json\/wp\/v2\/pages\/9870\/revisions\/10859"}],"wp:attachment":[{"href":"https:\/\/schrittmacherfestival.nl\/de\/wp-json\/wp\/v2\/media?parent=9870"}],"curies":[{"name":"wp","href":"https:\/\/api.w.org\/{rel}","templated":true}]}}