{"id":9884,"date":"2024-11-29T10:06:51","date_gmt":"2024-11-29T10:06:51","guid":{"rendered":"https:\/\/schrittmacherfestival.nl\/triptychon\/"},"modified":"2024-12-18T08:50:53","modified_gmt":"2024-12-18T08:50:53","slug":"triptychon","status":"publish","type":"page","link":"https:\/\/schrittmacherfestival.nl\/de\/triptychon\/","title":{"rendered":"Triptychon"},"content":{"rendered":"\n<h1 class=\"wp-block-heading has-black-color has-text-color\" id=\"hofesh-shechter-company-gbr\"><strong>Le\u00efla Ka \/ Loraine Dambermont \/ Fanny Brouyaux<\/strong> (FR\/BE)<\/h1>\n\n<p><strong><strong>Alter Schlachthof Eupen, Halle B<\/strong><\/strong><br\/><strong>Sa 22.03.2025<\/strong><br\/><strong>20.00 Uhr<\/strong><br\/><strong>Von 11,- \u20ac<\/strong><\/p>\n\n<figure class=\"wp-block-image alignwide size-large\"><img data-recalc-dims=\"1\" fetchpriority=\"high\" decoding=\"async\" width=\"640\" height=\"267\" src=\"https:\/\/i0.wp.com\/schrittmacherfestival.nl\/wp-content\/uploads\/2024\/11\/b-Fanny-Brouyaux_solo-1_Stanislav-Dobak_kl-e1732874452792-1024x427.webp?resize=640%2C267&#038;ssl=1\" alt=\"\" class=\"wp-image-9881\" srcset=\"https:\/\/i0.wp.com\/schrittmacherfestival.nl\/wp-content\/uploads\/2024\/11\/b-Fanny-Brouyaux_solo-1_Stanislav-Dobak_kl-e1732874452792.webp?resize=1024%2C427&amp;ssl=1 1024w, https:\/\/i0.wp.com\/schrittmacherfestival.nl\/wp-content\/uploads\/2024\/11\/b-Fanny-Brouyaux_solo-1_Stanislav-Dobak_kl-e1732874452792.webp?resize=300%2C125&amp;ssl=1 300w, https:\/\/i0.wp.com\/schrittmacherfestival.nl\/wp-content\/uploads\/2024\/11\/b-Fanny-Brouyaux_solo-1_Stanislav-Dobak_kl-e1732874452792.webp?resize=768%2C320&amp;ssl=1 768w, https:\/\/i0.wp.com\/schrittmacherfestival.nl\/wp-content\/uploads\/2024\/11\/b-Fanny-Brouyaux_solo-1_Stanislav-Dobak_kl-e1732874452792.webp?resize=31%2C13&amp;ssl=1 31w, https:\/\/i0.wp.com\/schrittmacherfestival.nl\/wp-content\/uploads\/2024\/11\/b-Fanny-Brouyaux_solo-1_Stanislav-Dobak_kl-e1732874452792.webp?w=1200&amp;ssl=1 1200w\" sizes=\"(max-width: 640px) 100vw, 640px\" \/><\/figure>\n\n<hr class=\"wp-block-separator has-css-opacity\"\/>\n\n<h2 class=\"wp-block-heading\"><strong><strong><strong>Festivaler\u00f6ffnung Eupen<\/strong><\/strong><\/strong><\/h2>\n\n<p><strong><strong>Im Rahmen von SCENAR!O Festival, Eupen<\/strong><\/strong><\/p>\n\n<p>Triptychen sind dreiteilige Gem\u00e4lde, die als Fl\u00fcgelalt\u00e4re ab dem 15. Jahrhundert popul\u00e4r wurden. Beim \u201eTriptychon\u201d im Alten Schlachthof Eupen entsteht Dreiheit durch die Solotanzst\u00fccke der drei Choreografinnen\/T\u00e4nzerinnen Le\u00efla Ka\/Anna Tierney, Loraine Dambermont und Fanny Brouyaux. Nicht metaphysisch, sakral, sondern urban, temporeich, zeitgen\u00f6ssisch, theatral und pragmatisch ist die Ausrichtung ihrer Choreografien. Sei es bei der Sezierung des romantischen Frauenbilds, in der Anleitung zur Selbstverteidigung angesichts einer zunehmend verrohenden Gesellschaft oder im Spannungsfeld zwischen meisterhafter K\u00f6rperbeherrschung und unkontrollierbaren, spasmischen Bewegungen, die drei Frauen tanzen kompromisslos ihre Botschaft.\u202f<\/p>\n\n<p>Dauer: ~ 65 min. ohne Pause<\/p>\n\n<p>Mit anschlie\u00dfender Diskussion<br\/>Eintritt frei <\/p>\n\n<hr class=\"wp-block-separator has-css-opacity\"\/>\n\n<div class=\"wp-block-buttons is-horizontal is-content-justification-center is-layout-flex wp-container-core-buttons-is-layout-499968f5 wp-block-buttons-is-layout-flex\">\n<div class=\"wp-block-button\"><a class=\"wp-block-button__link has-white-color has-black-background-color has-text-color has-background wp-element-button\" href=\"https:\/\/www.plt.nl\/bestel\/12661\" target=\"_blank\" rel=\"noreferrer noopener\"><strong>Tickets Sa<\/strong> <strong>22.03 | 20.00 Uhr<\/strong><\/a><\/div>\n<\/div>\n\n<hr class=\"wp-block-separator has-css-opacity\"\/>\n\n<p><strong>Le\u00efla Ka \u2018Pode ser\u2019 (20 min.)<\/strong><\/p>\n\n<p>Die talentierte, mehrfach ausgezeichnete Choreografin und Performerin Le\u00efla Ka verbindet mit ihrer einzigartigen Handschrift urbanen, zeitgen\u00f6ssischen und theatralen Tanz, den es unbedingt zu entdecken gilt.<em><br\/><br\/><\/em><a href=\"https:\/\/leilaka.fr\/\" target=\"_blank\" rel=\"noopener\" title=\"\">https:\/\/leilaka.fr\/<\/a><\/p>\n\n<figure class=\"wp-block-embed is-type-video is-provider-youtube wp-block-embed-youtube wp-embed-aspect-16-9 wp-has-aspect-ratio\"><div class=\"wp-block-embed__wrapper\">\r\n<iframe  id=\"_ytid_32622\"  width=\"640\" height=\"360\"  data-origwidth=\"640\" data-origheight=\"360\" src=\"https:\/\/www.youtube.com\/embed\/ymEnq4YJabE?enablejsapi=1&#038;autoplay=0&#038;cc_load_policy=0&#038;cc_lang_pref=&#038;iv_load_policy=1&#038;loop=0&#038;rel=1&#038;fs=1&#038;playsinline=0&#038;autohide=2&#038;theme=dark&#038;color=red&#038;controls=1&#038;disablekb=0&#038;\" class=\"__youtube_prefs__  epyt-is-override  no-lazyload\" title=\"YouTube player\"  allow=\"fullscreen; accelerometer; autoplay; clipboard-write; encrypted-media; gyroscope; picture-in-picture; web-share\" referrerpolicy=\"strict-origin-when-cross-origin\" allowfullscreen data-no-lazy=\"1\" data-skipgform_ajax_framebjll=\"\"><\/iframe>\n<\/div><\/figure>\r\n\n<p><br\/><\/p>\n\n<p><strong>Loraine Dambermont \u2018Toujours de 3\/4 face!\u2019 (20 min.)<\/strong><\/p>\n\n<p>Laut Johnny Cadillac, einem ehemaligen belgischen Karateka, ist die Position \u201e3\u20444 face\u201c DIE Verteidigungsposition schlechthin! Die Choreografin und Performerin Loraine Dambermont macht sich dieses Prinzip zu eigen und liefert ihre pers\u00f6nliche Anleitung zum \u00dcberleben angesichts des zu erwartenden Chaos.<br\/><br\/><a href=\"https:\/\/www.lodbmt.com\/\" target=\"_blank\" rel=\"noopener\" title=\"\">https:\/\/www.lodbmt.com\/<\/a><a href=\"https:\/\/vimeo.com\/906377560\"><em><br\/><\/em><\/a><\/p>\n\n<figure class=\"wp-block-embed is-type-video is-provider-vimeo wp-block-embed-vimeo wp-embed-aspect-16-9 wp-has-aspect-ratio\"><div class=\"wp-block-embed__wrapper\">\r\n<div class=\"jetpack-video-wrapper\"><iframe title=\"TEASER - TOUJOURS DE 3\/4FACE!      Loraine Dambermont\" src=\"https:\/\/player.vimeo.com\/video\/906377560?dnt=1&amp;app_id=122963\" width=\"640\" height=\"360\" frameborder=\"0\" allow=\"autoplay; fullscreen; picture-in-picture; clipboard-write\"><\/iframe><\/div>\r\n<\/div><\/figure>\r\n\n<p><strong>Fanny Brouyaux &#8218;To be schieve or a romantic attempt&#8216; (25 min.)<\/strong><\/p>\n\n<p>\u201eSchieve\u201c bedeutet im Br\u00fcsseler Dialekt verdreht oder verr\u00fcckt. In ihrem neuen Solo konzentriert sich die in Br\u00fcssel lebende Choreografin und T\u00e4nzerin Fanny Brouyaux auf den viszeralen Aspekt der romantischen Bewegung: die Herzensangelegenheiten.<\/p>\n\n<p><a href=\"https:\/\/www.fannybrouyaux.com\/\" target=\"_blank\" rel=\"noopener\" title=\"\">https:\/\/www.fannybrouyaux.com\/<\/a><\/p>\n\n<hr class=\"wp-block-separator has-css-opacity\"\/>\n\n<p><\/p>\n","protected":false},"excerpt":{"rendered":"<p>Le\u00efla Ka \/ Loraine Dambermont \/ Fanny Brouyaux (FR\/BE) Alter Schlachthof Eupen, Halle BSa 22.03.202520.00 UhrVon 11,- \u20ac Festivaler\u00f6ffnung Eupen Im Rahmen von SCENAR!O Festival, Eupen Triptychen sind dreiteilige Gem\u00e4lde, die als Fl\u00fcgelalt\u00e4re ab dem 15. Jahrhundert popul\u00e4r wurden. Beim \u201eTriptychon\u201d im Alten Schlachthof Eupen entsteht Dreiheit durch die Solotanzst\u00fccke der drei Choreografinnen\/T\u00e4nzerinnen Le\u00efla Ka\/Anna Tierney, Loraine Dambermont und Fanny [&hellip;]<\/p>\n","protected":false},"author":1,"featured_media":0,"parent":0,"menu_order":0,"comment_status":"closed","ping_status":"closed","template":"","meta":{"_acf_changed":false,"footnotes":""},"class_list":["post-9884","page","type-page","status-publish","hentry"],"aioseo_notices":[],"acf":[],"jetpack_sharing_enabled":true,"_links":{"self":[{"href":"https:\/\/schrittmacherfestival.nl\/de\/wp-json\/wp\/v2\/pages\/9884","targetHints":{"allow":["GET"]}}],"collection":[{"href":"https:\/\/schrittmacherfestival.nl\/de\/wp-json\/wp\/v2\/pages"}],"about":[{"href":"https:\/\/schrittmacherfestival.nl\/de\/wp-json\/wp\/v2\/types\/page"}],"author":[{"embeddable":true,"href":"https:\/\/schrittmacherfestival.nl\/de\/wp-json\/wp\/v2\/users\/1"}],"replies":[{"embeddable":true,"href":"https:\/\/schrittmacherfestival.nl\/de\/wp-json\/wp\/v2\/comments?post=9884"}],"version-history":[{"count":5,"href":"https:\/\/schrittmacherfestival.nl\/de\/wp-json\/wp\/v2\/pages\/9884\/revisions"}],"predecessor-version":[{"id":10915,"href":"https:\/\/schrittmacherfestival.nl\/de\/wp-json\/wp\/v2\/pages\/9884\/revisions\/10915"}],"wp:attachment":[{"href":"https:\/\/schrittmacherfestival.nl\/de\/wp-json\/wp\/v2\/media?parent=9884"}],"curies":[{"name":"wp","href":"https:\/\/api.w.org\/{rel}","templated":true}]}}