{"id":9912,"date":"2024-11-29T11:32:07","date_gmt":"2024-11-29T11:32:07","guid":{"rendered":"https:\/\/schrittmacherfestival.nl\/dress-code\/"},"modified":"2024-12-18T08:52:21","modified_gmt":"2024-12-18T08:52:21","slug":"dress-code","status":"publish","type":"page","link":"https:\/\/schrittmacherfestival.nl\/de\/dress-code\/","title":{"rendered":"DRESS CODE"},"content":{"rendered":"\n<h1 class=\"wp-block-heading has-black-color has-text-color\" id=\"hofesh-shechter-company-gbr\"><strong>Cie. ABIS \/ Julien Carlier (BE)<\/strong><\/h1>\n\n<p><strong><strong>Alter Schlachthof, Halle B, Eupen<\/strong><\/strong><br\/><strong>Fr 28.03.2025<\/strong><br\/><strong>20.00 Uhr<\/strong><br\/><strong>Von 11,- \u20ac<\/strong><\/p>\n\n<figure class=\"wp-block-image alignwide size-large\"><img data-recalc-dims=\"1\" height=\"267\" width=\"640\" decoding=\"async\" src=\"https:\/\/i0.wp.com\/schrittmacherfestival.nl\/wp-content\/uploads\/2024\/11\/b-DRESS-CODE-5-%C2%A9Julien-Carlier-e1732879574644-1024x427.webp?resize=640%2C267&#038;ssl=1\" alt=\"\" class=\"wp-image-9908\"\/><\/figure>\n\n<hr class=\"wp-block-separator has-css-opacity\"\/>\n\n<h2 class=\"wp-block-heading\"><strong><strong><strong>Im Rahmen von SCENAR!O Festival, Eupen<\/strong><\/strong><\/strong><\/h2>\n\n<p>\u201eDress Code\u201d l\u00e4sst in die Welt des Breakdances eintauchen. Welche Codes signalisieren Zugeh\u00f6rigkeit? Mit technisch anspruchsvollen Bewegungen zeigt das St\u00fcck die St\u00e4rken und Schw\u00e4chen der T\u00e4nzer*innen und \u00f6ffnet den Blick auf die psychologischen und physischen Mechanismen dieser Tanzdisziplin. F\u00fcnf junge T\u00e4nzer*innen sprechen \u00fcber Selbstverleugnung und die Suche nach Anerkennung. Welche Triebkr\u00e4fte verbergen sich hinter dem Anspruch, mit aller Kraft t\u00e4nzerische Virtuosit\u00e4t zu erlangen? Wo kommen Motivation und Halt her, um bis zum \u00c4u\u00dfersten zu gehen? Die an ein Ritual erinnernde Darstellung seziert die Selbstinszenierung des Breakdance und zeigt sowohl die Belohnungen als auch die Fallstricke, die diese Disziplin bereith\u00e4lt.<\/p>\n\n<p>Dauer: ~ 50 min. ohne Pause<\/p>\n\n<hr class=\"wp-block-separator has-css-opacity\"\/>\n\n<div class=\"wp-block-buttons is-horizontal is-content-justification-center is-layout-flex wp-container-core-buttons-is-layout-499968f5 wp-block-buttons-is-layout-flex\">\n<div class=\"wp-block-button\"><a class=\"wp-block-button__link has-white-color has-black-background-color has-text-color has-background wp-element-button\" href=\"https:\/\/www.plt.nl\/bestel\/12662\" target=\"_blank\" rel=\"noreferrer noopener\"><strong>Tickets Fr 28.03 | 20.00 Uhr<\/strong><\/a><\/div>\n<\/div>\n\n<hr class=\"wp-block-separator has-css-opacity\"\/>\n\n<figure class=\"wp-block-embed is-type-video is-provider-youtube wp-block-embed-youtube wp-embed-aspect-16-9 wp-has-aspect-ratio\"><div class=\"wp-block-embed__wrapper\">\r\n<iframe  id=\"_ytid_72169\"  width=\"640\" height=\"360\"  data-origwidth=\"640\" data-origheight=\"360\" src=\"https:\/\/www.youtube.com\/embed\/VBL24VorT0U?enablejsapi=1&#038;autoplay=0&#038;cc_load_policy=0&#038;cc_lang_pref=&#038;iv_load_policy=1&#038;loop=0&#038;rel=1&#038;fs=1&#038;playsinline=0&#038;autohide=2&#038;theme=dark&#038;color=red&#038;controls=1&#038;disablekb=0&#038;\" class=\"__youtube_prefs__  epyt-is-override  no-lazyload\" title=\"YouTube player\"  allow=\"fullscreen; accelerometer; autoplay; clipboard-write; encrypted-media; gyroscope; picture-in-picture; web-share\" referrerpolicy=\"strict-origin-when-cross-origin\" allowfullscreen data-no-lazy=\"1\" data-skipgform_ajax_framebjll=\"\"><\/iframe>\n<\/div><\/figure>\r\n\n<hr class=\"wp-block-separator has-css-opacity\"\/>\n\n<p><\/p>\n","protected":false},"excerpt":{"rendered":"<p>Cie. ABIS \/ Julien Carlier (BE) Alter Schlachthof, Halle B, EupenFr 28.03.202520.00 UhrVon 11,- \u20ac Im Rahmen von SCENAR!O Festival, Eupen \u201eDress Code\u201d l\u00e4sst in die Welt des Breakdances eintauchen. Welche Codes signalisieren Zugeh\u00f6rigkeit? Mit technisch anspruchsvollen Bewegungen zeigt das St\u00fcck die St\u00e4rken und Schw\u00e4chen der T\u00e4nzer*innen und \u00f6ffnet den Blick auf die psychologischen und physischen Mechanismen dieser Tanzdisziplin. F\u00fcnf [&hellip;]<\/p>\n","protected":false},"author":1,"featured_media":0,"parent":0,"menu_order":0,"comment_status":"closed","ping_status":"closed","template":"","meta":{"_acf_changed":false,"footnotes":""},"class_list":["post-9912","page","type-page","status-publish","hentry"],"aioseo_notices":[],"acf":[],"jetpack_sharing_enabled":true,"_links":{"self":[{"href":"https:\/\/schrittmacherfestival.nl\/de\/wp-json\/wp\/v2\/pages\/9912","targetHints":{"allow":["GET"]}}],"collection":[{"href":"https:\/\/schrittmacherfestival.nl\/de\/wp-json\/wp\/v2\/pages"}],"about":[{"href":"https:\/\/schrittmacherfestival.nl\/de\/wp-json\/wp\/v2\/types\/page"}],"author":[{"embeddable":true,"href":"https:\/\/schrittmacherfestival.nl\/de\/wp-json\/wp\/v2\/users\/1"}],"replies":[{"embeddable":true,"href":"https:\/\/schrittmacherfestival.nl\/de\/wp-json\/wp\/v2\/comments?post=9912"}],"version-history":[{"count":3,"href":"https:\/\/schrittmacherfestival.nl\/de\/wp-json\/wp\/v2\/pages\/9912\/revisions"}],"predecessor-version":[{"id":10917,"href":"https:\/\/schrittmacherfestival.nl\/de\/wp-json\/wp\/v2\/pages\/9912\/revisions\/10917"}],"wp:attachment":[{"href":"https:\/\/schrittmacherfestival.nl\/de\/wp-json\/wp\/v2\/media?parent=9912"}],"curies":[{"name":"wp","href":"https:\/\/api.w.org\/{rel}","templated":true}]}}