{"id":9945,"date":"2024-11-29T12:25:05","date_gmt":"2024-11-29T12:25:05","guid":{"rendered":"https:\/\/schrittmacherfestival.nl\/belonging\/"},"modified":"2025-01-29T12:19:53","modified_gmt":"2025-01-29T12:19:53","slug":"belonging","status":"publish","type":"page","link":"https:\/\/schrittmacherfestival.nl\/de\/belonging\/","title":{"rendered":"BELONGING"},"content":{"rendered":"\n<h1 class=\"wp-block-heading has-black-color has-text-color\" id=\"hofesh-shechter-company-gbr\"><strong>Phoenix Dance Theatre <\/strong>(GB)<\/h1>\n\n<p><strong><strong>Fabrik Stahlbau Strang, Aken<\/strong><\/strong><br\/><strong>Do 10.04.2025 &#8211; So 13.04.2025<\/strong><br\/><strong>20.30 Uhr<\/strong><br\/><strong>Von 24,- \u20ac<\/strong><\/p>\n\n<figure class=\"wp-block-image alignwide size-large\"><img data-recalc-dims=\"1\" fetchpriority=\"high\" decoding=\"async\" width=\"640\" height=\"267\" src=\"https:\/\/i0.wp.com\/schrittmacherfestival.nl\/wp-content\/uploads\/2024\/11\/d-Cloudburst_02_Drew-Forsyth-e1732882873328-1024x427.webp?resize=640%2C267&#038;ssl=1\" alt=\"\" class=\"wp-image-9942\" srcset=\"https:\/\/i0.wp.com\/schrittmacherfestival.nl\/wp-content\/uploads\/2024\/11\/d-Cloudburst_02_Drew-Forsyth-e1732882873328.webp?resize=1024%2C427&amp;ssl=1 1024w, https:\/\/i0.wp.com\/schrittmacherfestival.nl\/wp-content\/uploads\/2024\/11\/d-Cloudburst_02_Drew-Forsyth-e1732882873328.webp?resize=300%2C125&amp;ssl=1 300w, https:\/\/i0.wp.com\/schrittmacherfestival.nl\/wp-content\/uploads\/2024\/11\/d-Cloudburst_02_Drew-Forsyth-e1732882873328.webp?resize=768%2C320&amp;ssl=1 768w, https:\/\/i0.wp.com\/schrittmacherfestival.nl\/wp-content\/uploads\/2024\/11\/d-Cloudburst_02_Drew-Forsyth-e1732882873328.webp?resize=31%2C13&amp;ssl=1 31w, https:\/\/i0.wp.com\/schrittmacherfestival.nl\/wp-content\/uploads\/2024\/11\/d-Cloudburst_02_Drew-Forsyth-e1732882873328.webp?w=1200&amp;ssl=1 1200w\" sizes=\"(max-width: 640px) 100vw, 640px\" \/><\/figure>\n\n<hr class=\"wp-block-separator has-css-opacity\"\/>\n\n<p>Zum Festivalabschluss gastiert Phoenix Dance Theatre mit einem explosiven, Freude verspr\u00fchenden, zweiteiligen Programm der Extraklasse. Gegr\u00fcndet 1981 in Leeds, als erste schwarze Tanzkompanie Gro\u00dfbritanniens, wird Phoenix international gefeiert f\u00fcr ein inspirierendes und kreatives Gesamtwerk, das seit \u00fcber 40 Jahren den vielf\u00e4ltigen Geist einer multikulturellen Gesellschaft verk\u00f6rpert. \u201eCloudburst\u201c von Choreograf Miguel Altunaga reflektiert die Beziehung des Menschen zu Stamm und Gemeinde, Mythologie und Gottheit, Ritual und Spiritualit\u00e4t. Wie haben die Entscheidungen unserer Ahnen unsere Kultur geformt?<\/p>\n\n<p>\u201eTerms of Agreement\u201c ist das erste Werk von Marcus Jarrell Willis f\u00fcr Phoenix als k\u00fcnstlerischer Leiter: Es entwirrt die ewige Frage: \u201dWas ist wahre Liebe?\u201c. <\/p>\n\n<p>Dauer: ~ 90 min. inkl. Pause<\/p>\n\n<p><strong>Sa 12.04.2025<br\/><a href=\"https:\/\/schrittmacherfestival.nl\/de\/dance-workshop-7\/\" title=\"\">Workshop<\/a><\/strong><\/p>\n\n<hr class=\"wp-block-separator has-css-opacity\"\/>\n\n<div class=\"wp-block-buttons is-horizontal is-content-justification-center is-layout-flex wp-container-core-buttons-is-layout-499968f5 wp-block-buttons-is-layout-flex\">\n<div class=\"wp-block-button\"><a class=\"wp-block-button__link has-white-color has-black-background-color has-text-color has-background wp-element-button\" href=\"https:\/\/www.plt.nl\/bestel\/12563\" target=\"_blank\" rel=\"noreferrer noopener\"><strong>Tickets Do 10.04 | 20.30 Uhr<\/strong><\/a><\/div>\n\n\n\n<div class=\"wp-block-button\"><a class=\"wp-block-button__link has-white-color has-black-background-color has-text-color has-background wp-element-button\" href=\"https:\/\/www.plt.nl\/bestel\/12564\" target=\"_blank\" rel=\"noreferrer noopener\"><strong>Tickets Fr 11.04 | 20.30 Uhr<\/strong><\/a><\/div>\n\n\n\n<div class=\"wp-block-button\"><a class=\"wp-block-button__link has-white-color has-black-background-color has-text-color has-background wp-element-button\" href=\"https:\/\/www.plt.nl\/bestel\/12566\" target=\"_blank\" rel=\"noreferrer noopener\"><strong>Tickets Sa<\/strong> <strong>12.04 | 20.30 Uhr<\/strong><\/a><\/div>\n\n\n\n<div class=\"wp-block-button\"><a class=\"wp-block-button__link has-white-color has-black-background-color has-text-color has-background wp-element-button\" href=\"https:\/\/www.plt.nl\/bestel\/12565\" target=\"_blank\" rel=\"noreferrer noopener\"><strong>Tickets So<\/strong> <strong>13.04 | 20.30 Uhr<\/strong><\/a><\/div>\n<\/div>\n\n<hr class=\"wp-block-separator has-css-opacity\"\/>\n\n<figure class=\"wp-block-embed is-type-video is-provider-youtube wp-block-embed-youtube wp-embed-aspect-16-9 wp-has-aspect-ratio\"><div class=\"wp-block-embed__wrapper\">\r\n<iframe  id=\"_ytid_25793\"  width=\"640\" height=\"360\"  data-origwidth=\"640\" data-origheight=\"360\" src=\"https:\/\/www.youtube.com\/embed\/WJGFo5cKz1A?enablejsapi=1&#038;autoplay=0&#038;cc_load_policy=0&#038;cc_lang_pref=&#038;iv_load_policy=1&#038;loop=0&#038;rel=1&#038;fs=1&#038;playsinline=0&#038;autohide=2&#038;theme=dark&#038;color=red&#038;controls=1&#038;disablekb=0&#038;\" class=\"__youtube_prefs__  epyt-is-override  no-lazyload\" title=\"YouTube player\"  allow=\"fullscreen; accelerometer; autoplay; clipboard-write; encrypted-media; gyroscope; picture-in-picture; web-share\" referrerpolicy=\"strict-origin-when-cross-origin\" allowfullscreen data-no-lazy=\"1\" data-skipgform_ajax_framebjll=\"\"><\/iframe>\n<\/div><\/figure>\r\n\n<hr class=\"wp-block-separator has-css-opacity\"\/>\n\n<p><\/p>\n","protected":false},"excerpt":{"rendered":"<p>Phoenix Dance Theatre (GB) Fabrik Stahlbau Strang, AkenDo 10.04.2025 &#8211; So 13.04.202520.30 UhrVon 24,- \u20ac Zum Festivalabschluss gastiert Phoenix Dance Theatre mit einem explosiven, Freude verspr\u00fchenden, zweiteiligen Programm der Extraklasse. Gegr\u00fcndet 1981 in Leeds, als erste schwarze Tanzkompanie Gro\u00dfbritanniens, wird Phoenix international gefeiert f\u00fcr ein inspirierendes und kreatives Gesamtwerk, das seit \u00fcber 40 Jahren den vielf\u00e4ltigen Geist einer multikulturellen Gesellschaft [&hellip;]<\/p>\n","protected":false},"author":1,"featured_media":0,"parent":0,"menu_order":0,"comment_status":"closed","ping_status":"closed","template":"","meta":{"_acf_changed":false,"footnotes":""},"class_list":["post-9945","page","type-page","status-publish","hentry"],"aioseo_notices":[],"acf":[],"jetpack_sharing_enabled":true,"_links":{"self":[{"href":"https:\/\/schrittmacherfestival.nl\/de\/wp-json\/wp\/v2\/pages\/9945","targetHints":{"allow":["GET"]}}],"collection":[{"href":"https:\/\/schrittmacherfestival.nl\/de\/wp-json\/wp\/v2\/pages"}],"about":[{"href":"https:\/\/schrittmacherfestival.nl\/de\/wp-json\/wp\/v2\/types\/page"}],"author":[{"embeddable":true,"href":"https:\/\/schrittmacherfestival.nl\/de\/wp-json\/wp\/v2\/users\/1"}],"replies":[{"embeddable":true,"href":"https:\/\/schrittmacherfestival.nl\/de\/wp-json\/wp\/v2\/comments?post=9945"}],"version-history":[{"count":7,"href":"https:\/\/schrittmacherfestival.nl\/de\/wp-json\/wp\/v2\/pages\/9945\/revisions"}],"predecessor-version":[{"id":10933,"href":"https:\/\/schrittmacherfestival.nl\/de\/wp-json\/wp\/v2\/pages\/9945\/revisions\/10933"}],"wp:attachment":[{"href":"https:\/\/schrittmacherfestival.nl\/de\/wp-json\/wp\/v2\/media?parent=9945"}],"curies":[{"name":"wp","href":"https:\/\/api.w.org\/{rel}","templated":true}]}}