{"id":9987,"date":"2024-12-02T09:42:09","date_gmt":"2024-12-02T09:42:09","guid":{"rendered":"https:\/\/schrittmacherfestival.nl\/semilla\/"},"modified":"2024-12-18T08:54:00","modified_gmt":"2024-12-18T08:54:00","slug":"semilla","status":"publish","type":"page","link":"https:\/\/schrittmacherfestival.nl\/de\/semilla\/","title":{"rendered":"SEMILLA"},"content":{"rendered":"\n<h1 class=\"wp-block-heading has-black-color has-text-color\" id=\"hofesh-shechter-company-gbr\"><strong>Compagnie Tea Tree <\/strong>(BE)<\/h1>\n\n<p><strong><strong><strong>Alter Schachthof, Halle B, Eupen<\/strong><\/strong><\/strong><br\/><strong>So 06.04.2025<\/strong><br\/><strong>15.00 Uhr<\/strong><br\/><strong>Von 5,00 \u20ac<\/strong><\/p>\n\n<figure class=\"wp-block-image alignwide size-large\"><img data-recalc-dims=\"1\" fetchpriority=\"high\" decoding=\"async\" width=\"640\" height=\"259\" src=\"https:\/\/i0.wp.com\/schrittmacherfestival.nl\/wp-content\/uploads\/2024\/12\/g2-Semilla-credit-photo-Bruno-Boelpaep_affiche-e1733994122547.webp?resize=640%2C259&#038;ssl=1\" alt=\"\" class=\"wp-image-9984\" srcset=\"https:\/\/i0.wp.com\/schrittmacherfestival.nl\/wp-content\/uploads\/2024\/12\/g2-Semilla-credit-photo-Bruno-Boelpaep_affiche-e1733994122547.webp?w=1136&amp;ssl=1 1136w, https:\/\/i0.wp.com\/schrittmacherfestival.nl\/wp-content\/uploads\/2024\/12\/g2-Semilla-credit-photo-Bruno-Boelpaep_affiche-e1733994122547.webp?resize=300%2C121&amp;ssl=1 300w, https:\/\/i0.wp.com\/schrittmacherfestival.nl\/wp-content\/uploads\/2024\/12\/g2-Semilla-credit-photo-Bruno-Boelpaep_affiche-e1733994122547.webp?resize=1024%2C415&amp;ssl=1 1024w, https:\/\/i0.wp.com\/schrittmacherfestival.nl\/wp-content\/uploads\/2024\/12\/g2-Semilla-credit-photo-Bruno-Boelpaep_affiche-e1733994122547.webp?resize=768%2C311&amp;ssl=1 768w, https:\/\/i0.wp.com\/schrittmacherfestival.nl\/wp-content\/uploads\/2024\/12\/g2-Semilla-credit-photo-Bruno-Boelpaep_affiche-e1733994122547.webp?resize=31%2C13&amp;ssl=1 31w\" sizes=\"(max-width: 640px) 100vw, 640px\" \/><\/figure>\n\n<hr class=\"wp-block-separator has-css-opacity\"\/>\n\n<h2 class=\"wp-block-heading\"><strong>Im Rahmen vom SCENAR!O Festival, Eupen, unterst\u00fctzt von Theater Starter<\/strong><\/h2>\n\n<p><strong><br\/><\/strong>Una semilla! Ein Samen! Was f\u00fcr eine Freude, einen Samen zu s\u00e4en und sich vorzustellen, wie daraus eine Pflanze entsteht. Puh, aber das dauert. Lasst uns mit der Zeit spielen und uns dem Unbekannten anvertrauen. Was pflanzen wir, wo keimt etwas, wo schl\u00e4gt es Wurzeln? Sara Olmo und Pierre Viatour haben ein zauberhaftes St\u00fcck f\u00fcr das j\u00fcngste Publikum geschaffen, das mit Tanz und Akrobatik davon erz\u00e4hlt, wie eine Pflanze gegen alle Erwartungen wachsen und eine Idee keimen kann, ohne zu wissen, wo das geschehen wird.<\/p>\n\n<p>Ab 2,5 Jahren<\/p>\n\n<p>Dauer: ~ 40 min. ohne Pause<\/p>\n\n<hr class=\"wp-block-separator has-css-opacity\"\/>\n\n<div class=\"wp-block-buttons is-horizontal is-content-justification-center is-layout-flex wp-container-core-buttons-is-layout-499968f5 wp-block-buttons-is-layout-flex\">\n<div class=\"wp-block-button\"><a class=\"wp-block-button__link has-white-color has-black-background-color has-text-color has-background wp-element-button\" href=\"https:\/\/www.plt.nl\/bestel\/12663\" target=\"_blank\" rel=\"noreferrer noopener\"><strong>Tickets So<\/strong> <strong>06.04 | 15.00 Uhr<\/strong><\/a><\/div>\n<\/div>\n\n<hr class=\"wp-block-separator has-css-opacity\"\/>\n\n<figure class=\"wp-block-embed is-type-video is-provider-youtube wp-block-embed-youtube wp-embed-aspect-16-9 wp-has-aspect-ratio\"><div class=\"wp-block-embed__wrapper\">\r\n<iframe  id=\"_ytid_89064\"  width=\"640\" height=\"360\"  data-origwidth=\"640\" data-origheight=\"360\" src=\"https:\/\/www.youtube.com\/embed\/timBlJbe1oQ?enablejsapi=1&#038;autoplay=0&#038;cc_load_policy=0&#038;cc_lang_pref=&#038;iv_load_policy=1&#038;loop=0&#038;rel=1&#038;fs=1&#038;playsinline=0&#038;autohide=2&#038;theme=dark&#038;color=red&#038;controls=1&#038;disablekb=0&#038;\" class=\"__youtube_prefs__  epyt-is-override  no-lazyload\" title=\"YouTube player\"  allow=\"fullscreen; accelerometer; autoplay; clipboard-write; encrypted-media; gyroscope; picture-in-picture; web-share\" referrerpolicy=\"strict-origin-when-cross-origin\" allowfullscreen data-no-lazy=\"1\" data-skipgform_ajax_framebjll=\"\"><\/iframe>\n<\/div><\/figure>\r\n\n<hr class=\"wp-block-separator has-css-opacity\"\/>\n","protected":false},"excerpt":{"rendered":"<p>Compagnie Tea Tree (BE) Alter Schachthof, Halle B, EupenSo 06.04.202515.00 UhrVon 5,00 \u20ac Im Rahmen vom SCENAR!O Festival, Eupen, unterst\u00fctzt von Theater Starter Una semilla! Ein Samen! Was f\u00fcr eine Freude, einen Samen zu s\u00e4en und sich vorzustellen, wie daraus eine Pflanze entsteht. Puh, aber das dauert. Lasst uns mit der Zeit spielen und uns dem Unbekannten anvertrauen. Was pflanzen [&hellip;]<\/p>\n","protected":false},"author":1,"featured_media":0,"parent":0,"menu_order":0,"comment_status":"closed","ping_status":"closed","template":"","meta":{"_acf_changed":false,"footnotes":""},"class_list":["post-9987","page","type-page","status-publish","hentry"],"aioseo_notices":[],"acf":[],"jetpack_sharing_enabled":true,"_links":{"self":[{"href":"https:\/\/schrittmacherfestival.nl\/de\/wp-json\/wp\/v2\/pages\/9987","targetHints":{"allow":["GET"]}}],"collection":[{"href":"https:\/\/schrittmacherfestival.nl\/de\/wp-json\/wp\/v2\/pages"}],"about":[{"href":"https:\/\/schrittmacherfestival.nl\/de\/wp-json\/wp\/v2\/types\/page"}],"author":[{"embeddable":true,"href":"https:\/\/schrittmacherfestival.nl\/de\/wp-json\/wp\/v2\/users\/1"}],"replies":[{"embeddable":true,"href":"https:\/\/schrittmacherfestival.nl\/de\/wp-json\/wp\/v2\/comments?post=9987"}],"version-history":[{"count":5,"href":"https:\/\/schrittmacherfestival.nl\/de\/wp-json\/wp\/v2\/pages\/9987\/revisions"}],"predecessor-version":[{"id":10920,"href":"https:\/\/schrittmacherfestival.nl\/de\/wp-json\/wp\/v2\/pages\/9987\/revisions\/10920"}],"wp:attachment":[{"href":"https:\/\/schrittmacherfestival.nl\/de\/wp-json\/wp\/v2\/media?parent=9987"}],"curies":[{"name":"wp","href":"https:\/\/api.w.org\/{rel}","templated":true}]}}